{"id":9088,"date":"2023-10-11T12:27:47","date_gmt":"2023-10-11T12:27:47","guid":{"rendered":"https:\/\/archiveyourwords.com\/tilak\/?page_id=9088"},"modified":"2025-08-24T19:02:19","modified_gmt":"2025-08-24T19:02:19","slug":"film-etirable-durable","status":"publish","type":"page","link":"https:\/\/tilakpolypack.com\/fr\/film-etirable-durable\/","title":{"rendered":"Film \u00e9tirable durable"},"content":{"rendered":"<section class=\"wpb-content-wrapper\"><p>[vc_row][vc_column][vc_column_text css=&#8221;.vc_custom_1756062111177{padding-right: 15px !important;padding-left: 15px !important;}&#8221;]<\/p>\n<h2 class=\"entry-title\">FILM \u00c9TIRABLE DURABLE<\/h2>\n<p>Pour les entreprises qui souhaitent investir dans des solutions d&#8217;emballage \u00e9cologiques, notre film \u00e9tirable durable est un excellent choix. Nos films \u00e9tirables sont disponibles en diff\u00e9rentes \u00e9paisseurs pour s&#8217;adapter \u00e0 toutes les applications. Ils sont parfaits pour transporter vos produits en toute s\u00e9curit\u00e9.<\/p>\n<p>Nos films \u00e9tirables offrent une protection sup\u00e9rieure \u00e0 vos produits, les maintenant en s\u00e9curit\u00e9 pendant le transport et le stockage. Notre film \u00e9tirable maintient la charge solidement en place, m\u00eame lorsqu&#8217;elle est expos\u00e9e \u00e0 des conditions extr\u00eames. Il cr\u00e9e \u00e9galement une barri\u00e8re contre la poussi\u00e8re, la salet\u00e9, l&#8217;humidit\u00e9 et d&#8217;autres contaminants, contribuant ainsi \u00e0 pr\u00e9server la fra\u00eecheur et la s\u00e9curit\u00e9 de vos produits pendant le transport.<\/p>\n<p>Chez Tilak Polypack, nous nous engageons \u00e0 fournir des produits fabriqu\u00e9s dans le respect de l&#8217;environnement. Nos films \u00e9tirables durables sont con\u00e7us pour \u00eatre recycl\u00e9s et r\u00e9utilis\u00e9s, aidant ainsi les entreprises \u00e0 r\u00e9duire leur empreinte carbone et \u00e0 devenir plus respectueuses de l&#8217;environnement. Nous proposons \u00e9galement une gamme de solutions d&#8217;emballage durables, telles que des films biod\u00e9gradables, des films \u00e9tirables recycl\u00e9s et des films \u00e9tirables oxod\u00e9gradables pour les entreprises \u00e0 la recherche d&#8217;alternatives.<\/p>\n<p>Pour une solution d&#8217;emballage simple et fiable, respectueuse de l&#8217;environnement et \u00e9conomique, optez pour le film \u00e9tirable durable de Tilak Polypack. Vous pouvez \u00eatre assur\u00e9 que vous investissez dans un produit non seulement fabriqu\u00e9 dans le respect de l&#8217;environnement, mais qui offre \u00e9galement une protection sup\u00e9rieure \u00e0 vos produits pendant le transport.[\/vc_column_text][\/vc_column][\/vc_row][vc_row][vc_column][vc_separator border_width=&#8221;2&#8243;][vc_basic_grid post_type=&#8221;ids&#8221; gap=&#8221;25&#8243; item=&#8221;8470&#8243; grid_id=&#8221;vc_gid:1756061908551-3d1ea6eb-6567-0&#8243; include=&#8221;9008, 8800, 9012, 9014&#8243;][\/vc_column][\/vc_row]<\/p>\n<\/section>","protected":false},"excerpt":{"rendered":"<p>[vc_row][vc_column][vc_column_text css=&#8221;.vc_custom_1756062111177{padding-right: 15px !important;padding-left: 15px !important;}&#8221;] FILM \u00c9TIRABLE DURABLE Pour les entreprises qui souhaitent investir dans des solutions d&#8217;emballage \u00e9cologiques, notre film \u00e9tirable durable est un excellent choix. Nos films \u00e9tirables sont disponibles en diff\u00e9rentes \u00e9paisseurs pour s&#8217;adapter \u00e0 toutes les applications. Ils sont parfaits pour transporter vos produits en toute s\u00e9curit\u00e9. Nos films \u00e9tirables &hellip; <a href=\"https:\/\/tilakpolypack.com\/fr\/film-etirable-durable\/\" class=\"more-link\">Continue reading <span class=\"screen-reader-text\">Film \u00e9tirable durable<\/span><\/a><\/p>\n","protected":false},"author":1,"featured_media":0,"parent":0,"menu_order":0,"comment_status":"closed","ping_status":"closed","template":"","meta":{"_acf_changed":false,"om_disable_all_campaigns":false,"_monsterinsights_skip_tracking":false,"_monsterinsights_sitenote_active":false,"_monsterinsights_sitenote_note":"","_monsterinsights_sitenote_category":0,"_uf_show_specific_survey":0,"_uf_disable_surveys":false,"footnotes":""},"class_list":["post-9088","page","type-page","status-publish","hentry"],"acf":[],"_links":{"self":[{"href":"https:\/\/tilakpolypack.com\/fr\/wp-json\/wp\/v2\/pages\/9088","targetHints":{"allow":["GET"]}}],"collection":[{"href":"https:\/\/tilakpolypack.com\/fr\/wp-json\/wp\/v2\/pages"}],"about":[{"href":"https:\/\/tilakpolypack.com\/fr\/wp-json\/wp\/v2\/types\/page"}],"author":[{"embeddable":true,"href":"https:\/\/tilakpolypack.com\/fr\/wp-json\/wp\/v2\/users\/1"}],"replies":[{"embeddable":true,"href":"https:\/\/tilakpolypack.com\/fr\/wp-json\/wp\/v2\/comments?post=9088"}],"version-history":[{"count":1,"href":"https:\/\/tilakpolypack.com\/fr\/wp-json\/wp\/v2\/pages\/9088\/revisions"}],"predecessor-version":[{"id":10576,"href":"https:\/\/tilakpolypack.com\/fr\/wp-json\/wp\/v2\/pages\/9088\/revisions\/10576"}],"wp:attachment":[{"href":"https:\/\/tilakpolypack.com\/fr\/wp-json\/wp\/v2\/media?parent=9088"}],"curies":[{"name":"wp","href":"https:\/\/api.w.org\/{rel}","templated":true}]}}