{"id":9014,"date":"2023-10-11T11:13:25","date_gmt":"2023-10-11T11:13:25","guid":{"rendered":"https:\/\/archiveyourwords.com\/tilak\/?page_id=9014"},"modified":"2025-09-17T07:24:32","modified_gmt":"2025-09-17T07:24:32","slug":"film-etirable-recycle","status":"publish","type":"page","link":"https:\/\/tilakpolypack.com\/fr\/film-etirable-recycle\/","title":{"rendered":"Film \u00e9tirable recycl\u00e9"},"content":{"rendered":"<section class=\"wpb-content-wrapper\"><p>[vc_row][vc_column][vc_column_text css=&#8221;.vc_custom_1758093869143{padding-top: 20px !important;}&#8221;]Notre film \u00e9tirable recycl\u00e9 est la solution id\u00e9ale pour les entreprises qui cherchent \u00e0 r\u00e9duire leur impact environnemental sans sacrifier la qualit\u00e9 et la fiabilit\u00e9. Notre <a href=\"https:\/\/tilakpolypack.com\/fr\/film-etirable\/\"><strong>film \u00e9tirable<\/strong><\/a> est fabriqu\u00e9 \u00e0 partir d&#8217;au moins 40 % de mat\u00e9riaux recycl\u00e9s, notamment des bouteilles en plastique, ce qui vous garantit un emballage \u00e0 la fois durable et hautement performant.<\/p>\n<p>Nous avons soigneusement test\u00e9 la r\u00e9sistance de notre film \u00e9tirable afin de nous assurer qu&#8217;il r\u00e9pond \u00e0 nos normes rigoureuses et qu&#8217;il offre un maintien s\u00fbr \u00e0 vos produits. De plus, notre film est facile \u00e0 utiliser, ce qui vous permet d&#8217;emballer rapidement et efficacement vos marchandises sans aucun tracas. Gr\u00e2ce \u00e0 notre film \u00e9tirable recycl\u00e9, vous pouvez \u00eatre s\u00fbr d&#8217;emballer vos produits de mani\u00e8re durable tout en les prot\u00e9geant pendant le transport.<\/p>\n<h2><span style=\"font-weight: 400;\">Caract\u00e9ristiques<\/span><\/h2>\n<ul>\n<li>40 % de contenu recycl\u00e9 post-industriel \/ post-consommation<\/li>\n<li>Haute performance et durabilit\u00e9<\/li>\n<li>Facile \u00e0 utiliser<\/li>\n<li>Ajustement s\u00fbr pour les produits<\/li>\n<li>R\u00e9duisez l&#8217;impact environnemental gr\u00e2ce \u00e0 des solutions d&#8217;emballage durables.<\/li>\n<\/ul>\n<p>Chez Tilak Polypack, nous nous engageons \u00e0 fournir aux entreprises des solutions d&#8217;emballage \u00e9cologiques qui ne compromettent pas la qualit\u00e9. Notre film \u00e9tirable recycl\u00e9 est le choix id\u00e9al pour les entreprises qui cherchent \u00e0 r\u00e9duire leur impact environnemental sans sacrifier la performance ou la fiabilit\u00e9.<\/p>\n<p>Gr\u00e2ce \u00e0 nos <a href=\"https:\/\/tilakpolypack.com\/fr\/films-demballage\/\"><strong>solutions d&#8217;emballage<\/strong><\/a> durables, vous pouvez \u00eatre s\u00fbr que votre entreprise s&#8217;efforce de prot\u00e9ger l&#8217;environnement tout en continuant \u00e0 fournir un produit s\u00fbr et fiable \u00e0 chaque fois. Contactez-nous d\u00e8s aujourd&#8217;hui pour d\u00e9couvrir comment nous pouvons vous aider \u00e0 franchir une nouvelle \u00e9tape vers un emballage \u00e9cologique ![\/vc_column_text][vc_wp_text title=&#8221;Size Details&#8221;]<\/p>\n<table>\n<thead>\n<tr>\n<th>Feature<\/th>\n<th>Description<\/th>\n<\/tr>\n<\/thead>\n<tbody>\n<tr>\n<td>Protection Against Dust \/ Dirt<\/td>\n<td>Yes<\/td>\n<\/tr>\n<tr>\n<td>Waterproof Packaging<\/td>\n<td>Helps make packaging waterproof when wrapped around paper containers<\/td>\n<\/tr>\n<tr>\n<td>Visual Inspection<\/td>\n<td>Helps for Visual Inspection<\/td>\n<\/tr>\n<tr>\n<td>Cost Effectiveness<\/td>\n<td>More Cost effective compared to Straps \/ Shrink \/ Corrugation<\/td>\n<\/tr>\n<tr>\n<td>Wrapping Options<\/td>\n<td>Available for Manual Wrapping \/ Machine Wrapping<\/td>\n<\/tr>\n<tr>\n<td>Standard Widths<\/td>\n<td>50 mm \/ 100 mm \/ 150 mm \/ 200 mm \/ 300 mm \/ 450 mm \/ 500 mm \/ 600 mm (Other Widths available on request. Max Width 1.5 Meters)<\/td>\n<\/tr>\n<tr>\n<td>Standard Thickness<\/td>\n<td>12 Micron \/ 15 Micron \/ 18 Micron \/ 23 Micron \/ 29 Micron (Other Thickness Available on request)<\/td>\n<\/tr>\n<tr>\n<td>Standard Colours<\/td>\n<td>Natural \/ Opaque White \/ Blue \/ Black (Other colours available on request)<\/td>\n<\/tr>\n<tr>\n<td>Standard Core ID<\/td>\n<td>25 mm \/ 31 mm \/ 76.2 mm<\/td>\n<\/tr>\n<tr>\n<td>Special Additives<\/td>\n<td>UV Protection \/ VCI \/ Antistatic<\/td>\n<\/tr>\n<\/tbody>\n<\/table>\n<p>[\/vc_wp_text]<section class=\"ts-vc_cta3-container\"><div class=\"ts-vc_general ts-vc_cta3 ts-cta3-only ts-vc_cta3-style-classic ts-vc_cta3-shape-rounded ts-vc_cta3-align-left ts-vc_cta3-color-transparent ts-vc_cta3-icon-size-md ts-vc_cta3-actions-right ts-cta3-with-desc\"><div class=\"ts-vc_cta3_content-container\"><div class=\"ts-vc_cta3-content\"><div class=\"ts-vc_cta3-content-header ts-wrap\"><div class=\"ts-vc_cta3-headers ts-wrap-cell\"><\/div><\/div><div class=\"ts-cta3-content-wrapper\"><p>Please contact us on\u00a0<a href=\"tel:9227422544\">+91-9227422544<\/a>\u00a0or email us\u00a0<a href=\"mailto:info@tilakpolypack.com\">info@tilakpolypack.com<\/a>\u00a0for quotations or other details.<\/p><\/div><\/div><div class=\"ts-vc_cta3-actions\">\r\n\t\t<div class=\"ts-vc_btn3-container  popmake-8197 ts-vc_btn3-inline\"><a class=\"ts-vc_general ts-vc_btn3 ts-vc_btn3-size-md ts-vc_btn3-shape-rounded ts-vc_btn3-style-flat ts-vc_btn3-weight-yes ts-vc_btn3-color-skincolor\" href=\"\" title=\"\">send enquiry<\/a><\/div><\/div><\/div><\/div><\/section>[\/vc_column][\/vc_row]<\/p>\n<\/section>","protected":false},"excerpt":{"rendered":"<p>[vc_row][vc_column][vc_column_text css=&#8221;.vc_custom_1758093869143{padding-top: 20px !important;}&#8221;]Notre film \u00e9tirable recycl\u00e9 est la solution id\u00e9ale pour les entreprises qui cherchent \u00e0 r\u00e9duire leur impact environnemental sans sacrifier la qualit\u00e9 et la fiabilit\u00e9. Notre film \u00e9tirable est fabriqu\u00e9 \u00e0 partir d&#8217;au moins 40 % de mat\u00e9riaux recycl\u00e9s, notamment des bouteilles en plastique, ce qui vous garantit un emballage \u00e0 la &hellip; <a href=\"https:\/\/tilakpolypack.com\/fr\/film-etirable-recycle\/\" class=\"more-link\">Continue reading <span class=\"screen-reader-text\">Film \u00e9tirable recycl\u00e9<\/span><\/a><\/p>\n","protected":false},"author":1,"featured_media":10413,"parent":0,"menu_order":0,"comment_status":"closed","ping_status":"closed","template":"","meta":{"_acf_changed":false,"om_disable_all_campaigns":false,"_monsterinsights_skip_tracking":false,"_monsterinsights_sitenote_active":false,"_monsterinsights_sitenote_note":"","_monsterinsights_sitenote_category":0,"_uf_show_specific_survey":0,"_uf_disable_surveys":false,"footnotes":""},"class_list":["post-9014","page","type-page","status-publish","has-post-thumbnail","hentry"],"acf":[],"_links":{"self":[{"href":"https:\/\/tilakpolypack.com\/fr\/wp-json\/wp\/v2\/pages\/9014","targetHints":{"allow":["GET"]}}],"collection":[{"href":"https:\/\/tilakpolypack.com\/fr\/wp-json\/wp\/v2\/pages"}],"about":[{"href":"https:\/\/tilakpolypack.com\/fr\/wp-json\/wp\/v2\/types\/page"}],"author":[{"embeddable":true,"href":"https:\/\/tilakpolypack.com\/fr\/wp-json\/wp\/v2\/users\/1"}],"replies":[{"embeddable":true,"href":"https:\/\/tilakpolypack.com\/fr\/wp-json\/wp\/v2\/comments?post=9014"}],"version-history":[{"count":5,"href":"https:\/\/tilakpolypack.com\/fr\/wp-json\/wp\/v2\/pages\/9014\/revisions"}],"predecessor-version":[{"id":10686,"href":"https:\/\/tilakpolypack.com\/fr\/wp-json\/wp\/v2\/pages\/9014\/revisions\/10686"}],"wp:featuredmedia":[{"embeddable":true,"href":"https:\/\/tilakpolypack.com\/fr\/wp-json\/wp\/v2\/media\/10413"}],"wp:attachment":[{"href":"https:\/\/tilakpolypack.com\/fr\/wp-json\/wp\/v2\/media?parent=9014"}],"curies":[{"name":"wp","href":"https:\/\/api.w.org\/{rel}","templated":true}]}}