{"id":9012,"date":"2023-10-11T11:11:48","date_gmt":"2023-10-11T11:11:48","guid":{"rendered":"https:\/\/archiveyourwords.com\/tilak\/?page_id=9012"},"modified":"2025-09-17T07:17:13","modified_gmt":"2025-09-17T07:17:13","slug":"film-etirable-biodegradable","status":"publish","type":"page","link":"https:\/\/tilakpolypack.com\/fr\/film-etirable-biodegradable\/","title":{"rendered":"Film \u00e9tirable biod\u00e9gradable"},"content":{"rendered":"<section class=\"wpb-content-wrapper\"><p>[vc_row][vc_column][vc_column_text css=&#8221;.vc_custom_1758093430683{padding-top: 20px !important;}&#8221;]<\/p>\n<h2>Film \u00e9tirable biod\u00e9gradable<\/h2>\n<p><span style=\"font-weight: 400;\">Vous recherchez une alternative durable au film d&#8217;emballage traditionnel pour palettes ? Ne cherchez plus ! Tilak Polypack propose un film d&#8217;emballage biod\u00e9gradable haute r\u00e9sistance qui offre une stabilit\u00e9 exceptionnelle aux palettes tout en se d\u00e9composant dans des conditions naturelles. En choisissant le <a href=\"https:\/\/tilakpolypack.com\/fr\/films-biodegradables\/\"><strong>film \u00e9tirable biod\u00e9gradable<\/strong><\/a>, vous contribuez \u00e0 r\u00e9duire le probl\u00e8me mondial des d\u00e9chets plastiques et leur impact sur l&#8217;environnement.<\/span><\/p>\n<h2>Film d&#8217;emballage de palettes traditionnel<\/h2>\n<p><span style=\"font-weight: 400;\"><a href=\"https:\/\/tilakpolypack.com\/fr\/film-etirable\/\"><strong>Le film d&#8217;emballage de palettes traditionnel<\/strong><\/a> est une solution couramment utilis\u00e9e pour s\u00e9curiser les charges sur palettes. Fabriqu\u00e9 \u00e0 partir de poly\u00e9thyl\u00e8ne basse densit\u00e9 lin\u00e9aire (LLDPE), il offre une excellente \u00e9lasticit\u00e9, une r\u00e9sistance aux perforations et une transparence permettant une identification facile des produits. Ce film est compatible avec les applications manuelles et automatiques, assurant une fixation solide sans n\u00e9cessiter de ruban adh\u00e9sif suppl\u00e9mentaire. Disponible en diff\u00e9rentes \u00e9paisseurs et largeurs, il s&#8217;adapte aux besoins sp\u00e9cifiques des utilisateurs, garantissant une protection fiable pendant le transport et le stockage.<\/span><\/p>\n<h2><span style=\"font-weight: 400;\">Les principales caract\u00e9ristiques du film \u00e9tirable biod\u00e9gradable sont les suivantes :<\/span><\/h2>\n<ul>\n<li><b>Formule biod\u00e9gradable<\/b>: Minimisez l&#8217;impact environnemental tout en garantissant une protection optimale pour vos produits.<\/li>\n<li><b>Longueur garantie des rouleaux<\/b> : Soyez rassur\u00e9, vous ne recevrez aucun rouleau de longueur insuffisante.<\/li>\n<li><b>Film haute r\u00e9sistance<\/b>: Profitez d&#8217;un film incroyablement r\u00e9sistant pour un emballage s\u00e9curis\u00e9.<\/li>\n<li><b>R\u00e9duction de l&#8217;impact environnemental<\/b>: Prot\u00e9ger les habitats naturels et promouvoir un environnement rural plus propre.<\/li>\n<\/ul>\n<p><b>Enti\u00e8rement recyclable<\/b>: Prot\u00e9gez l&#8217;environnement et vos produits en utilisant des polym\u00e8res largement recycl\u00e9s dans le monde entier.[\/vc_column_text][vc_wp_text title=&#8221;Size Details&#8221;]<\/p>\n<table>\n<thead>\n<tr>\n<th>Fonctionnalit\u00e9<\/th>\n<th>Description<\/th>\n<\/tr>\n<\/thead>\n<tbody>\n<tr>\n<td>Protection contre la poussi\u00e8re \/ la salet\u00e9<\/td>\n<td>Oui<\/td>\n<\/tr>\n<tr>\n<td>Emballage \u00e9tanche<\/td>\n<td>Contribue \u00e0 rendre l&#8217;emballage imperm\u00e9able lorsqu&#8217;il est enroul\u00e9 autour de r\u00e9cipients en papier.<\/td>\n<\/tr>\n<tr>\n<td>Inspection visuelle<\/td>\n<td>Aides \u00e0 l&#8217;inspection visuelle<\/td>\n<\/tr>\n<tr>\n<td>Rentabilit\u00e9<\/td>\n<td>Plus rentable que les sangles, le film r\u00e9tractable et le carton ondul\u00e9.<\/td>\n<\/tr>\n<tr>\n<td>Options d&#8217;emballage<\/td>\n<td>Disponible pour l&#8217;emballage manuel \/ l&#8217;emballage m\u00e9canique<\/td>\n<\/tr>\n<tr>\n<td>Largeurs standard<\/td>\n<td>50 mm \/ 100 mm \/ 150 mm \/ 200 mm \/ 300 mm \/ 450 mm \/ 500 mm \/ 600 mm (Autres largeurs disponibles sur demande. Largeur maximale : 1,5 m\u00e8tre)<\/td>\n<\/tr>\n<tr>\n<td>\u00c9paisseur standard<\/td>\n<td>12 microns \/ 15 microns \/ 18 microns \/ 23 microns \/ 29 microns (autres \u00e9paisseurs disponibles sur demande)<\/td>\n<\/tr>\n<tr>\n<td>Couleurs standard<\/td>\n<td>Naturel \/ Blanc opaque \/ Bleu \/ Noir (Autres couleurs disponibles sur demande)<\/td>\n<\/tr>\n<tr>\n<td>Identifiant standard de base<\/td>\n<td>25 mm \/ 31 mm \/ 76,2 mm<\/td>\n<\/tr>\n<tr>\n<td>Additifs sp\u00e9ciaux<\/td>\n<td>UV Protection \/ VCI \/ Antistatic<\/td>\n<\/tr>\n<\/tbody>\n<\/table>\n<p>[\/vc_wp_text]<section class=\"ts-vc_cta3-container\"><div class=\"ts-vc_general ts-vc_cta3 ts-cta3-only ts-vc_cta3-style-classic ts-vc_cta3-shape-rounded ts-vc_cta3-align-left ts-vc_cta3-color-transparent ts-vc_cta3-icon-size-md ts-vc_cta3-actions-right ts-cta3-with-desc\"><div class=\"ts-vc_cta3_content-container\"><div class=\"ts-vc_cta3-content\"><div class=\"ts-vc_cta3-content-header ts-wrap\"><div class=\"ts-vc_cta3-headers ts-wrap-cell\"><\/div><\/div><div class=\"ts-cta3-content-wrapper\"><p>Veuillez nous contacter au\u00a0<a href=\"tel:9227422544\">+91-9227422544<\/a>\u00a0ou nous envoyer un e-mail\u00a0<a href=\"mailto:info@tilakpolypack.com\">info@tilakpolypack.com<\/a> pour obtenir un devis ou de plus amples informations.<\/p><\/div><\/div><div class=\"ts-vc_cta3-actions\">\r\n\t\t<div class=\"ts-vc_btn3-container  popmake-8197 ts-vc_btn3-inline\"><a class=\"ts-vc_general ts-vc_btn3 ts-vc_btn3-size-md ts-vc_btn3-shape-rounded ts-vc_btn3-style-flat ts-vc_btn3-weight-yes ts-vc_btn3-color-skincolor\" href=\"\" title=\"\">send enquiry<\/a><\/div><\/div><\/div><\/div><\/section>[\/vc_column][\/vc_row]<\/p>\n<\/section>","protected":false},"excerpt":{"rendered":"<p>[vc_row][vc_column][vc_column_text css=&#8221;.vc_custom_1758093430683{padding-top: 20px !important;}&#8221;] Film \u00e9tirable biod\u00e9gradable Vous recherchez une alternative durable au film d&#8217;emballage traditionnel pour palettes ? Ne cherchez plus ! Tilak Polypack propose un film d&#8217;emballage biod\u00e9gradable haute r\u00e9sistance qui offre une stabilit\u00e9 exceptionnelle aux palettes tout en se d\u00e9composant dans des conditions naturelles. En choisissant le film \u00e9tirable biod\u00e9gradable, vous contribuez &hellip; <a href=\"https:\/\/tilakpolypack.com\/fr\/film-etirable-biodegradable\/\" class=\"more-link\">Continue reading <span class=\"screen-reader-text\">Film \u00e9tirable biod\u00e9gradable<\/span><\/a><\/p>\n","protected":false},"author":1,"featured_media":10412,"parent":0,"menu_order":0,"comment_status":"closed","ping_status":"closed","template":"","meta":{"_acf_changed":false,"om_disable_all_campaigns":false,"_monsterinsights_skip_tracking":false,"_monsterinsights_sitenote_active":false,"_monsterinsights_sitenote_note":"","_monsterinsights_sitenote_category":0,"_uf_show_specific_survey":0,"_uf_disable_surveys":false,"footnotes":""},"class_list":["post-9012","page","type-page","status-publish","has-post-thumbnail","hentry"],"acf":[],"_links":{"self":[{"href":"https:\/\/tilakpolypack.com\/fr\/wp-json\/wp\/v2\/pages\/9012","targetHints":{"allow":["GET"]}}],"collection":[{"href":"https:\/\/tilakpolypack.com\/fr\/wp-json\/wp\/v2\/pages"}],"about":[{"href":"https:\/\/tilakpolypack.com\/fr\/wp-json\/wp\/v2\/types\/page"}],"author":[{"embeddable":true,"href":"https:\/\/tilakpolypack.com\/fr\/wp-json\/wp\/v2\/users\/1"}],"replies":[{"embeddable":true,"href":"https:\/\/tilakpolypack.com\/fr\/wp-json\/wp\/v2\/comments?post=9012"}],"version-history":[{"count":5,"href":"https:\/\/tilakpolypack.com\/fr\/wp-json\/wp\/v2\/pages\/9012\/revisions"}],"predecessor-version":[{"id":10684,"href":"https:\/\/tilakpolypack.com\/fr\/wp-json\/wp\/v2\/pages\/9012\/revisions\/10684"}],"wp:featuredmedia":[{"embeddable":true,"href":"https:\/\/tilakpolypack.com\/fr\/wp-json\/wp\/v2\/media\/10412"}],"wp:attachment":[{"href":"https:\/\/tilakpolypack.com\/fr\/wp-json\/wp\/v2\/media?parent=9012"}],"curies":[{"name":"wp","href":"https:\/\/api.w.org\/{rel}","templated":true}]}}