{"id":9008,"date":"2023-10-11T11:06:13","date_gmt":"2023-10-11T11:06:13","guid":{"rendered":"https:\/\/archiveyourwords.com\/tilak\/?page_id=9008"},"modified":"2025-09-17T06:59:54","modified_gmt":"2025-09-17T06:59:54","slug":"oxy-fade-stretch-wrap-film-etirable","status":"publish","type":"page","link":"https:\/\/tilakpolypack.com\/fr\/oxy-fade-stretch-wrap-film-etirable\/","title":{"rendered":"Oxy Fade Stretch Wrap (film \u00e9tirable)"},"content":{"rendered":"<section class=\"wpb-content-wrapper\"><p>[vc_row][vc_column][vc_column_text css=&#8221;.vc_custom_1758092388340{padding-top: 20px !important;}&#8221;]Le dernier n\u00e9 de notre gamme d&#8217;emballages durables est le <a href=\"https:\/\/tilakpolypack.com\/fr\/films-demballage\/\"><strong>film \u00e9tirable Oxy Fade<\/strong><\/a>. Ce film pr\u00e9sente un design unique qui est \u00e0 la fois facile \u00e0 utiliser et offre une protection sup\u00e9rieure pour vos produits. Notre film \u00e9tirable Oxy Fade est con\u00e7u \u00e0 partir d&#8217;un m\u00e9lange sp\u00e9cial de mat\u00e9riaux qui permet de r\u00e9duire les d\u00e9chets plastiques jusqu&#8217;\u00e0 50 %.<\/p>\n<p>Il est \u00e9galement dot\u00e9 d&#8217;une couche barri\u00e8re \u00e0 l&#8217;oxyg\u00e8ne qui emp\u00eache l&#8217;oxydation et contribue \u00e0 pr\u00e9server vos produits pendant le transport. De plus, gr\u00e2ce \u00e0 sa conception durable et facile \u00e0 utiliser, il offre aux entreprises une solution d&#8217;emballage sous film \u00e9tirable fiable pour leurs besoins en mati\u00e8re d&#8217;emballage de produits.<\/p>\n<h2><span style=\"font-weight: 400;\">Caract\u00e9ristiques<\/span><\/h2>\n<ul>\n<li>Jusqu&#8217;\u00e0 50 % de d\u00e9chets plastiques en moins<\/li>\n<li>Couche barri\u00e8re \u00e0 l&#8217;oxyg\u00e8ne pour la protection contre l&#8217;oxydation<\/li>\n<li>Construction durable pour un ajustement s\u00fbr<\/li>\n<li>Facile \u00e0 utiliser et \u00e0 appliquer<\/li>\n<li>Disponible en plusieurs tailles pour des solutions d&#8217;emballage polyvalentes<\/li>\n<\/ul>\n<p><span style=\"font-weight: 400;\">Notre film \u00e9tirable Oxy Fade est le choix id\u00e9al pour les entreprises qui souhaitent r\u00e9duire leur impact environnemental. Gr\u00e2ce \u00e0 sa protection sup\u00e9rieure et \u00e0 sa conception facile \u00e0 utiliser, il constitue une solution d&#8217;emballage id\u00e9ale pour toute entreprise souhaitant passer au vert ! Contactez-nous d\u00e8s aujourd&#8217;hui pour en savoir plus sur nos options de <a href=\"https:\/\/tilakpolypack.com\/fr\/film-etirable\/\"><strong>films \u00e9tirables<\/strong><\/a> durables et sur la mani\u00e8re dont nous pouvons vous aider \u00e0 avoir un impact durable sur l&#8217;environnement.<\/span>[\/vc_column_text][vc_wp_text title=&#8221;D\u00e9tails de la taille&#8221;]<\/p>\n<table>\n<thead>\n<tr>\n<th>Fonctionnalit\u00e9<\/th>\n<th>Description<\/th>\n<\/tr>\n<\/thead>\n<tbody>\n<tr>\n<td>Protection contre la poussi\u00e8re \/ la salet\u00e9<\/td>\n<td>Oui<\/td>\n<\/tr>\n<tr>\n<td>Emballage \u00e9tanche<\/td>\n<td>Contribue \u00e0 rendre l&#8217;emballage imperm\u00e9able lorsqu&#8217;il est enroul\u00e9 autour de r\u00e9cipients en papier.<\/td>\n<\/tr>\n<tr>\n<td>Inspection visuelle<\/td>\n<td>Aides \u00e0 l&#8217;inspection visuelle<\/td>\n<\/tr>\n<tr>\n<td>Rentabilit\u00e9<\/td>\n<td>Plus rentable que les sangles, le film r\u00e9tractable et le carton ondul\u00e9.<\/td>\n<\/tr>\n<tr>\n<td>Options d&#8217;emballage<\/td>\n<td>Disponible pour l&#8217;emballage manuel \/ l&#8217;emballage m\u00e9canique<\/td>\n<\/tr>\n<tr>\n<td>Largeurs standard<\/td>\n<td>50 mm \/ 100 mm \/ 150 mm \/ 200 mm \/ 300 mm \/ 450 mm \/ 500 mm \/ 600 mm (Autres largeurs disponibles sur demande. Largeur maximale : 1,5 m\u00e8tre)<\/td>\n<\/tr>\n<tr>\n<td>\u00c9paisseur standard<\/td>\n<td>12 microns \/ 15 microns \/ 18 microns \/ 23 microns \/ 29 microns (autres \u00e9paisseurs disponibles sur demande)<\/td>\n<\/tr>\n<tr>\n<td>Couleurs standard<\/td>\n<td>Naturel \/ Blanc opaque \/ Bleu \/ Noir (Autres couleurs disponibles sur demande)<\/td>\n<\/tr>\n<tr>\n<td>Identifiant standard de base<\/td>\n<td>25 mm \/ 31 mm \/ 76,2 mm<\/td>\n<\/tr>\n<tr>\n<td>Additifs sp\u00e9ciaux<\/td>\n<td>UV Protection \/ VCI \/ Antistatic<\/td>\n<\/tr>\n<\/tbody>\n<\/table>\n<p>[\/vc_wp_text]<section class=\"ts-vc_cta3-container\"><div class=\"ts-vc_general ts-vc_cta3 ts-cta3-only ts-vc_cta3-style-classic ts-vc_cta3-shape-rounded ts-vc_cta3-align-left ts-vc_cta3-color-transparent ts-vc_cta3-icon-size-md ts-vc_cta3-actions-right ts-cta3-with-desc\"><div class=\"ts-vc_cta3_content-container\"><div class=\"ts-vc_cta3-content\"><div class=\"ts-vc_cta3-content-header ts-wrap\"><div class=\"ts-vc_cta3-headers ts-wrap-cell\"><\/div><\/div><div class=\"ts-cta3-content-wrapper\"><p>Veuillez nous contacter au\u00a0<a href=\"tel:9227422544\">+91-9227422544<\/a>\u00a0ou nous envoyer un e-mail\u00a0<a href=\"mailto:info@tilakpolypack.com\">info@tilakpolypack.com<\/a> pour obtenir un devis ou de plus amples informations.<\/p><\/div><\/div><div class=\"ts-vc_cta3-actions\">\r\n\t\t<div class=\"ts-vc_btn3-container  popmake-8197 ts-vc_btn3-inline\"><a class=\"ts-vc_general ts-vc_btn3 ts-vc_btn3-size-md ts-vc_btn3-shape-rounded ts-vc_btn3-style-flat ts-vc_btn3-weight-yes ts-vc_btn3-color-skincolor\" href=\"\" title=\"\">send enquiry<\/a><\/div><\/div><\/div><\/div><\/section>[\/vc_column][\/vc_row]<\/p>\n<\/section>","protected":false},"excerpt":{"rendered":"<p>[vc_row][vc_column][vc_column_text css=&#8221;.vc_custom_1758092388340{padding-top: 20px !important;}&#8221;]Le dernier n\u00e9 de notre gamme d&#8217;emballages durables est le film \u00e9tirable Oxy Fade. Ce film pr\u00e9sente un design unique qui est \u00e0 la fois facile \u00e0 utiliser et offre une protection sup\u00e9rieure pour vos produits. Notre film \u00e9tirable Oxy Fade est con\u00e7u \u00e0 partir d&#8217;un m\u00e9lange sp\u00e9cial de mat\u00e9riaux qui permet &hellip; <a href=\"https:\/\/tilakpolypack.com\/fr\/oxy-fade-stretch-wrap-film-etirable\/\" class=\"more-link\">Continue reading <span class=\"screen-reader-text\">Oxy Fade Stretch Wrap (film \u00e9tirable)<\/span><\/a><\/p>\n","protected":false},"author":1,"featured_media":10407,"parent":0,"menu_order":0,"comment_status":"closed","ping_status":"closed","template":"","meta":{"_acf_changed":false,"om_disable_all_campaigns":false,"_monsterinsights_skip_tracking":false,"_monsterinsights_sitenote_active":false,"_monsterinsights_sitenote_note":"","_monsterinsights_sitenote_category":0,"_uf_show_specific_survey":0,"_uf_disable_surveys":false,"footnotes":""},"class_list":["post-9008","page","type-page","status-publish","has-post-thumbnail","hentry"],"acf":[],"_links":{"self":[{"href":"https:\/\/tilakpolypack.com\/fr\/wp-json\/wp\/v2\/pages\/9008","targetHints":{"allow":["GET"]}}],"collection":[{"href":"https:\/\/tilakpolypack.com\/fr\/wp-json\/wp\/v2\/pages"}],"about":[{"href":"https:\/\/tilakpolypack.com\/fr\/wp-json\/wp\/v2\/types\/page"}],"author":[{"embeddable":true,"href":"https:\/\/tilakpolypack.com\/fr\/wp-json\/wp\/v2\/users\/1"}],"replies":[{"embeddable":true,"href":"https:\/\/tilakpolypack.com\/fr\/wp-json\/wp\/v2\/comments?post=9008"}],"version-history":[{"count":6,"href":"https:\/\/tilakpolypack.com\/fr\/wp-json\/wp\/v2\/pages\/9008\/revisions"}],"predecessor-version":[{"id":10681,"href":"https:\/\/tilakpolypack.com\/fr\/wp-json\/wp\/v2\/pages\/9008\/revisions\/10681"}],"wp:featuredmedia":[{"embeddable":true,"href":"https:\/\/tilakpolypack.com\/fr\/wp-json\/wp\/v2\/media\/10407"}],"wp:attachment":[{"href":"https:\/\/tilakpolypack.com\/fr\/wp-json\/wp\/v2\/media?parent=9008"}],"curies":[{"name":"wp","href":"https:\/\/api.w.org\/{rel}","templated":true}]}}