{"id":8800,"date":"2023-10-10T10:36:46","date_gmt":"2023-10-10T10:36:46","guid":{"rendered":"https:\/\/archiveyourwords.com\/tilak\/?page_id=8800"},"modified":"2025-09-17T07:08:32","modified_gmt":"2025-09-17T07:08:32","slug":"film-etirable-sans-mandrin","status":"publish","type":"page","link":"https:\/\/tilakpolypack.com\/fr\/film-etirable-sans-mandrin\/","title":{"rendered":"Film \u00e9tirable sans mandrin"},"content":{"rendered":"<section class=\"wpb-content-wrapper\"><p>[vc_section][vc_row][vc_column][vc_column_text css=&#8221;.vc_custom_1758092904850{padding-top: 20px !important;}&#8221;]<\/p>\n<h2><span style=\"font-weight: 400;\">Film \u00e9tirable sans mandrin<\/span><\/h2>\n<p><span style=\"font-weight: 400;\">Le film \u00e9tirable sans mandrin est un type r\u00e9volutionnaire de film \u00e9tirable qui \u00e9limine le besoin de mandrins en papier. Il pr\u00e9sente une conception innovante qui peut \u00eatre <a href=\"https:\/\/tilakpolypack.com\/fr\/film-pre-etire\/\"><strong>film pr\u00e9-\u00e9tir\u00e9<\/strong><\/a>, am\u00e9liorant ainsi sa force de maintien et r\u00e9duisant la quantit\u00e9 de film n\u00e9cessaire par charge. Cela permet de r\u00e9duire les co\u00fbts globaux tout en diminuant les co\u00fbts d&#8217;\u00e9limination des d\u00e9chets et l&#8217;empreinte carbone.<\/span><\/p>\n<h2><span style=\"font-weight: 400;\">Caract\u00e9ristiques<\/span><\/h2>\n<p><b>100 % du co\u00fbt est utilis\u00e9<\/b> &#8211; Le film \u00e9tirable sans mandrin est un moyen \u00e9conomique et efficace de s\u00e9curiser les charges lourdes. Sans mandrin en papier ajout\u00e9, vous pouvez r\u00e9aliser des \u00e9conomies tout en r\u00e9duisant votre empreinte carbone.<\/p>\n<p><b>R\u00e9duction du co\u00fbt par chargement<\/b> &#8211; Le pr\u00e9-\u00e9tirage du film augmente sa r\u00e9sistance et r\u00e9duit la quantit\u00e9 de film n\u00e9cessaire par chargement, ce qui vous permet de r\u00e9aliser des \u00e9conomies.<\/p>\n<p><b>Conception d&#8217;emballages en vrac<\/b> &#8211; Prot\u00e9gez vos produits sans mat\u00e9riaux ni emballages suppl\u00e9mentaires. La conception ergonomique garantit \u00e9galement la s\u00e9curit\u00e9 et le confort de l&#8217;op\u00e9rateur lors de la manipulation d&#8217;articles lourds.<\/p>\n<p><b>Rouleaux l\u00e9gers<\/b> &#8211; Les rouleaux l\u00e9gers sont con\u00e7us pour offrir une efficacit\u00e9 maximale et r\u00e9duire l&#8217;intensit\u00e9 du travail, vous n&#8217;avez donc pas \u00e0 vous soucier de la fatigue ou des blessures pendant leur utilisation.<\/p>\n<h2>Film \u00e9tirable ext\u00e9rieur prot\u00e9g\u00e9 contre les UV<\/h2>\n<p><span style=\"font-weight: 400;\">Le film \u00e9tirable ext\u00e9rieur prot\u00e9g\u00e9 contre les UV est sp\u00e9cialement con\u00e7u pour offrir une protection durable contre les rayons ultraviolets lors du stockage en ext\u00e9rieur. Gr\u00e2ce \u00e0 son traitement anti-UV, il pr\u00e9serve l&#8217;int\u00e9grit\u00e9 des produits emball\u00e9s, \u00e9vitant la d\u00e9gradation, la d\u00e9coloration et la perte de r\u00e9sistance du film. Ce film est id\u00e9al pour les palettes expos\u00e9es au soleil, les mat\u00e9riaux de construction ou les produits agricoles stock\u00e9s en ext\u00e9rieur. Disponible en diff\u00e9rentes \u00e9paisseurs et dimensions, il s&#8217;adapte \u00e0 vos besoins sp\u00e9cifiques, garantissant une solution d&#8217;emballage fiable et efficace.<\/span><\/p>\n<h2><span style=\"font-weight: 400;\">Fabricant de film \u00e9tirable sans mandrin<\/span><\/h2>\n<p><span style=\"font-weight: 400;\">Tilak Polypack est l&#8217;un des principaux fabricants indiens de <a href=\"https:\/\/tilakpolypack.com\/fr\/film-etirable\/\"><strong>films \u00e9tirables sans mandrin<\/strong><\/a>. Fort de plus de 40 ans d&#8217;exp\u00e9rience, we a d\u00e9velopp\u00e9 une large gamme de produits pour r\u00e9pondre \u00e0 tous les types de besoins en mati\u00e8re d&#8217;emballage. L&#8217;entreprise est r\u00e9put\u00e9e pour ses solutions innovantes et ses normes de contr\u00f4le qualit\u00e9. Ses films \u00e9tirables sans mandrin sont disponibles en diff\u00e9rentes tailles et \u00e9paisseurs afin de s&#8217;adapter \u00e0 diverses applications industrielles. Il est \u00e9galement tr\u00e8s r\u00e9sistant aux perforations et aux d\u00e9chirures, ce qui en fait un excellent choix pour les charges lourdes ou irr\u00e9guli\u00e8res. Ses produits sont fabriqu\u00e9s selon des normes de qualit\u00e9 strictes et son \u00e9quipe d&#8217;experts veille \u00e0 ce que chaque produit r\u00e9ponde aux attentes des clients.<\/span>[\/vc_column_text][vc_wp_text title=&#8221;Size Details&#8221;]<\/p>\n<table>\n<thead>\n<tr>\n<th>Fonctionnalit\u00e9<\/th>\n<th>Description<\/th>\n<\/tr>\n<\/thead>\n<tbody>\n<tr>\n<td>Protection contre la poussi\u00e8re \/ la salet\u00e9<\/td>\n<td>Oui<\/td>\n<\/tr>\n<tr>\n<td>Emballage \u00e9tanche<\/td>\n<td>Contribue \u00e0 rendre l&#8217;emballage imperm\u00e9able lorsqu&#8217;il est enroul\u00e9 autour de contenants en papier.<\/td>\n<\/tr>\n<tr>\n<td>Inspection visuelle<\/td>\n<td>Aides \u00e0 l&#8217;inspection visuelle<\/td>\n<\/tr>\n<tr>\n<td>Rentabilit\u00e9<\/td>\n<td>Plus rentable que les sangles, le film r\u00e9tractable et le carton ondul\u00e9.<\/td>\n<\/tr>\n<tr>\n<td>Options d&#8217;emballage<\/td>\n<td>Disponible pour l&#8217;emballage manuel \/ l&#8217;emballage m\u00e9canique<\/td>\n<\/tr>\n<tr>\n<td>Largeurs standard<\/td>\n<td>50 mm \/ 100 mm \/ 150 mm \/ 200 mm \/ 300 mm \/ 450 mm \/ 500 mm \/ 600 mm (Autres largeurs disponibles sur demande. Largeur maximale : 1,5 m\u00e8tre)<\/td>\n<\/tr>\n<tr>\n<td>\u00c9paisseur standard<\/td>\n<td>12 microns \/ 15 microns \/ 18 microns \/ 23 microns \/ 29 microns (autres \u00e9paisseurs disponibles sur demande)<\/td>\n<\/tr>\n<tr>\n<td>Couleurs standard<\/td>\n<td>Naturel \/ Blanc opaque \/ Bleu \/ Noir (Autres couleurs disponibles sur demande)<\/td>\n<\/tr>\n<tr>\n<td>Identifiant standard de base<\/td>\n<td>25 mm \/ 31 mm \/ 76,2 mm<\/td>\n<\/tr>\n<tr>\n<td>Additifs sp\u00e9ciaux<\/td>\n<td>UV Protection \/ VCI \/ Antistatic<\/td>\n<\/tr>\n<\/tbody>\n<\/table>\n<p>[\/vc_wp_text]<section class=\"ts-vc_cta3-container\"><div class=\"ts-vc_general ts-vc_cta3 ts-cta3-only ts-vc_cta3-style-classic ts-vc_cta3-shape-rounded ts-vc_cta3-align-left ts-vc_cta3-color-transparent ts-vc_cta3-icon-size-md ts-vc_cta3-actions-right ts-cta3-with-desc\"><div class=\"ts-vc_cta3_content-container\"><div class=\"ts-vc_cta3-content\"><div class=\"ts-vc_cta3-content-header ts-wrap\"><div class=\"ts-vc_cta3-headers ts-wrap-cell\"><\/div><\/div><div class=\"ts-cta3-content-wrapper\"><p>Veuillez nous contacter au\u00a0<a href=\"tel:9227422544\">+91-9227422544<\/a>\u00a0ou nous envoyer un e-mail\u00a0<a href=\"mailto:info@tilakpolypack.com\">info@tilakpolypack.com<\/a> pour obtenir un devis ou de plus amples informations.<\/p><\/div><\/div><div class=\"ts-vc_cta3-actions\">\r\n\t\t<div class=\"ts-vc_btn3-container  popmake-8197 ts-vc_btn3-inline\"><a class=\"ts-vc_general ts-vc_btn3 ts-vc_btn3-size-md ts-vc_btn3-shape-rounded ts-vc_btn3-style-flat ts-vc_btn3-weight-yes ts-vc_btn3-color-skincolor\" href=\"\" title=\"\">send enquiry<\/a><\/div><\/div><\/div><\/div><\/section>[\/vc_column][\/vc_row][\/vc_section]<\/p>\n<\/section>","protected":false},"excerpt":{"rendered":"<p>[vc_section][vc_row][vc_column][vc_column_text css=&#8221;.vc_custom_1758092904850{padding-top: 20px !important;}&#8221;] Film \u00e9tirable sans mandrin Le film \u00e9tirable sans mandrin est un type r\u00e9volutionnaire de film \u00e9tirable qui \u00e9limine le besoin de mandrins en papier. Il pr\u00e9sente une conception innovante qui peut \u00eatre film pr\u00e9-\u00e9tir\u00e9, am\u00e9liorant ainsi sa force de maintien et r\u00e9duisant la quantit\u00e9 de film n\u00e9cessaire par charge. Cela permet &hellip; <a href=\"https:\/\/tilakpolypack.com\/fr\/film-etirable-sans-mandrin\/\" class=\"more-link\">Continue reading <span class=\"screen-reader-text\">Film \u00e9tirable sans mandrin<\/span><\/a><\/p>\n","protected":false},"author":1,"featured_media":10409,"parent":0,"menu_order":0,"comment_status":"closed","ping_status":"closed","template":"","meta":{"_acf_changed":false,"om_disable_all_campaigns":false,"_monsterinsights_skip_tracking":false,"_monsterinsights_sitenote_active":false,"_monsterinsights_sitenote_note":"","_monsterinsights_sitenote_category":0,"_uf_show_specific_survey":0,"_uf_disable_surveys":false,"footnotes":""},"class_list":["post-8800","page","type-page","status-publish","has-post-thumbnail","hentry"],"acf":[],"_links":{"self":[{"href":"https:\/\/tilakpolypack.com\/fr\/wp-json\/wp\/v2\/pages\/8800","targetHints":{"allow":["GET"]}}],"collection":[{"href":"https:\/\/tilakpolypack.com\/fr\/wp-json\/wp\/v2\/pages"}],"about":[{"href":"https:\/\/tilakpolypack.com\/fr\/wp-json\/wp\/v2\/types\/page"}],"author":[{"embeddable":true,"href":"https:\/\/tilakpolypack.com\/fr\/wp-json\/wp\/v2\/users\/1"}],"replies":[{"embeddable":true,"href":"https:\/\/tilakpolypack.com\/fr\/wp-json\/wp\/v2\/comments?post=8800"}],"version-history":[{"count":6,"href":"https:\/\/tilakpolypack.com\/fr\/wp-json\/wp\/v2\/pages\/8800\/revisions"}],"predecessor-version":[{"id":10683,"href":"https:\/\/tilakpolypack.com\/fr\/wp-json\/wp\/v2\/pages\/8800\/revisions\/10683"}],"wp:featuredmedia":[{"embeddable":true,"href":"https:\/\/tilakpolypack.com\/fr\/wp-json\/wp\/v2\/media\/10409"}],"wp:attachment":[{"href":"https:\/\/tilakpolypack.com\/fr\/wp-json\/wp\/v2\/media?parent=8800"}],"curies":[{"name":"wp","href":"https:\/\/api.w.org\/{rel}","templated":true}]}}