{"id":7680,"date":"2023-10-06T12:03:42","date_gmt":"2023-10-06T12:03:42","guid":{"rendered":"https:\/\/archiveyourwords.com\/tilak\/?page_id=7680"},"modified":"2025-09-17T11:21:36","modified_gmt":"2025-09-17T11:21:36","slug":"sacs-en-plastique-a-cordon","status":"publish","type":"page","link":"https:\/\/tilakpolypack.com\/fr\/sacs-en-plastique-a-cordon\/","title":{"rendered":"Sacs en plastique \u00e0 cordon"},"content":{"rendered":"<section class=\"wpb-content-wrapper\"><p>[vc_row][vc_column][vc_column_text]<\/p>\n<div class=\"col-md-12\">\n<div class=\"prod-category-img\">\n<div class=\"col-md-12\">\n<div class=\"prod-category-img\"><\/div>\n<\/div>\n<div class=\"col-md-12\">\n<h2>Sacs en plastique \u00e0 cordon<\/h2>\n<p>Les sacs en plastique \u00e0 cordon peuvent \u00eatre utilis\u00e9s pour diverses applications finales, telles que les services de blanchisserie, les h\u00f4pitaux, <a href=\"https:\/\/tilakpolypack.com\/fr\/sacs-a-provisions-biodegradables\/\"><strong>les sacs de courses<\/strong><\/a>, etc.<\/p>\n<p>Nos <strong><a href=\"https:\/\/tilakpolypack.com\/fr\/sacs-a-glace\/\">sacs \u00e0 cordon<\/a> sont<\/strong> tr\u00e8s r\u00e9sistants et constituent une option peu co\u00fbteuse par rapport aux sacs \u00e0 cordon en coton. Le cordon permet de fermer facilement le sac par le haut afin d&#8217;\u00e9viter que les articles \u00e0 l&#8217;int\u00e9rieur ne tombent.<\/p>\n<h2>CARACT\u00c9RISTIQUES DES SACS \u00c0 CORDON :<\/h2>\n<ul>\n<li>Cordon en plastique pour la fermeture.<\/li>\n<li>Flexible et r\u00e9sistant<\/li>\n<li>Peut \u00eatre personnalis\u00e9 selon les besoins.<\/li>\n<li>\u00c9conomique par rapport aux sacs \u00e0 cordon en coton.<\/li>\n<li>Recyclable.<\/li>\n<\/ul>\n<h2>Fournisseur de sacs \u00e0 cordon en plastique<\/h2>\n<p data-start=\"231\" data-end=\"703\">Tilak Polypack est un <a href=\"https:\/\/tilakpolypack.com\/fr\/sacs-ldpe\/\"><strong>fournisseur de sacs \u00e0 cordon en plastique<\/strong><\/a> offrant une large gamme de solutions d&#8217;emballage pratiques et s\u00e9curis\u00e9es. Ces sacs sont id\u00e9aux pour le stockage, le transport et la pr\u00e9sentation de divers produits, gr\u00e2ce \u00e0 leur fermeture par cordon qui garantit une protection optimale. Disponibles en diff\u00e9rentes tailles, couleurs et personnalisables selon vos besoins, ils r\u00e9pondent aux exigences des professionnels soucieux de qualit\u00e9 et de praticit\u00e9.<\/p>\n<h3><strong>POUR TOUTE COMMANDE D&#8217;AU MOINS 150 BO\u00ceTES, NOUS POUVONS VOUS PROPOSER DES PRIX COMP\u00c9TITIFS, FRAIS DE LIVRAISON INCLUS, \u00c0 TOUTE ADRESSE AUX \u00c9TATS-UNIS.<\/strong><\/h3>\n<\/div>\n<\/div>\n<\/div>\n<p>[\/vc_column_text][\/vc_column][\/vc_row][vc_row ts_responsive_css=&#8221;25777273|colbreak_no|20|||||10||10|colbreak_no|||||||||colbreak_no||||||||||colbreak_no|||||||||&#8221; css=&#8221;.vc_custom_1696656087423{margin-top: 30px !important;padding-right: 10px !important;padding-left: 10px !important;}&#8221;][vc_column]<section class=\"ts-vc_cta3-container\"><div class=\"ts-vc_general ts-vc_cta3 ts-cta3-only ts-vc_cta3-style-classic ts-vc_cta3-shape-rounded ts-vc_cta3-align-left ts-vc_cta3-color-transparent ts-vc_cta3-icon-size-md ts-vc_cta3-actions-right ts-cta3-with-desc\"><div class=\"ts-vc_cta3_content-container\"><div class=\"ts-vc_cta3-content\"><div class=\"ts-vc_cta3-content-header ts-wrap\"><div class=\"ts-vc_cta3-headers ts-wrap-cell\"><\/div><\/div><div class=\"ts-cta3-content-wrapper\"><p>Veuillez nous contacter au\u00a0<a href=\"tel:9227422544\">+91-9227422544<\/a>\u00a0ou nous envoyer un e-mail\u00a0<a href=\"mailto:info@tilakpolypack.com\">info@tilakpolypack.com<\/a> pour obtenir un devis ou de plus amples informations.<\/p><\/div><\/div><div class=\"ts-vc_cta3-actions\">\r\n\t\t<div class=\"ts-vc_btn3-container  popmake-8197 ts-vc_btn3-inline\"><a class=\"ts-vc_general ts-vc_btn3 ts-vc_btn3-size-md ts-vc_btn3-shape-rounded ts-vc_btn3-style-flat ts-vc_btn3-weight-yes ts-vc_btn3-color-skincolor\" href=\"\" title=\"\">send enquiry<\/a><\/div><\/div><\/div><\/div><\/section>[\/vc_column][\/vc_row]<\/p>\n<\/section>","protected":false},"excerpt":{"rendered":"<p>[vc_row][vc_column][vc_column_text] Sacs en plastique \u00e0 cordon Les sacs en plastique \u00e0 cordon peuvent \u00eatre utilis\u00e9s pour diverses applications finales, telles que les services de blanchisserie, les h\u00f4pitaux, les sacs de courses, etc. Nos sacs \u00e0 cordon sont tr\u00e8s r\u00e9sistants et constituent une option peu co\u00fbteuse par rapport aux sacs \u00e0 cordon en coton. Le cordon &hellip; <a href=\"https:\/\/tilakpolypack.com\/fr\/sacs-en-plastique-a-cordon\/\" class=\"more-link\">Continue reading <span class=\"screen-reader-text\">Sacs en plastique \u00e0 cordon<\/span><\/a><\/p>\n","protected":false},"author":1,"featured_media":10384,"parent":0,"menu_order":0,"comment_status":"closed","ping_status":"closed","template":"","meta":{"_acf_changed":false,"om_disable_all_campaigns":false,"_monsterinsights_skip_tracking":false,"_monsterinsights_sitenote_active":false,"_monsterinsights_sitenote_note":"","_monsterinsights_sitenote_category":0,"_uf_show_specific_survey":0,"_uf_disable_surveys":false,"footnotes":""},"class_list":["post-7680","page","type-page","status-publish","has-post-thumbnail","hentry"],"acf":[],"_links":{"self":[{"href":"https:\/\/tilakpolypack.com\/fr\/wp-json\/wp\/v2\/pages\/7680","targetHints":{"allow":["GET"]}}],"collection":[{"href":"https:\/\/tilakpolypack.com\/fr\/wp-json\/wp\/v2\/pages"}],"about":[{"href":"https:\/\/tilakpolypack.com\/fr\/wp-json\/wp\/v2\/types\/page"}],"author":[{"embeddable":true,"href":"https:\/\/tilakpolypack.com\/fr\/wp-json\/wp\/v2\/users\/1"}],"replies":[{"embeddable":true,"href":"https:\/\/tilakpolypack.com\/fr\/wp-json\/wp\/v2\/comments?post=7680"}],"version-history":[{"count":7,"href":"https:\/\/tilakpolypack.com\/fr\/wp-json\/wp\/v2\/pages\/7680\/revisions"}],"predecessor-version":[{"id":10726,"href":"https:\/\/tilakpolypack.com\/fr\/wp-json\/wp\/v2\/pages\/7680\/revisions\/10726"}],"wp:featuredmedia":[{"embeddable":true,"href":"https:\/\/tilakpolypack.com\/fr\/wp-json\/wp\/v2\/media\/10384"}],"wp:attachment":[{"href":"https:\/\/tilakpolypack.com\/fr\/wp-json\/wp\/v2\/media?parent=7680"}],"curies":[{"name":"wp","href":"https:\/\/api.w.org\/{rel}","templated":true}]}}