{"id":7679,"date":"2023-10-06T12:02:41","date_gmt":"2023-10-06T12:02:41","guid":{"rendered":"https:\/\/archiveyourwords.com\/tilak\/?page_id=7679"},"modified":"2025-09-17T11:25:40","modified_gmt":"2025-09-17T11:25:40","slug":"sacs-a-poignees-souples","status":"publish","type":"page","link":"https:\/\/tilakpolypack.com\/fr\/sacs-a-poignees-souples\/","title":{"rendered":"Sacs \u00e0 poign\u00e9es souples"},"content":{"rendered":"<section class=\"wpb-content-wrapper\"><p>[vc_row][vc_column][vc_column_text]<\/p>\n<div class=\"col-md-12\">\n<h2 class=\"prod-category-img\">Sacs \u00e0 poign\u00e9es souples<\/h2>\n<\/div>\n<div class=\"col-md-12\">\n<p>Les sacs \u00e0 poign\u00e9es souples sont polyvalents et conf\u00e8rent un look haut de gamme. Le soufflet extensible au fond et les poign\u00e9es souples, une de chaque c\u00f4t\u00e9 du sac, permettent de maintenir le contenu en place pendant le transport. Utilisez ces sacs lorsque vous souhaitez augmenter la stabilit\u00e9, r\u00e9duire les mouvements et le risque de casse.<\/p>\n<p>La poign\u00e9e flexible est renforc\u00e9e et reli\u00e9e \u00e0 l&#8217;int\u00e9rieur du sac. La conception flexible de la poign\u00e9e la rend confortable \u00e0 tenir et permet une utilisation optimale du sac. Utilisez nos <a href=\"https:\/\/tilakpolypack.com\/fr\/sacs-ldpe\/\"><strong>sacs \u00e0 poign\u00e9e flexible<\/strong><\/a> pour vous assurer que vos clients repartent avec une bonne impression.<\/p>\n<\/div>\n<p>[\/vc_column_text][\/vc_column][\/vc_row][vc_row ts_responsive_css=&#8221;25777273|colbreak_no|20|||||10||10|colbreak_no|||||||||colbreak_no||||||||||colbreak_no|||||||||&#8221; css=&#8221;.vc_custom_1696656087423{margin-top: 30px !important;padding-right: 10px !important;padding-left: 10px !important;}&#8221;][vc_column]<section class=\"ts-vc_cta3-container\"><div class=\"ts-vc_general ts-vc_cta3 ts-cta3-only ts-vc_cta3-style-classic ts-vc_cta3-shape-rounded ts-vc_cta3-align-left ts-vc_cta3-color-transparent ts-vc_cta3-icon-size-md ts-vc_cta3-actions-right ts-cta3-with-desc\"><div class=\"ts-vc_cta3_content-container\"><div class=\"ts-vc_cta3-content\"><div class=\"ts-vc_cta3-content-header ts-wrap\"><div class=\"ts-vc_cta3-headers ts-wrap-cell\"><\/div><\/div><div class=\"ts-cta3-content-wrapper\"><p>Veuillez nous contacter au\u00a0<a href=\"tel:9227422544\">+91-9227422544<\/a>\u00a0ou nous envoyer un e-mail\u00a0<a href=\"mailto:info@tilakpolypack.com\">info@tilakpolypack.com<\/a> pour obtenir un devis ou de plus amples informations.<\/p><\/div><\/div><div class=\"ts-vc_cta3-actions\">\r\n\t\t<div class=\"ts-vc_btn3-container  popmake-8197 ts-vc_btn3-inline\"><a class=\"ts-vc_general ts-vc_btn3 ts-vc_btn3-size-md ts-vc_btn3-shape-rounded ts-vc_btn3-style-flat ts-vc_btn3-weight-yes ts-vc_btn3-color-skincolor\" href=\"\" title=\"\">send enquiry<\/a><\/div><\/div><\/div><\/div><\/section>[\/vc_column][\/vc_row]<\/p>\n<\/section>","protected":false},"excerpt":{"rendered":"<p>[vc_row][vc_column][vc_column_text] Sacs \u00e0 poign\u00e9es souples Les sacs \u00e0 poign\u00e9es souples sont polyvalents et conf\u00e8rent un look haut de gamme. Le soufflet extensible au fond et les poign\u00e9es souples, une de chaque c\u00f4t\u00e9 du sac, permettent de maintenir le contenu en place pendant le transport. Utilisez ces sacs lorsque vous souhaitez augmenter la stabilit\u00e9, r\u00e9duire les &hellip; <a href=\"https:\/\/tilakpolypack.com\/fr\/sacs-a-poignees-souples\/\" class=\"more-link\">Continue reading <span class=\"screen-reader-text\">Sacs \u00e0 poign\u00e9es souples<\/span><\/a><\/p>\n","protected":false},"author":1,"featured_media":10390,"parent":0,"menu_order":0,"comment_status":"closed","ping_status":"closed","template":"","meta":{"_acf_changed":false,"om_disable_all_campaigns":false,"_monsterinsights_skip_tracking":false,"_monsterinsights_sitenote_active":false,"_monsterinsights_sitenote_note":"","_monsterinsights_sitenote_category":0,"_uf_show_specific_survey":0,"_uf_disable_surveys":false,"footnotes":""},"class_list":["post-7679","page","type-page","status-publish","has-post-thumbnail","hentry"],"acf":[],"_links":{"self":[{"href":"https:\/\/tilakpolypack.com\/fr\/wp-json\/wp\/v2\/pages\/7679","targetHints":{"allow":["GET"]}}],"collection":[{"href":"https:\/\/tilakpolypack.com\/fr\/wp-json\/wp\/v2\/pages"}],"about":[{"href":"https:\/\/tilakpolypack.com\/fr\/wp-json\/wp\/v2\/types\/page"}],"author":[{"embeddable":true,"href":"https:\/\/tilakpolypack.com\/fr\/wp-json\/wp\/v2\/users\/1"}],"replies":[{"embeddable":true,"href":"https:\/\/tilakpolypack.com\/fr\/wp-json\/wp\/v2\/comments?post=7679"}],"version-history":[{"count":4,"href":"https:\/\/tilakpolypack.com\/fr\/wp-json\/wp\/v2\/pages\/7679\/revisions"}],"predecessor-version":[{"id":10728,"href":"https:\/\/tilakpolypack.com\/fr\/wp-json\/wp\/v2\/pages\/7679\/revisions\/10728"}],"wp:featuredmedia":[{"embeddable":true,"href":"https:\/\/tilakpolypack.com\/fr\/wp-json\/wp\/v2\/media\/10390"}],"wp:attachment":[{"href":"https:\/\/tilakpolypack.com\/fr\/wp-json\/wp\/v2\/media?parent=7679"}],"curies":[{"name":"wp","href":"https:\/\/api.w.org\/{rel}","templated":true}]}}