{"id":7677,"date":"2023-10-06T12:02:03","date_gmt":"2023-10-06T12:02:03","guid":{"rendered":"https:\/\/archiveyourwords.com\/tilak\/?page_id=7677"},"modified":"2026-01-31T10:31:08","modified_gmt":"2026-01-31T10:31:08","slug":"sacs-en-polyethylene-refermables-avec-crochet","status":"publish","type":"page","link":"https:\/\/tilakpolypack.com\/fr\/sacs-en-polyethylene-refermables-avec-crochet\/","title":{"rendered":"Sacs en poly\u00e9thyl\u00e8ne refermables avec crochet"},"content":{"rendered":"<section class=\"wpb-content-wrapper\"><p>[vc_row][vc_column][vc_column_text]<\/p>\n<div class=\"col-md-12\">\n<h2 class=\"prod-category-img\">Sacs en poly\u00e9thyl\u00e8ne refermables avec crochet<\/h2>\n<\/div>\n<div class=\"col-md-12\">\n<p>Nous proposons une gamme qualitative de sacs \u00e0 suspendre. Les sacs \u00e0 suspendre fournis sont fabriqu\u00e9s \u00e0 partir de mati\u00e8res premi\u00e8res de qualit\u00e9 sup\u00e9rieure et \u00e0 l&#8217;aide de machines de pointe, conform\u00e9ment aux normes industrielles. Nos sacs \u00e0 suspendre sont r\u00e9put\u00e9s sur le march\u00e9 pour leur r\u00e9sistance et leur durabilit\u00e9 optimales.<\/p>\n<h2>Sac ziplock et crochet de suspension<\/h2>\n<p data-start=\"215\" data-end=\"626\"><a href=\"https:\/\/tilakpolypack.com\/fr\/sacs-grip-seal\/\"><strong>Les sacs ziplock<\/strong><\/a> et crochet de suspension de Tilak Polypack combinent praticit\u00e9 et organisation. Dot\u00e9s d&#8217;une fermeture herm\u00e9tique ziplock et d&#8217;un crochet int\u00e9gr\u00e9, ils permettent un stockage suspendu efficace, id\u00e9al pour les environnements industriels ou commerciaux. Ces sacs sont parfaits pour organiser des \u00e9chantillons, des composants ou des produits en vrac, offrant \u00e0 la fois s\u00e9curit\u00e9 et accessibilit\u00e9.<\/p>\n<p><strong>UTILISATION :<\/strong><\/p>\n<p>INDUSTRIE DE LA BONNETERIE, INDUSTRIE DU V\u00caTEMENT, <a href=\"https:\/\/tilakpolypack.com\/fr\/sacs-demballage-en-polyethylene-pour-vetements\/\"><strong>EMBALLAGE MULTIPLE DE V\u00caTEMENTS<\/strong><\/a><\/p>\n<\/div>\n<p>[\/vc_column_text][\/vc_column][\/vc_row][vc_row ts_responsive_css=&#8221;25777273|colbreak_no|20|||||10||10|colbreak_no|||||||||colbreak_no||||||||||colbreak_no|||||||||&#8221; css=&#8221;.vc_custom_1696656087423{margin-top: 30px !important;padding-right: 10px !important;padding-left: 10px !important;}&#8221;][vc_column]<section class=\"ts-vc_cta3-container\"><div class=\"ts-vc_general ts-vc_cta3 ts-cta3-only ts-vc_cta3-style-classic ts-vc_cta3-shape-rounded ts-vc_cta3-align-left ts-vc_cta3-color-transparent ts-vc_cta3-icon-size-md ts-vc_cta3-actions-right ts-cta3-with-desc\"><div class=\"ts-vc_cta3_content-container\"><div class=\"ts-vc_cta3-content\"><div class=\"ts-vc_cta3-content-header ts-wrap\"><div class=\"ts-vc_cta3-headers ts-wrap-cell\"><\/div><\/div><div class=\"ts-cta3-content-wrapper\"><p>Veuillez nous contacter au\u00a0<a href=\"tel:9227422544\">+91-9227422544<\/a>\u00a0ou nous envoyer un e-mail\u00a0<a href=\"mailto:info@tilakpolypack.com\">info@tilakpolypack.com<\/a> pour obtenir un devis ou de plus amples informations.<\/p><\/div><\/div><div class=\"ts-vc_cta3-actions\">\r\n\t\t<div class=\"ts-vc_btn3-container  popmake-8197 ts-vc_btn3-inline\"><a class=\"ts-vc_general ts-vc_btn3 ts-vc_btn3-size-md ts-vc_btn3-shape-rounded ts-vc_btn3-style-flat ts-vc_btn3-weight-yes ts-vc_btn3-color-skincolor\" href=\"\" title=\"\">send enquiry<\/a><\/div><\/div><\/div><\/div><\/section>[\/vc_column][\/vc_row]<\/p>\n<\/section>","protected":false},"excerpt":{"rendered":"<p>[vc_row][vc_column][vc_column_text] Sacs en poly\u00e9thyl\u00e8ne refermables avec crochet Nous proposons une gamme qualitative de sacs \u00e0 suspendre. Les sacs \u00e0 suspendre fournis sont fabriqu\u00e9s \u00e0 partir de mati\u00e8res premi\u00e8res de qualit\u00e9 sup\u00e9rieure et \u00e0 l&#8217;aide de machines de pointe, conform\u00e9ment aux normes industrielles. Nos sacs \u00e0 suspendre sont r\u00e9put\u00e9s sur le march\u00e9 pour leur r\u00e9sistance et &hellip; <a href=\"https:\/\/tilakpolypack.com\/fr\/sacs-en-polyethylene-refermables-avec-crochet\/\" class=\"more-link\">Continue reading <span class=\"screen-reader-text\">Sacs en poly\u00e9thyl\u00e8ne refermables avec crochet<\/span><\/a><\/p>\n","protected":false},"author":1,"featured_media":10846,"parent":0,"menu_order":0,"comment_status":"closed","ping_status":"closed","template":"","meta":{"_acf_changed":false,"om_disable_all_campaigns":false,"_monsterinsights_skip_tracking":false,"_monsterinsights_sitenote_active":false,"_monsterinsights_sitenote_note":"","_monsterinsights_sitenote_category":0,"_uf_show_specific_survey":0,"_uf_disable_surveys":false,"footnotes":""},"class_list":["post-7677","page","type-page","status-publish","has-post-thumbnail","hentry"],"acf":[],"_links":{"self":[{"href":"https:\/\/tilakpolypack.com\/fr\/wp-json\/wp\/v2\/pages\/7677","targetHints":{"allow":["GET"]}}],"collection":[{"href":"https:\/\/tilakpolypack.com\/fr\/wp-json\/wp\/v2\/pages"}],"about":[{"href":"https:\/\/tilakpolypack.com\/fr\/wp-json\/wp\/v2\/types\/page"}],"author":[{"embeddable":true,"href":"https:\/\/tilakpolypack.com\/fr\/wp-json\/wp\/v2\/users\/1"}],"replies":[{"embeddable":true,"href":"https:\/\/tilakpolypack.com\/fr\/wp-json\/wp\/v2\/comments?post=7677"}],"version-history":[{"count":6,"href":"https:\/\/tilakpolypack.com\/fr\/wp-json\/wp\/v2\/pages\/7677\/revisions"}],"predecessor-version":[{"id":10730,"href":"https:\/\/tilakpolypack.com\/fr\/wp-json\/wp\/v2\/pages\/7677\/revisions\/10730"}],"wp:featuredmedia":[{"embeddable":true,"href":"https:\/\/tilakpolypack.com\/fr\/wp-json\/wp\/v2\/media\/10846"}],"wp:attachment":[{"href":"https:\/\/tilakpolypack.com\/fr\/wp-json\/wp\/v2\/media?parent=7677"}],"curies":[{"name":"wp","href":"https:\/\/api.w.org\/{rel}","templated":true}]}}