{"id":7675,"date":"2023-10-06T12:00:42","date_gmt":"2023-10-06T12:00:42","guid":{"rendered":"https:\/\/archiveyourwords.com\/tilak\/?page_id=7675"},"modified":"2026-02-02T10:17:09","modified_gmt":"2026-02-02T10:17:09","slug":"sacs-en-polyethylene-pour-lexpedition","status":"publish","type":"page","link":"https:\/\/tilakpolypack.com\/fr\/sacs-en-polyethylene-pour-lexpedition\/","title":{"rendered":"Sacs en poly\u00e9thyl\u00e8ne pour l&#8217;exp\u00e9dition"},"content":{"rendered":"<section class=\"wpb-content-wrapper\"><p>[vc_row][vc_column][vc_column_text]<\/p>\n<div class=\"col-md-12\">\n<h2 class=\"prod-category-img\">Sacs en poly\u00e9thyl\u00e8ne pour envoi postal<\/h2>\n<\/div>\n<div class=\"col-md-12\">\n<p class=\"text-body font-regular leading-[24px] pt-[9px] pb-[2px]\" dir=\"ltr\">Imaginez l&#8217;enthousiasme de vos clients lorsqu&#8217;ils recevront leurs commandes dans un emballage postal personnalis\u00e9 et \u00e9l\u00e9gamment con\u00e7u, refl\u00e9tant la personnalit\u00e9 et le professionnalisme de votre marque. Chez Tilak Polypack, nous sommes sp\u00e9cialis\u00e9s dans la cr\u00e9ation <a href=\"https:\/\/tilakpolypack.com\/fr\/sacs-demballage-en-polyethylene-pour-vetements\/\"><strong>de sacs en poly\u00e9thyl\u00e8ne pour<\/strong><\/a> l&#8217;exp\u00e9dition qui non seulement prot\u00e8gent vos produits, mais laissent \u00e9galement une impression durable.<\/p>\n<h2 dir=\"ltr\">Sacs postaux transparents<\/h2>\n<p data-start=\"243\" data-end=\"677\">Les sacs postaux transparents de Tilak Polypack sont con\u00e7us pour une exp\u00e9dition s\u00e9curis\u00e9e et professionnelle. Fabriqu\u00e9s en poly\u00e9thyl\u00e8ne de haute qualit\u00e9, ils offrent une visibilit\u00e9 claire du contenu tout en assurant une protection contre l&#8217;humidit\u00e9 et les d\u00e9chirures. Disponibles en diff\u00e9rentes tailles et couleurs, ces sacs sont id\u00e9aux pour l&#8217;envoi de documents, v\u00eatements ou autres articles n\u00e9cessitant une pr\u00e9sentation soign\u00e9e.<\/p>\n<h2 data-start=\"243\" data-end=\"677\">Sacs postaux en poly\u00e9thyl\u00e8ne imperm\u00e9ables<\/h2>\n<p data-start=\"748\" data-end=\"1199\">Les sacs postaux en poly\u00e9thyl\u00e8ne imperm\u00e9ables\u00a0de Tilak Polypack garantissent une protection optimale contre les intemp\u00e9ries lors de l&#8217;exp\u00e9dition. Gr\u00e2ce \u00e0 leur conception robuste et leur mat\u00e9riau r\u00e9sistant \u00e0 l&#8217;eau, ils assurent la s\u00e9curit\u00e9 de vos envois, qu&#8217;il s&#8217;agisse de produits textiles, de documents ou d&#8217;autres articles sensibles. Disponibles en plusieurs tailles, ces sacs sont adapt\u00e9s aux besoins vari\u00e9s des entreprises et des particuliers.<\/p>\n<h2 class=\"font-bold text-h4 leading-[30px] pt-[15px] pb-[2px] [&amp;_a]:underline-offset-[6px] [&amp;_.underline]:underline-offset-[6px]\" dir=\"ltr\">Pourquoi choisir des sacs en poly\u00e9thyl\u00e8ne pour les envois postaux ?<\/h2>\n<p class=\"text-body font-regular leading-[24px] pt-[9px] pb-[2px]\" dir=\"ltr\">L&#8217;exp\u00e9dition peut s&#8217;av\u00e9rer co\u00fbteuse, en particulier lorsqu&#8217;il s&#8217;agit d&#8217;envois volumineux. Nos <a href=\"https:\/\/tilakpolypack.com\/fr\/sacs-en-polyethylene-refermables-avec-crochet\/\"><strong>sacs en poly\u00e9thyl\u00e8ne pour<\/strong><\/a> exp\u00e9dition postale constituent une alternative \u00e9conomique qui ne compromet ni la qualit\u00e9 ni la protection. Voici comment ils peuvent vous aider \u00e0 optimiser votre exp\u00e9rience d&#8217;exp\u00e9dition et \u00e0 r\u00e9duire vos co\u00fbts :<\/p>\n<h2 class=\"font-bold text-h4 leading-[30px] pt-[15px] pb-[2px] [&amp;_a]:underline-offset-[6px] [&amp;_.underline]:underline-offset-[6px]\" dir=\"ltr\">Aper\u00e7u des avantages<\/h2>\n<ul class=\"pt-[9px] pb-[2px] pl-[24px] list-disc [&amp;_ul]:pt-[5px] pt-[5px]\">\n<li class=\"text-body font-regular leading-[24px] my-[5px] [&amp;&gt;ol]:!pt-0 [&amp;&gt;ol]:!pb-0 [&amp;&gt;ul]:!pt-0 [&amp;&gt;ul]:!pb-0\" value=\"1\">Exp\u00e9dition \u00e9conomique:<\/li>\n<\/ul>\n<p class=\"text-body font-regular leading-[24px] pt-[9px] pb-[2px]\" dir=\"ltr\">Dites adieu aux co\u00fbts \u00e9lev\u00e9s associ\u00e9s aux bo\u00eetes encombrantes. Nos sacs en poly\u00e9thyl\u00e8ne sont l\u00e9gers, ce qui r\u00e9duit les frais d&#8217;exp\u00e9dition et en fait une option \u00e9conomique pour les entreprises de toutes tailles.<\/p>\n<ul>\n<li>La durabilit\u00e9 au service de la s\u00e9curit\u00e9:<\/li>\n<\/ul>\n<p class=\"text-body font-regular leading-[24px] pt-[9px] pb-[2px]\" dir=\"ltr\">Fabriqu\u00e9s \u00e0 partir de mat\u00e9riaux de haute qualit\u00e9, nos sacs en poly\u00e9thyl\u00e8ne sont imperm\u00e9ables et \u00e9quip\u00e9s d&#8217;une bande adh\u00e9sive int\u00e9gr\u00e9e, garantissant que vos produits arrivent \u00e0 destination en toute s\u00e9curit\u00e9.<\/p>\n<ul class=\"pt-[9px] pb-[2px] pl-[24px] list-disc [&amp;_ul]:pt-[5px] pt-[5px]\">\n<li class=\"text-body font-regular leading-[24px] my-[5px] [&amp;&gt;ol]:!pt-0 [&amp;&gt;ol]:!pb-0 [&amp;&gt;ul]:!pt-0 [&amp;&gt;ul]:!pb-0\" value=\"1\">Options polyvalentes :<\/li>\n<\/ul>\n<p class=\"text-body font-regular leading-[24px] pt-[9px] pb-[2px]\" dir=\"ltr\">Choisissez parmi une large gamme d&#8217;enveloppes, notamment des options \u00e9conomiques et \u00ab Tuff \u00bb, des sacs pour la vente par correspondance et les services de messagerie, des mod\u00e8les inviolables, des variantes doubl\u00e9es de bulles et m\u00eame des enveloppes publicitaires m\u00e9talliques \u00e0 fort impact. Quels que soient vos besoins en mati\u00e8re d&#8217;exp\u00e9dition, nous avons ce qu&#8217;il vous faut.<\/p>\n<ul class=\"pt-[9px] pb-[2px] pl-[24px] list-disc [&amp;_ul]:pt-[5px] pt-[5px]\">\n<li class=\"text-body font-regular leading-[24px] my-[5px] [&amp;&gt;ol]:!pt-0 [&amp;&gt;ol]:!pb-0 [&amp;&gt;ul]:!pt-0 [&amp;&gt;ul]:!pb-0\" value=\"1\">Personnalisation pour l&#8217;image de marque :<\/li>\n<\/ul>\n<p class=\"text-body font-regular leading-[24px] pt-[9px] pb-[2px]\" dir=\"ltr\">D\u00e9marquez-vous de la concurrence en imprimant vos designs uniques sur nos sacs en poly\u00e9thyl\u00e8ne. Disponibles en plusieurs couleurs telles que blanc, transparent, noir et blanc, gris et blanc, et bleu, vous pouvez choisir la teinte parfaite qui correspond \u00e0 l&#8217;identit\u00e9 de votre marque.<\/p>\n<h2 class=\"font-bold text-h4 leading-[30px] pt-[15px] pb-[2px] [&amp;_a]:underline-offset-[6px] [&amp;_.underline]:underline-offset-[6px]\" dir=\"ltr\">Comment nos sacs am\u00e9liorent votre activit\u00e9<\/h2>\n<p class=\"text-body font-regular leading-[24px] pt-[9px] pb-[2px]\" dir=\"ltr\"><b><strong class=\"font-bold\">Professionnalisme et touche personnelle<\/strong><\/b> :<\/p>\n<p class=\"text-body font-regular leading-[24px] pt-[9px] pb-[2px]\" dir=\"ltr\">Chaque emballage postal personnalis\u00e9 raconte l&#8217;histoire de votre marque, transformant un colis ordinaire en une exp\u00e9rience de d\u00e9ballage extraordinaire. Faites en sorte que vos clients se sentent valoris\u00e9s et enthousiastes, am\u00e9liorant ainsi leur satisfaction globale.<\/p>\n<p class=\"text-body font-regular leading-[24px] pt-[9px] pb-[2px]\" dir=\"ltr\"><b><strong class=\"font-bold\">Port\u00e9e mondiale, protection fiable<\/strong><\/b> :<\/p>\n<p class=\"text-body font-regular leading-[24px] pt-[9px] pb-[2px]\" dir=\"ltr\">Que vous exp\u00e9diez au niveau national ou international, nos <a href=\"https:\/\/tilakpolypack.com\/fr\/sacs-ldpe\/\"><strong>sacs en poly\u00e9thyl\u00e8ne sont<\/strong><\/a> con\u00e7us pour r\u00e9sister au transport postal et par coursier. Soyez tranquille, vos produits sont prot\u00e9g\u00e9s contre l&#8217;humidit\u00e9 et les manipulations, et arriveront en parfait \u00e9tat.<\/p>\n<p class=\"text-body font-regular leading-[24px] pt-[9px] pb-[2px]\" dir=\"ltr\"><b><strong class=\"font-bold\">Choix respectueux de l&#8217;environnement<\/strong><\/b> :<\/p>\n<p class=\"text-body font-regular leading-[24px] pt-[9px] pb-[2px]\" dir=\"ltr\">En plus d&#8217;\u00eatre pratiques et \u00e9l\u00e9gants, nos emballages postaux sont con\u00e7us dans un souci de durabilit\u00e9, permettant ainsi \u00e0 votre entreprise de prendre des mesures responsables en faveur de la pr\u00e9servation de l&#8217;environnement.<\/p>\n<h2 class=\"font-bold text-h3 leading-[36px] pt-[21px] pb-[2px] [&amp;_a]:underline-offset-[6px] [&amp;_.underline]:underline-offset-[6px]\" dir=\"ltr\">Enveloppes plastiques pour exp\u00e9dition en gros<\/h2>\n<p class=\"text-body font-regular leading-[24px] pt-[9px] pb-[2px]\" dir=\"ltr\">Nos enveloppes d&#8217;exp\u00e9dition en poly\u00e9thyl\u00e8ne vendues en gros sont con\u00e7ues pour \u00eatre durables et protectrices, garantissant ainsi la s\u00e9curit\u00e9 de vos produits pendant le transport. Disponibles en diff\u00e9rentes tailles et designs, elles sont id\u00e9ales pour les entreprises de commerce \u00e9lectronique qui cherchent \u00e0 rationaliser leur processus d&#8217;emballage. Des options d&#8217;enveloppes d&#8217;exp\u00e9dition en poly\u00e9thyl\u00e8ne personnalis\u00e9es sont disponibles en gros pour r\u00e9pondre \u00e0 vos besoins sp\u00e9cifiques. Des options d&#8217;impression personnalis\u00e9es sont \u00e9galement disponibles pour am\u00e9liorer la visibilit\u00e9 et l&#8217;attrait esth\u00e9tique de votre marque. Achetez en gros pour faire des \u00e9conomies et offrir \u00e0 vos clients une solution d&#8217;emballage fiable.<\/p>\n<h2 class=\"font-bold text-h4 leading-[30px] pt-[15px] pb-[2px] [&amp;_a]:underline-offset-[6px] [&amp;_.underline]:underline-offset-[6px]\" dir=\"ltr\">Pr\u00eat \u00e0 transformer votre exp\u00e9rience d&#8217;exp\u00e9dition ?<\/h2>\n<p class=\"text-body font-regular leading-[24px] pt-[9px] pb-[2px]\" dir=\"ltr\">Rehaussez votre image de marque et assurez-vous que vos produits arrivent \u00e0 destination en toute s\u00e9curit\u00e9 et avec style gr\u00e2ce aux sacs en poly\u00e9thyl\u00e8ne personnalis\u00e9s de Tilak Polypack destin\u00e9s \u00e0 l&#8217;exp\u00e9dition. Contactez-nous d\u00e8s aujourd&#8217;hui pour obtenir un devis ou plus de d\u00e9tails :<\/p>\n<p class=\"text-body font-regular leading-[24px] pt-[9px] pb-[2px]\" dir=\"ltr\">\ud83d\udcde +91-9227422544<\/p>\n<p class=\"text-body font-regular leading-[24px] pt-[9px] pb-[2px]\" dir=\"ltr\">\ud83d\udce7 info@tilakpolypack.com<\/p>\n<p class=\"text-body font-regular leading-[24px] pt-[9px] pb-[2px]\" dir=\"ltr\">Votre marque m\u00e9rite de briller d\u00e8s l&#8217;arriv\u00e9e de votre colis. Choisissez Tilak Polypack et exp\u00e9diez vos produits en toute confiance.<\/p>\n<p>Nous pouvons fournir ces sacs d&#8217;exp\u00e9dition dans les couleurs suivantes : blanc \/ transparent \/ noir et blanc \/ gris et blanc \/ bleu, dans l&#8217;\u00e9paisseur de votre choix.<\/p>\n<\/div>\n<p>[\/vc_column_text][\/vc_column][\/vc_row][vc_row ts_responsive_css=&#8221;25777273|colbreak_no|20|||||10||10|colbreak_no|||||||||colbreak_no||||||||||colbreak_no|||||||||&#8221; css=&#8221;.vc_custom_1696656087423{margin-top: 30px !important;padding-right: 10px !important;padding-left: 10px !important;}&#8221;][vc_column]<section class=\"ts-vc_cta3-container\"><div class=\"ts-vc_general ts-vc_cta3 ts-cta3-only ts-vc_cta3-style-classic ts-vc_cta3-shape-rounded ts-vc_cta3-align-left ts-vc_cta3-color-transparent ts-vc_cta3-icon-size-md ts-vc_cta3-actions-right ts-cta3-with-desc\"><div class=\"ts-vc_cta3_content-container\"><div class=\"ts-vc_cta3-content\"><div class=\"ts-vc_cta3-content-header ts-wrap\"><div class=\"ts-vc_cta3-headers ts-wrap-cell\"><\/div><\/div><div class=\"ts-cta3-content-wrapper\"><p>Veuillez nous contacter au\u00a0<a href=\"tel:9227422544\">+91-9227422544<\/a>\u00a0ou nous envoyer un e-mail\u00a0<a href=\"mailto:info@tilakpolypack.com\">info@tilakpolypack.com<\/a> pour obtenir un devis ou de plus amples informations.<\/p><\/div><\/div><div class=\"ts-vc_cta3-actions\">\r\n\t\t<div class=\"ts-vc_btn3-container  popmake-8197 ts-vc_btn3-inline\"><a class=\"ts-vc_general ts-vc_btn3 ts-vc_btn3-size-md ts-vc_btn3-shape-rounded ts-vc_btn3-style-flat ts-vc_btn3-weight-yes ts-vc_btn3-color-skincolor\" href=\"\" title=\"\">send enquiry<\/a><\/div><\/div><\/div><\/div><\/section>[\/vc_column][\/vc_row]<\/p>\n<\/section>","protected":false},"excerpt":{"rendered":"<p>[vc_row][vc_column][vc_column_text] Sacs en poly\u00e9thyl\u00e8ne pour envoi postal Imaginez l&#8217;enthousiasme de vos clients lorsqu&#8217;ils recevront leurs commandes dans un emballage postal personnalis\u00e9 et \u00e9l\u00e9gamment con\u00e7u, refl\u00e9tant la personnalit\u00e9 et le professionnalisme de votre marque. Chez Tilak Polypack, nous sommes sp\u00e9cialis\u00e9s dans la cr\u00e9ation de sacs en poly\u00e9thyl\u00e8ne pour l&#8217;exp\u00e9dition qui non seulement prot\u00e8gent vos produits, mais &hellip; <a href=\"https:\/\/tilakpolypack.com\/fr\/sacs-en-polyethylene-pour-lexpedition\/\" class=\"more-link\">Continue reading <span class=\"screen-reader-text\">Sacs en poly\u00e9thyl\u00e8ne pour l&#8217;exp\u00e9dition<\/span><\/a><\/p>\n","protected":false},"author":1,"featured_media":10849,"parent":0,"menu_order":0,"comment_status":"closed","ping_status":"closed","template":"","meta":{"_acf_changed":false,"om_disable_all_campaigns":false,"_monsterinsights_skip_tracking":false,"_monsterinsights_sitenote_active":false,"_monsterinsights_sitenote_note":"","_monsterinsights_sitenote_category":0,"_uf_show_specific_survey":0,"_uf_disable_surveys":false,"footnotes":""},"class_list":["post-7675","page","type-page","status-publish","has-post-thumbnail","hentry"],"acf":[],"_links":{"self":[{"href":"https:\/\/tilakpolypack.com\/fr\/wp-json\/wp\/v2\/pages\/7675","targetHints":{"allow":["GET"]}}],"collection":[{"href":"https:\/\/tilakpolypack.com\/fr\/wp-json\/wp\/v2\/pages"}],"about":[{"href":"https:\/\/tilakpolypack.com\/fr\/wp-json\/wp\/v2\/types\/page"}],"author":[{"embeddable":true,"href":"https:\/\/tilakpolypack.com\/fr\/wp-json\/wp\/v2\/users\/1"}],"replies":[{"embeddable":true,"href":"https:\/\/tilakpolypack.com\/fr\/wp-json\/wp\/v2\/comments?post=7675"}],"version-history":[{"count":8,"href":"https:\/\/tilakpolypack.com\/fr\/wp-json\/wp\/v2\/pages\/7675\/revisions"}],"predecessor-version":[{"id":10522,"href":"https:\/\/tilakpolypack.com\/fr\/wp-json\/wp\/v2\/pages\/7675\/revisions\/10522"}],"wp:featuredmedia":[{"embeddable":true,"href":"https:\/\/tilakpolypack.com\/fr\/wp-json\/wp\/v2\/media\/10849"}],"wp:attachment":[{"href":"https:\/\/tilakpolypack.com\/fr\/wp-json\/wp\/v2\/media?parent=7675"}],"curies":[{"name":"wp","href":"https:\/\/api.w.org\/{rel}","templated":true}]}}