{"id":7673,"date":"2023-10-06T12:00:06","date_gmt":"2023-10-06T12:00:06","guid":{"rendered":"https:\/\/archiveyourwords.com\/tilak\/?page_id=7673"},"modified":"2026-02-02T10:21:27","modified_gmt":"2026-02-02T10:21:27","slug":"sacs-grip-seal","status":"publish","type":"page","link":"https:\/\/tilakpolypack.com\/fr\/sacs-grip-seal\/","title":{"rendered":"Sacs Grip Seal"},"content":{"rendered":"<section class=\"wpb-content-wrapper\"><p>[vc_row][vc_column][vc_column_text]<\/p>\n<div class=\"col-md-12\">\n<h2 class=\"prod-category-img\">Sacs \u00e0 fermeture \u00e0 pression<\/h2>\n<\/div>\n<div class=\"col-md-12\">\n<p>Facile \u00e0 ouvrir et \u00e0 refermer encore et encore&#8230; et encore.<\/p>\n<p>Si vous recherchez une solution d&#8217;emballage fantastique qui offre un espace s\u00e9curis\u00e9 pouvant \u00eatre referm\u00e9, ne cherchez pas plus loin que <strong><a href=\"https:\/\/tilakpolypack.com\/fr\/sacs-en-polyethylene-refermables-avec-crochet\/\">les sacs \u00e0 fermeture<\/a><\/strong> \u00e0 pression que nous fournissons. Peu importe l&#8217;usage que vous faites de ces produits, ils constituent une excellente option pour les denr\u00e9es alimentaires, mais offrent un choix particuli\u00e8rement fantastique pour les \u00e9crous et les boulons, par exemple, c&#8217;est-\u00e0-dire les petits articles qui sont stock\u00e9s ensemble pour des raisons de s\u00e9curit\u00e9 et pour faciliter leur recherche. M\u00eame les \u00e9chantillons de laboratoire peuvent \u00eatre conserv\u00e9s en toute s\u00e9curit\u00e9 gr\u00e2ce \u00e0 la fermeture herm\u00e9tique qui emp\u00eache tout d\u00e9versement ou fuite.<\/p>\n<h2><span data-sheets-root=\"1\">sacs ziplock <\/span><\/h2>\n<p>Les sacs \u00e0 fermeture \u00e0 glissi\u00e8re sont si polyvalents qu&#8217;ils sont devenus indispensables dans les entrep\u00f4ts et les bureaux. Approuv\u00e9s pour un usage alimentaire, ils sont \u00e9galement indispensables dans les cuisines professionnelles.<\/p>\n<p>La transparence de cet emballage protecteur rend \u00e9galement ces sachets id\u00e9aux pour la pr\u00e9sentation de certains petits articles dans un environnement de vente au d\u00e9tail (bijoux corporels, clous et vis diverses, etc.). Les sachets de plus grande taille peuvent \u00e9galement \u00eatre utilis\u00e9s pour prot\u00e9ger des documents tels que des manuels et des documents, si vous le souhaitez.<\/p>\n<h2>Sacs en plastique avec joint \u00e0 poign\u00e9e<\/h2>\n<p data-start=\"258\" data-end=\"693\"><a href=\"https:\/\/tilakpolypack.com\/fr\/sacs-demballage-en-polyethylene-transparent\/\"><strong>Les sacs en plastique<\/strong><\/a> avec joint \u00e0 poign\u00e9e de Tilak Polypack offrent une solution pratique et s\u00e9curis\u00e9e pour l&#8217;emballage de divers produits. Dot\u00e9s d&#8217;un joint herm\u00e9tique et d&#8217;une poign\u00e9e int\u00e9gr\u00e9e, ils assurent une fermeture fiable et une manipulation ais\u00e9e. Ces sacs sont id\u00e9aux pour les applications n\u00e9cessitant une protection contre la poussi\u00e8re et l&#8217;humidit\u00e9, tout en facilitant le transport et le stockage des articles emball\u00e9s.<\/p>\n<p>Caract\u00e9ristiques principales<\/p>\n<p>\u2013 R\u00e9utilisable<\/p>\n<p>\u2013 Tr\u00e8s transparent<\/p>\n<p>\u2013 Convient pour les aliments<\/p>\n<p>\u2013 Robuste<\/p>\n<p>\u2013 Facile et rapide \u00e0 sceller<\/p>\n<p>Tailles disponibles :<\/p>\n<ul>\n<li>TAILLE MINIMALE : 100 MM X 200 MM<\/li>\n<li>TAILLE MAXIMALE : 600 MM X 600 MM<\/li>\n<li>IMPRESSION : JUSQU&#8217;\u00c0 8 COULEURS<\/li>\n<li>TROU : POSSIBLE<\/li>\n<li>D-CUT : POSSIBLE<\/li>\n<\/ul>\n<h3><\/h3>\n<\/div>\n<p>[\/vc_column_text][\/vc_column][\/vc_row][vc_row ts_responsive_css=&#8221;25777273|colbreak_no|20|||||10||10|colbreak_no|||||||||colbreak_no||||||||||colbreak_no|||||||||&#8221; css=&#8221;.vc_custom_1696656087423{margin-top: 30px !important;padding-right: 10px !important;padding-left: 10px !important;}&#8221;][vc_column]<section class=\"ts-vc_cta3-container\"><div class=\"ts-vc_general ts-vc_cta3 ts-cta3-only ts-vc_cta3-style-classic ts-vc_cta3-shape-rounded ts-vc_cta3-align-left ts-vc_cta3-color-transparent ts-vc_cta3-icon-size-md ts-vc_cta3-actions-right ts-cta3-with-desc\"><div class=\"ts-vc_cta3_content-container\"><div class=\"ts-vc_cta3-content\"><div class=\"ts-vc_cta3-content-header ts-wrap\"><div class=\"ts-vc_cta3-headers ts-wrap-cell\"><\/div><\/div><div class=\"ts-cta3-content-wrapper\"><p>Veuillez nous contacter au\u00a0<a href=\"tel:9227422544\">+91-9227422544<\/a>\u00a0ou nous envoyer un e-mail\u00a0<a href=\"mailto:info@tilakpolypack.com\">info@tilakpolypack.com<\/a> pour obtenir un devis ou de plus amples informations.<\/p><\/div><\/div><div class=\"ts-vc_cta3-actions\">\r\n\t\t<div class=\"ts-vc_btn3-container  popmake-8197 ts-vc_btn3-inline\"><a class=\"ts-vc_general ts-vc_btn3 ts-vc_btn3-size-md ts-vc_btn3-shape-rounded ts-vc_btn3-style-flat ts-vc_btn3-weight-yes ts-vc_btn3-color-skincolor\" href=\"\" title=\"\">send enquiry<\/a><\/div><\/div><\/div><\/div><\/section>[\/vc_column][\/vc_row]<\/p>\n<\/section>","protected":false},"excerpt":{"rendered":"<p>[vc_row][vc_column][vc_column_text] Sacs \u00e0 fermeture \u00e0 pression Facile \u00e0 ouvrir et \u00e0 refermer encore et encore&#8230; et encore. Si vous recherchez une solution d&#8217;emballage fantastique qui offre un espace s\u00e9curis\u00e9 pouvant \u00eatre referm\u00e9, ne cherchez pas plus loin que les sacs \u00e0 fermeture \u00e0 pression que nous fournissons. Peu importe l&#8217;usage que vous faites de ces &hellip; <a href=\"https:\/\/tilakpolypack.com\/fr\/sacs-grip-seal\/\" class=\"more-link\">Continue reading <span class=\"screen-reader-text\">Sacs Grip Seal<\/span><\/a><\/p>\n","protected":false},"author":1,"featured_media":10850,"parent":0,"menu_order":0,"comment_status":"closed","ping_status":"closed","template":"","meta":{"_acf_changed":false,"om_disable_all_campaigns":false,"_monsterinsights_skip_tracking":false,"_monsterinsights_sitenote_active":false,"_monsterinsights_sitenote_note":"","_monsterinsights_sitenote_category":0,"_uf_show_specific_survey":0,"_uf_disable_surveys":false,"footnotes":""},"class_list":["post-7673","page","type-page","status-publish","has-post-thumbnail","hentry"],"acf":[],"_links":{"self":[{"href":"https:\/\/tilakpolypack.com\/fr\/wp-json\/wp\/v2\/pages\/7673","targetHints":{"allow":["GET"]}}],"collection":[{"href":"https:\/\/tilakpolypack.com\/fr\/wp-json\/wp\/v2\/pages"}],"about":[{"href":"https:\/\/tilakpolypack.com\/fr\/wp-json\/wp\/v2\/types\/page"}],"author":[{"embeddable":true,"href":"https:\/\/tilakpolypack.com\/fr\/wp-json\/wp\/v2\/users\/1"}],"replies":[{"embeddable":true,"href":"https:\/\/tilakpolypack.com\/fr\/wp-json\/wp\/v2\/comments?post=7673"}],"version-history":[{"count":9,"href":"https:\/\/tilakpolypack.com\/fr\/wp-json\/wp\/v2\/pages\/7673\/revisions"}],"predecessor-version":[{"id":10500,"href":"https:\/\/tilakpolypack.com\/fr\/wp-json\/wp\/v2\/pages\/7673\/revisions\/10500"}],"wp:featuredmedia":[{"embeddable":true,"href":"https:\/\/tilakpolypack.com\/fr\/wp-json\/wp\/v2\/media\/10850"}],"wp:attachment":[{"href":"https:\/\/tilakpolypack.com\/fr\/wp-json\/wp\/v2\/media?parent=7673"}],"curies":[{"name":"wp","href":"https:\/\/api.w.org\/{rel}","templated":true}]}}