{"id":7671,"date":"2023-10-06T11:59:34","date_gmt":"2023-10-06T11:59:34","guid":{"rendered":"https:\/\/archiveyourwords.com\/tilak\/?page_id=7671"},"modified":"2026-02-02T10:41:18","modified_gmt":"2026-02-02T10:41:18","slug":"presentoir-clair-pour-le-commerce-de-detail","status":"publish","type":"page","link":"https:\/\/tilakpolypack.com\/fr\/presentoir-clair-pour-le-commerce-de-detail\/","title":{"rendered":"Pr\u00e9sentoir clair pour le commerce de d\u00e9tail"},"content":{"rendered":"<section class=\"wpb-content-wrapper\"><p>[vc_row][vc_column][vc_column_text]<\/p>\n<div class=\"col-md-12\">\n<h2 class=\"prod-category-img\">Pr\u00e9sentoir transparent pour commerce de d\u00e9tail \u2013 Sacs en PP<\/h2>\n<\/div>\n<div class=\"col-md-12\">\n<p>Une gamme de <a href=\"https:\/\/tilakpolypack.com\/fr\/sacs-demballage-en-polyethylene-pour-vetements\/\"><strong>sacs en polypropyl\u00e8ne transparent<\/strong><\/a> et brillant pour mettre en valeur vos produits. Vos produits de d\u00e9tail m\u00e9ritent d&#8217;\u00eatre pr\u00e9sent\u00e9s dans des emballages beaux, \u00e9l\u00e9gants et fonctionnels. Que vous ayez besoin d&#8217;une barri\u00e8re protectrice pour emp\u00eacher les articles de s&#8217;ab\u00eemer ou de sacs herm\u00e9tiques pour conserver la fra\u00eecheur des denr\u00e9es p\u00e9rissables, cette gamme offre une multitude de solutions attrayantes.<\/p>\n<p><a href=\"https:\/\/tilakpolypack.com\/fr\/sacs-demballage-en-polyethylene-transparent\/\"><strong>Les sacs transparents pour<\/strong><\/a> la vente au d\u00e9tail peuvent \u00eatre utilis\u00e9s pour emballer des bonbons et des articles de toilette. Ils permettent de conserver la fra\u00eecheur des produits afin que vous puissiez profiter pleinement d&#8217;une dur\u00e9e de conservation plus longue. Nous vendons plusieurs tailles diff\u00e9rentes de sacs transparents. Il vous suffit de parcourir notre gamme compl\u00e8te ci-dessous pour d\u00e9couvrir l&#8217;\u00e9tendue de nos produits disponibles. Nos <span data-sheets-root=\"1\">sacs de pr\u00e9sentation transparents <\/span> ont diff\u00e9rentes largeurs, longueurs et tailles de rabats, et nous proposons \u00e9galement des options A2, A4 et A5.<\/p>\n<p><strong>Les dimensions ci-dessous correspondent \u00e0 nos sacs transparents destin\u00e9s \u00e0 la vente au d\u00e9tail :<\/strong><\/p>\n<table id=\"profile\" width=\"100%;\">\n<tbody class=\"profile2\">\n<tr>\n<td>64 x 95mm + Flap (2.5 x 3.75&#8243;)<\/td>\n<td>140 x 191mm + Flap (5.5 x 7.5&#8243;)<\/td>\n<td>210 x 260mm + Flap (8.25 x 10.25&#8243;)<\/td>\n<td>292 x 368mm + Flap (11.5 x 14.5&#8243;)<\/td>\n<td>432 x 584mm + Flap (17 x 24&#8243;)(A2)<\/td>\n<\/tr>\n<tr>\n<td>89 x 127mm + Flap (3.5 x 5&#8243;) (C7)<\/td>\n<td>159 x 216mm + Flap (6.25 x 8.5&#8243;)(A5)<\/td>\n<td>222 x 362mm + BG + Flap (8.75 x 14.25&#8243;)<\/td>\n<td>305 x 343mm + Flap (12 x 13.5&#8243;)<\/td>\n<td>464 x 610mm + Flap (18.25 x 24&#8243;)<\/td>\n<\/tr>\n<tr>\n<td>100 x 200mm + Flap (4 x 8&#8243;)<\/td>\n<td>152 x 305mm (6 x 12&#8243;)<\/td>\n<td>229 x 305mm + Flap (9 x 12&#8243;)(A4)<\/td>\n<td>311 x 464mm + Flap (12.25 x 18.25&#8243;)(A3)<\/td>\n<td>508 x 610mm + Flap (20 x 24&#8243;)<\/td>\n<\/tr>\n<tr>\n<td>108 x 152 + Flap (4.25 x 6&#8243;)(A6)<\/td>\n<td>170 x 230mm + Flap (6.6 x 9.1&#8243;)(C5)<\/td>\n<td>254 x 330mm + Flap (10 x 13&#8243;)<\/td>\n<td>318 x 368mm + BG + Flap (12.5 x 14.5&#8243;)<\/td>\n<td>514 x 718mm + Flap (20.25 x 28.25&#8243;)<\/td>\n<\/tr>\n<tr>\n<td>114 x 222mm + Flap (4.25 x 8.75&#8243;) (DL)<\/td>\n<td>180 x 229mm + Flap (7.25 x 9&#8243;)<\/td>\n<td>254 x 432mm + Flap (10 x 17&#8243;)<\/td>\n<td>356 x 464mm + Flap (14 x 18.25&#8243;)<\/td>\n<td>610 x 813mm + Flap (24 x 32&#8243;)<\/td>\n<\/tr>\n<tr>\n<td>121 x 165mm + Flap (4.75 x 6.5&#8243;)(C6)<\/td>\n<td>191 x 273mm + Flap (7.5 x 10.75&#8243;)<\/td>\n<td>279 x 406mm + Flap (11 x 16&#8243;)<\/td>\n<td>413 x 508mm + Flap (16.25 x 20&#8243;)<\/td>\n<td><\/td>\n<\/tr>\n<\/tbody>\n<\/table>\n<\/div>\n<p>[\/vc_column_text][\/vc_column][\/vc_row][vc_row ts_responsive_css=&#8221;25777273|colbreak_no|20|||||10||10|colbreak_no|||||||||colbreak_no||||||||||colbreak_no|||||||||&#8221; css=&#8221;.vc_custom_1696656087423{margin-top: 30px !important;padding-right: 10px !important;padding-left: 10px !important;}&#8221;][vc_column]<section class=\"ts-vc_cta3-container\"><div class=\"ts-vc_general ts-vc_cta3 ts-cta3-only ts-vc_cta3-style-classic ts-vc_cta3-shape-rounded ts-vc_cta3-align-left ts-vc_cta3-color-transparent ts-vc_cta3-icon-size-md ts-vc_cta3-actions-right ts-cta3-with-desc\"><div class=\"ts-vc_cta3_content-container\"><div class=\"ts-vc_cta3-content\"><div class=\"ts-vc_cta3-content-header ts-wrap\"><div class=\"ts-vc_cta3-headers ts-wrap-cell\"><\/div><\/div><div class=\"ts-cta3-content-wrapper\"><p>Please contact us on\u00a0<a href=\"tel:9227422544\">+91-9227422544<\/a>\u00a0or email us\u00a0<a href=\"mailto:info@tilakpolypack.com\">info@tilakpolypack.com<\/a>\u00a0for quotations or other details.<\/p><\/div><\/div><div class=\"ts-vc_cta3-actions\">\r\n\t\t<div class=\"ts-vc_btn3-container  popmake-8197 ts-vc_btn3-inline\"><a class=\"ts-vc_general ts-vc_btn3 ts-vc_btn3-size-md ts-vc_btn3-shape-rounded ts-vc_btn3-style-flat ts-vc_btn3-weight-yes ts-vc_btn3-color-skincolor\" href=\"\" title=\"\">send enquiry<\/a><\/div><\/div><\/div><\/div><\/section>[\/vc_column][\/vc_row]<\/p>\n<\/section>","protected":false},"excerpt":{"rendered":"<p>[vc_row][vc_column][vc_column_text] Pr\u00e9sentoir transparent pour commerce de d\u00e9tail \u2013 Sacs en PP Une gamme de sacs en polypropyl\u00e8ne transparent et brillant pour mettre en valeur vos produits. Vos produits de d\u00e9tail m\u00e9ritent d&#8217;\u00eatre pr\u00e9sent\u00e9s dans des emballages beaux, \u00e9l\u00e9gants et fonctionnels. Que vous ayez besoin d&#8217;une barri\u00e8re protectrice pour emp\u00eacher les articles de s&#8217;ab\u00eemer ou de &hellip; <a href=\"https:\/\/tilakpolypack.com\/fr\/presentoir-clair-pour-le-commerce-de-detail\/\" class=\"more-link\">Continue reading <span class=\"screen-reader-text\">Pr\u00e9sentoir clair pour le commerce de d\u00e9tail<\/span><\/a><\/p>\n","protected":false},"author":1,"featured_media":10852,"parent":0,"menu_order":0,"comment_status":"closed","ping_status":"closed","template":"","meta":{"_acf_changed":false,"om_disable_all_campaigns":false,"_monsterinsights_skip_tracking":false,"_monsterinsights_sitenote_active":false,"_monsterinsights_sitenote_note":"","_monsterinsights_sitenote_category":0,"_uf_show_specific_survey":0,"_uf_disable_surveys":false,"footnotes":""},"class_list":["post-7671","page","type-page","status-publish","has-post-thumbnail","hentry"],"acf":[],"_links":{"self":[{"href":"https:\/\/tilakpolypack.com\/fr\/wp-json\/wp\/v2\/pages\/7671","targetHints":{"allow":["GET"]}}],"collection":[{"href":"https:\/\/tilakpolypack.com\/fr\/wp-json\/wp\/v2\/pages"}],"about":[{"href":"https:\/\/tilakpolypack.com\/fr\/wp-json\/wp\/v2\/types\/page"}],"author":[{"embeddable":true,"href":"https:\/\/tilakpolypack.com\/fr\/wp-json\/wp\/v2\/users\/1"}],"replies":[{"embeddable":true,"href":"https:\/\/tilakpolypack.com\/fr\/wp-json\/wp\/v2\/comments?post=7671"}],"version-history":[{"count":5,"href":"https:\/\/tilakpolypack.com\/fr\/wp-json\/wp\/v2\/pages\/7671\/revisions"}],"predecessor-version":[{"id":10739,"href":"https:\/\/tilakpolypack.com\/fr\/wp-json\/wp\/v2\/pages\/7671\/revisions\/10739"}],"wp:featuredmedia":[{"embeddable":true,"href":"https:\/\/tilakpolypack.com\/fr\/wp-json\/wp\/v2\/media\/10852"}],"wp:attachment":[{"href":"https:\/\/tilakpolypack.com\/fr\/wp-json\/wp\/v2\/media?parent=7671"}],"curies":[{"name":"wp","href":"https:\/\/api.w.org\/{rel}","templated":true}]}}