{"id":7433,"date":"2023-10-06T10:25:54","date_gmt":"2023-10-06T10:25:54","guid":{"rendered":"https:\/\/archiveyourwords.com\/tilak\/?page_id=7433"},"modified":"2025-09-17T14:02:41","modified_gmt":"2025-09-17T14:02:41","slug":"sacs-demballage-en-polyethylene-pour-vetements","status":"publish","type":"page","link":"https:\/\/tilakpolypack.com\/fr\/sacs-demballage-en-polyethylene-pour-vetements\/","title":{"rendered":"Sacs d&#8217;emballage en poly\u00e9thyl\u00e8ne pour v\u00eatements"},"content":{"rendered":"<section class=\"wpb-content-wrapper\"><p>[vc_row][vc_column][vc_column_text]<\/p>\n<div class=\"col-md-12\">\n<h2 class=\"prod-category-img\">Sacs d&#8217;emballage en poly\u00e9thyl\u00e8ne pour v\u00eatements \u2013 Sacs \u00e0 fermeture adh\u00e9sive<\/h2>\n<\/div>\n<div class=\"col-md-12\">\n<p>Tilak Polypack commercialise une large gamme <a href=\"https:\/\/tilakpolypack.com\/fr\/sacs-ldpe\/\"><strong>de sacs d&#8217;emballage transparents en poly\u00e9thyl\u00e8ne <\/strong><\/a>pour pr\u00e9senter les v\u00eatements sous leur meilleur jour. Nos sacs de pr\u00e9sentation pour v\u00eatements sont auto-scellants et conviennent \u00e0 de nombreuses utilisations, notamment pour la pr\u00e9sentation dans le secteur de l&#8217;habillement et de la vente au d\u00e9tail. Ils sont \u00e9galement tr\u00e8s appr\u00e9ci\u00e9s des pressing.<\/p>\n<p>Une gamme de sacs en polypropyl\u00e8ne transparent et brillant pour mettre en valeur vos produits. Vos produits de d\u00e9tail m\u00e9ritent d&#8217;\u00eatre pr\u00e9sent\u00e9s dans des emballages beaux, \u00e9l\u00e9gants et fonctionnels. Que vous ayez besoin d&#8217;une barri\u00e8re protectrice pour emp\u00eacher les articles de s&#8217;ab\u00eemer ou de sacs herm\u00e9tiques pour conserver la fra\u00eecheur des denr\u00e9es p\u00e9rissables, cette gamme offre une multitude de solutions attrayantes. Couramment utilis\u00e9s dans les supermarch\u00e9s, les boulangeries, les fleuristes, les boutiques de cadeaux, les grands magasins et les magasins de v\u00eatements, et m\u00eame dans les foires artisanales locales, nos emballages transparents sont un moyen simple et efficace de mettre en valeur vos produits tout en garantissant la s\u00e9curit\u00e9, la protection et la maniabilit\u00e9 de leur contenu.<\/p>\n<p><a href=\"https:\/\/tilakpolypack.com\/fr\/sacs-demballage-en-polyethylene-transparent\/\"><strong>Les sacs \u00e0 rabat Crystal Clear<\/strong><\/a> offrent un \u00e9quilibre id\u00e9al entre performance et prix. Ils sont dot\u00e9s d&#8217;une bande adh\u00e9sive sur les rabats, qui peuvent \u00eatre repli\u00e9s et scell\u00e9s sur l&#8217;ouverture du sac. Cette conception convient \u00e0 tous les articles dont la hauteur est inf\u00e9rieure \u00e0 celle du sac, car le rabat peut \u00eatre repli\u00e9 au-del\u00e0 de l&#8217;ouverture si n\u00e9cessaire.<\/p>\n<\/div>\n<p>[\/vc_column_text][\/vc_column][\/vc_row][vc_row ts_responsive_css=&#8221;25777273|colbreak_no|20|||||10||10|colbreak_no|||||||||colbreak_no||||||||||colbreak_no|||||||||&#8221; css=&#8221;.vc_custom_1696656087423{margin-top: 30px !important;padding-right: 10px !important;padding-left: 10px !important;}&#8221;][vc_column]<section class=\"ts-vc_cta3-container\"><div class=\"ts-vc_general ts-vc_cta3 ts-cta3-only ts-vc_cta3-style-classic ts-vc_cta3-shape-rounded ts-vc_cta3-align-left ts-vc_cta3-color-transparent ts-vc_cta3-icon-size-md ts-vc_cta3-actions-right ts-cta3-with-desc\"><div class=\"ts-vc_cta3_content-container\"><div class=\"ts-vc_cta3-content\"><div class=\"ts-vc_cta3-content-header ts-wrap\"><div class=\"ts-vc_cta3-headers ts-wrap-cell\"><\/div><\/div><div class=\"ts-cta3-content-wrapper\"><p>Veuillez nous contacter au\u00a0<a href=\"tel:9227422544\">+91-9227422544<\/a>\u00a0ou nous envoyer un e-mail\u00a0<a href=\"mailto:info@tilakpolypack.com\">info@tilakpolypack.com<\/a> pour obtenir un devis ou de plus amples informations.<\/p><\/div><\/div><div class=\"ts-vc_cta3-actions\">\r\n\t\t<div class=\"ts-vc_btn3-container  popmake-8197 ts-vc_btn3-inline\"><a class=\"ts-vc_general ts-vc_btn3 ts-vc_btn3-size-md ts-vc_btn3-shape-rounded ts-vc_btn3-style-flat ts-vc_btn3-weight-yes ts-vc_btn3-color-skincolor\" href=\"\" title=\"\">send enquiry<\/a><\/div><\/div><\/div><\/div><\/section>[\/vc_column][\/vc_row]<\/p>\n<\/section>","protected":false},"excerpt":{"rendered":"<p>[vc_row][vc_column][vc_column_text] Sacs d&#8217;emballage en poly\u00e9thyl\u00e8ne pour v\u00eatements \u2013 Sacs \u00e0 fermeture adh\u00e9sive Tilak Polypack commercialise une large gamme de sacs d&#8217;emballage transparents en poly\u00e9thyl\u00e8ne pour pr\u00e9senter les v\u00eatements sous leur meilleur jour. Nos sacs de pr\u00e9sentation pour v\u00eatements sont auto-scellants et conviennent \u00e0 de nombreuses utilisations, notamment pour la pr\u00e9sentation dans le secteur de l&#8217;habillement &hellip; <a href=\"https:\/\/tilakpolypack.com\/fr\/sacs-demballage-en-polyethylene-pour-vetements\/\" class=\"more-link\">Continue reading <span class=\"screen-reader-text\">Sacs d&#8217;emballage en poly\u00e9thyl\u00e8ne pour v\u00eatements<\/span><\/a><\/p>\n","protected":false},"author":1,"featured_media":10378,"parent":0,"menu_order":0,"comment_status":"closed","ping_status":"closed","template":"","meta":{"_acf_changed":false,"om_disable_all_campaigns":false,"_monsterinsights_skip_tracking":false,"_monsterinsights_sitenote_active":false,"_monsterinsights_sitenote_note":"","_monsterinsights_sitenote_category":0,"_uf_show_specific_survey":0,"_uf_disable_surveys":false,"footnotes":""},"class_list":["post-7433","page","type-page","status-publish","has-post-thumbnail","hentry"],"acf":[],"_links":{"self":[{"href":"https:\/\/tilakpolypack.com\/fr\/wp-json\/wp\/v2\/pages\/7433","targetHints":{"allow":["GET"]}}],"collection":[{"href":"https:\/\/tilakpolypack.com\/fr\/wp-json\/wp\/v2\/pages"}],"about":[{"href":"https:\/\/tilakpolypack.com\/fr\/wp-json\/wp\/v2\/types\/page"}],"author":[{"embeddable":true,"href":"https:\/\/tilakpolypack.com\/fr\/wp-json\/wp\/v2\/users\/1"}],"replies":[{"embeddable":true,"href":"https:\/\/tilakpolypack.com\/fr\/wp-json\/wp\/v2\/comments?post=7433"}],"version-history":[{"count":8,"href":"https:\/\/tilakpolypack.com\/fr\/wp-json\/wp\/v2\/pages\/7433\/revisions"}],"predecessor-version":[{"id":10744,"href":"https:\/\/tilakpolypack.com\/fr\/wp-json\/wp\/v2\/pages\/7433\/revisions\/10744"}],"wp:featuredmedia":[{"embeddable":true,"href":"https:\/\/tilakpolypack.com\/fr\/wp-json\/wp\/v2\/media\/10378"}],"wp:attachment":[{"href":"https:\/\/tilakpolypack.com\/fr\/wp-json\/wp\/v2\/media?parent=7433"}],"curies":[{"name":"wp","href":"https:\/\/api.w.org\/{rel}","templated":true}]}}