{"id":7429,"date":"2023-10-06T10:25:28","date_gmt":"2023-10-06T10:25:28","guid":{"rendered":"https:\/\/archiveyourwords.com\/tilak\/?page_id=7429"},"modified":"2025-09-17T14:08:36","modified_gmt":"2025-09-17T14:08:36","slug":"sacs-de-decoupe-en-plastique","status":"publish","type":"page","link":"https:\/\/tilakpolypack.com\/fr\/sacs-de-decoupe-en-plastique\/","title":{"rendered":"Sacs de d\u00e9coupe en plastique"},"content":{"rendered":"<section class=\"wpb-content-wrapper\"><p>[vc_row][vc_column css=&#8221;.vc_custom_1696661719701{margin-bottom: 15px !important;}&#8221;][vc_column_text css=&#8221;.vc_custom_1758118114236{margin-top: 30px !important;padding-top: 30px !important;}&#8221;]<\/p>\n<div class=\"col-md-12\">\n<div class=\"prod-category-img\"><\/div>\n<\/div>\n<div class=\"col-md-12\">\n<h2>Sacs en plastique DCut<\/h2>\n<p>Les sacs en plastique \u00e0 d\u00e9coupe en D sont des sacs l\u00e9gers et polyvalents dot\u00e9s d&#8217;une poign\u00e9e pratique. Ils sont couramment utilis\u00e9s pour emballer des produits alimentaires, des v\u00eatements et divers articles vendus au d\u00e9tail.<\/p>\n<p>Le processus de fabrication consiste \u00e0 fa\u00e7onner et \u00e0 sceller le mat\u00e9riau plastique pour cr\u00e9er le corps du sac, puis \u00e0 fixer solidement les poign\u00e9es en D. Ces sacs sont disponibles en diff\u00e9rentes tailles et \u00e9paisseurs pour r\u00e9pondre \u00e0 diff\u00e9rents besoins d&#8217;emballage.<\/p>\n<p>Ils sont durables, r\u00e9sistants \u00e0 la d\u00e9chirure et permettent d&#8217;acc\u00e9der facilement \u00e0 leur contenu. <a href=\"https:\/\/tilakpolypack.com\/fr\/sacs-demballage-en-polyethylene-transparent\/\"><strong>Les sacs en plastique \u00e0 d\u00e9coupe en D<\/strong><\/a> constituent une solution \u00e9conomique pour les d\u00e9taillants et les entreprises, offrant aux clients une option pratique et \u00e9cologique pour transporter leurs achats.<\/p>\n<h2>Fabrication de sacs en plastique d\u00e9coup\u00e9s en D<\/h2>\n<p>Chez Tilak Polypack, nous sommes sp\u00e9cialis\u00e9s dans la fabrication de sacs en plastique D Cut de haute qualit\u00e9. Notre processus de fabrication avanc\u00e9 garantit la production de sacs durables et fiables qui r\u00e9pondent aux normes les plus strictes de l&#8217;industrie.<\/p>\n<p>Le processus de fabrication commence par la s\u00e9lection d&#8217;une mati\u00e8re plastique de premi\u00e8re qualit\u00e9, qui est ensuite transform\u00e9e en feuilles plates.<\/p>\n<p>Ces feuilles sont soigneusement d\u00e9coup\u00e9es \u00e0 la taille et \u00e0 la forme souhait\u00e9es, formant ainsi le corps des sacs en plastique D Cut. Les poign\u00e9es sont ensuite int\u00e9gr\u00e9es aux sacs \u00e0 l&#8217;aide d&#8217;une technique de thermoscellage, garantissant une fixation solide et s\u00fbre.<\/p>\n<p>Nos sacs en plastique \u00e0 poign\u00e9es en D sont r\u00e9put\u00e9s pour leurs caract\u00e9ristiques exceptionnelles. Ils sont con\u00e7us pour \u00eatre l\u00e9gers mais r\u00e9sistants, ce qui permet de transporter facilement divers articles. La conception des poign\u00e9es en D offre une prise en main confortable, r\u00e9duisant ainsi la fatigue des mains. Ces sacs sont r\u00e9sistants \u00e0 la d\u00e9chirure et ont une surface lisse, garantissant la s\u00e9curit\u00e9 du contenu et emp\u00eachant toute fuite.<\/p>\n<p>Tilak Polypack se distingue des autres en tant que fabricant fiable de sacs en plastique D Cut. Nous accordons la priorit\u00e9 \u00e0 la qualit\u00e9 et \u00e0 la satisfaction de nos clients, en utilisant uniquement des mat\u00e9riaux haut de gamme et en appliquant des mesures de contr\u00f4le qualit\u00e9 rigoureuses tout au long du processus de fabrication.<\/p>\n<p>Nos sacs sont disponibles en diff\u00e9rentes tailles et peuvent \u00eatre personnalis\u00e9s pour r\u00e9pondre \u00e0 des besoins sp\u00e9cifiques. Gr\u00e2ce \u00e0 notre engagement envers l&#8217;excellence, nous garantissons que nos sacs en plastique D Cut sont fiables, pratiques et r\u00e9pondent aux besoins de nos pr\u00e9cieux clients.<\/p>\n<p>Tilak Polypack est l&#8217;un des principaux fabricants et fournisseurs mondiaux de <a href=\"https:\/\/tilakpolypack.com\/fr\/sacs-ldpe\/\"><strong>sacs en plastique DCut<\/strong><\/a>. Pr\u00e9sent dans des pays tels que les \u00c9tats-Unis, Singapour, l&#8217;Australie, l&#8217;Allemagne, le Canada, la Nouvelle-Z\u00e9lande, le Royaume-Uni, l&#8217;Irlande, l&#8217;\u00c9cosse et la Norv\u00e8ge, Tilak Polypack s&#8217;est impos\u00e9 comme un fournisseur fiable de sacs en plastique DCut de haute qualit\u00e9.<\/p>\n<\/div>\n<p>[\/vc_column_text][\/vc_column][\/vc_row][vc_row ts_responsive_css=&#8221;25777273|colbreak_no|20|||||10||10|colbreak_no|||||||||colbreak_no||||||||||colbreak_no|||||||||&#8221; css=&#8221;.vc_custom_1696661814638{margin-top: 30px !important;padding-right: 10px !important;padding-left: 10px !important;}&#8221;][vc_column][vc_column_text css=&#8221;.vc_custom_1756066626110{margin-top: 40px !important;}&#8221;]<\/p>\n<h2><\/h2>\n<h2>Comment choisir des sacs en plastique \u00e0 d\u00e9coupe en D ?<\/h2>\n<p>Lorsque vous choisissez des sacs en plastique D Cut, tenez compte des facteurs suivants :<\/p>\n<ol>\n<li>Taille : Choisissez la taille de sac appropri\u00e9e en fonction de vos besoins sp\u00e9cifiques et des articles que vous souhaitez transporter ou ranger.<\/li>\n<li>Qualit\u00e9 des mat\u00e9riaux : optez pour des sacs D Cut fabriqu\u00e9s \u00e0 partir d&#8217;un plastique durable et r\u00e9sistant \u00e0 la d\u00e9chirure, garantissant des performances durables.<\/li>\n<li>\u00c9paisseur : Tenez compte de l&#8217;\u00e9paisseur du plastique, car elle d\u00e9termine la solidit\u00e9 et la r\u00e9sistance du sac \u00e0 l&#8217;usure.<\/li>\n<li>Conception des poign\u00e9es : \u00c9valuez la conception des poign\u00e9es en D, en vous assurant qu&#8217;elles sont solidement fix\u00e9es et confortables \u00e0 tenir.<\/li>\n<li>Options de personnalisation : v\u00e9rifiez si le fournisseur propose des options de personnalisation telles que l&#8217;impression d&#8217;un logo ou le choix de couleurs afin de correspondre \u00e0 votre image de marque ou \u00e0 vos exigences sp\u00e9cifiques.<\/li>\n<li>Quantit\u00e9 et co\u00fbt : D\u00e9terminez la quantit\u00e9 de sacs n\u00e9cessaire et comparez les prix de diff\u00e9rents fournisseurs afin de trouver la meilleure offre pour votre budget.<\/li>\n<li>R\u00e9putation du fournisseur : Choisissez un fournisseur r\u00e9put\u00e9 pour la qualit\u00e9 de ses produits, la fiabilit\u00e9 de ses livraisons et l&#8217;excellence de son service client.<\/li>\n<\/ol>\n<p>En tenant compte de ces facteurs, vous pouvez choisir des sacs en plastique D Cut qui r\u00e9pondent \u00e0 vos besoins sp\u00e9cifiques et offrent commodit\u00e9 et durabilit\u00e9 pour vos besoins d&#8217;emballage ou de transport.<\/p>\n<p>Les sacs D-Cut sont faciles \u00e0 transporter, r\u00e9sistants et esth\u00e9tiques. Les sacs en plastique D-Cut sont principalement utilis\u00e9s par les supermarch\u00e9s, les \u00e9piceries, les magasins discount, les magasins de proximit\u00e9, etc.<\/p>\n<p>Les sacs en plastique \u00e0 d\u00e9coupe en D sont fabriqu\u00e9s \u00e0 partir de \u2013<\/p>\n<ul>\n<li>PEHD (poly\u00e9thyl\u00e8ne haute densit\u00e9)<\/li>\n<li>LDPE (poly\u00e9thyl\u00e8ne basse densit\u00e9)<\/li>\n<\/ul>\n<p>Nous proposons \u00e0 nos clients une large gamme de sacs en plastique \u00e0 d\u00e9coupe en D, fabriqu\u00e9s \u00e0 partir de mati\u00e8res premi\u00e8res de premi\u00e8re qualit\u00e9 et disponibles dans une vari\u00e9t\u00e9 de couleurs, de tailles et d&#8217;\u00e9paisseurs. Ces sacs \u00e0 d\u00e9coupe en D sont \u00e9conomiques, r\u00e9sistants et r\u00e9utilisables.[\/vc_column_text]<section class=\"ts-vc_cta3-container\"><div class=\"ts-vc_general ts-vc_cta3 ts-cta3-only ts-vc_cta3-style-classic ts-vc_cta3-shape-rounded ts-vc_cta3-align-left ts-vc_cta3-color-transparent ts-vc_cta3-icon-size-md ts-vc_cta3-actions-right ts-cta3-with-desc\"><div class=\"ts-vc_cta3_content-container\"><div class=\"ts-vc_cta3-content\"><div class=\"ts-vc_cta3-content-header ts-wrap\"><div class=\"ts-vc_cta3-headers ts-wrap-cell\"><\/div><\/div><div class=\"ts-cta3-content-wrapper\"><p>Veuillez nous contacter au\u00a0<a href=\"tel:9227422544\">+91-9227422544<\/a>\u00a0ou nous envoyer un e-mail\u00a0<a href=\"mailto:info@tilakpolypack.com\">info@tilakpolypack.com<\/a> pour obtenir un devis ou de plus amples informations.<\/p><\/div><\/div><div class=\"ts-vc_cta3-actions\">\r\n\t\t<div class=\"ts-vc_btn3-container  popmake-8197 ts-vc_btn3-inline\"><a class=\"ts-vc_general ts-vc_btn3 ts-vc_btn3-size-md ts-vc_btn3-shape-rounded ts-vc_btn3-style-flat ts-vc_btn3-weight-yes ts-vc_btn3-color-skincolor\" href=\"\" title=\"\">send enquiry<\/a><\/div><\/div><\/div><\/div><\/section>[\/vc_column][\/vc_row]<\/p>\n<\/section>","protected":false},"excerpt":{"rendered":"<p>[vc_row][vc_column css=&#8221;.vc_custom_1696661719701{margin-bottom: 15px !important;}&#8221;][vc_column_text css=&#8221;.vc_custom_1758118114236{margin-top: 30px !important;padding-top: 30px !important;}&#8221;] Sacs en plastique DCut Les sacs en plastique \u00e0 d\u00e9coupe en D sont des sacs l\u00e9gers et polyvalents dot\u00e9s d&#8217;une poign\u00e9e pratique. Ils sont couramment utilis\u00e9s pour emballer des produits alimentaires, des v\u00eatements et divers articles vendus au d\u00e9tail. Le processus de fabrication consiste \u00e0 fa\u00e7onner &hellip; <a href=\"https:\/\/tilakpolypack.com\/fr\/sacs-de-decoupe-en-plastique\/\" class=\"more-link\">Continue reading <span class=\"screen-reader-text\">Sacs de d\u00e9coupe en plastique<\/span><\/a><\/p>\n","protected":false},"author":1,"featured_media":10376,"parent":0,"menu_order":0,"comment_status":"closed","ping_status":"closed","template":"","meta":{"_acf_changed":false,"om_disable_all_campaigns":false,"_monsterinsights_skip_tracking":false,"_monsterinsights_sitenote_active":false,"_monsterinsights_sitenote_note":"","_monsterinsights_sitenote_category":0,"_uf_show_specific_survey":0,"_uf_disable_surveys":false,"footnotes":""},"class_list":["post-7429","page","type-page","status-publish","has-post-thumbnail","hentry"],"acf":[],"_links":{"self":[{"href":"https:\/\/tilakpolypack.com\/fr\/wp-json\/wp\/v2\/pages\/7429","targetHints":{"allow":["GET"]}}],"collection":[{"href":"https:\/\/tilakpolypack.com\/fr\/wp-json\/wp\/v2\/pages"}],"about":[{"href":"https:\/\/tilakpolypack.com\/fr\/wp-json\/wp\/v2\/types\/page"}],"author":[{"embeddable":true,"href":"https:\/\/tilakpolypack.com\/fr\/wp-json\/wp\/v2\/users\/1"}],"replies":[{"embeddable":true,"href":"https:\/\/tilakpolypack.com\/fr\/wp-json\/wp\/v2\/comments?post=7429"}],"version-history":[{"count":6,"href":"https:\/\/tilakpolypack.com\/fr\/wp-json\/wp\/v2\/pages\/7429\/revisions"}],"predecessor-version":[{"id":10747,"href":"https:\/\/tilakpolypack.com\/fr\/wp-json\/wp\/v2\/pages\/7429\/revisions\/10747"}],"wp:featuredmedia":[{"embeddable":true,"href":"https:\/\/tilakpolypack.com\/fr\/wp-json\/wp\/v2\/media\/10376"}],"wp:attachment":[{"href":"https:\/\/tilakpolypack.com\/fr\/wp-json\/wp\/v2\/media?parent=7429"}],"curies":[{"name":"wp","href":"https:\/\/api.w.org\/{rel}","templated":true}]}}