{"id":7428,"date":"2023-10-06T10:25:09","date_gmt":"2023-10-06T10:25:09","guid":{"rendered":"https:\/\/archiveyourwords.com\/tilak\/?page_id=7428"},"modified":"2026-04-25T20:41:31","modified_gmt":"2026-04-25T20:41:31","slug":"sacs-a-glace","status":"publish","type":"page","link":"https:\/\/tilakpolypack.com\/fr\/sacs-a-glace\/","title":{"rendered":"Sacs \u00e0 glace"},"content":{"rendered":"<section class=\"wpb-content-wrapper\"><p>[vc_row][vc_column][vc_column_text]<\/p>\n<h1 data-pm-slice=\"1 1 []\">Sac de Glace Emballage de Glace: Sacs \u00e0 Glace \u2013 Cordon en Coton &amp; Imprim\u00e9s pour Vente en Gros<\/h1>\n<p>&nbsp;<\/p>\n<p>Nous fournissons des sacs \u00e0 glace en gros qui r\u00e9sistent \u00e0 une manipulation brutale. Tous nos sacs \u00e0 gla\u00e7ons sont sp\u00e9cialement con\u00e7us pour r\u00e9sister \u00e0 des temp\u00e9ratures inf\u00e9rieures \u00e0 z\u00e9ro ! Nos sacs en plastique sont con\u00e7us pour garantir une excellente \u00e9tanch\u00e9it\u00e9 \u00e0 l&#8217;air, pr\u00e9servant ainsi la fra\u00eecheur de la glace pendant le stockage et le transport. La qualit\u00e9 du sac d&#8217;emballage est essentielle pour assurer la s\u00e9curit\u00e9 alimentaire et la durabilit\u00e9 du produit. Notre usine dispose d&#8217;une capacit\u00e9 de production \u00e9lev\u00e9e, permettant de personnaliser les sacs selon vos besoins sp\u00e9cifiques, que ce soit en termes de dimensions, de design ou de fonctionnalit\u00e9s. Nous proposons \u00e9galement la prise de mesure pr\u00e9cise pour adapter chaque sac \u00e0 vos exigences. La possibilit\u00e9 d&#8217;impression personnalis\u00e9e permet d&#8217;ajouter votre logo ou tout autre motif, am\u00e9liorant ainsi l&#8217;exp\u00e9rience client et la reconnaissance de votre marque. Nos sacs sont disponibles en pack ou en paquet pour la vente en gros, avec un nombre de pi\u00e8ces par carton adapt\u00e9 \u00e0 vos commandes. Le poids support\u00e9 par chaque sac est optimis\u00e9 pour \u00e9viter toute rupture lors du transport de grandes quantit\u00e9s de glace. La raison du choix de nos mat\u00e9riaux et conceptions repose sur la n\u00e9cessit\u00e9 de garantir la r\u00e9sistance, la s\u00e9curit\u00e9 alimentaire et la conformit\u00e9 aux normes environnementales. Vous pouvez facilement commander en ligne via notre ligne d\u00e9di\u00e9e pour simplifier et acc\u00e9l\u00e9rer votre processus d&#8217;achat.<\/p>\n<ul>\n<li>Fabriqu\u00e9 \u00e0 partir de <a href=\"https:\/\/tilakpolypack.com\/fr\/lamination-film-pe\/\">films PE<\/a> 3 couches 100 % vierges<\/li>\n<li>Nous utilisons du m\u00e9talloc\u00e8ne pour offrir la meilleure r\u00e9sistance possible au scellage \u00e0 des temp\u00e9ratures inf\u00e9rieures \u00e0 z\u00e9ro, une r\u00e9sistance accrue \u00e0 la perforation et une fragilit\u00e9 r\u00e9duite.<\/li>\n<li>Nous r\u00e9alisons des impressions en surface jusqu\u2019\u00e0 8 couleurs et nos encres poss\u00e8dent des propri\u00e9t\u00e9s optimales de r\u00e9sistance au froid intense.<\/li>\n<li>Nous pouvons fournir les sacs \u00e0 glace avec un cordon en coton pour une manipulation facile et une fermeture herm\u00e9tique en haut.<\/li>\n<li>Les sacs peuvent \u00eatre \u00e9quip\u00e9s d\u2019un D-Punch pour faciliter leur manipulation.<\/li>\n<li>Possibilit\u00e9 d&#8217;impression personnalis\u00e9e pour r\u00e9pondre \u00e0 vos besoins de branding.<\/li>\n<\/ul>\n<p>La gamme vari\u00e9e de sacs \u00e0 glace propos\u00e9e par Tilak Polypack aide les propri\u00e9taires de magasins de proximit\u00e9, de magasins d\u2019alcool ou d\u2019\u00e9piceries \u00e0 vendre la glace conditionn\u00e9e de mani\u00e8re comp\u00e9titive. Les avantages de nos sacs \u00e0 glace r\u00e9sident dans leur r\u00e9sistance, leur praticit\u00e9 et leur capacit\u00e9 de personnalisation, offrant ainsi une solution fiable et adapt\u00e9e \u00e0 chaque usage.<\/p>\n<ul>\n<li>Sacs \u00e0 glace imprim\u00e9s sans cordon en coton<\/li>\n<li>Sacs \u00e0 glace non imprim\u00e9s<\/li>\n<li>Sacs \u00e0 glace imprim\u00e9s en coton avec cordon de serrage<\/li>\n<\/ul>\n<h2>Introduction<\/h2>\n<p>Les sacs d\u2019emballage de cr\u00e8me glac\u00e9e en plastique personnalis\u00e9s jouent un r\u00f4le cl\u00e9 dans la cha\u00eene logistique moderne. Ils offrent une solution fiable pour l\u2019emballage, le stockage et le transport de la glace et d\u2019autres produits sensibles \u00e0 la temp\u00e9rature. Gr\u00e2ce \u00e0 leur conception adapt\u00e9e, ces sacs r\u00e9pondent \u00e0 une grande vari\u00e9t\u00e9 de besoins, que ce soit pour la conservation de la glace, le maintien de la fra\u00eecheur des aliments ou la protection des produits lors de leur exp\u00e9dition. Disponibles en plusieurs tailles, formes et mat\u00e9riaux, ils permettent une personnalisation pouss\u00e9e afin de s\u2019adapter aux exigences sp\u00e9cifiques de chaque client. Dans cet article, nous vous pr\u00e9sentons les diff\u00e9rentes facettes des sacs d\u2019emballage de cr\u00e8me glac\u00e9e en plastique personnalis\u00e9s, de leur utilisation \u00e0 leur personnalisation, en passant par l\u2019\u00e9tiquetage et l\u2019emballage, pour vous aider \u00e0 faire le meilleur choix selon vos besoins de stockage et de transport.<\/p>\n<h3>Printed sacs de glace<\/h3>\n<p>Faites sensation avec nos sacs \u00e0 glace en plastique poly\u00e9thyl\u00e8ne de haute qualit\u00e9, disponibles avec impression personnalis\u00e9e pour mettre en avant votre marque. Nos sacs en plastique offrent de nombreux avantages, notamment leur r\u00e9sistance, leur transparence et leur durabilit\u00e9, id\u00e9als pour la conservation de la glace. Nous proposons plusieurs capacit\u00e9s et styles de sacs pour r\u00e9pondre \u00e0 tous les besoins, avec la possibilit\u00e9 de choisir la quantit\u00e9 souhait\u00e9e, que ce soit en pack, en paquet ou en nombre de pi\u00e8ces selon vos exigences. Personnalisez notre mod\u00e8le standard ou laissez-nous cr\u00e9er un sac unique sp\u00e9cialement pour vous, en prenant les mesures n\u00e9cessaires pour adapter parfaitement le sac \u00e0 vos besoins sp\u00e9cifiques. Gr\u00e2ce \u00e0 la personnalisation et \u00e0 l&#8217;impression sur mesure, vous am\u00e9liorez l&#8217;exp\u00e9rience client et la visibilit\u00e9 de votre marque. Commandez facilement en ligne via notre ligne d\u00e9di\u00e9e et b\u00e9n\u00e9ficiez d&#8217;une solution adapt\u00e9e \u00e0 vos attentes.<\/p>\n<h3>Unprinted sacs de glace<\/h3>\n<p>Notre processus de production permet d\u2019obtenir des sacs \u00e0 glace non imprim\u00e9s en sacs en plastique, qui pr\u00e9sentent un \u00e9quilibre unique entre les caract\u00e9ristiques id\u00e9ales d\u2019un sac d&#8217;emballage pour la glace. Ces sacs offrent une r\u00e9sistance \u00e9lev\u00e9e aux chocs et sont con\u00e7us pour supporter un poids important de glace, tout en garantissant une \u00e9tanch\u00e9it\u00e9 \u00e0 l\u2019air afin de pr\u00e9server la fra\u00eecheur du contenu. Chaque sac peut contenir une quantit\u00e9 pr\u00e9cise de glace, adapt\u00e9e aux besoins commerciaux ou domestiques. Les avantages des sacs non imprim\u00e9s r\u00e9sident dans leur polyvalence et leur praticit\u00e9 pour diff\u00e9rents usages. Disponibles en pack, paquet ou en nombre de pi\u00e8ces selon vos besoins, ces sacs \u00e0 glace b\u00e9n\u00e9ficient d\u2019une faible opacit\u00e9 avec une brillance et une clart\u00e9 \u00e9lev\u00e9es, ainsi qu\u2019une durabilit\u00e9 sup\u00e9rieure. Ils conservent leur souplesse \u00e0 basse temp\u00e9rature, ce qui r\u00e9duit la fragilit\u00e9 du sac \u00e0 la temp\u00e9rature de la glace. Des sacs \u00e0 glace non imprim\u00e9s \u00e0 soufflets sont disponibles, offrant une expansion facile pour un emballage rapide ou des articles volumineux.<\/p>\n<h3>Sacs \u00e0 glace en plastique avec cordon en coton :<\/h3>\n<p>Ces sacs \u00e0 glace en plastique transparents, vendus en gros, sont pr\u00e9-imprim\u00e9s et dot\u00e9s d\u2019un cordon en coton int\u00e9gr\u00e9 pour faciliter le transport et assurer une fermeture herm\u00e9tique, garantissant ainsi une excellente \u00e9tanch\u00e9it\u00e9 \u00e0 l&#8217;air et prot\u00e9geant la glace de l&#8217;air ambiant. Les sacs en plastique offrent de nombreux avantages, notamment leur r\u00e9sistance, leur praticit\u00e9 et leur facilit\u00e9 de transport gr\u00e2ce au cordon. Disponibles en pack ou en paquet de plusieurs pi\u00e8ces, ils permettent de stocker une grande quantit\u00e9 de glace, chaque sac pouvant contenir jusqu&#8217;\u00e0 10 kg selon le mod\u00e8le, tout en supportant un poids maximal adapt\u00e9 \u00e0 un usage commercial ou domestique.<\/p>\n<h3>Sacs \u00e0 glace en plastique avec cordon de serrage :<\/h3>\n<p>Ces sacs \u00e0 <a href=\"https:\/\/tilakpolypack.com\/fr\/sacs-demballage-en-polyethylene-transparent\/\">glace en plastique<\/a> transparents, vendus en gros, sont pr\u00e9-imprim\u00e9s et dot\u00e9s d\u2019un cordon en plastique int\u00e9gr\u00e9 pour faciliter le transport et assurer une fermeture herm\u00e9tique, garantissant ainsi une excellente \u00e9tanch\u00e9it\u00e9 \u00e0 l\u2019air et prot\u00e9geant la glace de l\u2019air ambiant. Les sacs \u00e0 cordon en plastique offrent de nombreux avantages, notamment un co\u00fbt r\u00e9duit, une grande r\u00e9sistance, une praticit\u00e9 accrue et une capacit\u00e9 \u00e0 supporter un poids important sans risque de rupture. Disponibles en pack, en paquet ou en lots de plusieurs pi\u00e8ces, ces sacs en plastique peuvent contenir une quantit\u00e9 importante de glace, adapt\u00e9e aussi bien aux besoins domestiques qu\u2019aux usages commerciaux.<\/p>\n<p>Tilak Polypack est l\u2019un des principaux fabricants et fournisseurs de sacs \u00e0 glace au monde. Pr\u00e9sent dans des pays tels que les \u00c9tats-Unis, Singapour, l\u2019Australie, l\u2019Allemagne, le Canada, la Nouvelle-Z\u00e9lande, le Royaume-Uni, l\u2019Irlande, l\u2019\u00c9cosse et la Norv\u00e8ge, Tilak Polypack s\u2019est impos\u00e9 comme un fournisseur fiable de sacs \u00e0 glace de haute qualit\u00e9.<\/p>\n<h2>Utilisation des Sacs d\u2019Emballage<\/h2>\n<p>Les sacs d\u2019emballage de cr\u00e8me glac\u00e9e en plastique personnalis\u00e9s sont largement utilis\u00e9s dans de nombreux secteurs, notamment l\u2019alimentaire, la restauration, la distribution de boissons et la logistique. Leur principale fonction est de garantir la r\u00e9sistance \u00e0 la temp\u00e9rature et la protection des produits, qu\u2019il s\u2019agisse de glace, de poissons, de fruits ou d\u2019autres aliments n\u00e9cessitant un maintien au froid. Gr\u00e2ce \u00e0 leur robustesse et \u00e0 leur imperm\u00e9abilit\u00e9, ces sacs assurent une conservation optimale de la qualit\u00e9 des produits pendant le transport et le stockage. Ils sont \u00e9galement tr\u00e8s appr\u00e9ci\u00e9s pour leur facilit\u00e9 d\u2019utilisation lors de la pr\u00e9paration de commandes, des livraisons ou des \u00e9v\u00e9nements comme les pique-niques. Leur performance en mati\u00e8re de r\u00e9sistance et d\u2019\u00e9tanch\u00e9it\u00e9 en fait un choix privil\u00e9gi\u00e9 pour les professionnels soucieux de pr\u00e9server la fra\u00eecheur et la s\u00e9curit\u00e9 de leurs marchandises.<\/p>\n<h2>Personnalisation des Sacs<\/h2>\n<p>La personnalisation des sacs d\u2019emballage de cr\u00e8me glac\u00e9e en plastique est un atout majeur pour les entreprises souhaitant se d\u00e9marquer sur le march\u00e9. Les clients peuvent choisir parmi une large gamme d\u2019options : taille, forme, couleur, \u00e9paisseur et type de mat\u00e9riau, comme le poly\u00e9thyl\u00e8ne ou le polypropyl\u00e8ne. Il est \u00e9galement possible d\u2019ajouter des images, des logos ou des informations sp\u00e9cifiques pour renforcer l\u2019identit\u00e9 de la marque et r\u00e9pondre \u00e0 des besoins particuliers. Cette flexibilit\u00e9 permet d\u2019adapter les sacs \u00e0 chaque application, qu\u2019il s\u2019agisse de grandes quantit\u00e9s pour la vente en gros ou de mod\u00e8les sp\u00e9cifiques pour des \u00e9v\u00e9nements ou des campagnes promotionnelles. La vari\u00e9t\u00e9 des options de personnalisation garantit que chaque client trouve la solution id\u00e9ale pour ses exigences en mati\u00e8re d\u2019emballage, tout en assurant une pr\u00e9sentation professionnelle et attrayante de ses produits.<\/p>\n<h2>\u00c9tiquetage et Emballage<\/h2>\n<p>L\u2019\u00e9tiquetage et l\u2019emballage des sacs d\u2019emballage de cr\u00e8me glac\u00e9e en plastique personnalis\u00e9s sont essentiels pour garantir la s\u00e9curit\u00e9 et la tra\u00e7abilit\u00e9 des produits. Un \u00e9tiquetage soign\u00e9, comprenant le nom du produit, les informations de stockage, la date d\u2019expiration et les instructions d\u2019utilisation, permet d\u2019assurer la conformit\u00e9 et la transparence aupr\u00e8s des clients. Pour le transport, les sacs sont conditionn\u00e9s dans des cartons, des paquets ou des conteneurs adapt\u00e9s, afin de pr\u00e9venir les fuites et les dommages li\u00e9s \u00e0 la manipulation ou aux variations de temp\u00e9rature. Ces solutions d\u2019emballage prot\u00e8gent la qualit\u00e9 des produits tout au long de la cha\u00eene logistique, de l\u2019usine jusqu\u2019au client final. En choisissant des options d\u2019emballage robustes et bien con\u00e7ues, les entreprises optimisent la performance de leurs livraisons et renforcent la confiance de leurs clients dans la fiabilit\u00e9 de leurs services.[\/vc_column_text][vc_row_inner][vc_column_inner][vc_column_text]<\/p>\n<h2>SACS \u00c0 GLACE AVEC OU SANS CORDON DE SERRAGE<\/h2>\n<table id=\"profile2\" width=\"100%;\">\n<tbody>\n<tr>\n<th>TAILLE<br \/>\nL x l x P (POUCES)<\/th>\n<th>CAPACIT\u00c9 DE GLACE<\/th>\n<th>MILS<\/th>\n<\/tr>\n<tr>\n<td align=\"center\" valign=\"center\">9 x 17 x 4&#8243;<\/td>\n<td align=\"center\" valign=\"center\">5 livres.<\/td>\n<td align=\"center\" valign=\"center\">1.2<\/td>\n<\/tr>\n<tr>\n<td align=\"center\" valign=\"center\">11&#8243; x 18&#8243;<\/td>\n<td align=\"center\" valign=\"center\">8 livres.<\/td>\n<td align=\"center\" valign=\"center\">1.4<\/td>\n<\/tr>\n<tr>\n<td align=\"center\" valign=\"center\">11.5&#8243; x 19&#8243;<\/td>\n<td align=\"center\" valign=\"center\">10 livres.<\/td>\n<td align=\"center\" valign=\"center\">1.4<\/td>\n<\/tr>\n<tr>\n<td align=\"center\" valign=\"center\">14.5&#8243; x 25 x 4&#8243;<\/td>\n<td align=\"center\" valign=\"center\">20 livres.<\/td>\n<td align=\"center\" valign=\"center\">1.75<\/td>\n<\/tr>\n<tr>\n<td align=\"center\" valign=\"center\">18 x 36 x 4 pouces (uniquement possible sans cordon en coton)<\/td>\n<td align=\"center\" valign=\"center\">50 livres<\/td>\n<td align=\"center\" valign=\"center\">3.0<\/td>\n<\/tr>\n<\/tbody>\n<\/table>\n<p>&nbsp;<\/p>\n<p>&nbsp;<\/p>\n<p data-pm-slice=\"1 1 []\">Les dimensions ci-dessus sont des dimensions standard, mais nous pouvons personnaliser tous les produits selon vos besoins, en prenant des mesures pr\u00e9cises pour adapter la taille des sacs \u00e0 vos exigences sp\u00e9cifiques. La quantit\u00e9 de sacs par commande est \u00e9galement personnalisable selon vos besoins, avec la possibilit\u00e9 de choisir des packs, paquets ou un nombre pr\u00e9cis de pi\u00e8ces par carton. Chaque mod\u00e8le de sac de glace emballage de glace est con\u00e7u pour supporter un poids de glace correspondant \u00e0 sa capacit\u00e9 indiqu\u00e9e, garantissant ainsi la r\u00e9sistance et la s\u00e9curit\u00e9 lors du transport de grandes quantit\u00e9s.<\/p>\n<h3>POUR TOUTE COMMANDE MINIMALE DE 300 BO\u00ceTES, NOUS POUVONS VOUS PROPOSER DES PRIX COMP\u00c9TITIFS, FRAIS DE LIVRAISON INCLUS, \u00c0 TOUTE ADRESSE AUX \u00c9TATS-UNIS.<\/h3>\n<p>[\/vc_column_text][\/vc_column_inner][\/vc_row_inner][\/vc_column][\/vc_row][vc_row ts_responsive_css=&#8221;25777273|colbreak_no|20|||||10||10|colbreak_no|||||||||colbreak_no||||||||||colbreak_no|||||||||&#8221; css=&#8221;.vc_custom_1696656087423{margin-top: 30px !important;padding-right: 10px !important;padding-left: 10px !important;}&#8221;][vc_column]<section class=\"ts-vc_cta3-container\"><div class=\"ts-vc_general ts-vc_cta3 ts-cta3-only ts-vc_cta3-style-classic ts-vc_cta3-shape-rounded ts-vc_cta3-align-left ts-vc_cta3-color-transparent ts-vc_cta3-icon-size-md ts-vc_cta3-actions-right ts-cta3-with-desc\"><div class=\"ts-vc_cta3_content-container\"><div class=\"ts-vc_cta3-content\"><div class=\"ts-vc_cta3-content-header ts-wrap\"><div class=\"ts-vc_cta3-headers ts-wrap-cell\"><\/div><\/div><div class=\"ts-cta3-content-wrapper\"><p>Veuillez nous contacter au\u00a0<a href=\"tel:9227422544\">+91-9227422544<\/a>\u00a0ou nous envoyer un e-mail\u00a0<a href=\"mailto:info@tilakpolypack.com\">info@tilakpolypack.com<\/a> pour obtenir un devis ou de plus amples informations.<\/p><\/div><\/div><div class=\"ts-vc_cta3-actions\">\r\n\t\t<div class=\"ts-vc_btn3-container  popmake-8197 ts-vc_btn3-inline\"><a class=\"ts-vc_general ts-vc_btn3 ts-vc_btn3-size-md ts-vc_btn3-shape-rounded ts-vc_btn3-style-flat ts-vc_btn3-weight-yes ts-vc_btn3-color-skincolor\" href=\"\" title=\"\">send enquiry<\/a><\/div><\/div><\/div><\/div><\/section>[\/vc_column][\/vc_row]<\/p>\n<\/section>","protected":false},"excerpt":{"rendered":"<p>[vc_row][vc_column][vc_column_text] Sac de Glace Emballage de Glace: Sacs \u00e0 Glace \u2013 Cordon en Coton &amp; Imprim\u00e9s pour Vente en Gros &nbsp; Nous fournissons des sacs \u00e0 glace en gros qui r\u00e9sistent \u00e0 une manipulation brutale. Tous nos sacs \u00e0 gla\u00e7ons sont sp\u00e9cialement con\u00e7us pour r\u00e9sister \u00e0 des temp\u00e9ratures inf\u00e9rieures \u00e0 z\u00e9ro ! Nos sacs en &hellip; <a href=\"https:\/\/tilakpolypack.com\/fr\/sacs-a-glace\/\" class=\"more-link\">Continue reading <span class=\"screen-reader-text\">Sacs \u00e0 glace<\/span><\/a><\/p>\n","protected":false},"author":1,"featured_media":10373,"parent":0,"menu_order":0,"comment_status":"closed","ping_status":"closed","template":"","meta":{"_acf_changed":false,"om_disable_all_campaigns":false,"_monsterinsights_skip_tracking":false,"_monsterinsights_sitenote_active":false,"_monsterinsights_sitenote_note":"","_monsterinsights_sitenote_category":0,"_uf_show_specific_survey":0,"_uf_disable_surveys":false,"footnotes":""},"class_list":["post-7428","page","type-page","status-publish","has-post-thumbnail","hentry"],"acf":[],"_links":{"self":[{"href":"https:\/\/tilakpolypack.com\/fr\/wp-json\/wp\/v2\/pages\/7428","targetHints":{"allow":["GET"]}}],"collection":[{"href":"https:\/\/tilakpolypack.com\/fr\/wp-json\/wp\/v2\/pages"}],"about":[{"href":"https:\/\/tilakpolypack.com\/fr\/wp-json\/wp\/v2\/types\/page"}],"author":[{"embeddable":true,"href":"https:\/\/tilakpolypack.com\/fr\/wp-json\/wp\/v2\/users\/1"}],"replies":[{"embeddable":true,"href":"https:\/\/tilakpolypack.com\/fr\/wp-json\/wp\/v2\/comments?post=7428"}],"version-history":[{"count":7,"href":"https:\/\/tilakpolypack.com\/fr\/wp-json\/wp\/v2\/pages\/7428\/revisions"}],"predecessor-version":[{"id":10906,"href":"https:\/\/tilakpolypack.com\/fr\/wp-json\/wp\/v2\/pages\/7428\/revisions\/10906"}],"wp:featuredmedia":[{"embeddable":true,"href":"https:\/\/tilakpolypack.com\/fr\/wp-json\/wp\/v2\/media\/10373"}],"wp:attachment":[{"href":"https:\/\/tilakpolypack.com\/fr\/wp-json\/wp\/v2\/media?parent=7428"}],"curies":[{"name":"wp","href":"https:\/\/api.w.org\/{rel}","templated":true}]}}