{"id":7422,"date":"2023-10-06T10:24:50","date_gmt":"2023-10-06T10:24:50","guid":{"rendered":"https:\/\/archiveyourwords.com\/tilak\/?page_id=7422"},"modified":"2025-09-17T14:20:57","modified_gmt":"2025-09-17T14:20:57","slug":"sacs-demballage-en-polyethylene-transparent","status":"publish","type":"page","link":"https:\/\/tilakpolypack.com\/fr\/sacs-demballage-en-polyethylene-transparent\/","title":{"rendered":"Sacs d&#8217;emballage en poly\u00e9thyl\u00e8ne transparent"},"content":{"rendered":"<section class=\"wpb-content-wrapper\"><p>[vc_row][vc_column][vc_column_text]<\/p>\n<div class=\"col-md-12\">\n<div class=\"prod-category-img\"><\/div>\n<\/div>\n<div class=\"col-md-12\">\n<h2>Sacs d&#8217;emballage en poly\u00e9thyl\u00e8ne transparent<\/h2>\n<p>Les sacs d&#8217;emballage en poly\u00e9thyl\u00e8ne transparent sont l&#8217;un des types d&#8217;emballage les plus populaires et les plus \u00e9conomiques pour la vente au d\u00e9tail et l&#8217;industrie. Les sacs en plastique transparent permettent non seulement au client de voir leur contenu, mais ils offrent \u00e9galement une protection hygi\u00e9nique contre la salet\u00e9, la poussi\u00e8re et l&#8217;humidit\u00e9.<\/p>\n<p><a href=\"https:\/\/tilakpolypack.com\/fr\/sacs-demballage-en-polyethylene-pour-vetements\/\"><strong>Les sacs d&#8217;emballage en poly\u00e9thyl\u00e8ne transparent<\/strong><\/a> peuvent \u00eatre fabriqu\u00e9s avec certains additifs, tels que l&#8217;\u00e9thyl\u00e8ne-ac\u00e9tate de vinyle (EVA) pour une utilisation au cong\u00e9lateur, un inhibiteur d&#8217;UV ou des sacs antistatiques, largement utilis\u00e9s dans l&#8217;industrie \u00e9lectronique. Nos sacs en plastique transparent peuvent \u00eatre fabriqu\u00e9s avec un faible ou un fort coefficient de frottement. Les sacs \u00e0 faible coefficient de frottement offrent une meilleure prise en main, tandis que les sacs \u00e0 fort coefficient de frottement glissent plus facilement, ce qui facilite leur manipulation. Nos sacs d&#8217;emballage en poly\u00e9thyl\u00e8ne transparent peuvent \u00eatre fournis avec une fermeture \u00e0 glissi\u00e8re, une d\u00e9coupe ou un cordon en plastique.<\/p>\n<p>Tilak Polypack est l&#8217;un des principaux fabricants et fournisseurs mondiaux de <a href=\"https:\/\/tilakpolypack.com\/fr\/presentoir-clair-pour-le-commerce-de-detail\/\"><strong>sacs d&#8217;emballage en poly\u00e9thyl\u00e8ne transparent<\/strong><\/a>. Pr\u00e9sent dans des pays tels que les \u00c9tats-Unis, Singapour, l&#8217;Australie, l&#8217;Allemagne, le Canada, la Nouvelle-Z\u00e9lande, le Royaume-Uni, l&#8217;Irlande, l&#8217;\u00c9cosse et la Norv\u00e8ge, Tilak Polypack s&#8217;est impos\u00e9 comme un fournisseur fiable de sacs d&#8217;emballage en poly\u00e9thyl\u00e8ne transparent de haute qualit\u00e9.<\/p>\n<\/div>\n<p>&nbsp;<\/p>\n<p>[\/vc_column_text][vc_row_inner][vc_column_inner][vc_column_text]<\/p>\n<table id=\"profile\" width=\"100%;\">\n<tbody>\n<tr>\n<td>3\u2033 x 4\u2033 120 Gauge<\/td>\n<td>6\u2033 x 12\u2033 120 Gauge<\/td>\n<td>9\u2033 x 12\u2033 120 Gauge Perf<\/td>\n<td>12\u2033 x 24\u2033 100 Gauge<\/td>\n<td>20\u2033 x 30\u2033 120 Gauge<\/td>\n<\/tr>\n<tr>\n<td>3\u2033 x 5\u2033 120 Gauge<\/td>\n<td>7\u2033 x 9\u2033 100 Gauge<\/td>\n<td>10\u2033 x 12\u2033 100 Gauge<\/td>\n<td>14\u2033 x 18\u2033 120 Gauge<\/td>\n<td>24\u2033 x 24\u2033 120 Gauge<\/td>\n<\/tr>\n<tr>\n<td>4\u2033 x 6\u2033 100 Gauge<\/td>\n<td>7\u2033 x 9\u2033 120 Gauge<\/td>\n<td>10\u2033 x 12\u2033 120 Gauge<\/td>\n<td>15\u2033 x 20\u2033 100 Gauge<\/td>\n<td>24\u2033 x 36\u2033 100 Gauge<\/td>\n<\/tr>\n<tr>\n<td>4\u2033 x 6\u2033 120 Gauge<\/td>\n<td>7.5\u2033 x 22\u2033 120 Gauge<\/td>\n<td>10\u2033 x 15\u2033 100 Gauge<\/td>\n<td>15\u2033 x 20\u2033 120 Gauge<\/td>\n<td>24\u2033 x 36\u2033 120 Gauge<\/td>\n<\/tr>\n<tr>\n<td>5\u2033 x 7\u2033 100 Gauge<\/td>\n<td>8\u2033 x 10\u2033 100 Gauge<\/td>\n<td>10\u2033 x 15\u2033 120 Gauge<\/td>\n<td>16\u2033 x 18\u2033 120 Gauge<\/td>\n<td>28 x 42\u2033 120 Gauge<\/td>\n<\/tr>\n<tr>\n<td>5\u2033 x 7\u2033 120 Gauge<\/td>\n<td>8\u2033 x 10\u2033 120 Gauge<\/td>\n<td>12\u2033 x 15\u2033 100 Gauge<\/td>\n<td>18\u2033 x 20\u2033 120 Gauge<\/td>\n<td>30\u2033 x 48\u2033 120 Gauge<\/td>\n<\/tr>\n<tr>\n<td>6\u2033 x 8\u2033 90 Gauge<\/td>\n<td>8\u2033 x 12\u2033 100 Gauge<\/td>\n<td>12\u2033 x 15\u2033 120 Gauge<\/td>\n<td>18\u2033 x 24\u2033 100 Gauge<\/td>\n<td>36\u2033 x 36\u2033 120 Gauge<\/td>\n<\/tr>\n<tr>\n<td>6\u2033 x 8\u2033 100 Gauge<\/td>\n<td>8\u2033 x 12\u2033 120 Gauge<\/td>\n<td>12\u2033 x 18\u2033 100 Gauge<\/td>\n<td>18\u2033 x 24\u2033 120 Gauge<\/td>\n<td>6\u2033 x 10\u2033 x 18\u2033 100<br \/>\nGauge Clear Bread Bag<\/td>\n<\/tr>\n<tr>\n<td>6\u2033 x 8\u2033 120 Gauge<\/td>\n<td>9\u2033 x 12\u2033 100 Gauge<\/td>\n<td>12\u2033 x 18\u2033 120 Gauge<\/td>\n<td>20\u2033 x 24\u2033 90 Gauge<\/td>\n<td>8\u2033 x 12\u2033 x 22\u2033 100<br \/>\nGauge Clear Bread Bag<\/td>\n<\/tr>\n<tr>\n<td>6\u2033 x 10\u2033 120 Gauge<\/td>\n<td>9\u2033 x 12\u2033 120 Gauge<\/td>\n<td>12\u2033 x 20\u2033 100 Gauge<\/td>\n<td>20\u2033 x 30\u2033 100 Gauge<\/td>\n<\/tr>\n<\/tbody>\n<\/table>\n<h2>Light\/Medium-duty Plastic Packing Bags<\/h2>\n<p>&nbsp;<\/p>\n<table id=\"profile\" width=\"100%;\">\n<tbody>\n<tr>\n<td>8&#8243; x 10&#8243; 150 Gauge<\/td>\n<td>12&#8243; x 15&#8243; 150 Gauge<\/td>\n<td>15&#8243; x 20&#8243; 150 Gauge<\/td>\n<td>20&#8243; x 30&#8243; 150 Gauge<\/td>\n<td>24&#8243; x 36&#8243; 150 Gauge<\/td>\n<\/tr>\n<tr>\n<td>10&#8243; x 12&#8243; 150 Gauge<\/td>\n<td>12&#8243; x 18&#8243; 150 Gauge<\/td>\n<td><\/td>\n<td><\/td>\n<td><\/td>\n<\/tr>\n<\/tbody>\n<\/table>\n<p>[\/vc_column_text][vc_column_text]<\/p>\n<h2>Medium-duty Poly Packing Bags<\/h2>\n<p>&nbsp;<\/p>\n<table id=\"profile\" width=\"100%;\">\n<tbody>\n<tr>\n<td>3&#8243; x 4&#8243; 250 Gauge<\/td>\n<td>6&#8243; x 12&#8243; 200 Gauge<\/td>\n<td>9&#8243; x 13&#8243; 200 Gauge<\/td>\n<td>12&#8243; x 24&#8243; 250 Gauge<\/td>\n<td>24&#8243; x 36&#8243; 250 Gauge<\/td>\n<\/tr>\n<tr>\n<td>3&#8243; x 5&#8243; 200 Gauge<\/td>\n<td>6&#8243; x 12&#8243; 250 Gauge<\/td>\n<td>10&#8243; x 12&#8243; 200 Gauge<\/td>\n<td>15&#8243; x 20&#8243; 200 Gauge<\/td>\n<td>24&#8243; x 40&#8243; 200 Gauge<\/td>\n<\/tr>\n<tr>\n<td>3&#8243; x 5&#8243; 250 Gauge<\/td>\n<td>6&#8243; x 15&#8243; 200 Gauge<\/td>\n<td>10&#8243; x 12&#8243; 250 Gauge<\/td>\n<td>15&#8243; x 20&#8243; 250 Gauge<\/td>\n<td>24&#8243; x 48&#8243; 200 Gauge<\/td>\n<\/tr>\n<tr>\n<td>4&#8243; x 6&#8243; 200 Gauge<\/td>\n<td>7&#8243; x 9&#8243; 200 Gauge<\/td>\n<td>10&#8243; x 15&#8243; 200 Gauge<\/td>\n<td>18&#8243; x 24&#8243; 200 Gauge<\/td>\n<td>30&#8243; x 48&#8243; 200 Gauge<\/td>\n<\/tr>\n<tr>\n<td>4&#8243; x 6&#8243; 250 Gauge<\/td>\n<td>7&#8243; x 9&#8243; 250 Gauge<\/td>\n<td>10&#8243; x 15&#8243; 250 Gauge<\/td>\n<td>18&#8243; x 24&#8243; 250 Gauge<\/td>\n<td>30&#8243; x 68&#8243; 200 Gauge<\/td>\n<\/tr>\n<tr>\n<td>5&#8243; x 7&#8243; 200 Gauge<\/td>\n<td>8&#8243; x 10&#8243; 200 Gauge<\/td>\n<td>10&#8243; x 20&#8243; 210 Gauge<\/td>\n<td>18&#8243; x 30&#8243; 210 Gauge<\/td>\n<td><\/td>\n<\/tr>\n<tr>\n<td>5&#8243; x 7&#8243; 250 Gauge<\/td>\n<td>8&#8243; x 10&#8243; 250 Gauge<\/td>\n<td>12&#8243; x 15&#8243; 200 Gauge<\/td>\n<td>18&#8243; x 37&#8243; 250 Gauge<\/td>\n<td><\/td>\n<\/tr>\n<tr>\n<td>6&#8243; x 8&#8243; 200 Gauge<\/td>\n<td>8&#8243; x 12&#8243; 200 Gauge<\/td>\n<td>12&#8243; x 15&#8243; 250 Gauge<\/td>\n<td>20&#8243; x 30&#8243; 200 Gauge<\/td>\n<td><\/td>\n<\/tr>\n<tr>\n<td>6&#8243; x 8&#8243; 250 Gauge<\/td>\n<td>8&#8243; x 16&#8243; 200 Gauge<\/td>\n<td>12&#8243; x 18&#8243; 200 Gauge<\/td>\n<td>20&#8243; x 30&#8243; 250 Gauge<\/td>\n<td><\/td>\n<\/tr>\n<tr>\n<td>6&#8243; x 9&#8243; 250 Gauge<\/td>\n<td>9&#8243; x 12&#8243; 250 Gauge<\/td>\n<td>12&#8243; x 18&#8243; 250 Gauge<\/td>\n<td>24&#8243; x 36&#8243; 200 Gauge<\/td>\n<td><\/td>\n<\/tr>\n<\/tbody>\n<\/table>\n<h2>Heavy-duty Poly Packing Bags<\/h2>\n<p>&nbsp;<\/p>\n<table id=\"profile\" width=\"100%;\">\n<tbody>\n<tr>\n<td>4&#8243; x 6&#8243; 500 Gauge<\/td>\n<td>8&#8243; x 10&#8243; 500 Gauge<\/td>\n<td>12&#8243; x 15&#8243; 500 Gauge<\/td>\n<td>18&#8243; x 24&#8243; 500 Gauge<\/td>\n<td>28&#8243; x 42&#8243; 500 Gauge<\/td>\n<\/tr>\n<tr>\n<td>6&#8243; x 8&#8243; 500 Gauge<\/td>\n<td>10&#8243; x 12&#8243; 500 Gauge<\/td>\n<td>12&#8243; x 18&#8243; 500 Gauge<\/td>\n<td>20&#8243; x 30&#8243; 500 Gauge<\/td>\n<td>36&#8243; x 48&#8243; 500 Gauge<\/td>\n<\/tr>\n<tr>\n<td>7&#8243; x 9&#8243; 500 Gauge<\/td>\n<td>10&#8243; x 15&#8243; 500 Gauge<\/td>\n<td>15&#8243; x 20&#8243; 500 Gauge<\/td>\n<td>24&#8243; x 36&#8243; 500 Gauge<\/td>\n<td><\/td>\n<\/tr>\n<\/tbody>\n<\/table>\n<h2>Miscellaneous<\/h2>\n<table id=\"profile\" width=\"100%;\">\n<tbody>\n<tr>\n<td>6&#8243; x 36&#8243; Clear Polythene Bags<\/td>\n<td>8&#8243; x 36&#8243; Clear Polythene Bags<\/td>\n<\/tr>\n<\/tbody>\n<\/table>\n<p>[\/vc_column_text][\/vc_column_inner][\/vc_row_inner][vc_row_inner][vc_column_inner][vc_column_text]<\/p>\n<h2>How to Select Clear Plastic Bags?<\/h2>\n<p>Pour s\u00e9lectionner des sacs en plastique transparent, \u00e9galement appel\u00e9s sacs en plastique transparent ou sacs d&#8217;emballage en poly\u00e9thyl\u00e8ne, proc\u00e9dez comme suit :<\/p>\n<p>&nbsp;<\/p>\n<ol>\n<li aria-level=\"1\">D\u00e9terminez la taille dont vous avez besoin en fonction des dimensions des articles que vous souhaitez emballer.<\/li>\n<li aria-level=\"1\">V\u00e9rifiez l&#8217;\u00e9paisseur des sacs afin de vous assurer qu&#8217;ils offrent une protection ad\u00e9quate \u00e0 vos articles.<\/li>\n<li aria-level=\"1\">Recherchez des sacs fabriqu\u00e9s \u00e0 partir de poly\u00e9thyl\u00e8ne de haute qualit\u00e9 pour une meilleure durabilit\u00e9.<\/li>\n<li aria-level=\"1\">Demandez-vous si vous avez besoin de sacs avec une fermeture refermable pour faciliter l&#8217;ouverture et la fermeture.<\/li>\n<li aria-level=\"1\">V\u00e9rifiez que les sacs sont transparents et clairs afin de permettre une bonne visibilit\u00e9 du contenu.<\/li>\n<li aria-level=\"1\">Demandez-vous si vous avez besoin de sacs avec une bande perfor\u00e9e d\u00e9chirable pour une ouverture facile.<\/li>\n<li aria-level=\"1\">Recherchez des sacs adapt\u00e9s au contact alimentaire si vous pr\u00e9voyez de les utiliser pour conserver des aliments.<\/li>\n<li aria-level=\"1\">Comparez les prix et choisissez une marque ou un fournisseur qui offre un bon rapport qualit\u00e9-prix.<\/li>\n<li aria-level=\"1\">Lisez les avis des clients pour vous faire une id\u00e9e de la qualit\u00e9 et des performances des sacs.<\/li>\n<li aria-level=\"1\">Achetez les sacs en plastique transparent, les sacs en plastique transparent ou les sacs d&#8217;emballage en poly\u00e9thyl\u00e8ne qui r\u00e9pondent le mieux \u00e0 vos besoins et \u00e0 votre budget pour les emballages en poly\u00e9thyl\u00e8ne.<\/li>\n<\/ol>\n<p>[\/vc_column_text][\/vc_column_inner][\/vc_row_inner][\/vc_column][\/vc_row][vc_row ts_responsive_css=&#8221;25777273|colbreak_no|20|||||10||10|colbreak_no|||||||||colbreak_no||||||||||colbreak_no|||||||||&#8221; css=&#8221;.vc_custom_1696656087423{margin-top: 30px !important;padding-right: 10px !important;padding-left: 10px !important;}&#8221;][vc_column]<section class=\"ts-vc_cta3-container\"><div class=\"ts-vc_general ts-vc_cta3 ts-cta3-only ts-vc_cta3-style-classic ts-vc_cta3-shape-rounded ts-vc_cta3-align-left ts-vc_cta3-color-transparent ts-vc_cta3-icon-size-md ts-vc_cta3-actions-right ts-cta3-with-desc\"><div class=\"ts-vc_cta3_content-container\"><div class=\"ts-vc_cta3-content\"><div class=\"ts-vc_cta3-content-header ts-wrap\"><div class=\"ts-vc_cta3-headers ts-wrap-cell\"><\/div><\/div><div class=\"ts-cta3-content-wrapper\"><p>Veuillez nous contacter au\u00a0<a href=\"tel:9227422544\">+91-9227422544<\/a>\u00a0ou nous envoyer un e-mail\u00a0<a href=\"mailto:info@tilakpolypack.com\">info@tilakpolypack.com<\/a> pour obtenir un devis ou de plus amples informations.<\/p><\/div><\/div><div class=\"ts-vc_cta3-actions\">\r\n\t\t<div class=\"ts-vc_btn3-container  popmake-8197 ts-vc_btn3-inline\"><a class=\"ts-vc_general ts-vc_btn3 ts-vc_btn3-size-md ts-vc_btn3-shape-rounded ts-vc_btn3-style-flat ts-vc_btn3-weight-yes ts-vc_btn3-color-skincolor\" href=\"\" title=\"\">send enquiry<\/a><\/div><\/div><\/div><\/div><\/section>[\/vc_column][\/vc_row]<\/p>\n<\/section>","protected":false},"excerpt":{"rendered":"<p>[vc_row][vc_column][vc_column_text] Sacs d&#8217;emballage en poly\u00e9thyl\u00e8ne transparent Les sacs d&#8217;emballage en poly\u00e9thyl\u00e8ne transparent sont l&#8217;un des types d&#8217;emballage les plus populaires et les plus \u00e9conomiques pour la vente au d\u00e9tail et l&#8217;industrie. Les sacs en plastique transparent permettent non seulement au client de voir leur contenu, mais ils offrent \u00e9galement une protection hygi\u00e9nique contre la salet\u00e9, &hellip; <a href=\"https:\/\/tilakpolypack.com\/fr\/sacs-demballage-en-polyethylene-transparent\/\" class=\"more-link\">Continue reading <span class=\"screen-reader-text\">Sacs d&#8217;emballage en poly\u00e9thyl\u00e8ne transparent<\/span><\/a><\/p>\n","protected":false},"author":1,"featured_media":10371,"parent":0,"menu_order":0,"comment_status":"closed","ping_status":"closed","template":"","meta":{"_acf_changed":false,"om_disable_all_campaigns":false,"_monsterinsights_skip_tracking":false,"_monsterinsights_sitenote_active":false,"_monsterinsights_sitenote_note":"","_monsterinsights_sitenote_category":0,"_uf_show_specific_survey":0,"_uf_disable_surveys":false,"footnotes":""},"class_list":["post-7422","page","type-page","status-publish","has-post-thumbnail","hentry"],"acf":[],"_links":{"self":[{"href":"https:\/\/tilakpolypack.com\/fr\/wp-json\/wp\/v2\/pages\/7422","targetHints":{"allow":["GET"]}}],"collection":[{"href":"https:\/\/tilakpolypack.com\/fr\/wp-json\/wp\/v2\/pages"}],"about":[{"href":"https:\/\/tilakpolypack.com\/fr\/wp-json\/wp\/v2\/types\/page"}],"author":[{"embeddable":true,"href":"https:\/\/tilakpolypack.com\/fr\/wp-json\/wp\/v2\/users\/1"}],"replies":[{"embeddable":true,"href":"https:\/\/tilakpolypack.com\/fr\/wp-json\/wp\/v2\/comments?post=7422"}],"version-history":[{"count":5,"href":"https:\/\/tilakpolypack.com\/fr\/wp-json\/wp\/v2\/pages\/7422\/revisions"}],"predecessor-version":[{"id":10752,"href":"https:\/\/tilakpolypack.com\/fr\/wp-json\/wp\/v2\/pages\/7422\/revisions\/10752"}],"wp:featuredmedia":[{"embeddable":true,"href":"https:\/\/tilakpolypack.com\/fr\/wp-json\/wp\/v2\/media\/10371"}],"wp:attachment":[{"href":"https:\/\/tilakpolypack.com\/fr\/wp-json\/wp\/v2\/media?parent=7422"}],"curies":[{"name":"wp","href":"https:\/\/api.w.org\/{rel}","templated":true}]}}