{"id":7421,"date":"2023-10-06T10:24:35","date_gmt":"2023-10-06T10:24:35","guid":{"rendered":"https:\/\/archiveyourwords.com\/tilak\/?page_id=7421"},"modified":"2025-09-17T14:27:51","modified_gmt":"2025-09-17T14:27:51","slug":"sacs-a-ordures-noirs","status":"publish","type":"page","link":"https:\/\/tilakpolypack.com\/fr\/sacs-a-ordures-noirs\/","title":{"rendered":"Sacs \u00e0 ordures noirs"},"content":{"rendered":"<section class=\"wpb-content-wrapper\"><p>[vc_row][vc_column][vc_column_text]<\/p>\n<div class=\"col-md-12\">\n<div class=\"prod-category-img\"><\/div>\n<\/div>\n<div class=\"col-md-12\">\n<h2>Sacs poubelles noirs \/ Sacs pour compacteurs<\/h2>\n<p>Il n&#8217;y a rien de plus frustrant que des sacs poubelles qui se d\u00e9chirent et ne remplissent pas leur fonction pendant les heures de pointe. C&#8217;est pourquoi nous proposons ces sacs poubelles noirs ultra r\u00e9sistants, con\u00e7us pour r\u00e9pondre aux exigences rigoureuses d&#8217;une utilisation commerciale.<\/p>\n<p>Nos <a href=\"https:\/\/tilakpolypack.com\/fr\/fabricant-de-sacs-poubelles\/\"><strong>sacs poubelles noirs<\/strong><\/a> ultra r\u00e9sistants ont \u00e9t\u00e9 sp\u00e9cialement con\u00e7us pour r\u00e9sister aux contraintes du secteur de la restauration et de l&#8217;h\u00f4tellerie.<\/p>\n<p>Ces sacs poubelles offrent une r\u00e9sistance EXTR\u00caME et sont nos sacs poubelles les plus r\u00e9sistants.<\/p>\n<h2>Caract\u00e9ristiques principales des sacs poubelles noirs :<\/h2>\n<ul>\n<li>Mat\u00e9riau extra \u00e9pais<\/li>\n<li>R\u00e9sistant \u00e0 la d\u00e9chirure lorsqu&#8217;il est \u00e9tir\u00e9<\/li>\n<li>R\u00e9sistant aux perforations<\/li>\n<li>Conserver sa r\u00e9sistance apr\u00e8s une perforation<\/li>\n<li>Base solidement soud\u00e9e et robuste<\/li>\n<li>Excellent rapport qualit\u00e9-prix<\/li>\n<\/ul>\n<h3>Caract\u00e9ristiques principales :<\/h3>\n<ul>\n<li>Sacs poubelles noirs &#8211; Grand format<\/li>\n<li>R\u00e9sistance extr\u00eame<\/li>\n<li>Solide, durable et tr\u00e8s r\u00e9sistant<\/li>\n<li>\u00c9tirez sans casser<\/li>\n<li>R\u00e9sistant aux perforations<\/li>\n<li>Convient pour une utilisation intensive<\/li>\n<li>Id\u00e9al pour une utilisation commerciale dans les environnements de restauration<\/li>\n<li>Base solide pour une meilleure r\u00e9sistance \u00e0 la fissuration \/ \u00e0 l&#8217;\u00e9clatement<\/li>\n<li>Peut \u00eatre fourni avec un cordon en plastique<\/li>\n<\/ul>\n<p>Tilak Polypack est l&#8217;un des principaux fabricants et fournisseurs mondiaux de sacs poubelles noirs. Pr\u00e9sent dans des pays tels que les \u00c9tats-Unis, Singapour, l&#8217;Australie, l&#8217;Allemagne, le Canada, la Nouvelle-Z\u00e9lande, le Royaume-Uni, l&#8217;Irlande, l&#8217;\u00c9cosse et la Norv\u00e8ge, Tilak Polypack s&#8217;est impos\u00e9 comme un fournisseur fiable de sacs poubelles noirs de haute qualit\u00e9.<\/p>\n<h2>Comment choisir des sacs poubelles noirs ?<\/h2>\n<p>Pour s\u00e9lectionner des sacs poubelles noirs, proc\u00e9dez comme suit :<\/p>\n<\/div>\n<ol>\n<li>D\u00e9terminez la taille dont vous avez besoin en fonction de la quantit\u00e9 de d\u00e9chets que vous produisez.<\/li>\n<li>V\u00e9rifiez la capacit\u00e9 de charge des sacs pour vous assurer qu&#8217;ils peuvent contenir vos d\u00e9chets.<\/li>\n<li>Recherchez des sacs fabriqu\u00e9s \u00e0 partir de mat\u00e9riaux durables tels que le poly\u00e9thyl\u00e8ne haute densit\u00e9 (PEHD) ou le poly\u00e9thyl\u00e8ne basse densit\u00e9 (PEBD).<\/li>\n<li>Tenez compte de l&#8217;\u00e9paisseur des sacs pour une r\u00e9sistance accrue et une meilleure r\u00e9sistance \u00e0 la d\u00e9chirure.<\/li>\n<li>V\u00e9rifiez si les sacs sont munis d&#8217;un cordon de serrage pour faciliter leur fermeture et leur scellage.<\/li>\n<li>Recherchez des sacs \u00e9tanches afin d&#8217;\u00e9viter toute fuite de liquide.<\/li>\n<li>Envisagez d&#8217;acheter des sacs dot\u00e9s d&#8217;une fonction anti-odeurs afin de minimiser les odeurs.<\/li>\n<li>Comparez les prix et choisissez une marque ou un fournisseur qui offre un bon rapport qualit\u00e9-prix.<\/li>\n<li>Lisez les avis des clients pour vous faire une id\u00e9e de la qualit\u00e9 et des performances des sacs.<\/li>\n<li>Achetez les sacs poubelles noirs qui correspondent le mieux \u00e0 vos besoins et \u00e0 votre budget.<\/li>\n<\/ol>\n<p>[\/vc_column_text][\/vc_column][\/vc_row][vc_row ts_responsive_css=&#8221;25777273|colbreak_no|20|||||10||10|colbreak_no|||||||||colbreak_no||||||||||colbreak_no|||||||||&#8221; css=&#8221;.vc_custom_1696656087423{margin-top: 30px !important;padding-right: 10px !important;padding-left: 10px !important;}&#8221;][vc_column]<section class=\"ts-vc_cta3-container\"><div class=\"ts-vc_general ts-vc_cta3 ts-cta3-only ts-vc_cta3-style-classic ts-vc_cta3-shape-rounded ts-vc_cta3-align-left ts-vc_cta3-color-transparent ts-vc_cta3-icon-size-md ts-vc_cta3-actions-right ts-cta3-with-desc\"><div class=\"ts-vc_cta3_content-container\"><div class=\"ts-vc_cta3-content\"><div class=\"ts-vc_cta3-content-header ts-wrap\"><div class=\"ts-vc_cta3-headers ts-wrap-cell\"><\/div><\/div><div class=\"ts-cta3-content-wrapper\"><p>Veuillez nous contacter au\u00a0<a href=\"tel:9227422544\">+91-9227422544<\/a>\u00a0ou nous envoyer un e-mail\u00a0<a href=\"mailto:info@tilakpolypack.com\">info@tilakpolypack.com<\/a> pour obtenir un devis ou de plus amples informations.<\/p><\/div><\/div><div class=\"ts-vc_cta3-actions\">\r\n\t\t<div class=\"ts-vc_btn3-container  popmake-8197 ts-vc_btn3-inline\"><a class=\"ts-vc_general ts-vc_btn3 ts-vc_btn3-size-md ts-vc_btn3-shape-rounded ts-vc_btn3-style-flat ts-vc_btn3-weight-yes ts-vc_btn3-color-skincolor\" href=\"\" title=\"\">send enquiry<\/a><\/div><\/div><\/div><\/div><\/section>[\/vc_column][\/vc_row]<\/p>\n<\/section>","protected":false},"excerpt":{"rendered":"<p>[vc_row][vc_column][vc_column_text] Sacs poubelles noirs \/ Sacs pour compacteurs Il n&#8217;y a rien de plus frustrant que des sacs poubelles qui se d\u00e9chirent et ne remplissent pas leur fonction pendant les heures de pointe. C&#8217;est pourquoi nous proposons ces sacs poubelles noirs ultra r\u00e9sistants, con\u00e7us pour r\u00e9pondre aux exigences rigoureuses d&#8217;une utilisation commerciale. Nos sacs poubelles &hellip; <a href=\"https:\/\/tilakpolypack.com\/fr\/sacs-a-ordures-noirs\/\" class=\"more-link\">Continue reading <span class=\"screen-reader-text\">Sacs \u00e0 ordures noirs<\/span><\/a><\/p>\n","protected":false},"author":1,"featured_media":10368,"parent":0,"menu_order":0,"comment_status":"closed","ping_status":"closed","template":"","meta":{"_acf_changed":false,"om_disable_all_campaigns":false,"_monsterinsights_skip_tracking":false,"_monsterinsights_sitenote_active":false,"_monsterinsights_sitenote_note":"","_monsterinsights_sitenote_category":0,"_uf_show_specific_survey":0,"_uf_disable_surveys":false,"footnotes":""},"class_list":["post-7421","page","type-page","status-publish","has-post-thumbnail","hentry"],"acf":[],"_links":{"self":[{"href":"https:\/\/tilakpolypack.com\/fr\/wp-json\/wp\/v2\/pages\/7421","targetHints":{"allow":["GET"]}}],"collection":[{"href":"https:\/\/tilakpolypack.com\/fr\/wp-json\/wp\/v2\/pages"}],"about":[{"href":"https:\/\/tilakpolypack.com\/fr\/wp-json\/wp\/v2\/types\/page"}],"author":[{"embeddable":true,"href":"https:\/\/tilakpolypack.com\/fr\/wp-json\/wp\/v2\/users\/1"}],"replies":[{"embeddable":true,"href":"https:\/\/tilakpolypack.com\/fr\/wp-json\/wp\/v2\/comments?post=7421"}],"version-history":[{"count":9,"href":"https:\/\/tilakpolypack.com\/fr\/wp-json\/wp\/v2\/pages\/7421\/revisions"}],"predecessor-version":[{"id":10753,"href":"https:\/\/tilakpolypack.com\/fr\/wp-json\/wp\/v2\/pages\/7421\/revisions\/10753"}],"wp:featuredmedia":[{"embeddable":true,"href":"https:\/\/tilakpolypack.com\/fr\/wp-json\/wp\/v2\/media\/10368"}],"wp:attachment":[{"href":"https:\/\/tilakpolypack.com\/fr\/wp-json\/wp\/v2\/media?parent=7421"}],"curies":[{"name":"wp","href":"https:\/\/api.w.org\/{rel}","templated":true}]}}