{"id":7420,"date":"2023-10-06T10:24:24","date_gmt":"2023-10-06T10:24:24","guid":{"rendered":"https:\/\/archiveyourwords.com\/tilak\/?page_id=7420"},"modified":"2025-09-17T14:31:56","modified_gmt":"2025-09-17T14:31:56","slug":"sacs-biohazard","status":"publish","type":"page","link":"https:\/\/tilakpolypack.com\/fr\/sacs-biohazard\/","title":{"rendered":"Sacs Biohazard"},"content":{"rendered":"<section class=\"wpb-content-wrapper\"><p>[vc_row][vc_column][vc_column_text]<\/p>\n<div class=\"col-md-12\">\n<div class=\"prod-category-img\"><\/div>\n<\/div>\n<div class=\"col-md-12\">\n<h2>Sacs pour d\u00e9chets biologiques dangereux<\/h2>\n<p>Ces sacs pour d\u00e9chets biologiques dangereux sont con\u00e7us pour aider les professionnels de la sant\u00e9 et les laboratoires \u00e0 \u00e9liminer correctement les d\u00e9chets et \u00e0 r\u00e9duire le risque de contamination crois\u00e9e.<\/p>\n<p>Il est important de d\u00e9truire les d\u00e9chets m\u00e9dicaux, car ils sont hautement contagieux et peuvent propager des infections dangereuses. Notre gamme de sacs pour d\u00e9chets biologiques dangereux est \u00e9cologique et constitue la meilleure option pour \u00e9liminer tout type de d\u00e9chets organiques. Nous nous approvisionnons en HM-HDPE de haute qualit\u00e9 aupr\u00e8s de fournisseurs fiables \u00e0 travers le monde. Gr\u00e2ce aux derni\u00e8res technologies, nous fabriquons des sacs pour d\u00e9chets biologiques dangereux imprim\u00e9s. Nos sacs pour d\u00e9chets biologiques dangereux peuvent \u00eatre fournis avec une fermeture \u00e0 glissi\u00e8re ou une fermeture \u00e0 pression.<\/p>\n<h2>Fabrication de sacs pour d\u00e9chets biologiques dangereux<\/h2>\n<p>Chez Tilak Polypack, nous sommes sp\u00e9cialis\u00e9s dans la fabrication de sacs de haute qualit\u00e9 destin\u00e9s aux d\u00e9chets biologiques dangereux, \u00e9galement appel\u00e9s sacs pour d\u00e9chets m\u00e9dicaux ou <a href=\"https:\/\/tilakpolypack.com\/fr\/sacs-ldpe\/\"><strong>sacs en poly\u00e9thyl\u00e8ne<\/strong><\/a> pour d\u00e9chets biom\u00e9dicaux. Notre processus de fabrication garantit les caract\u00e9ristiques suivantes qui nous distinguent de nos concurrents :<\/p>\n<h3>Caract\u00e9ristiques<\/h3>\n<ul>\n<li>Sacs pour d\u00e9chets infectieux, sacs pour \u00e9chantillons biologiques dangereux et sacs pour le transport de m\u00e9dicaments de chimioth\u00e9rapie<\/li>\n<li>Sacs de qualit\u00e9 pour un usage quotidien dans le secteur m\u00e9dical et des soins de sant\u00e9<\/li>\n<li>De nombreuses tailles en stock disponibles<\/li>\n<\/ul>\n<h3>Avantages<\/h3>\n<ul>\n<li>Contenez les mati\u00e8res dangereuses de mani\u00e8re s\u00e9curis\u00e9e, en minimisant les risques d&#8217;exposition et de contamination.<\/li>\n<li>Respectez les directives r\u00e9glementaires relatives \u00e0 la manipulation et \u00e0 l&#8217;\u00e9limination appropri\u00e9es des d\u00e9chets biom\u00e9dicaux, afin de garantir la conformit\u00e9.<\/li>\n<li>Contribuez \u00e0 pr\u00e9venir la propagation des infections et des maladies en isolant et en confinant les d\u00e9chets biologiques dangereux.<\/li>\n<li>Con\u00e7u pour r\u00e9sister aux perforations, r\u00e9duisant ainsi le risque de fuites ou de d\u00e9versements pendant la manipulation et le transport.<\/li>\n<li>Cod\u00e9s par couleur et \u00e9tiquet\u00e9s avec des symboles de danger biologique pour faciliter l&#8217;identification des d\u00e9chets dangereux.<\/li>\n<li>Simplifiez la gestion des d\u00e9chets gr\u00e2ce \u00e0 des options d&#8217;\u00e9limination faciles et s\u00fbres pour les \u00e9tablissements de sant\u00e9.<\/li>\n<li>Promouvoir la durabilit\u00e9 gr\u00e2ce \u00e0 des mat\u00e9riaux \u00e9cologiques, r\u00e9duisant ainsi l&#8217;impact environnemental.<\/li>\n<\/ul>\n<p>Tilak Polypack est l&#8217;un des principaux fabricants et fournisseurs mondiaux de sacs pour d\u00e9chets biologiques dangereux. Pr\u00e9sent dans des pays tels que les \u00c9tats-Unis, Singapour, l&#8217;Australie, l&#8217;Allemagne, le Canada, la Nouvelle-Z\u00e9lande, le Royaume-Uni, l&#8217;Irlande, l&#8217;\u00c9cosse et la Norv\u00e8ge, <strong><a href=\"https:\/\/tilakpolypack.com\/\">Tilak Polypack<\/a><\/strong> s&#8217;est impos\u00e9 comme un fournisseur fiable de sacs pour d\u00e9chets biologiques dangereux de haute qualit\u00e9.<\/p>\n<h2>Comment choisir des sacs pour d\u00e9chets biom\u00e9dicaux ?<\/h2>\n<\/div>\n<p>Pour s\u00e9lectionner des sacs pour d\u00e9chets biom\u00e9dicaux :<\/p>\n<ul>\n<li><b>Tenez compte de la taille :<\/b>\u00a0Choisissez des sacs adapt\u00e9s au volume de d\u00e9chets que vous devez jeter.<\/li>\n<li><b>V\u00e9rifier la conformit\u00e9 :<\/b>\u00a0S&#8217;assurer que les sacs sont conformes aux directives r\u00e9glementaires et aux normes relatives \u00e0 l&#8217;\u00e9limination des d\u00e9chets biologiques dangereux.<\/li>\n<li><b>Recherchez la durabilit\u00e9 :\u00a0<\/b>Choisissez des sacs r\u00e9sistants aux perforations et suffisamment solides pour \u00e9viter les fuites ou les d\u00e9chirures.<\/li>\n<li><b>Envisagez diff\u00e9rentes options de fermeture :<\/b>\u00a0Recherchez des sacs dot\u00e9s de fermetures s\u00e9curis\u00e9es, telles que des attaches torsad\u00e9es ou des fermetures \u00e0 glissi\u00e8re, afin d&#8217;\u00e9viter toute ouverture accidentelle.<\/li>\n<li><b>\u00c9valuer la visibilit\u00e9 :\u00a0<\/b>Optez pour des <a href=\"https:\/\/tilakpolypack.com\/fr\/sacs-demballage-en-polyethylene-transparent\/\"><strong>sacs transparents<\/strong><\/a> ou dot\u00e9s de panneaux transparents, permettant d&#8217;identifier facilement les d\u00e9chets qu&#8217;ils contiennent.<\/li>\n<li><b>\u00c9valuer la capacit\u00e9 :\u00a0<\/b>D\u00e9terminer si les sacs ont une capacit\u00e9 suffisante pour contenir les d\u00e9chets sans \u00eatre trop remplis.<\/li>\n<li><b>V\u00e9rifiez l&#8217;\u00e9tiquetage :<\/b>\u00a0Recherchez des sacs clairement \u00e9tiquet\u00e9s avec des symboles de danger biologique et des avertissements appropri\u00e9s.<\/li>\n<li><b>Tenez compte des exigences en mati\u00e8re d&#8217;\u00e9limination :<\/b> Assurez-vous que les sacs sont compatibles avec les m\u00e9thodes et r\u00e9glementations de votre \u00e9tablissement en mati\u00e8re d&#8217;\u00e9limination des d\u00e9chets.<\/li>\n<li><b>\u00c9valuer le rapport co\u00fbt-efficacit\u00e9 :\u00a0<\/b>Comparez les prix et examinez la valeur globale et la qualit\u00e9 des sacs.<\/li>\n<\/ul>\n<p>[\/vc_column_text][\/vc_column][\/vc_row][vc_row ts_responsive_css=&#8221;25777273|colbreak_no|20|||||10||10|colbreak_no|||||||||colbreak_no||||||||||colbreak_no|||||||||&#8221; css=&#8221;.vc_custom_1696656087423{margin-top: 30px !important;padding-right: 10px !important;padding-left: 10px !important;}&#8221;][vc_column]<section class=\"ts-vc_cta3-container\"><div class=\"ts-vc_general ts-vc_cta3 ts-cta3-only ts-vc_cta3-style-classic ts-vc_cta3-shape-rounded ts-vc_cta3-align-left ts-vc_cta3-color-transparent ts-vc_cta3-icon-size-md ts-vc_cta3-actions-right ts-cta3-with-desc\"><div class=\"ts-vc_cta3_content-container\"><div class=\"ts-vc_cta3-content\"><div class=\"ts-vc_cta3-content-header ts-wrap\"><div class=\"ts-vc_cta3-headers ts-wrap-cell\"><\/div><\/div><div class=\"ts-cta3-content-wrapper\"><p>Veuillez nous contacter au\u00a0<a href=\"tel:9227422544\">+91-9227422544<\/a>\u00a0ou nous envoyer un e-mail\u00a0<a href=\"mailto:info@tilakpolypack.com\">info@tilakpolypack.com<\/a> pour obtenir un devis ou de plus amples informations.<\/p><\/div><\/div><div class=\"ts-vc_cta3-actions\">\r\n\t\t<div class=\"ts-vc_btn3-container  popmake-8197 ts-vc_btn3-inline\"><a class=\"ts-vc_general ts-vc_btn3 ts-vc_btn3-size-md ts-vc_btn3-shape-rounded ts-vc_btn3-style-flat ts-vc_btn3-weight-yes ts-vc_btn3-color-skincolor\" href=\"\" title=\"\">send enquiry<\/a><\/div><\/div><\/div><\/div><\/section>[\/vc_column][\/vc_row]<\/p>\n<\/section>","protected":false},"excerpt":{"rendered":"<p>[vc_row][vc_column][vc_column_text] Sacs pour d\u00e9chets biologiques dangereux Ces sacs pour d\u00e9chets biologiques dangereux sont con\u00e7us pour aider les professionnels de la sant\u00e9 et les laboratoires \u00e0 \u00e9liminer correctement les d\u00e9chets et \u00e0 r\u00e9duire le risque de contamination crois\u00e9e. Il est important de d\u00e9truire les d\u00e9chets m\u00e9dicaux, car ils sont hautement contagieux et peuvent propager des infections &hellip; <a href=\"https:\/\/tilakpolypack.com\/fr\/sacs-biohazard\/\" class=\"more-link\">Continue reading <span class=\"screen-reader-text\">Sacs Biohazard<\/span><\/a><\/p>\n","protected":false},"author":1,"featured_media":10366,"parent":0,"menu_order":0,"comment_status":"closed","ping_status":"closed","template":"","meta":{"_acf_changed":false,"om_disable_all_campaigns":false,"_monsterinsights_skip_tracking":false,"_monsterinsights_sitenote_active":false,"_monsterinsights_sitenote_note":"","_monsterinsights_sitenote_category":0,"_uf_show_specific_survey":0,"_uf_disable_surveys":false,"footnotes":""},"class_list":["post-7420","page","type-page","status-publish","has-post-thumbnail","hentry"],"acf":[],"_links":{"self":[{"href":"https:\/\/tilakpolypack.com\/fr\/wp-json\/wp\/v2\/pages\/7420","targetHints":{"allow":["GET"]}}],"collection":[{"href":"https:\/\/tilakpolypack.com\/fr\/wp-json\/wp\/v2\/pages"}],"about":[{"href":"https:\/\/tilakpolypack.com\/fr\/wp-json\/wp\/v2\/types\/page"}],"author":[{"embeddable":true,"href":"https:\/\/tilakpolypack.com\/fr\/wp-json\/wp\/v2\/users\/1"}],"replies":[{"embeddable":true,"href":"https:\/\/tilakpolypack.com\/fr\/wp-json\/wp\/v2\/comments?post=7420"}],"version-history":[{"count":5,"href":"https:\/\/tilakpolypack.com\/fr\/wp-json\/wp\/v2\/pages\/7420\/revisions"}],"predecessor-version":[{"id":10755,"href":"https:\/\/tilakpolypack.com\/fr\/wp-json\/wp\/v2\/pages\/7420\/revisions\/10755"}],"wp:featuredmedia":[{"embeddable":true,"href":"https:\/\/tilakpolypack.com\/fr\/wp-json\/wp\/v2\/media\/10366"}],"wp:attachment":[{"href":"https:\/\/tilakpolypack.com\/fr\/wp-json\/wp\/v2\/media?parent=7420"}],"curies":[{"name":"wp","href":"https:\/\/api.w.org\/{rel}","templated":true}]}}