{"id":7419,"date":"2023-10-06T10:24:09","date_gmt":"2023-10-06T10:24:09","guid":{"rendered":"https:\/\/archiveyourwords.com\/tilak\/?page_id=7419"},"modified":"2025-09-17T14:43:01","modified_gmt":"2025-09-17T14:43:01","slug":"sacs-en-polyethylene","status":"publish","type":"page","link":"https:\/\/tilakpolypack.com\/fr\/sacs-en-polyethylene\/","title":{"rendered":"Sacs en poly\u00e9thyl\u00e8ne"},"content":{"rendered":"<section class=\"wpb-content-wrapper\"><p>[vc_row][vc_column][vc_column_text]<\/p>\n<div class=\"col-md-12\">\n<div class=\"prod-category-img\"><\/div>\n<\/div>\n<div class=\"col-md-12\">\n<h2>Sacs en poly\u00e9thyl\u00e8ne antistatiques<\/h2>\n<p>Chez Tilak Polypack, nous sommes fiers de notre processus de fabrication de haute qualit\u00e9 et des caract\u00e9ristiques exceptionnelles de nos sacs antistatiques en IDPE.<\/p>\n<p>Sp\u00e9cialement con\u00e7u pour offrir une protection efficace contre l&#8217;\u00e9lectricit\u00e9 statique et garantir la s\u00e9curit\u00e9 des composants \u00e9lectroniques sensibles.<\/p>\n<p>Notre processus de fabrication commence par la s\u00e9lection d&#8217;un mat\u00e9riau <strong><a href=\"https:\/\/tilakpolypack.com\/ldpe-bags\/\">LDPE (poly\u00e9thyl\u00e8ne basse densit\u00e9)<\/a><\/strong> de premi\u00e8re qualit\u00e9, r\u00e9put\u00e9 pour ses excellentes propri\u00e9t\u00e9s antistatiques. Ce mat\u00e9riau est soigneusement trait\u00e9 et transform\u00e9 en films plastiques antistatiques, qui sont ensuite convertis en sacs \u00e0 l&#8217;aide de machines et de techniques de pointe.<\/p>\n<p>Un <a href=\"https:\/\/tilakpolypack.com\/fr\/sacs-ldpe\/\"><strong>sac antistatique en poly\u00e9thyl\u00e8ne<\/strong><\/a>, ou sac conducteur, est un sac d&#8217;exp\u00e9dition destin\u00e9 aux appareils \u00e9lectroniques susceptibles d&#8217;\u00eatre affect\u00e9s par l&#8217;\u00e9lectricit\u00e9 statique.<\/p>\n<p>Les sacs antistatiques peuvent \u00eatre thermoscell\u00e9s, ferm\u00e9s \u00e0 l&#8217;aide de ruban adh\u00e9sif ou attach\u00e9s, selon le type de fermeture souhait\u00e9. Les sacs antistatiques peuvent \u00e9galement \u00eatre \u00e9quip\u00e9s d&#8217;une fermeture \u00e0 glissi\u00e8re. Comme ces sacs sont l\u00e9g\u00e8rement transparents, vous pouvez identifier leur contenu tout en \u00e9tant prot\u00e9g\u00e9 contre l&#8217;\u00e9lectricit\u00e9 statique. Ces sacs sont \u00e9galement exempts d&#8217;amine, ce qui \u00e9vite d&#8217;endommager les cartes en polycarbonate sensibles.<\/p>\n<p>Tilak Polypack est l&#8217;un des principaux fabricants et fournisseurs mondiaux de sacs en poly\u00e9thyl\u00e8ne antistatiques. Pr\u00e9sent dans des pays tels que les \u00c9tats-Unis, Singapour, l&#8217;Australie, l&#8217;Allemagne, le Canada, la Nouvelle-Z\u00e9lande, le Royaume-Uni, l&#8217;Irlande, l&#8217;\u00c9cosse et la Norv\u00e8ge, Tilak Polypack s&#8217;est impos\u00e9 comme un fournisseur fiable de sacs en poly\u00e9thyl\u00e8ne antistatiques de haute qualit\u00e9.<\/p>\n<h2>Caract\u00e9ristiques principales<\/h2>\n<ul>\n<li>3 couches pour assurer une protection ad\u00e9quate des composants \u00e9lectroniques<\/li>\n<li>Longue dur\u00e9e<\/li>\n<li>Haute efficacit\u00e9<\/li>\n<li>Prix comp\u00e9titifs<\/li>\n<li>R\u00e9sistivit\u00e9 de surface inf\u00e9rieure \u00e0 10 \u00e0 la puissance 10 ohms\/carr\u00e9<\/li>\n<\/ul>\n<h2>D\u00c9TAILS DES TAILLES<\/h2>\n<ul>\n<li>LARGEUR : \u00c0 PARTIR DE 100 MM<\/li>\n<li>HAUTEUR : \u00c0 PARTIR DE 200 MM<\/li>\n<li>\u00c9PAISSEUR : 50 MICRONS<\/li>\n<li>FERMETURE \u00c9CLAIR : 3,5 MM<\/li>\n<li>COULEURS : ROSE \/ BLEU \/ NOIR<\/li>\n<\/ul>\n<h3>Comment choisir des sacs antistatiques en LDPE ?<\/h3>\n<p>Lorsque vous choisissez des sacs antistatiques en LDPE, suivez ces directives :<\/p>\n<ol>\n<li><b>Taille :<\/b> Choisissez la taille de sac appropri\u00e9e pour accueillir vos articles ou composants.<\/li>\n<\/ol>\n<ol>\n<li><b>Propri\u00e9t\u00e9s antistatiques :<\/b>\u00a0Assurez-vous que les sacs poss\u00e8dent des propri\u00e9t\u00e9s antistatiques efficaces afin de prot\u00e9ger les composants \u00e9lectroniques sensibles.<\/li>\n<li><b>Qualit\u00e9 du mat\u00e9riau :<\/b> Recherchez un mat\u00e9riau LDPE de haute qualit\u00e9, r\u00e9put\u00e9 pour ses propri\u00e9t\u00e9s antistatiques et sa durabilit\u00e9.<\/li>\n<li><b>Transparence :<\/b>\u00a0Optez pour des <a href=\"https:\/\/tilakpolypack.com\/fr\/sacs-demballage-en-polyethylene-transparent\/\"><strong>sacs tr\u00e8s transparents<\/strong><\/a> afin de pouvoir identifier facilement leur contenu sans compromettre leurs propri\u00e9t\u00e9s antistatiques.<\/li>\n<li><b>M\u00e9canisme de fermeture :<\/b> Choisissez le m\u00e9canisme de fermeture (fermeture \u00e0 glissi\u00e8re, thermoscellage, adh\u00e9sif) en fonction de vos besoins.<\/li>\n<li><b>Options de personnalisation :<\/b>\u00a0V\u00e9rifiez si le fournisseur propose des options de personnalisation telles que l&#8217;impression ou des fonctionnalit\u00e9s sp\u00e9ciales.<\/li>\n<li><b>Conformit\u00e9 :\u00a0<\/b>S&#8217;assurer que les sacs sont conformes aux normes industrielles applicables en mati\u00e8re d&#8217;emballage antistatique.<\/li>\n<li><b>R\u00e9putation du fournisseur :\u00a0<\/b>Renseignez-vous sur la r\u00e9putation du fournisseur, les avis des clients, les certifications et l&#8217;exp\u00e9rience dans le secteur.<\/li>\n<li><b>Quantit\u00e9 et prix :<\/b> \u00c9valuez la quantit\u00e9 et comparez les options de prix propos\u00e9es par diff\u00e9rents fournisseurs.<\/li>\n<li><b>Livraison et d\u00e9lai d&#8217;ex\u00e9cution :<\/b>\u00a0Tenez compte des options de livraison et des d\u00e9lais d&#8217;ex\u00e9cution afin de garantir la r\u00e9ception des sacs dans les d\u00e9lais impartis.<\/li>\n<li><b>Service client<\/b> : \u00c9valuez le niveau de service client, la r\u00e9activit\u00e9 et l&#8217;assistance apr\u00e8s-vente du fournisseur.<\/li>\n<li><b>Expertise industrielle :\u00a0<\/b>Recherchez des fournisseurs sp\u00e9cialis\u00e9s dans les emballages antistatiques adapt\u00e9s \u00e0 votre secteur d&#8217;activit\u00e9.<\/li>\n<li><b>Durabilit\u00e9 :<\/b> Renseignez-vous sur l&#8217;engagement du fournisseur en mati\u00e8re de pratiques respectueuses de l&#8217;environnement et sur la disponibilit\u00e9 d&#8217;options recyclables.<\/li>\n<\/ol>\n<h3><\/h3>\n<\/div>\n<p>[\/vc_column_text][\/vc_column][\/vc_row][vc_row ts_responsive_css=&#8221;25777273|colbreak_no|20|||||10||10|colbreak_no|||||||||colbreak_no||||||||||colbreak_no|||||||||&#8221; css=&#8221;.vc_custom_1696656087423{margin-top: 30px !important;padding-right: 10px !important;padding-left: 10px !important;}&#8221;][vc_column]<section class=\"ts-vc_cta3-container\"><div class=\"ts-vc_general ts-vc_cta3 ts-cta3-only ts-vc_cta3-style-classic ts-vc_cta3-shape-rounded ts-vc_cta3-align-left ts-vc_cta3-color-transparent ts-vc_cta3-icon-size-md ts-vc_cta3-actions-right ts-cta3-with-desc\"><div class=\"ts-vc_cta3_content-container\"><div class=\"ts-vc_cta3-content\"><div class=\"ts-vc_cta3-content-header ts-wrap\"><div class=\"ts-vc_cta3-headers ts-wrap-cell\"><\/div><\/div><div class=\"ts-cta3-content-wrapper\"><p>Please contact us on\u00a0<a href=\"tel:9227422544\">+91-9227422544<\/a>\u00a0or email us\u00a0<a href=\"mailto:info@tilakpolypack.com\">info@tilakpolypack.com<\/a>\u00a0for quotations or other details.<\/p><\/div><\/div><div class=\"ts-vc_cta3-actions\">\r\n\t\t<div class=\"ts-vc_btn3-container  popmake-8197 ts-vc_btn3-inline\"><a class=\"ts-vc_general ts-vc_btn3 ts-vc_btn3-size-md ts-vc_btn3-shape-rounded ts-vc_btn3-style-flat ts-vc_btn3-weight-yes ts-vc_btn3-color-skincolor\" href=\"\" title=\"\">send enquiry<\/a><\/div><\/div><\/div><\/div><\/section>[\/vc_column][\/vc_row]<\/p>\n<\/section>","protected":false},"excerpt":{"rendered":"<p>[vc_row][vc_column][vc_column_text] Sacs en poly\u00e9thyl\u00e8ne antistatiques Chez Tilak Polypack, nous sommes fiers de notre processus de fabrication de haute qualit\u00e9 et des caract\u00e9ristiques exceptionnelles de nos sacs antistatiques en IDPE. Sp\u00e9cialement con\u00e7u pour offrir une protection efficace contre l&#8217;\u00e9lectricit\u00e9 statique et garantir la s\u00e9curit\u00e9 des composants \u00e9lectroniques sensibles. Notre processus de fabrication commence par la s\u00e9lection &hellip; <a href=\"https:\/\/tilakpolypack.com\/fr\/sacs-en-polyethylene\/\" class=\"more-link\">Continue reading <span class=\"screen-reader-text\">Sacs en poly\u00e9thyl\u00e8ne<\/span><\/a><\/p>\n","protected":false},"author":1,"featured_media":10364,"parent":0,"menu_order":0,"comment_status":"closed","ping_status":"closed","template":"","meta":{"_acf_changed":false,"om_disable_all_campaigns":false,"_monsterinsights_skip_tracking":false,"_monsterinsights_sitenote_active":false,"_monsterinsights_sitenote_note":"","_monsterinsights_sitenote_category":0,"_uf_show_specific_survey":0,"_uf_disable_surveys":false,"footnotes":""},"class_list":["post-7419","page","type-page","status-publish","has-post-thumbnail","hentry"],"acf":[],"_links":{"self":[{"href":"https:\/\/tilakpolypack.com\/fr\/wp-json\/wp\/v2\/pages\/7419","targetHints":{"allow":["GET"]}}],"collection":[{"href":"https:\/\/tilakpolypack.com\/fr\/wp-json\/wp\/v2\/pages"}],"about":[{"href":"https:\/\/tilakpolypack.com\/fr\/wp-json\/wp\/v2\/types\/page"}],"author":[{"embeddable":true,"href":"https:\/\/tilakpolypack.com\/fr\/wp-json\/wp\/v2\/users\/1"}],"replies":[{"embeddable":true,"href":"https:\/\/tilakpolypack.com\/fr\/wp-json\/wp\/v2\/comments?post=7419"}],"version-history":[{"count":5,"href":"https:\/\/tilakpolypack.com\/fr\/wp-json\/wp\/v2\/pages\/7419\/revisions"}],"predecessor-version":[{"id":10757,"href":"https:\/\/tilakpolypack.com\/fr\/wp-json\/wp\/v2\/pages\/7419\/revisions\/10757"}],"wp:featuredmedia":[{"embeddable":true,"href":"https:\/\/tilakpolypack.com\/fr\/wp-json\/wp\/v2\/media\/10364"}],"wp:attachment":[{"href":"https:\/\/tilakpolypack.com\/fr\/wp-json\/wp\/v2\/media?parent=7419"}],"curies":[{"name":"wp","href":"https:\/\/api.w.org\/{rel}","templated":true}]}}