{"id":7404,"date":"2023-10-06T10:21:56","date_gmt":"2023-10-06T10:21:56","guid":{"rendered":"https:\/\/archiveyourwords.com\/tilak\/?page_id=7404"},"modified":"2025-09-17T17:12:18","modified_gmt":"2025-09-17T17:12:18","slug":"film-detancheite-pour-les-hanches","status":"publish","type":"page","link":"https:\/\/tilakpolypack.com\/fr\/film-detancheite-pour-les-hanches\/","title":{"rendered":"Film d&#8217;\u00e9tanch\u00e9it\u00e9 pour les hanches"},"content":{"rendered":"<section class=\"wpb-content-wrapper\"><p>[vc_row][vc_column][vc_column_text]<\/p>\n<div class=\"col-md-12\">\n<h2 class=\"prod-category-img\">Film d&#8217;\u00e9tanch\u00e9it\u00e9 pour hanches<\/h2>\n<\/div>\n<div class=\"col-md-12\">\n<p>Les films d&#8217;\u00e9tanch\u00e9it\u00e9 pour hanches sont des mat\u00e9riaux sp\u00e9cialis\u00e9s destin\u00e9s aux applications d&#8217;emballage n\u00e9cessitant une \u00e9tanch\u00e9it\u00e9 de haute int\u00e9grit\u00e9. Ces films sont couramment utilis\u00e9s dans les industries alimentaire, pharmaceutique et \u00e9lectronique afin d&#8217;assurer la protection des produits et leur inviolabilit\u00e9.<\/p>\n<p>Le processus de scellage des hanches consiste \u00e0 appliquer de la chaleur et de la pression sur le film, cr\u00e9ant ainsi un scellage solide et fiable. Cette m\u00e9thode de scellage est largement utilis\u00e9e pour l&#8217;emballage d&#8217;articles tels que les barquettes, les conteneurs et les emballages blisters, offrant un conditionnement s\u00fbr et inviolable pour divers produits.<\/p>\n<p>Les films d&#8217;\u00e9tanch\u00e9it\u00e9 sont des mat\u00e9riaux sp\u00e9cialis\u00e9s utilis\u00e9s pour les applications d&#8217;emballage s\u00e9curis\u00e9. Ils trouvent diverses applications dans les industries alimentaire, pharmaceutique, \u00e9lectronique et des biens de consommation. Ces films garantissent la fra\u00eecheur, l&#8217;hygi\u00e8ne, la r\u00e9sistance \u00e0 la falsification et la protection contre la contamination, ce qui les rend indispensables pour l&#8217;emballage d&#8217;une large gamme de produits.<\/p>\n<h2>Fabrication de films plastiques pour hanches<\/h2>\n<p>Tilak Polypack excelle dans le processus de fabrication et les caract\u00e9ristiques de nos <a href=\"https:\/\/tilakpolypack.com\/fr\/film-de-paillage-biodegradable\/\"><strong>films plastiques<\/strong><\/a> tendance, ce qui fait de nous un choix privil\u00e9gi\u00e9 dans l&#8217;industrie.<\/p>\n<p>Nous extrudons des mati\u00e8res premi\u00e8res de haute qualit\u00e9 \u00e0 l&#8217;aide d&#8217;une technologie de pointe pour obtenir des films plastiques fins et r\u00e9sistants. Le contr\u00f4le pr\u00e9cis de l&#8217;\u00e9paisseur, de l&#8217;uniformit\u00e9 et de la r\u00e9sistance garantit des produits fiables et homog\u00e8nes.<\/p>\n<p>Tilak Polypack est l&#8217;un des principaux fabricants et fournisseurs mondiaux de <a href=\"https:\/\/tilakpolypack.com\/fr\/films-demballage\/\"><strong>films d&#8217;\u00e9tanch\u00e9it\u00e9 Hips<\/strong><\/a>. Pr\u00e9sent dans des pays tels que les \u00c9tats-Unis, Singapour, l&#8217;Australie, l&#8217;Allemagne, le Canada, la Nouvelle-Z\u00e9lande, le Royaume-Uni, l&#8217;Irlande, l&#8217;\u00c9cosse et la Norv\u00e8ge, Tilak Polypack s&#8217;est impos\u00e9 comme un fournisseur fiable de films d&#8217;\u00e9tanch\u00e9it\u00e9 Hips de haute qualit\u00e9.<\/p>\n<h2>Caract\u00e9ristiques des films plastiques Tilak Polypack Hip :<\/h2>\n<ol>\n<li><b>Int\u00e9grit\u00e9 sup\u00e9rieure du scellage :\u00a0<\/b>Nos films offrent des scellages solides et inviolables, garantissant un emballage s\u00e9curis\u00e9.<\/li>\n<li><b>Propri\u00e9t\u00e9s barri\u00e8res am\u00e9lior\u00e9es :<\/b>\u00a0Les films offrent une r\u00e9sistance \u00e0 l&#8217;humidit\u00e9, aux gaz et aux contaminants, pr\u00e9servant ainsi la fra\u00eecheur et la dur\u00e9e de conservation des produits.<\/li>\n<li><b>Polyvalence :<\/b>\u00a0Nos films sont personnalisables pour r\u00e9pondre \u00e0 divers besoins d&#8217;emballage, notamment en termes de taille, d&#8217;\u00e9paisseur et d&#8217;options d&#8217;impression.<\/li>\n<li><b>Respect des normes de qualit\u00e9 :<\/b> Nous respectons des normes de qualit\u00e9 rigoureuses et utilisons des mat\u00e9riaux conformes aux r\u00e9glementations en mati\u00e8re d&#8217;emballage s\u00e9curis\u00e9.<\/li>\n<\/ol>\n<h2>Pourquoi choisir Tilak Polypack :<\/h2>\n<p><b>Exp\u00e9rience et expertise :<\/b>\u00a0Nous avons une grande exp\u00e9rience dans la production de films plastiques de haute qualit\u00e9 pour les hanches.<\/p>\n<p><b>Engagement envers la qualit\u00e9 :<\/b>\u00a0Nos mesures rigoureuses de contr\u00f4le qualit\u00e9 garantissent une excellence constante.<\/p>\n<p><b>Options de personnalisation :\u00a0<\/b>Nous proposons des solutions sur mesure pour r\u00e9pondre \u00e0 des exigences sp\u00e9cifiques en mati\u00e8re d&#8217;emballage.<\/p>\n<p><b>Livraison dans les d\u00e9lais :<\/b> Nous accordons la priorit\u00e9 \u00e0 la livraison dans les d\u00e9lais afin d&#8217;assurer la continuit\u00e9 des op\u00e9rations.<\/p>\n<p>Choisissez Tilak Polypack pour des films plastiques de qualit\u00e9 sup\u00e9rieure, dot\u00e9s de joints fiables, de propri\u00e9t\u00e9s barri\u00e8res am\u00e9lior\u00e9es, d&#8217;une grande polyvalence et conformes aux normes de qualit\u00e9. D\u00e9couvrez notre engagement envers l&#8217;excellence qui nous distingue dans le secteur.<\/p>\n<p>Le HIPS est un <a href=\"https:\/\/tilakpolypack.com\/fr\/films-doperculage\/\"><strong>film d&#8217;emballage<\/strong><\/a> rigide tr\u00e8s utilis\u00e9 pour une grande vari\u00e9t\u00e9 de produits. Il existe tr\u00e8s peu de films compatibles avec le HIPS et nous sommes fiers d&#8217;\u00eatre l&#8217;un des fabricants de ce type de film. Nous pouvons fournir le film selon les exigences du client.<\/p>\n<\/div>\n<p>[\/vc_column_text][\/vc_column][\/vc_row][vc_row ts_responsive_css=&#8221;25777273|colbreak_no|20|||||10||10|colbreak_no|||||||||colbreak_no||||||||||colbreak_no|||||||||&#8221; css=&#8221;.vc_custom_1696656087423{margin-top: 30px !important;padding-right: 10px !important;padding-left: 10px !important;}&#8221;][vc_column]<section class=\"ts-vc_cta3-container\"><div class=\"ts-vc_general ts-vc_cta3 ts-cta3-only ts-vc_cta3-style-classic ts-vc_cta3-shape-rounded ts-vc_cta3-align-left ts-vc_cta3-color-transparent ts-vc_cta3-icon-size-md ts-vc_cta3-actions-right ts-cta3-with-desc\"><div class=\"ts-vc_cta3_content-container\"><div class=\"ts-vc_cta3-content\"><div class=\"ts-vc_cta3-content-header ts-wrap\"><div class=\"ts-vc_cta3-headers ts-wrap-cell\"><\/div><\/div><div class=\"ts-cta3-content-wrapper\"><p>Veuillez nous contacter au\u00a0<a href=\"tel:9227422544\">+91-9227422544<\/a>\u00a0ou nous envoyer un e-mail\u00a0<a href=\"mailto:info@tilakpolypack.com\">info@tilakpolypack.com<\/a> pour obtenir un devis ou de plus amples informations.<\/p><\/div><\/div><div class=\"ts-vc_cta3-actions\">\r\n\t\t<div class=\"ts-vc_btn3-container  popmake-8197 ts-vc_btn3-inline\"><a class=\"ts-vc_general ts-vc_btn3 ts-vc_btn3-size-md ts-vc_btn3-shape-rounded ts-vc_btn3-style-flat ts-vc_btn3-weight-yes ts-vc_btn3-color-skincolor\" href=\"\" title=\"\">send enquiry<\/a><\/div><\/div><\/div><\/div><\/section>[\/vc_column][\/vc_row]<\/p>\n<\/section>","protected":false},"excerpt":{"rendered":"<p>[vc_row][vc_column][vc_column_text] Film d&#8217;\u00e9tanch\u00e9it\u00e9 pour hanches Les films d&#8217;\u00e9tanch\u00e9it\u00e9 pour hanches sont des mat\u00e9riaux sp\u00e9cialis\u00e9s destin\u00e9s aux applications d&#8217;emballage n\u00e9cessitant une \u00e9tanch\u00e9it\u00e9 de haute int\u00e9grit\u00e9. Ces films sont couramment utilis\u00e9s dans les industries alimentaire, pharmaceutique et \u00e9lectronique afin d&#8217;assurer la protection des produits et leur inviolabilit\u00e9. Le processus de scellage des hanches consiste \u00e0 appliquer de &hellip; <a href=\"https:\/\/tilakpolypack.com\/fr\/film-detancheite-pour-les-hanches\/\" class=\"more-link\">Continue reading <span class=\"screen-reader-text\">Film d&#8217;\u00e9tanch\u00e9it\u00e9 pour les hanches<\/span><\/a><\/p>\n","protected":false},"author":1,"featured_media":10393,"parent":0,"menu_order":0,"comment_status":"closed","ping_status":"closed","template":"","meta":{"_acf_changed":false,"om_disable_all_campaigns":false,"_monsterinsights_skip_tracking":false,"_monsterinsights_sitenote_active":false,"_monsterinsights_sitenote_note":"","_monsterinsights_sitenote_category":0,"_uf_show_specific_survey":0,"_uf_disable_surveys":false,"footnotes":""},"class_list":["post-7404","page","type-page","status-publish","has-post-thumbnail","hentry"],"acf":[],"_links":{"self":[{"href":"https:\/\/tilakpolypack.com\/fr\/wp-json\/wp\/v2\/pages\/7404","targetHints":{"allow":["GET"]}}],"collection":[{"href":"https:\/\/tilakpolypack.com\/fr\/wp-json\/wp\/v2\/pages"}],"about":[{"href":"https:\/\/tilakpolypack.com\/fr\/wp-json\/wp\/v2\/types\/page"}],"author":[{"embeddable":true,"href":"https:\/\/tilakpolypack.com\/fr\/wp-json\/wp\/v2\/users\/1"}],"replies":[{"embeddable":true,"href":"https:\/\/tilakpolypack.com\/fr\/wp-json\/wp\/v2\/comments?post=7404"}],"version-history":[{"count":6,"href":"https:\/\/tilakpolypack.com\/fr\/wp-json\/wp\/v2\/pages\/7404\/revisions"}],"predecessor-version":[{"id":10786,"href":"https:\/\/tilakpolypack.com\/fr\/wp-json\/wp\/v2\/pages\/7404\/revisions\/10786"}],"wp:featuredmedia":[{"embeddable":true,"href":"https:\/\/tilakpolypack.com\/fr\/wp-json\/wp\/v2\/media\/10393"}],"wp:attachment":[{"href":"https:\/\/tilakpolypack.com\/fr\/wp-json\/wp\/v2\/media?parent=7404"}],"curies":[{"name":"wp","href":"https:\/\/api.w.org\/{rel}","templated":true}]}}