{"id":7403,"date":"2023-10-06T10:21:45","date_gmt":"2023-10-06T10:21:45","guid":{"rendered":"https:\/\/archiveyourwords.com\/tilak\/?page_id=7403"},"modified":"2025-09-17T17:02:50","modified_gmt":"2025-09-17T17:02:50","slug":"film-easy-peel","status":"publish","type":"page","link":"https:\/\/tilakpolypack.com\/fr\/film-easy-peel\/","title":{"rendered":"Film Easy Peel"},"content":{"rendered":"<section class=\"wpb-content-wrapper\"><p>[vc_row][vc_column][vc_column_text]<\/p>\n<div class=\"col-md-12\">\n<h2 class=\"prod-category-img\">Easy Peel Film \u2013 An Economical Option<\/h2>\n<\/div>\n<div class=\"col-md-12\">\n<p><a href=\"https:\/\/tilakpolypack.com\/fr\/films-doperculage\/\"><strong>Le film Easy Peel<\/strong><\/a> est une option tr\u00e8s \u00e9conomique par rapport aux couvercles en plastique rigide classiques. Ces films prennent moins de place lors du transport et constituent donc une option tr\u00e8s rentable par rapport aux couvercles ou housses en plastique traditionnels.<\/p>\n<h2>Capacit\u00e9 d&#8217;\u00e9tanch\u00e9it\u00e9 du film facile \u00e0 d\u00e9coller<\/h2>\n<p>Gr\u00e2ce \u00e0 la capacit\u00e9 d&#8217;\u00e9tanch\u00e9it\u00e9 du film facile \u00e0 d\u00e9coller, il est sans danger pour les aliments, car il est facile de savoir si le sceau a \u00e9t\u00e9 bris\u00e9 en cas d&#8217;alt\u00e9ration.<\/p>\n<p>Le film pelable que nous fabriquons est facile \u00e0 retirer \u00e0 l&#8217;aide de vos doigts. Nous fournissons \u00e0 nos clients des films pelables sur mesure. Cela implique de r\u00e9aliser les dimensions et l&#8217;impression sur ce film selon les exigences du client. Nos films de recouvrement pelables sont largement utilis\u00e9s sur toutes sortes de r\u00e9cipients et de gobelets en plastique. Nous proposons \u00e9galement des qualit\u00e9s universelles qui peuvent sceller tous les types de r\u00e9cipients en plastique.<\/p>\n<p>Un <a href=\"https:\/\/tilakpolypack.com\/fr\/film-adhesif\/\"><strong>film alimentaire<\/strong><\/a> bien d\u00e9fini est lamin\u00e9 sur la face scellable du film afin de garantir que celui-ci puisse \u00eatre facilement d\u00e9coll\u00e9, m\u00eame lorsque les enfants l&#8217;utilisent seuls pour consommer le produit.<\/p>\n<p>Tilak Polypack est l&#8217;un des principaux fabricants et fournisseurs mondiaux de films Easy Peel. Pr\u00e9sent dans des pays tels que les \u00c9tats-Unis, Singapour, l&#8217;Australie, l&#8217;Allemagne, le Canada, la Nouvelle-Z\u00e9lande, le Royaume-Uni, l&#8217;Irlande, l&#8217;\u00c9cosse et la Norv\u00e8ge, Tilak Polypack s&#8217;est impos\u00e9 comme un fournisseur fiable de films Easy Peel de haute qualit\u00e9.<\/p>\n<h2>Caract\u00e9ristiques du film Easy Peel<\/h2>\n<\/div>\n<ul>\n<li>Exfoliation douce sans effort<\/li>\n<li>Non collant<\/li>\n<li>Ne laisse aucun r\u00e9sidu<\/li>\n<li>Fonctionne bien avec toutes sortes de temp\u00e9ratures, du chaud au froid.<\/li>\n<li>Bonne r\u00e9sistance d&#8217;\u00e9tanch\u00e9it\u00e9 \u00e0 basse comme \u00e0 haute temp\u00e9rature.<\/li>\n<li>Les produits Easy Seal peuvent \u00eatre fabriqu\u00e9s selon les exigences des clients.<\/li>\n<\/ul>\n<h2>Comment choisir des films faciles \u00e0 d\u00e9coller ?<\/h2>\n<p>Lorsqu&#8217;il s&#8217;agit de choisir les propri\u00e9t\u00e9s d&#8217;\u00e9tanch\u00e9it\u00e9 et de pelabilit\u00e9 souhait\u00e9es pour votre emballage, il s&#8217;agit d&#8217;une d\u00e9cision cruciale qui n\u00e9cessite une r\u00e9flexion approfondie. En tant que fabricant exp\u00e9riment\u00e9 de mat\u00e9riaux TPE de qualit\u00e9 m\u00e9dicale et de films Easy Peel, Everlon vous fournit des informations pr\u00e9cieuses sur les huit facteurs principaux \u00e0 prendre en compte.<\/p>\n<ol>\n<li><strong>Compatibilit\u00e9<\/strong> : Les emballages pour dispositifs m\u00e9dicaux utilisent g\u00e9n\u00e9ralement des mat\u00e9riaux tels que du papier de qualit\u00e9 m\u00e9dicale (ou une alternative appropri\u00e9e comme le Tyvek), de l&#8217;aluminium ou divers types de plastiques, notamment le LLDPE, le PP, le PET, le <a href=\"https:\/\/tilakpolypack.com\/fr\/film-detancheite-pour-les-hanches\/\"><strong>HIPS<\/strong><\/a> et le vinyle. Assurez-vous que le film facile \u00e0 d\u00e9coller est compatible avec le format d&#8217;emballage que vous comptez utiliser, par exemple des barquettes ou des r\u00e9cipients.<\/li>\n<li><strong>Facilit\u00e9 de pelage<\/strong> : recherchez des films sp\u00e9cialement con\u00e7us pour \u00eatre \u00ab faciles \u00e0 peler \u00bb ou \u00ab pelables \u00bb, qui n\u00e9cessitent peu de force pour \u00eatre pel\u00e9s et s&#8217;ouvrent sans effort.<\/li>\n<li><strong>R\u00e9sistance d&#8217;adh\u00e9rence :<\/strong>\u00a0V\u00e9rifiez la r\u00e9sistance d&#8217;adh\u00e9rence du film afin de vous assurer qu&#8217;il offre une \u00e9tanch\u00e9it\u00e9 s\u00fbre pendant le stockage et le transport, tout en permettant un retrait facile sans laisser de r\u00e9sidus.<\/li>\n<li><strong>R\u00e9sistance \u00e0 la perforation<\/strong> : Tenez compte de la r\u00e9sistance \u00e0 la perforation du film afin de prot\u00e9ger le contenu contre tout dommage accidentel pendant la manipulation et la distribution.<\/li>\n<li><strong>Application<\/strong> : D\u00e9terminez l&#8217;application sp\u00e9cifique du film facile \u00e0 peler, par exemple pour l&#8217;emballage alimentaire ou les produits m\u00e9dicaux, et assurez-vous qu&#8217;il r\u00e9pond aux exigences r\u00e9glementaires et aux normes requises.<\/li>\n<li><strong>Transparence<\/strong> : \u00c9valuez la transparence du film si la visibilit\u00e9 du produit emball\u00e9 est importante \u00e0 des fins de marketing ou de contr\u00f4le qualit\u00e9.<\/li>\n<li><strong>Compatibilit\u00e9 avec les m\u00e9thodes de scellage<\/strong> : v\u00e9rifiez si le film est compatible avec la m\u00e9thode de scellage utilis\u00e9e dans votre processus d&#8217;emballage, telle que le thermoscellage ou le scellage sensible \u00e0 la pression.<\/li>\n<li><strong>R\u00e9sistance \u00e0 la st\u00e9rilisation<\/strong> : Les m\u00e9thodes de st\u00e9rilisation les plus couramment utilis\u00e9es pour les dispositifs m\u00e9dicaux sont l&#8217;oxyde d&#8217;\u00e9thyl\u00e8ne (EO) et les rayons gamma. Il est important de choisir un mat\u00e9riau plastique pour les films Easy Peel qui soit compatible avec la m\u00e9thode de st\u00e9rilisation choisie.<\/li>\n<\/ol>\n<p>[\/vc_column_text][\/vc_column][\/vc_row][vc_row ts_responsive_css=&#8221;25777273|colbreak_no|20|||||10||10|colbreak_no|||||||||colbreak_no||||||||||colbreak_no|||||||||&#8221; css=&#8221;.vc_custom_1696656087423{margin-top: 30px !important;padding-right: 10px !important;padding-left: 10px !important;}&#8221;][vc_column]<section class=\"ts-vc_cta3-container\"><div class=\"ts-vc_general ts-vc_cta3 ts-cta3-only ts-vc_cta3-style-classic ts-vc_cta3-shape-rounded ts-vc_cta3-align-left ts-vc_cta3-color-transparent ts-vc_cta3-icon-size-md ts-vc_cta3-actions-right ts-cta3-with-desc\"><div class=\"ts-vc_cta3_content-container\"><div class=\"ts-vc_cta3-content\"><div class=\"ts-vc_cta3-content-header ts-wrap\"><div class=\"ts-vc_cta3-headers ts-wrap-cell\"><\/div><\/div><div class=\"ts-cta3-content-wrapper\"><p>Veuillez nous contacter au\u00a0<a href=\"tel:9227422544\">+91-9227422544<\/a>\u00a0ou nous envoyer un e-mail\u00a0<a href=\"mailto:info@tilakpolypack.com\">info@tilakpolypack.com<\/a> pour obtenir un devis ou de plus amples informations.<\/p><\/div><\/div><div class=\"ts-vc_cta3-actions\">\r\n\t\t<div class=\"ts-vc_btn3-container  popmake-8197 ts-vc_btn3-inline\"><a class=\"ts-vc_general ts-vc_btn3 ts-vc_btn3-size-md ts-vc_btn3-shape-rounded ts-vc_btn3-style-flat ts-vc_btn3-weight-yes ts-vc_btn3-color-skincolor\" href=\"\" title=\"\">send enquiry<\/a><\/div><\/div><\/div><\/div><\/section>[\/vc_column][\/vc_row]<\/p>\n<\/section>","protected":false},"excerpt":{"rendered":"<p>[vc_row][vc_column][vc_column_text] Easy Peel Film \u2013 An Economical Option Le film Easy Peel est une option tr\u00e8s \u00e9conomique par rapport aux couvercles en plastique rigide classiques. Ces films prennent moins de place lors du transport et constituent donc une option tr\u00e8s rentable par rapport aux couvercles ou housses en plastique traditionnels. Capacit\u00e9 d&#8217;\u00e9tanch\u00e9it\u00e9 du film facile &hellip; <a href=\"https:\/\/tilakpolypack.com\/fr\/film-easy-peel\/\" class=\"more-link\">Continue reading <span class=\"screen-reader-text\">Film Easy Peel<\/span><\/a><\/p>\n","protected":false},"author":1,"featured_media":10393,"parent":0,"menu_order":0,"comment_status":"closed","ping_status":"closed","template":"","meta":{"_acf_changed":false,"om_disable_all_campaigns":false,"_monsterinsights_skip_tracking":false,"_monsterinsights_sitenote_active":false,"_monsterinsights_sitenote_note":"","_monsterinsights_sitenote_category":0,"_uf_show_specific_survey":0,"_uf_disable_surveys":false,"footnotes":""},"class_list":["post-7403","page","type-page","status-publish","has-post-thumbnail","hentry"],"acf":[],"_links":{"self":[{"href":"https:\/\/tilakpolypack.com\/fr\/wp-json\/wp\/v2\/pages\/7403","targetHints":{"allow":["GET"]}}],"collection":[{"href":"https:\/\/tilakpolypack.com\/fr\/wp-json\/wp\/v2\/pages"}],"about":[{"href":"https:\/\/tilakpolypack.com\/fr\/wp-json\/wp\/v2\/types\/page"}],"author":[{"embeddable":true,"href":"https:\/\/tilakpolypack.com\/fr\/wp-json\/wp\/v2\/users\/1"}],"replies":[{"embeddable":true,"href":"https:\/\/tilakpolypack.com\/fr\/wp-json\/wp\/v2\/comments?post=7403"}],"version-history":[{"count":6,"href":"https:\/\/tilakpolypack.com\/fr\/wp-json\/wp\/v2\/pages\/7403\/revisions"}],"predecessor-version":[{"id":10784,"href":"https:\/\/tilakpolypack.com\/fr\/wp-json\/wp\/v2\/pages\/7403\/revisions\/10784"}],"wp:featuredmedia":[{"embeddable":true,"href":"https:\/\/tilakpolypack.com\/fr\/wp-json\/wp\/v2\/media\/10393"}],"wp:attachment":[{"href":"https:\/\/tilakpolypack.com\/fr\/wp-json\/wp\/v2\/media?parent=7403"}],"curies":[{"name":"wp","href":"https:\/\/api.w.org\/{rel}","templated":true}]}}