{"id":7399,"date":"2023-10-06T10:21:07","date_gmt":"2023-10-06T10:21:07","guid":{"rendered":"https:\/\/archiveyourwords.com\/tilak\/?page_id=7399"},"modified":"2025-09-17T06:53:07","modified_gmt":"2025-09-17T06:53:07","slug":"fabricants-de-films-etirables-vci","status":"publish","type":"page","link":"https:\/\/tilakpolypack.com\/fr\/fabricants-de-films-etirables-vci\/","title":{"rendered":"Fabricants de films \u00e9tirables VCI"},"content":{"rendered":"<section class=\"wpb-content-wrapper\"><p>[vc_row][vc_column][vc_column_text]<\/p>\n<div class=\"col-md-12\">\n<div>\n<h2><span data-sheets-root=\"1\">Film \u00e9tirable VCI <\/span><\/h2>\n<div>Les films \u00e9tirables VCI sont des <a href=\"https:\/\/tilakpolypack.com\/fr\/films-demballage\/\"><strong>films d&#8217;emballage<\/strong><\/a> sp\u00e9cialis\u00e9s qui combinent les avantages du film \u00e9tirable avec la technologie VCI (inhibiteur de corrosion volatil). Ils offrent une protection contre la corrosion et l&#8217;humidit\u00e9 pour les produits m\u00e9talliques pendant le stockage et le transport.<\/div>\n<div>\n<p>La technologie VCI lib\u00e8re une vapeur anticorrosion qui forme une couche protectrice \u00e0 la surface du m\u00e9tal, emp\u00eachant ainsi la formation de rouille et la corrosion. Le processus consiste \u00e0 envelopper le produit m\u00e9tallique dans un film \u00e9tirable VCI, qui maintient et prot\u00e8ge solidement l&#8217;article tout en offrant l&#8217;avantage suppl\u00e9mentaire d&#8217;une protection contre la corrosion.<\/p>\n<h2 class=\"prod-category-img\">Fabricant de film \u00e9tirable VCI<\/h2>\n<p>Tilak Polypack est sp\u00e9cialis\u00e9 dans la fabrication de films \u00e9tirables VCI (inhibiteur de corrosion par vapeur), qui offrent une protection avanc\u00e9e contre la corrosion pour les produits m\u00e9talliques. Nos films \u00e9tirables VCI sont con\u00e7us pour offrir une qualit\u00e9 et des performances exceptionnelles. Voici un aper\u00e7u du processus de fabrication et des caract\u00e9ristiques de nos films \u00e9tirables VCI :<\/p>\n<\/div>\n<\/div>\n<\/div>\n<div class=\"col-md-12\">\n<h3>Processus de fabrication :<\/h3>\n<ol>\n<li><strong>M\u00e9lange de r\u00e9sines<\/strong> : Des r\u00e9sines et des additifs de haute qualit\u00e9 sont soigneusement s\u00e9lectionn\u00e9s et m\u00e9lang\u00e9s pour cr\u00e9er une formulation VCI sp\u00e9cialis\u00e9e.<\/li>\n<li><strong>Extrusion du film<\/strong> : Le m\u00e9lange de r\u00e9sine VCI est extrud\u00e9 \u00e0 travers une fili\u00e8re, formant un film plastique continu.<\/li>\n<li><strong>Application du rev\u00eatement VCI<\/strong> : La formulation VCI est appliqu\u00e9e uniform\u00e9ment sur la surface du film \u00e0 l&#8217;aide de techniques de rev\u00eatement avanc\u00e9es, garantissant une r\u00e9partition homog\u00e8ne des agents anticorrosion.<\/li>\n<li><strong>Production de film \u00e9tirable<\/strong> : Le film enduit est ensuite \u00e9tir\u00e9 et refroidi, formant un film \u00e9tirable VCI solide, flexible et r\u00e9sistant \u00e0 la corrosion.<\/li>\n<li><strong>D\u00e9coupe et emballage<\/strong> : Le film \u00e9tirable VCI est d\u00e9coup\u00e9 aux largeurs et longueurs souhait\u00e9es, puis emball\u00e9 pour \u00eatre exp\u00e9di\u00e9 aux clients.<\/li>\n<\/ol>\n<p>Tilak Polypack est l&#8217;un des principaux fabricants et fournisseurs mondiaux de films \u00e9tirables VCI. Pr\u00e9sent dans des pays tels que les \u00c9tats-Unis, Singapour, l&#8217;Australie, l&#8217;Allemagne, le Canada, la Nouvelle-Z\u00e9lande, le Royaume-Uni, l&#8217;Irlande, l&#8217;\u00c9cosse et la Norv\u00e8ge, Tilak Polypack s&#8217;est impos\u00e9 comme un fournisseur fiable de films \u00e9tirables VCI de haute qualit\u00e9.<\/p>\n<h2>Caract\u00e9ristiques des films \u00e9tirables VCI :<\/h2>\n<ul>\n<li><strong>Protection contre la corrosion<\/strong> : nos films \u00e9tirables VCI lib\u00e8rent des inhibiteurs de corrosion sous forme de vapeur qui cr\u00e9ent une barri\u00e8re protectrice sur les surfaces m\u00e9talliques, emp\u00eachant ainsi la formation de rouille et de corrosion.<\/li>\n<li><strong>Application polyvalente<\/strong> : les films \u00e9tirables VCI peuvent \u00eatre utilis\u00e9s pour une large gamme de produits m\u00e9talliques, notamment les bobines, les t\u00f4les, les machines et les \u00e9quipements.<\/li>\n<li><strong>Excellente extensibilit\u00e9<\/strong> : les films \u00e9tirables offrent une excellente \u00e9longation et une excellente r\u00e9cup\u00e9ration apr\u00e8s \u00e9tirement, garantissant un emballage s\u00fbr et serr\u00e9 des articles m\u00e9talliques.<\/li>\n<li><strong>Application facile<\/strong> : nos films \u00e9tirables VCI sont con\u00e7us pour \u00eatre faciles \u00e0 appliquer \u00e0 l&#8217;aide d&#8217;un \u00e9quipement d&#8217;emballage \u00e9tirable standard, offrant ainsi des solutions d&#8217;emballage efficaces et rapides.<\/li>\n<li><strong>Protection longue dur\u00e9e<\/strong> : les propri\u00e9t\u00e9s anticorrosion de nos films \u00e9tirables VCI restent efficaces pendant de longues p\u00e9riodes, offrant une protection fiable pendant le stockage et le transport.<\/li>\n<li><strong>Transparent et clair<\/strong> : les films sont transparents et clairs, ce qui permet de voir et d&#8217;identifier facilement les produits m\u00e9talliques emball\u00e9s.<\/li>\n<\/ul>\n<p>Chez Tilak Polypack, nous nous engageons \u00e0 fournir des films \u00e9tirables VCI de qualit\u00e9 sup\u00e9rieure qui r\u00e9pondent aux normes les plus strictes de l&#8217;industrie.<\/p>\n<p>Nos films sont soumis \u00e0 des tests approfondis de performance et de durabilit\u00e9 afin de garantir une protection fiable contre la corrosion pour vos pr\u00e9cieux produits m\u00e9talliques. Gr\u00e2ce \u00e0 notre expertise, \u00e0 nos processus de fabrication avanc\u00e9s et \u00e0 notre engagement envers la satisfaction de nos clients, nous nous effor\u00e7ons d&#8217;\u00eatre le meilleur <a href=\"https:\/\/tilakpolypack.com\/fr\/film-etirable\/\"><strong>fournisseur de films \u00e9tirables VCI<\/strong><\/a> sur le march\u00e9.<\/p>\n<p>Nous proposons \u00e9galement des films \u00e9tirables VCI pour les besoins d&#8217;emballage sp\u00e9cialis\u00e9s, offrant ainsi \u00e0 nos clients une gamme compl\u00e8te de solutions de protection contre la corrosion.<\/p>\n<h2>Avantages<\/h2>\n<ul>\n<li><strong>Protection contre la corrosion<\/strong> : les films \u00e9tirables VCI prot\u00e8gent les surfaces m\u00e9talliques contre la rouille et la corrosion.<\/li>\n<\/ul>\n<\/div>\n<ul>\n<li><strong>Encapsulation s\u00e9curis\u00e9e<\/strong> : les emballages \u00e9pousent parfaitement la forme de l&#8217;article emball\u00e9, formant ainsi une barri\u00e8re s\u00e9curis\u00e9e.<\/li>\n<li><strong>Utilisation polyvalente<\/strong> : Convient \u00e0 divers produits m\u00e9talliques, y compris les machines et les \u00e9quipements.<\/li>\n<li><strong>Protection longue dur\u00e9e<\/strong> : les emballages VCI offrent une protection prolong\u00e9e pendant le stockage et le transport.<\/li>\n<li><strong>Inspection visuelle<\/strong> : les emballages transparents permettent une inspection visuelle facile de l&#8217;article.<\/li>\n<li><strong>Rentable<\/strong> : les emballages VCI constituent une solution rentable pour la pr\u00e9vention de la corrosion.<\/li>\n<li><strong>Gain de temps<\/strong> : une application rapide et efficace permet de gagner du temps dans le processus d&#8217;emballage.<\/li>\n<li><strong>Respectueux de l&#8217;environnement<\/strong> : emballages recyclables sans produits chimiques nocifs.<\/li>\n<\/ul>\n<p>Ces avantages font des films \u00e9tirables VCI un excellent choix pour prot\u00e9ger les produits m\u00e9talliques, garantir leur qualit\u00e9 et leur int\u00e9grit\u00e9. Le film \u00e9tirable VCI aide \u00e0 prot\u00e9ger les objets m\u00e9talliques contre la rouille.[\/vc_column_text][vc_wp_text title=&#8221;Size Details&#8221;]<\/p>\n<table>\n<thead>\n<tr>\n<th>Fonctionnalit\u00e9<\/th>\n<th>Description<\/th>\n<\/tr>\n<\/thead>\n<tbody>\n<tr>\n<td>Protection contre la poussi\u00e8re \/ la salet\u00e9<\/td>\n<td>Oui<\/td>\n<\/tr>\n<tr>\n<td>Emballage \u00e9tanche<\/td>\n<td>Contribue \u00e0 rendre l&#8217;emballage imperm\u00e9able lorsqu&#8217;il est enroul\u00e9 autour de contenants en papier.<\/td>\n<\/tr>\n<tr>\n<td>Inspection visuelle<\/td>\n<td>Aides \u00e0 l&#8217;inspection visuelle<\/td>\n<\/tr>\n<tr>\n<td>Rentabilit\u00e9<\/td>\n<td>Plus rentable que les sangles, le film r\u00e9tractable et le carton ondul\u00e9.<\/td>\n<\/tr>\n<tr>\n<td>Options d&#8217;emballage<\/td>\n<td>Disponible pour l&#8217;emballage manuel \/ l&#8217;emballage m\u00e9canique<\/td>\n<\/tr>\n<tr>\n<td>Largeurs standard<\/td>\n<td>50 mm \/ 100 mm \/ 150 mm \/ 200 mm \/ 300 mm \/ 450 mm \/ 500 mm \/ 600 mm (Autres largeurs disponibles sur demande. Largeur maximale : 1,5 m\u00e8tre)<\/td>\n<\/tr>\n<tr>\n<td>\u00c9paisseur standard<\/td>\n<td>12 microns \/ 15 microns \/ 18 microns \/ 23 microns \/ 29 microns (autres \u00e9paisseurs disponibles sur demande)<\/td>\n<\/tr>\n<tr>\n<td>Couleurs standard<\/td>\n<td>Naturel \/ Blanc opaque \/ Bleu \/ Noir (Autres couleurs disponibles sur demande)<\/td>\n<\/tr>\n<tr>\n<td>Identifiant standard de base<\/td>\n<td>25 mm \/ 31 mm \/ 76,2 mm<\/td>\n<\/tr>\n<tr>\n<td>Additifs sp\u00e9ciaux<\/td>\n<td>UV Protection \/ VCI \/ Antistatic<\/td>\n<\/tr>\n<\/tbody>\n<\/table>\n<p>[\/vc_wp_text][\/vc_column][\/vc_row][vc_row ts_responsive_css=&#8221;25777273|colbreak_no|20|||||10||10|colbreak_no|||||||||colbreak_no||||||||||colbreak_no|||||||||&#8221; css=&#8221;.vc_custom_1696656087423{margin-top: 30px !important;padding-right: 10px !important;padding-left: 10px !important;}&#8221;][vc_column]<section class=\"ts-vc_cta3-container\"><div class=\"ts-vc_general ts-vc_cta3 ts-cta3-only ts-vc_cta3-style-classic ts-vc_cta3-shape-rounded ts-vc_cta3-align-left ts-vc_cta3-color-transparent ts-vc_cta3-icon-size-md ts-vc_cta3-actions-right ts-cta3-with-desc\"><div class=\"ts-vc_cta3_content-container\"><div class=\"ts-vc_cta3-content\"><div class=\"ts-vc_cta3-content-header ts-wrap\"><div class=\"ts-vc_cta3-headers ts-wrap-cell\"><\/div><\/div><div class=\"ts-cta3-content-wrapper\"><p>Veuillez nous contacter au\u00a0<a href=\"tel:9227422544\">+91-9227422544<\/a>\u00a0ou nous envoyer un e-mail\u00a0<a href=\"mailto:info@tilakpolypack.com\">info@tilakpolypack.com<\/a> pour obtenir un devis ou de plus amples informations.<\/p><\/div><\/div><div class=\"ts-vc_cta3-actions\">\r\n\t\t<div class=\"ts-vc_btn3-container  popmake-8197 ts-vc_btn3-inline\"><a class=\"ts-vc_general ts-vc_btn3 ts-vc_btn3-size-md ts-vc_btn3-shape-rounded ts-vc_btn3-style-flat ts-vc_btn3-weight-yes ts-vc_btn3-color-skincolor\" href=\"\" title=\"\">send enquiry<\/a><\/div><\/div><\/div><\/div><\/section>[\/vc_column][\/vc_row]<\/p>\n<\/section>","protected":false},"excerpt":{"rendered":"<p>[vc_row][vc_column][vc_column_text] Film \u00e9tirable VCI Les films \u00e9tirables VCI sont des films d&#8217;emballage sp\u00e9cialis\u00e9s qui combinent les avantages du film \u00e9tirable avec la technologie VCI (inhibiteur de corrosion volatil). Ils offrent une protection contre la corrosion et l&#8217;humidit\u00e9 pour les produits m\u00e9talliques pendant le stockage et le transport. La technologie VCI lib\u00e8re une vapeur anticorrosion qui &hellip; <a href=\"https:\/\/tilakpolypack.com\/fr\/fabricants-de-films-etirables-vci\/\" class=\"more-link\">Continue reading <span class=\"screen-reader-text\">Fabricants de films \u00e9tirables VCI<\/span><\/a><\/p>\n","protected":false},"author":1,"featured_media":10406,"parent":0,"menu_order":0,"comment_status":"closed","ping_status":"closed","template":"","meta":{"_acf_changed":false,"om_disable_all_campaigns":false,"_monsterinsights_skip_tracking":false,"_monsterinsights_sitenote_active":false,"_monsterinsights_sitenote_note":"","_monsterinsights_sitenote_category":0,"_uf_show_specific_survey":0,"_uf_disable_surveys":false,"footnotes":""},"class_list":["post-7399","page","type-page","status-publish","has-post-thumbnail","hentry"],"acf":[],"_links":{"self":[{"href":"https:\/\/tilakpolypack.com\/fr\/wp-json\/wp\/v2\/pages\/7399","targetHints":{"allow":["GET"]}}],"collection":[{"href":"https:\/\/tilakpolypack.com\/fr\/wp-json\/wp\/v2\/pages"}],"about":[{"href":"https:\/\/tilakpolypack.com\/fr\/wp-json\/wp\/v2\/types\/page"}],"author":[{"embeddable":true,"href":"https:\/\/tilakpolypack.com\/fr\/wp-json\/wp\/v2\/users\/1"}],"replies":[{"embeddable":true,"href":"https:\/\/tilakpolypack.com\/fr\/wp-json\/wp\/v2\/comments?post=7399"}],"version-history":[{"count":8,"href":"https:\/\/tilakpolypack.com\/fr\/wp-json\/wp\/v2\/pages\/7399\/revisions"}],"predecessor-version":[{"id":10679,"href":"https:\/\/tilakpolypack.com\/fr\/wp-json\/wp\/v2\/pages\/7399\/revisions\/10679"}],"wp:featuredmedia":[{"embeddable":true,"href":"https:\/\/tilakpolypack.com\/fr\/wp-json\/wp\/v2\/media\/10406"}],"wp:attachment":[{"href":"https:\/\/tilakpolypack.com\/fr\/wp-json\/wp\/v2\/media?parent=7399"}],"curies":[{"name":"wp","href":"https:\/\/api.w.org\/{rel}","templated":true}]}}