{"id":7395,"date":"2023-10-06T10:20:34","date_gmt":"2023-10-06T10:20:34","guid":{"rendered":"https:\/\/archiveyourwords.com\/tilak\/?page_id=7395"},"modified":"2025-09-17T06:42:51","modified_gmt":"2025-09-17T06:42:51","slug":"film-pre-etire","status":"publish","type":"page","link":"https:\/\/tilakpolypack.com\/fr\/film-pre-etire\/","title":{"rendered":"Film pr\u00e9-\u00e9tir\u00e9"},"content":{"rendered":"<section class=\"wpb-content-wrapper\"><p>[vc_row][vc_column][vc_column_text]<\/p>\n<div class=\"col-md-12\">\n<h2 class=\"prod-category-img\">Qu&#8217;est-ce que le pr\u00e9-\u00e9tirement ?<\/h2>\n<\/div>\n<div class=\"col-md-12\">\n<p>Le pr\u00e9-\u00e9tirage est le processus qui permet d&#8217;\u00e9tirer le <a href=\"https:\/\/tilakpolypack.com\/fr\/film-etirable-en-plastique\/\"><strong>film \u00e9tirable<\/strong><\/a> avant (pr\u00e9) de l&#8217;appliquer sur une charge.<\/p>\n<p>Le film pr\u00e9-\u00e9tirable est un film \u00e9tirable multicouche plus fin et plus r\u00e9sistant que le film \u00e9tirable standard. Ce film \u00e9tirable multicouche poss\u00e8de des caract\u00e9ristiques sp\u00e9ciales qui augmentent sa r\u00e9sistance \u00e0 l&#8217;\u00e9tirement et renforcent la tenue de la charge pendant le transport. Au final, cela r\u00e9duit les d\u00e9chets environnementaux, car l&#8217;op\u00e9rateur consomme moins de mat\u00e9riau pendant l&#8217;utilisation.<\/p>\n<p>The high-performance pre-stretched film brings the benefits of the modern top of the range stretch wrapper to less advanced machines.<\/p>\n<p>Pre-stretch is strong, consistent and stable at a minimum effort of the worker. The cost of consumables is drastically reduced while increasing film coverage.<\/p>\n<p>Tilak Polypack est l&#8217;un des principaux fabricants et <a href=\"https:\/\/tilakpolypack.com\/fr\/film-etirable\/\"><strong>fournisseurs mondiaux de films pr\u00e9-\u00e9tir\u00e9s<\/strong><\/a>. Pr\u00e9sent dans des pays tels que les \u00c9tats-Unis, Singapour, l&#8217;Australie, l&#8217;Allemagne, le Canada, la Nouvelle-Z\u00e9lande, le Royaume-Uni, l&#8217;Irlande, l&#8217;\u00c9cosse et la Norv\u00e8ge, Tilak Polypack s&#8217;est impos\u00e9 comme un fournisseur fiable de films pr\u00e9-\u00e9tir\u00e9s de haute qualit\u00e9.<\/p>\n<h2>Pourquoi utiliser un film pr\u00e9-\u00e9tir\u00e9 ?<\/h2>\n<ul>\n<li style=\"list-style-type: none;\">\n<ul>\n<li>Co\u00fbt et temps efficaces<\/li>\n<li>Haute performance ; r\u00e9sistance \u00e0 la perforation et \u00e0 la d\u00e9chirure pour une \u00e9paisseur plus fine<\/li>\n<li>Transport \u00e9conomique<\/li>\n<li>Bords renforc\u00e9s pour assurer la force de maintien de la charge<\/li>\n<li>Convivial<\/li>\n<li>Consistances extensibles<\/li>\n<li>Facile \u00e0 emballer, \u00e9conomie de main-d&#8217;\u0153uvre<\/li>\n<li>Respectueux de l&#8217;environnement et facilement recyclable<\/li>\n<\/ul>\n<\/li>\n<\/ul>\n<h2>Rentable et rapide<\/h2>\n<ul>\n<li>R\u00e9duction de 50 % de la consommation de film.<\/li>\n<li>Longueur plus importante pour un poids identique gr\u00e2ce \u00e0 sa faible \u00e9paisseur.<\/li>\n<li>Moins de temps et d&#8217;efforts pour emballer une charge.<\/li>\n<li>Pr\u00e9sente un r\u00e9tr\u00e9cissement minimal au niveau du col lors de l&#8217;application.<\/li>\n<\/ul>\n<h2>User Friendly<\/h2>\n<ul>\n<li>50 % plus l\u00e9ger.<\/li>\n<\/ul>\n<h2>Environnemental et \u00e9conomique<\/h2>\n<ul>\n<li>Moins de film, moins de d\u00e9chets.<\/li>\n<\/ul>\n<h2>Les r\u00e9sultats sont clairs :<\/h2>\n<ul>\n<li>R\u00e9duction de la consommation de film et donc diminution des co\u00fbts d&#8217;emballage et d&#8217;\u00e9limination des d\u00e9chets<\/li>\n<li>Plus de m\u00e8tres par rouleau pour r\u00e9duire l&#8217;espace de stockage et limiter les changements de rouleaux pendant le traitement<\/li>\n<li>Forces de r\u00e9tention \u00e9lev\u00e9es pour une stabilit\u00e9 optimale des palettes<\/li>\n<\/ul>\n<p>Chez Tilak Polypack Pvt. Ltd., nous sommes l&#8217;un des principaux fabricants de film pr\u00e9-\u00e9tirable. Nous utilisons des machines import\u00e9es d&#8217;Europe afin de fournir un film pr\u00e9-\u00e9tirable de la meilleure qualit\u00e9 possible.<\/p>\n<p>Veuillez nous contacter au\u00a0<a href=\"tel:9227422544\">+91-9227422544<\/a>\u00a0ou nous envoyer un e-mail\u00a0<a href=\"mailto:info@tilakpolypack.com\">info@tilakpolypack.com<\/a> pour obtenir un devis ou de plus amples informations.<\/p>\n<p>Tailles standard disponibles :<\/p>\n<table>\n<thead>\n<tr>\n<th>Type d&#8217;utilisation<\/th>\n<th>D\u00e9tails sur la taille<\/th>\n<th>Identifiant principal<\/th>\n<\/tr>\n<\/thead>\n<tbody>\n<tr>\n<td>Utilisation des mains<\/td>\n<td>430 x 450 mm x 9 microns x 500 m\u00e8tres<\/td>\n<td>2 Identifiant Paper Core<\/td>\n<\/tr>\n<tr>\n<td>Utilisation de la machine<\/td>\n<td>430 x 450 mm x 9 microns x 1 500 m\u00e8tres<\/td>\n<td>3 Identifiant du noyau papier<\/td>\n<\/tr>\n<tr>\n<td>Autres tailles<\/td>\n<td>150 mm, 200 mm, 250 mm, 300 mm, 400 mm, 500 mm, 550 mm (peut \u00eatre fabriqu\u00e9 sur demande)<\/td>\n<td>&#8211;<\/td>\n<\/tr>\n<\/tbody>\n<\/table>\n<\/div>\n<p>[\/vc_column_text][\/vc_column][\/vc_row][vc_row ts_responsive_css=&#8221;25777273|colbreak_no|20|||||10||10|colbreak_no|||||||||colbreak_no||||||||||colbreak_no|||||||||&#8221; css=&#8221;.vc_custom_1696656087423{margin-top: 30px !important;padding-right: 10px !important;padding-left: 10px !important;}&#8221;][vc_column]<section class=\"ts-vc_cta3-container\"><div class=\"ts-vc_general ts-vc_cta3 ts-cta3-only ts-vc_cta3-style-classic ts-vc_cta3-shape-rounded ts-vc_cta3-align-left ts-vc_cta3-color-transparent ts-vc_cta3-icon-size-md ts-vc_cta3-actions-right ts-cta3-with-desc\"><div class=\"ts-vc_cta3_content-container\"><div class=\"ts-vc_cta3-content\"><div class=\"ts-vc_cta3-content-header ts-wrap\"><div class=\"ts-vc_cta3-headers ts-wrap-cell\"><\/div><\/div><div class=\"ts-cta3-content-wrapper\"><p>Veuillez nous contacter au\u00a0<a href=\"tel:9227422544\">+91-9227422544<\/a>\u00a0ou nous envoyer un e-mail\u00a0<a href=\"mailto:info@tilakpolypack.com\">info@tilakpolypack.com<\/a> pour obtenir un devis ou de plus amples informations.<\/p><\/div><\/div><div class=\"ts-vc_cta3-actions\">\r\n\t\t<div class=\"ts-vc_btn3-container  popmake-8197 ts-vc_btn3-inline\"><a class=\"ts-vc_general ts-vc_btn3 ts-vc_btn3-size-md ts-vc_btn3-shape-rounded ts-vc_btn3-style-flat ts-vc_btn3-weight-yes ts-vc_btn3-color-skincolor\" href=\"\" title=\"\">send enquiry<\/a><\/div><\/div><\/div><\/div><\/section>[\/vc_column][\/vc_row]<\/p>\n<\/section>","protected":false},"excerpt":{"rendered":"<p>[vc_row][vc_column][vc_column_text] Qu&#8217;est-ce que le pr\u00e9-\u00e9tirement ? Le pr\u00e9-\u00e9tirage est le processus qui permet d&#8217;\u00e9tirer le film \u00e9tirable avant (pr\u00e9) de l&#8217;appliquer sur une charge. Le film pr\u00e9-\u00e9tirable est un film \u00e9tirable multicouche plus fin et plus r\u00e9sistant que le film \u00e9tirable standard. Ce film \u00e9tirable multicouche poss\u00e8de des caract\u00e9ristiques sp\u00e9ciales qui augmentent sa r\u00e9sistance \u00e0 &hellip; <a href=\"https:\/\/tilakpolypack.com\/fr\/film-pre-etire\/\" class=\"more-link\">Continue reading <span class=\"screen-reader-text\">Film pr\u00e9-\u00e9tir\u00e9<\/span><\/a><\/p>\n","protected":false},"author":1,"featured_media":8097,"parent":0,"menu_order":0,"comment_status":"closed","ping_status":"closed","template":"","meta":{"_acf_changed":false,"om_disable_all_campaigns":false,"_monsterinsights_skip_tracking":false,"_monsterinsights_sitenote_active":false,"_monsterinsights_sitenote_note":"","_monsterinsights_sitenote_category":0,"_uf_show_specific_survey":0,"_uf_disable_surveys":false,"footnotes":""},"class_list":["post-7395","page","type-page","status-publish","has-post-thumbnail","hentry"],"acf":[],"_links":{"self":[{"href":"https:\/\/tilakpolypack.com\/fr\/wp-json\/wp\/v2\/pages\/7395","targetHints":{"allow":["GET"]}}],"collection":[{"href":"https:\/\/tilakpolypack.com\/fr\/wp-json\/wp\/v2\/pages"}],"about":[{"href":"https:\/\/tilakpolypack.com\/fr\/wp-json\/wp\/v2\/types\/page"}],"author":[{"embeddable":true,"href":"https:\/\/tilakpolypack.com\/fr\/wp-json\/wp\/v2\/users\/1"}],"replies":[{"embeddable":true,"href":"https:\/\/tilakpolypack.com\/fr\/wp-json\/wp\/v2\/comments?post=7395"}],"version-history":[{"count":3,"href":"https:\/\/tilakpolypack.com\/fr\/wp-json\/wp\/v2\/pages\/7395\/revisions"}],"predecessor-version":[{"id":10674,"href":"https:\/\/tilakpolypack.com\/fr\/wp-json\/wp\/v2\/pages\/7395\/revisions\/10674"}],"wp:featuredmedia":[{"embeddable":true,"href":"https:\/\/tilakpolypack.com\/fr\/wp-json\/wp\/v2\/media\/8097"}],"wp:attachment":[{"href":"https:\/\/tilakpolypack.com\/fr\/wp-json\/wp\/v2\/media?parent=7395"}],"curies":[{"name":"wp","href":"https:\/\/api.w.org\/{rel}","templated":true}]}}