{"id":7394,"date":"2023-10-06T10:20:19","date_gmt":"2023-10-06T10:20:19","guid":{"rendered":"https:\/\/archiveyourwords.com\/tilak\/?page_id=7394"},"modified":"2025-09-17T06:36:15","modified_gmt":"2025-09-17T06:36:15","slug":"film-etirable-pour-ensilage","status":"publish","type":"page","link":"https:\/\/tilakpolypack.com\/fr\/film-etirable-pour-ensilage\/","title":{"rendered":"Film \u00e9tirable pour ensilage"},"content":{"rendered":"<section class=\"wpb-content-wrapper\"><p>[vc_row][vc_column][vc_column_text]<\/p>\n<div class=\"col-md-12\">\n<h2 class=\"prod-category-img\">Film \u00e9tirable pour ensilage<\/h2>\n<\/div>\n<div class=\"col-md-12\">\n<p>Notre film \u00e9tirable pour ensilage offre une excellente adh\u00e9rence et une tr\u00e8s haute r\u00e9sistance \u00e0 la perforation, ce qui contribue \u00e0 r\u00e9duire la d\u00e9t\u00e9rioration de votre ensilage et \u00e0 maintenir une tr\u00e8s faible perm\u00e9abilit\u00e9 \u00e0 l&#8217;eau et \u00e0 l&#8217;oxyg\u00e8ne. Notre film \u00e9tirable pour ensilage offre une grande capacit\u00e9 de r\u00e9tention de charge afin de conserver la forme de la balle intacte pendant toute sa dur\u00e9e de vie.<\/p>\n<h2>Fabrication de films \u00e9tirables pour ensilage<\/h2>\n<p>Les films \u00e9tirables pour ensilage sont essentiels pour conserver et prot\u00e9ger l&#8217;ensilage, un type de fourrage stock\u00e9 pour l&#8217;alimentation du b\u00e9tail. Chez Tilak Polypack, nous sommes sp\u00e9cialis\u00e9s dans la fabrication de films \u00e9tirables pour ensilage de haute qualit\u00e9 \u00e0 l&#8217;aide de proc\u00e9d\u00e9s et de mat\u00e9riaux de pointe. Nos films offrent des caract\u00e9ristiques et des avantages sup\u00e9rieurs qui nous distinguent des autres acteurs du secteur.<\/p>\n<p>Le processus de fabrication des films \u00e9tirables pour ensilage consiste \u00e0 m\u00e9langer et \u00e0 extruder plusieurs couches de r\u00e9sines de poly\u00e9thyl\u00e8ne sp\u00e9cialis\u00e9es. Ces r\u00e9sines sont soigneusement s\u00e9lectionn\u00e9es pour leur r\u00e9sistance, leur flexibilit\u00e9 et leur durabilit\u00e9. Les couches extrud\u00e9es sont ensuite combin\u00e9es pour former un film solide et protecteur. Nos machines \u00e0 la pointe de la technologie garantissent une \u00e9paisseur pr\u00e9cise et une qualit\u00e9 constante tout au long du processus de production.<\/p>\n<p>Tilak Polypack est l&#8217;un des principaux fabricants et fournisseurs mondiaux de <a href=\"https:\/\/tilakpolypack.com\/fr\/film-etirable\/\"><strong>films \u00e9tirables pour ensilage<\/strong><\/a>. Pr\u00e9sent dans des pays tels que les \u00c9tats-Unis, Singapour, l&#8217;Australie, l&#8217;Allemagne, le Canada, la Nouvelle-Z\u00e9lande, le Royaume-Uni, l&#8217;Irlande, l&#8217;\u00c9cosse et la Norv\u00e8ge, Tilak Polypack s&#8217;est impos\u00e9 comme un fournisseur fiable de films \u00e9tirables pour ensilage de haute qualit\u00e9.<\/p>\n<h2>Film d\u2019ensilage agricole<\/h2>\n<p><span style=\"font-weight: 400;\"><a href=\"https:\/\/tilakpolypack.com\/fr\/films-agricoles\/\"><strong>Film d\u2019ensilage agricole<\/strong><\/a> est con\u00e7u pour r\u00e9pondre aux besoins sp\u00e9cifiques de l&#8217;agriculture moderne. Il est utilis\u00e9 pour diverses applications, telles que la couverture des cultures, la protection contre les intemp\u00e9ries et l&#8217;am\u00e9lioration de la croissance des plantes. Fabriqu\u00e9 \u00e0 partir de mat\u00e9riaux durables, il offre une r\u00e9sistance accrue aux d\u00e9chirures et aux perforations. Disponible en diff\u00e9rentes \u00e9paisseurs et dimensions, il s&#8217;adapte aux exigences vari\u00e9es des exploitations agricoles. Son utilisation permet d&#8217;optimiser les rendements tout en r\u00e9duisant les co\u00fbts li\u00e9s \u00e0 la gestion des cultures.<\/span><\/p>\n<h2>Notre film \u00e9tirable pour ensilage r\u00e9pond aux exigences suivantes d&#8217;un film \u00e9tirable pour ensilage de bonne qualit\u00e9.<\/h2>\n<ul>\n<li>Bonnes propri\u00e9t\u00e9s m\u00e9caniques, c&#8217;est-\u00e0-dire r\u00e9sistance \u00e0 la traction et r\u00e9sistance \u00e0 la perforation<\/li>\n<li>Haut niveau d&#8217;adh\u00e9rence<\/li>\n<li>Stabilis\u00e9 pour prot\u00e9ger contre les dommages caus\u00e9s par la lumi\u00e8re du soleil, notamment les rayons UV.<\/li>\n<li>Faible perm\u00e9abilit\u00e9 \u00e0 l&#8217;oxyg\u00e8ne et \u00e0 l&#8217;eau<\/li>\n<\/ul>\n<p>TAILLES DISPONIBLES :<\/p>\n<table>\n<thead>\n<tr>\n<th>D\u00e9tails sur la taille<\/th>\n<th>Sp\u00e9cifications<\/th>\n<\/tr>\n<\/thead>\n<tbody>\n<tr>\n<td>Largeur<\/td>\n<td>250 mm \/ 500 mm \/ 750 mm<\/td>\n<\/tr>\n<tr>\n<td>\u00c9paisseur<\/td>\n<td>23 Micron \/ 29 Micron<\/td>\n<\/tr>\n<tr>\n<td>Couleurs<\/td>\n<td>Blanc \/ Vert \/ Noir (Peut \u00eatre personnalis\u00e9)<\/td>\n<\/tr>\n<\/tbody>\n<\/table>\n<p>&nbsp;<\/p>\n<\/div>\n<p>[\/vc_column_text][\/vc_column][\/vc_row][vc_row ts_responsive_css=&#8221;25777273|colbreak_no|20|||||10||10|colbreak_no|||||||||colbreak_no||||||||||colbreak_no|||||||||&#8221; css=&#8221;.vc_custom_1696656087423{margin-top: 30px !important;padding-right: 10px !important;padding-left: 10px !important;}&#8221;][vc_column]<section class=\"ts-vc_cta3-container\"><div class=\"ts-vc_general ts-vc_cta3 ts-cta3-only ts-vc_cta3-style-classic ts-vc_cta3-shape-rounded ts-vc_cta3-align-left ts-vc_cta3-color-transparent ts-vc_cta3-icon-size-md ts-vc_cta3-actions-right ts-cta3-with-desc\"><div class=\"ts-vc_cta3_content-container\"><div class=\"ts-vc_cta3-content\"><div class=\"ts-vc_cta3-content-header ts-wrap\"><div class=\"ts-vc_cta3-headers ts-wrap-cell\"><\/div><\/div><div class=\"ts-cta3-content-wrapper\"><p>Veuillez nous contacter au\u00a0<a href=\"tel:9227422544\">+91-9227422544<\/a>\u00a0ou nous envoyer un e-mail\u00a0<a href=\"mailto:info@tilakpolypack.com\">info@tilakpolypack.com<\/a> pour obtenir un devis ou de plus amples informations.<\/p><\/div><\/div><div class=\"ts-vc_cta3-actions\">\r\n\t\t<div class=\"ts-vc_btn3-container  popmake-8197 ts-vc_btn3-inline\"><a class=\"ts-vc_general ts-vc_btn3 ts-vc_btn3-size-md ts-vc_btn3-shape-rounded ts-vc_btn3-style-flat ts-vc_btn3-weight-yes ts-vc_btn3-color-skincolor\" href=\"\" title=\"\">send enquiry<\/a><\/div><\/div><\/div><\/div><\/section>[\/vc_column][\/vc_row]<\/p>\n<\/section>","protected":false},"excerpt":{"rendered":"<p>[vc_row][vc_column][vc_column_text] Film \u00e9tirable pour ensilage Notre film \u00e9tirable pour ensilage offre une excellente adh\u00e9rence et une tr\u00e8s haute r\u00e9sistance \u00e0 la perforation, ce qui contribue \u00e0 r\u00e9duire la d\u00e9t\u00e9rioration de votre ensilage et \u00e0 maintenir une tr\u00e8s faible perm\u00e9abilit\u00e9 \u00e0 l&#8217;eau et \u00e0 l&#8217;oxyg\u00e8ne. Notre film \u00e9tirable pour ensilage offre une grande capacit\u00e9 de r\u00e9tention &hellip; <a href=\"https:\/\/tilakpolypack.com\/fr\/film-etirable-pour-ensilage\/\" class=\"more-link\">Continue reading <span class=\"screen-reader-text\">Film \u00e9tirable pour ensilage<\/span><\/a><\/p>\n","protected":false},"author":1,"featured_media":10404,"parent":0,"menu_order":0,"comment_status":"closed","ping_status":"closed","template":"","meta":{"_acf_changed":false,"om_disable_all_campaigns":false,"_monsterinsights_skip_tracking":false,"_monsterinsights_sitenote_active":false,"_monsterinsights_sitenote_note":"","_monsterinsights_sitenote_category":0,"_uf_show_specific_survey":0,"_uf_disable_surveys":false,"footnotes":""},"class_list":["post-7394","page","type-page","status-publish","has-post-thumbnail","hentry"],"acf":[],"_links":{"self":[{"href":"https:\/\/tilakpolypack.com\/fr\/wp-json\/wp\/v2\/pages\/7394","targetHints":{"allow":["GET"]}}],"collection":[{"href":"https:\/\/tilakpolypack.com\/fr\/wp-json\/wp\/v2\/pages"}],"about":[{"href":"https:\/\/tilakpolypack.com\/fr\/wp-json\/wp\/v2\/types\/page"}],"author":[{"embeddable":true,"href":"https:\/\/tilakpolypack.com\/fr\/wp-json\/wp\/v2\/users\/1"}],"replies":[{"embeddable":true,"href":"https:\/\/tilakpolypack.com\/fr\/wp-json\/wp\/v2\/comments?post=7394"}],"version-history":[{"count":5,"href":"https:\/\/tilakpolypack.com\/fr\/wp-json\/wp\/v2\/pages\/7394\/revisions"}],"predecessor-version":[{"id":10673,"href":"https:\/\/tilakpolypack.com\/fr\/wp-json\/wp\/v2\/pages\/7394\/revisions\/10673"}],"wp:featuredmedia":[{"embeddable":true,"href":"https:\/\/tilakpolypack.com\/fr\/wp-json\/wp\/v2\/media\/10404"}],"wp:attachment":[{"href":"https:\/\/tilakpolypack.com\/fr\/wp-json\/wp\/v2\/media?parent=7394"}],"curies":[{"name":"wp","href":"https:\/\/api.w.org\/{rel}","templated":true}]}}