{"id":7389,"date":"2023-10-06T10:19:39","date_gmt":"2023-10-06T10:19:39","guid":{"rendered":"https:\/\/archiveyourwords.com\/tilak\/?page_id=7389"},"modified":"2025-09-17T05:55:16","modified_gmt":"2025-09-17T05:55:16","slug":"film-etirable-pour-machines","status":"publish","type":"page","link":"https:\/\/tilakpolypack.com\/fr\/film-etirable-pour-machines\/","title":{"rendered":"Film \u00e9tirable pour machines"},"content":{"rendered":"<section class=\"wpb-content-wrapper\"><p>[vc_row][vc_column][vc_column_text css=&#8221;.vc_custom_1756046173093{padding-top: 20px !important;}&#8221;]<\/p>\n<h2>Film \u00e9tirable pour machine<\/h2>\n<p>Chez Tilak Polypack, nous proposons \u00e9galement des films \u00e9tirables pour machines \/ rouleaux qui s&#8217;appliquent facilement sur les machines et sont ensuite utilis\u00e9s pour emballer des marchandises et des palettes. Ils sont disponibles en diff\u00e9rentes sp\u00e9cifications. Nous offrons une tr\u00e8s bonne qualit\u00e9 et des prix comp\u00e9titifs pour tous nos produits, y compris les films \u00e9tirables pour machines.[\/vc_column_text][vc_column_text]<\/p>\n<h2>Machine de fabrication de film \u00e9tirable<\/h2>\n<p>Chez Tilak Polypack, nous nous engageons \u00e0 fabriquer des films \u00e9tirables de haute qualit\u00e9 pour machines, qui offrent des performances et une fiabilit\u00e9 exceptionnelles. Notre processus de fabrication et nos caract\u00e9ristiques exceptionnelles nous distinguent des autres acteurs du secteur.<\/p>\n<p>Nous produisons du film \u00e9tirable pour machines avec pr\u00e9cision et r\u00e9gularit\u00e9 \u00e0 l&#8217;aide de machines de pointe et de techniques avanc\u00e9es. Le processus consiste \u00e0 introduire un rouleau de <a href=\"https:\/\/tilakpolypack.com\/fr\/film-adhesif\/\"><strong>film poly\u00e9thyl\u00e8ne<\/strong><\/a> dans une machine sp\u00e9cialis\u00e9e qui \u00e9tire le film tout en l&#8217;enroulant autour d&#8217;une charge. Ce processus d&#8217;\u00e9tirement am\u00e9liore l&#8217;\u00e9lasticit\u00e9 du film et offre un excellent maintien de la charge. Le film \u00e9tir\u00e9 est ensuite enroul\u00e9 sur un mandrin, ce qui permet d&#8217;obtenir un film bien tendu, adapt\u00e9 \u00e0 une application m\u00e9canique.<\/p>\n<p>Tilak Polypack est l&#8217;un des principaux fabricants et <a href=\"https:\/\/tilakpolypack.com\/fr\/film-etirable\/\"><strong>fournisseurs mondiaux de films \u00e9tirables pour machines<\/strong><\/a>. Pr\u00e9sent dans des pays tels que les \u00c9tats-Unis, Singapour, l&#8217;Australie, l&#8217;Allemagne, le Canada, la Nouvelle-Z\u00e9lande, le Royaume-Uni, l&#8217;Irlande, l&#8217;\u00c9cosse et la Norv\u00e8ge, Tilak Polypack s&#8217;est impos\u00e9 comme un fournisseur fiable de films \u00e9tirables pour machines de haute qualit\u00e9.<\/p>\n<h2>Film \u00e9tirable souffl\u00e9 \u00e0 la machine<\/h2>\n<p><span style=\"font-weight: 400;\">Film \u00e9tirable souffl\u00e9, r\u00e9sistant et extensible, id\u00e9al pour palettes irr\u00e9guli\u00e8res et charges lourdes. Sa durabilit\u00e9 et sa performance garantissent une protection optimale lors du transport et du stockage.<\/span><\/p>\n<h2>Film \u00e9tirable pour machine \u00e0 couler<\/h2>\n<p><span style=\"font-weight: 400;\">Film \u00e9tirable pour machine \u00e0 couler, transparent et extensible jusqu\u2019\u00e0 150%. Surface adh\u00e9sive pour fixation s\u00e9curis\u00e9e, compatible avec diverses machines pour un emballage automatis\u00e9 efficace.<\/span><\/p>\n<h2>Film \u00e9tirable opaque pour machine<\/h2>\n<p><span style=\"font-weight: 400;\"> Film \u00e9tirable opaque, prot\u00e8ge contre la lumi\u00e8re et assure la confidentialit\u00e9 des charges. R\u00e9sistant \u00e0 la d\u00e9chirure et compatible avec machines pour emballage fiable.<\/span><\/p>\n<h2>Film \u00e9tirable teint\u00e9 en couleur<\/h2>\n<p><span style=\"font-weight: 400;\"> Film teint\u00e9 pour identification rapide des palettes. Plusieurs couleurs disponibles, prot\u00e8ge aussi contre les UV, r\u00e9sistant et \u00e9lastique pour une logistique efficace.<\/span><\/p>\n<h2>Film \u00e9tirable anti-UV<\/h2>\n<p><span style=\"font-weight: 400;\"> Film \u00e9tirable anti-UV prot\u00e8ge les produits sensibles aux rayons UV. Disponible en transparent ou opaque, r\u00e9sistant et \u00e9lastique pour transport et stockage s\u00fbrs.<\/span><\/p>\n<h2>Film \u00e9tirable antistatique pour machine<\/h2>\n<p><span style=\"font-weight: 400;\"> Film antistatique prot\u00e8ge les composants \u00e9lectroniques des d\u00e9charges. Compatible avec machines, il assure s\u00e9curit\u00e9 et fiabilit\u00e9 pendant transport et stockage.<\/span>[\/vc_column_text][vc_column_text]<\/p>\n<h2>Caract\u00e9ristiques du film \u00e9tirable pour machine<\/h2>\n<ul>\n<li>Haute transparence<\/li>\n<li>Pas de d\u00e9coloration<\/li>\n<li>Poss\u00e8de des propri\u00e9t\u00e9s de traction<\/li>\n<li>Grande flexibilit\u00e9 d&#8217;emballage<\/li>\n<li>Pack \u00e9conomique<\/li>\n<\/ul>\n<p>Ces films \u00e9tirables pour machines sont tr\u00e8s extensibles et tr\u00e8s r\u00e9sistants, ce qui leur permet de supporter l&#8217;usure lors du transport ou du chargement et d\u00e9chargement des marchandises. Plus ces films sont \u00e9tir\u00e9s, plus ils sont efficaces pour emp\u00eacher les marchandises ou les produits d&#8217;\u00eatre endommag\u00e9s.<\/p>\n<p>Nous proposons des films simple face et double face dot\u00e9s d&#8217;une adh\u00e9rence diff\u00e9rentielle.[\/vc_column_text][vc_column_text]<\/p>\n<h2>Pourquoi choisir Tilak Polypack pour le film \u00e9tirable pour machines ?<\/h2>\n<ol>\n<li><strong>Assurance qualit\u00e9<\/strong> : Nous appliquons des mesures de contr\u00f4le qualit\u00e9 rigoureuses tout au long du processus de fabrication afin de garantir que notre film \u00e9tirable pour machines r\u00e9pond aux normes les plus strictes du secteur.<\/li>\n<li><strong>Options de personnalisation<\/strong> : nous offrons une grande flexibilit\u00e9 en mati\u00e8re d&#8217;\u00e9paisseur, de largeur et de longueur des films, ce qui nous permet de proposer des solutions sur mesure pour r\u00e9pondre \u00e0 des exigences de charge sp\u00e9cifiques.<\/li>\n<li><strong>Approvisionnement fiable<\/strong> : Nous maintenons des niveaux de stock suffisants et garantissons des livraisons dans les d\u00e9lais, offrant ainsi \u00e0 nos clients un approvisionnement et une assistance ininterrompus.<\/li>\n<li><strong>Expertise technique<\/strong> : Notre \u00e9quipe d&#8217;experts poss\u00e8de des connaissances et une exp\u00e9rience approfondies dans le domaine des solutions d&#8217;emballage sous film \u00e9tirable, offrant \u00e0 nos clients des conseils pr\u00e9cieux et une assistance technique.<\/li>\n<li><strong>Satisfaction client<\/strong> : Nous accordons la priorit\u00e9 \u00e0 la satisfaction client et nous nous effor\u00e7ons d&#8217;\u00e9tablir des relations \u00e0 long terme gr\u00e2ce \u00e0 un service excellent, des produits fiables et des prix comp\u00e9titifs.<\/li>\n<\/ol>\n<h2>D\u00e9tails sur la taille<\/h2>\n<table>\n<thead>\n<tr>\n<th>Feature<\/th>\n<th>Description<\/th>\n<\/tr>\n<\/thead>\n<tbody>\n<tr>\n<td>Protection contre la poussi\u00e8re \/ la salet\u00e9<\/td>\n<td>Oui<\/td>\n<\/tr>\n<tr>\n<td>Emballage \u00e9tanche<\/td>\n<td>Contribue \u00e0 rendre l&#8217;emballage imperm\u00e9able lorsqu&#8217;il est enroul\u00e9 autour de contenants en papier.<\/td>\n<\/tr>\n<tr>\n<td>Inspection visuelle<\/td>\n<td>Aides \u00e0 l&#8217;inspection visuelle<\/td>\n<\/tr>\n<tr>\n<td>Rentabilit\u00e9<\/td>\n<td>Plus rentable que les sangles, le film r\u00e9tractable et le carton ondul\u00e9.<\/td>\n<\/tr>\n<tr>\n<td>Options d&#8217;emballage<\/td>\n<td>Disponible pour l&#8217;emballage manuel \/ l&#8217;emballage m\u00e9canique<\/td>\n<\/tr>\n<tr>\n<td>Largeurs standard<\/td>\n<td>50 mm \/ 100 mm \/ 150 mm \/ 200 mm \/ 300 mm \/ 450 mm \/ 500 mm \/ 600 mm (Autres largeurs disponibles sur demande. Largeur maximale : 1,5 m\u00e8tre)<\/td>\n<\/tr>\n<tr>\n<td>\u00c9paisseur standard<\/td>\n<td>12 microns \/ 15 microns \/ 18 microns \/ 23 microns \/ 29 microns (autres \u00e9paisseurs disponibles sur demande)<\/td>\n<\/tr>\n<tr>\n<td>Couleurs standard<\/td>\n<td>Naturel \/ Blanc opaque \/ Bleu \/ Noir (Autres couleurs disponibles sur demande)<\/td>\n<\/tr>\n<tr>\n<td>Identifiant standard de base<\/td>\n<td>25 mm \/ 31 mm \/ 76,2 mm<\/td>\n<\/tr>\n<tr>\n<td>Additifs sp\u00e9ciaux<\/td>\n<td>UV Protection \/ VCI \/ Antistatic<\/td>\n<\/tr>\n<\/tbody>\n<\/table>\n<p>[\/vc_column_text]<section class=\"ts-vc_cta3-container\"><div class=\"ts-vc_general ts-vc_cta3 ts-cta3-only ts-vc_cta3-style-classic ts-vc_cta3-shape-rounded ts-vc_cta3-align-left ts-vc_cta3-color-transparent ts-vc_cta3-icon-size-md ts-vc_cta3-actions-right vc_custom_1756046389963 ts-cta3-with-desc\"><div class=\"ts-vc_cta3_content-container\"><div class=\"ts-vc_cta3-content\"><div class=\"ts-vc_cta3-content-header ts-wrap\"><div class=\"ts-vc_cta3-headers ts-wrap-cell\"><\/div><\/div><div class=\"ts-cta3-content-wrapper\"><p>Veuillez nous contacter au\u00a0<a href=\"tel:9227422544\">+91-9227422544<\/a>\u00a0ou nous envoyer un e-mail\u00a0<a href=\"mailto:info@tilakpolypack.com\">info@tilakpolypack.com<\/a> pour obtenir un devis ou de plus amples informations.<\/p><\/div><\/div><div class=\"ts-vc_cta3-actions\">\r\n\t\t<div class=\"ts-vc_btn3-container  popmake-8197 ts-vc_btn3-inline\"><a class=\"ts-vc_general ts-vc_btn3 ts-vc_btn3-size-md ts-vc_btn3-shape-square ts-vc_btn3-style-flat ts-vc_btn3-weight-yes ts-vc_btn3-color-skincolor\" href=\"\" title=\"\">Send Enquiry<\/a><\/div><\/div><\/div><\/div><\/section>[\/vc_column][\/vc_row]<\/p>\n<\/section>","protected":false},"excerpt":{"rendered":"<p>[vc_row][vc_column][vc_column_text css=&#8221;.vc_custom_1756046173093{padding-top: 20px !important;}&#8221;] Film \u00e9tirable pour machine Chez Tilak Polypack, nous proposons \u00e9galement des films \u00e9tirables pour machines \/ rouleaux qui s&#8217;appliquent facilement sur les machines et sont ensuite utilis\u00e9s pour emballer des marchandises et des palettes. Ils sont disponibles en diff\u00e9rentes sp\u00e9cifications. Nous offrons une tr\u00e8s bonne qualit\u00e9 et des prix comp\u00e9titifs pour &hellip; <a href=\"https:\/\/tilakpolypack.com\/fr\/film-etirable-pour-machines\/\" class=\"more-link\">Continue reading <span class=\"screen-reader-text\">Film \u00e9tirable pour machines<\/span><\/a><\/p>\n","protected":false},"author":1,"featured_media":10400,"parent":0,"menu_order":0,"comment_status":"closed","ping_status":"closed","template":"","meta":{"_acf_changed":false,"om_disable_all_campaigns":false,"_monsterinsights_skip_tracking":false,"_monsterinsights_sitenote_active":false,"_monsterinsights_sitenote_note":"","_monsterinsights_sitenote_category":0,"_uf_show_specific_survey":0,"_uf_disable_surveys":false,"footnotes":""},"class_list":["post-7389","page","type-page","status-publish","has-post-thumbnail","hentry"],"acf":[],"_links":{"self":[{"href":"https:\/\/tilakpolypack.com\/fr\/wp-json\/wp\/v2\/pages\/7389","targetHints":{"allow":["GET"]}}],"collection":[{"href":"https:\/\/tilakpolypack.com\/fr\/wp-json\/wp\/v2\/pages"}],"about":[{"href":"https:\/\/tilakpolypack.com\/fr\/wp-json\/wp\/v2\/types\/page"}],"author":[{"embeddable":true,"href":"https:\/\/tilakpolypack.com\/fr\/wp-json\/wp\/v2\/users\/1"}],"replies":[{"embeddable":true,"href":"https:\/\/tilakpolypack.com\/fr\/wp-json\/wp\/v2\/comments?post=7389"}],"version-history":[{"count":13,"href":"https:\/\/tilakpolypack.com\/fr\/wp-json\/wp\/v2\/pages\/7389\/revisions"}],"predecessor-version":[{"id":10668,"href":"https:\/\/tilakpolypack.com\/fr\/wp-json\/wp\/v2\/pages\/7389\/revisions\/10668"}],"wp:featuredmedia":[{"embeddable":true,"href":"https:\/\/tilakpolypack.com\/fr\/wp-json\/wp\/v2\/media\/10400"}],"wp:attachment":[{"href":"https:\/\/tilakpolypack.com\/fr\/wp-json\/wp\/v2\/media?parent=7389"}],"curies":[{"name":"wp","href":"https:\/\/api.w.org\/{rel}","templated":true}]}}