{"id":7388,"date":"2023-10-06T10:19:22","date_gmt":"2023-10-06T10:19:22","guid":{"rendered":"https:\/\/archiveyourwords.com\/tilak\/?page_id=7388"},"modified":"2025-09-17T05:45:07","modified_gmt":"2025-09-17T05:45:07","slug":"film-etirable-manuel","status":"publish","type":"page","link":"https:\/\/tilakpolypack.com\/fr\/film-etirable-manuel\/","title":{"rendered":"Film \u00e9tirable manuel"},"content":{"rendered":"<section class=\"wpb-content-wrapper\"><p>[vc_row][vc_column][vc_column_text css=&#8221;.vc_custom_1758087615083{padding-top: 20px !important;}&#8221;]<\/p>\n<h2>Film \u00e9tirable manuel<\/h2>\n<p>Le film plastique \u00e9tirable \u00e0 la main est un film plastique tr\u00e8s extensible qui s&#8217;\u00e9tire et enveloppe les produits de mani\u00e8re \u00e0 les maintenir ensemble, \u00e0 occuper moins d&#8217;espace et \u00e0 les s\u00e9curiser pendant le transport.<\/p>\n<p>Nous vous proposons un film d&#8217;emballage manuel de haute qualit\u00e9, disponible en version transparente et color\u00e9e. Ce film d&#8217;emballage manuel est id\u00e9al pour une utilisation \u00e0 deux mains lors de l&#8217;emballage de palettes pour un transfert direct dans l&#8217;entrep\u00f4t. Il offre une bonne stabilit\u00e9 de la charge, ce qui augmente la s\u00e9curit\u00e9 du produit concern\u00e9. C&#8217;est l&#8217;un des meilleurs avantages que nous offrons avec notre film d&#8217;emballage manuel.<\/p>\n<p>Le film \u00e9tirable manuel est un <a href=\"https:\/\/tilakpolypack.com\/fr\/film-etirable-en-plastique\/\"><strong>film plastique <\/strong><\/a>hautement extensible qui s&#8217;\u00e9tire et enveloppe les produits de mani\u00e8re \u00e0 les maintenir ensemble, ce qui permet de gagner de la place et de les s\u00e9curiser pendant le transport.<\/p>\n<p>Le film \u00e9tirable manuel de haute qualit\u00e9 que nous proposons est disponible en version transparente ou color\u00e9e. Ce film \u00e9tirable manuel est id\u00e9al pour une utilisation \u00e0 deux mains lors de l&#8217;emballage de palettes pour la conversion directement dans l&#8217;entrep\u00f4t. Il offre une bonne stabilit\u00e9 de charge, ce qui augmente la s\u00e9curit\u00e9 du produit concern\u00e9. C&#8217;est l&#8217;un des meilleurs avantages que nous offrons avec notre film \u00e9tirable manuel.These manual stretch films clings on both side of the pallet making it better for storage at the warehouse.<\/p>\n<p>Le film \u00e9tirable manuel peut \u00eatre une option \u00e9conomique, car il ne n\u00e9cessite aucun \u00e9quipement m\u00e9canique, contrairement au film \u00e9tirable m\u00e9canique.<\/p>\n<p>Les films \u00e9tirables manuels sont des mat\u00e9riaux d&#8217;emballage polyvalents utilis\u00e9s pour emballer et s\u00e9curiser \u00e0 la main divers types de charges. Ces films sont g\u00e9n\u00e9ralement fabriqu\u00e9s \u00e0 partir de plastique de haute qualit\u00e9 et sont disponibles en diff\u00e9rentes largeurs et \u00e9paisseurs afin de s&#8217;adapter \u00e0 diff\u00e9rentes applications. Les films \u00e9tirables manuels impliquent de d\u00e9rouler manuellement le film d&#8217;un rouleau, de l&#8217;\u00e9tirer fermement autour de la charge et de le fixer en place.<\/p>\n<p>Cette m\u00e9thode simple mais efficace garantit que la charge est bien emball\u00e9e, la prot\u00e9geant ainsi de la poussi\u00e8re, de l&#8217;humidit\u00e9 et des dommages mineurs pendant le transport ou le stockage.<\/p>\n<p>Les films \u00e9tirables manuels offrent flexibilit\u00e9, facilit\u00e9 d&#8217;utilisation et rentabilit\u00e9, ce qui les rend id\u00e9aux pour les petites entreprises, les magasins de d\u00e9tail et autres op\u00e9rations d&#8217;emballage manuelles.<\/p>\n<p>Ils constituent une solution fiable et efficace pour regrouper des articles individuels, palettiser des produits ou stabiliser des charges de forme irr\u00e9guli\u00e8re. Gr\u00e2ce \u00e0 leurs excellentes propri\u00e9t\u00e9s d&#8217;adh\u00e9rence et \u00e0 leur capacit\u00e9 \u00e0 contenir efficacement les charges, les films \u00e9tirables manuels offrent une stabilit\u00e9 accrue des charges, ce qui en fait une option d&#8217;emballage pr\u00e9cieuse pour divers secteurs industriels.[\/vc_column_text][vc_column_text]<\/p>\n<h2>Fabrication de film \u00e9tirable manuel<\/h2>\n<p>Chez Tilak Polypack, nous sommes fiers d&#8217;\u00eatre l&#8217;un des principaux fabricants de films \u00e9tirables manuels de haute qualit\u00e9 qui r\u00e9pondent aux divers besoins d&#8217;emballage de nos clients. Notre film \u00e9tirable manuel est fabriqu\u00e9 \u00e0 l&#8217;aide de proc\u00e9d\u00e9s avanc\u00e9s et pr\u00e9sente des caract\u00e9ristiques exceptionnelles qui nous distinguent des autres acteurs du secteur.<\/p>\n<p>Notre film \u00e9tirable manuel est fabriqu\u00e9 \u00e0 l&#8217;aide de machines de pointe et de mat\u00e9riaux de premi\u00e8re qualit\u00e9. Le processus de fabrication consiste \u00e0 extruder une r\u00e9sine plastique de haute qualit\u00e9 pour former des feuilles de film minces. Ces feuilles sont ensuite soigneusement enroul\u00e9es en rouleaux, garantissant une \u00e9paisseur pr\u00e9cise et une qualit\u00e9 constante sur toute la longueur.<\/p>\n<p>Les rouleaux sont coup\u00e9s \u00e0 la largeur et \u00e0 la longueur appropri\u00e9es pour r\u00e9pondre aux diff\u00e9rentes exigences d&#8217;emballage. Notre site de fabrication respecte des mesures de contr\u00f4le qualit\u00e9 strictes, garantissant que chaque rouleau de film \u00e9tirable manuel r\u00e9pond aux normes les plus \u00e9lev\u00e9es de l&#8217;industrie.<\/p>\n<p>Tilak Polypack est l&#8217;un des principaux fabricants et fournisseurs mondiaux de <a href=\"https:\/\/tilakpolypack.com\/fr\/film-etirable\/\"><strong>films \u00e9tirables manuels<\/strong><\/a>. Pr\u00e9sent dans des pays tels que les \u00c9tats-Unis, Singapour, l&#8217;Australie, l&#8217;Allemagne, le Canada, la Nouvelle-Z\u00e9lande, le Royaume-Uni, l&#8217;Irlande, l&#8217;\u00c9cosse et la Norv\u00e8ge, Tilak Polypack s&#8217;est impos\u00e9 comme un fournisseur fiable de films \u00e9tirables manuels de haute qualit\u00e9.[\/vc_column_text][vc_column_text]<\/p>\n<h2>Caract\u00e9ristiques du film \u00e9tirable manuel Tilak Polypack :<\/h2>\n<ol>\n<li><b>Excellente extensibilit\u00e9 :\u00a0<\/b>Notre film \u00e9tirable manuel offre une excellente extensibilit\u00e9, permettant un emballage serr\u00e9 et s\u00e9curis\u00e9 autour de diverses charges.<\/li>\n<li><b>Propri\u00e9t\u00e9s d&#8217;adh\u00e9rence sup\u00e9rieures<\/b> : le film pr\u00e9sente des propri\u00e9t\u00e9s d&#8217;adh\u00e9rence exceptionnelles, adh\u00e9rant \u00e0 lui-m\u00eame sans n\u00e9cessiter d&#8217;adh\u00e9sifs ou de rubans suppl\u00e9mentaires.<\/li>\n<li><b>Confinement optimal de la charge :<\/b>\u00a0Gr\u00e2ce \u00e0 un confinement fiable de la charge, notre film \u00e9tirable manuel garantit la stabilit\u00e9 et la protection des articles emball\u00e9s pendant le transport ou le stockage.<\/li>\n<li><b>\u00c9paisseur et r\u00e9sistance fiables :<\/b>\u00a0Notre film \u00e9tirable est disponible en diff\u00e9rentes \u00e9paisseurs et r\u00e9sistances, offrant ainsi des options adapt\u00e9es \u00e0 diff\u00e9rentes tailles et poids de charges.<\/li>\n<li><b>Visibilit\u00e9 claire :\u00a0<\/b>La clart\u00e9 du film permet d&#8217;identifier et de scanner facilement les codes-barres ou les \u00e9tiquettes sans compromettre la visibilit\u00e9 du chargement.<\/li>\n<li><b>Solution \u00e9conomique :\u00a0<\/b>Notre film \u00e9tirable manuel offre une solution d&#8217;emballage \u00e9conomique, minimisant le gaspillage de mat\u00e9riaux et r\u00e9duisant les co\u00fbts globaux d&#8217;emballage.<\/li>\n<\/ol>\n<p>[\/vc_column_text][vc_column_text]<\/p>\n<h2>Pourquoi choisir Tilak Polypack comme fournisseur de film \u00e9tirable manuel?<\/h2>\n<ol>\n<li><strong>Qualit\u00e9 sup\u00e9rieure<\/strong> : Nous nous engageons \u00e0 fournir un film \u00e9tirable manuel de la plus haute qualit\u00e9, conforme aux normes de l&#8217;industrie et d\u00e9passant les attentes de nos clients.<\/li>\n<li><strong>Options de personnalisation<\/strong> : Nous proposons des options de personnalisation en termes d&#8217;\u00e9paisseur du film, de largeur et de longueur du rouleau afin de r\u00e9pondre \u00e0 des exigences sp\u00e9cifiques en mati\u00e8re d&#8217;emballage.<\/li>\n<li><strong>Approvisionnement fiable<\/strong> : nos capacit\u00e9s de production efficaces garantissent un approvisionnement constant en film \u00e9tirable manuel afin de r\u00e9pondre aux demandes de nos clients.<\/li>\n<li><strong>Prix comp\u00e9titifs<\/strong> : Nous proposons des prix comp\u00e9titifs sans compromettre la qualit\u00e9 et les performances de notre film \u00e9tirable manuel.<\/li>\n<li><strong>Service client exceptionnel<\/strong> : notre \u00e9quipe d\u00e9vou\u00e9e est toujours pr\u00eate \u00e0 aider les clients, en leur offrant une expertise technique, une communication rapide et une assistance fiable tout au long du processus d&#8217;achat.<\/li>\n<\/ol>\n<h2>D\u00e9tails sur la taille<\/h2>\n<table>\n<thead>\n<tr>\n<th>Fonctionnalit\u00e9<\/th>\n<th>Description<\/th>\n<\/tr>\n<\/thead>\n<tbody>\n<tr>\n<td>Protection contre la poussi\u00e8re \/ la salet\u00e9<\/td>\n<td>Oui<\/td>\n<\/tr>\n<tr>\n<td>Emballage \u00e9tanche<\/td>\n<td>Contribue \u00e0 rendre l&#8217;emballage imperm\u00e9able lorsqu&#8217;il est enroul\u00e9 autour de contenants en papier.<\/td>\n<\/tr>\n<tr>\n<td>Visual Inspection<\/td>\n<td>Aides visuelles pour l&#8217;inspection visuelle<\/td>\n<\/tr>\n<tr>\n<td>Rentabilit\u00e9<\/td>\n<td>Plus rentable que les sangles, le film r\u00e9tractable et le carton ondul\u00e9.<\/td>\n<\/tr>\n<tr>\n<td>Options d&#8217;emballage<\/td>\n<td>Disponible pour l&#8217;emballage manuel \/ l&#8217;emballage m\u00e9canique<\/td>\n<\/tr>\n<tr>\n<td>Largeurs standard<\/td>\n<td>50 mm \/ 100 mm \/ 150 mm \/ 200 mm \/ 300 mm \/ 450 mm \/ 500 mm \/ 600 mm (Autres largeurs disponibles sur demande. Largeur maximale : 1,5 m\u00e8tre)<\/td>\n<\/tr>\n<tr>\n<td>\u00c9paisseur standard<\/td>\n<td>12 microns \/ 15 microns \/ 18 microns \/ 23 microns \/ 29 microns (autres \u00e9paisseurs disponibles sur demande)<\/td>\n<\/tr>\n<tr>\n<td>Couleurs standard<\/td>\n<td>Naturel \/ Blanc opaque \/ Bleu \/ Noir (Autres couleurs disponibles sur demande)<\/td>\n<\/tr>\n<tr>\n<td>Identifiant standard de base<\/td>\n<td>25 mm \/ 31 mm \/ 76,2 mm<\/td>\n<\/tr>\n<tr>\n<td>Additifs sp\u00e9ciaux<\/td>\n<td>UV Protection \/ VCI \/ Antistatic<\/td>\n<\/tr>\n<\/tbody>\n<\/table>\n<p>[\/vc_column_text]<section class=\"ts-vc_cta3-container\"><div class=\"ts-vc_general ts-vc_cta3 ts-cta3-only ts-vc_cta3-style-classic ts-vc_cta3-shape-rounded ts-vc_cta3-align-left ts-vc_cta3-color-transparent ts-vc_cta3-icon-size-md ts-vc_cta3-actions-right vc_custom_1756048173994 ts-cta3-with-desc\"><div class=\"ts-vc_cta3_content-container\"><div class=\"ts-vc_cta3-content\"><div class=\"ts-vc_cta3-content-header ts-wrap\"><div class=\"ts-vc_cta3-headers ts-wrap-cell\"><\/div><\/div><div class=\"ts-cta3-content-wrapper\"><p>Veuillez nous contacter au\u00a0<a href=\"tel:9227422544\">+91-9227422544<\/a>\u00a0ou nous envoyer un e-mail\u00a0<a href=\"mailto:info@tilakpolypack.com\">info@tilakpolypack.com<\/a> pour obtenir un devis ou de plus amples informations.<\/p><\/div><\/div><div class=\"ts-vc_cta3-actions\">\r\n\t\t<div class=\"ts-vc_btn3-container  popmake-8197 ts-vc_btn3-inline\"><a class=\"ts-vc_general ts-vc_btn3 ts-vc_btn3-size-md ts-vc_btn3-shape-square ts-vc_btn3-style-flat ts-vc_btn3-weight-yes ts-vc_btn3-color-skincolor\" href=\"\" title=\"\">Send Enquiry<\/a><\/div><\/div><\/div><\/div><\/section>[\/vc_column][\/vc_row]<\/p>\n<\/section>","protected":false},"excerpt":{"rendered":"<p>[vc_row][vc_column][vc_column_text css=&#8221;.vc_custom_1758087615083{padding-top: 20px !important;}&#8221;] Film \u00e9tirable manuel Le film plastique \u00e9tirable \u00e0 la main est un film plastique tr\u00e8s extensible qui s&#8217;\u00e9tire et enveloppe les produits de mani\u00e8re \u00e0 les maintenir ensemble, \u00e0 occuper moins d&#8217;espace et \u00e0 les s\u00e9curiser pendant le transport. Nous vous proposons un film d&#8217;emballage manuel de haute qualit\u00e9, disponible en &hellip; <a href=\"https:\/\/tilakpolypack.com\/fr\/film-etirable-manuel\/\" class=\"more-link\">Continue reading <span class=\"screen-reader-text\">Film \u00e9tirable manuel<\/span><\/a><\/p>\n","protected":false},"author":1,"featured_media":10397,"parent":0,"menu_order":0,"comment_status":"closed","ping_status":"closed","template":"","meta":{"_acf_changed":false,"om_disable_all_campaigns":false,"_monsterinsights_skip_tracking":false,"_monsterinsights_sitenote_active":false,"_monsterinsights_sitenote_note":"","_monsterinsights_sitenote_category":0,"_uf_show_specific_survey":0,"_uf_disable_surveys":false,"footnotes":""},"class_list":["post-7388","page","type-page","status-publish","has-post-thumbnail","hentry"],"acf":[],"_links":{"self":[{"href":"https:\/\/tilakpolypack.com\/fr\/wp-json\/wp\/v2\/pages\/7388","targetHints":{"allow":["GET"]}}],"collection":[{"href":"https:\/\/tilakpolypack.com\/fr\/wp-json\/wp\/v2\/pages"}],"about":[{"href":"https:\/\/tilakpolypack.com\/fr\/wp-json\/wp\/v2\/types\/page"}],"author":[{"embeddable":true,"href":"https:\/\/tilakpolypack.com\/fr\/wp-json\/wp\/v2\/users\/1"}],"replies":[{"embeddable":true,"href":"https:\/\/tilakpolypack.com\/fr\/wp-json\/wp\/v2\/comments?post=7388"}],"version-history":[{"count":9,"href":"https:\/\/tilakpolypack.com\/fr\/wp-json\/wp\/v2\/pages\/7388\/revisions"}],"predecessor-version":[{"id":10666,"href":"https:\/\/tilakpolypack.com\/fr\/wp-json\/wp\/v2\/pages\/7388\/revisions\/10666"}],"wp:featuredmedia":[{"embeddable":true,"href":"https:\/\/tilakpolypack.com\/fr\/wp-json\/wp\/v2\/media\/10397"}],"wp:attachment":[{"href":"https:\/\/tilakpolypack.com\/fr\/wp-json\/wp\/v2\/media?parent=7388"}],"curies":[{"name":"wp","href":"https:\/\/api.w.org\/{rel}","templated":true}]}}