{"id":7387,"date":"2023-10-06T10:19:09","date_gmt":"2023-10-06T10:19:09","guid":{"rendered":"https:\/\/archiveyourwords.com\/tilak\/?page_id=7387"},"modified":"2025-09-17T05:27:36","modified_gmt":"2025-09-17T05:27:36","slug":"mini-rouleaux-de-film-etirable","status":"publish","type":"page","link":"https:\/\/tilakpolypack.com\/fr\/mini-rouleaux-de-film-etirable\/","title":{"rendered":"Mini rouleaux de film \u00e9tirable"},"content":{"rendered":"<section class=\"wpb-content-wrapper\"><p>[vc_row][vc_column][vc_column_text css=&#8221;.vc_custom_1758086760079{padding-top: 20px !important;}&#8221;]<\/p>\n<h2>Mini rouleaux de film \u00e9tirable<\/h2>\n<p>Les mini-rouleaux de film \u00e9tirable sont utilis\u00e9s dans de nombreux domaines o\u00f9 l&#8217;emballage est n\u00e9cessaire. Dans de nombreux domaines o\u00f9 l&#8217;emballage de petits produits est n\u00e9cessaire, les mini-rouleaux de film \u00e9tirable peuvent \u00eatre utilis\u00e9s.<\/p>\n<p>Ces films \u00e9tirables ou rouleaux permettent d&#8217;emballer de petits produits selon vos besoins. Nous pouvons fournir un distributeur en plastique si n\u00e9cessaire.<\/p>\n<p>Ces films adh\u00e8rent au produit sans n\u00e9cessiter de colle ou d&#8217;adh\u00e9sif suppl\u00e9mentaire. Les mini-rouleaux de film \u00e9tirable constituent une bonne alternative aux bandes de cerclage.<\/p>\n<p>Tilak Polypack est l&#8217;un des principaux fabricants de mini-rouleaux de film \u00e9tirable de haute qualit\u00e9, r\u00e9pondant \u00e0 divers besoins en mati\u00e8re d&#8217;emballage. Nos mini-rouleaux de film \u00e9tirable sont fabriqu\u00e9s \u00e0 l&#8217;aide de proc\u00e9d\u00e9s avanc\u00e9s et pr\u00e9sentent des caract\u00e9ristiques exceptionnelles qui nous distinguent des autres acteurs du secteur.<\/p>\n<p>Le processus de fabrication de nos rouleaux Mini Stretch Wrap consiste \u00e0 combiner plusieurs couches de mat\u00e9riaux par un processus de laminage. Ces couches comprennent g\u00e9n\u00e9ralement des films plastiques, des adh\u00e9sifs et des mat\u00e9riaux barri\u00e8res. Les mat\u00e9riaux sont soigneusement s\u00e9lectionn\u00e9s et assembl\u00e9s avec pr\u00e9cision \u00e0 l&#8217;aide de chaleur et de pression. Ce processus garantit la formation d&#8217;un <a href=\"https:\/\/tilakpolypack.com\/fr\/rouleaux-et-pochettes-de-stratifie-flexible\/\"><strong>rouleau lamin\u00e9<\/strong><\/a> durable et fiable, offrant une r\u00e9sistance et des performances sup\u00e9rieures.<\/p>\n<p>Tilak Polypack est l&#8217;un des principaux <a href=\"https:\/\/tilakpolypack.com\/fr\/film-etirable\/\"><strong>fabricants et fournisseurs mondiaux de rouleaux de film \u00e9tirable mini<\/strong><\/a>. Pr\u00e9sent dans des pays tels que les \u00c9tats-Unis, Singapour, l&#8217;Australie, l&#8217;Allemagne, le Canada, la Nouvelle-Z\u00e9lande, le Royaume-Uni, l&#8217;Irlande, l&#8217;\u00c9cosse et la Norv\u00e8ge, Tilak Polypack s&#8217;est impos\u00e9 comme un fournisseur fiable de rouleaux de film \u00e9tirable mini de haute qualit\u00e9.[\/vc_column_text][vc_column_text]<\/p>\n<h2>Pourquoi choisir Tilak Polypack pour les mini-rouleaux extensibles ?<\/h2>\n<ol>\n<li><b>Qualit\u00e9 sup\u00e9rieure :<\/b>\u00a0Nous accordons la priorit\u00e9 \u00e0 la qualit\u00e9 dans tous les aspects de notre processus de fabrication de mini-rouleaux de film \u00e9tirable, garantissant ainsi des performances constantes et la satisfaction de nos clients.<\/li>\n<li><b>Vaste exp\u00e9rience dans le secteur :<\/b>\u00a0Gr\u00e2ce \u00e0 nos nombreuses ann\u00e9es d&#8217;exp\u00e9rience dans le secteur de l&#8217;emballage, nous disposons de l&#8217;expertise n\u00e9cessaire pour fournir des mini-rouleaux de film \u00e9tirable de haute qualit\u00e9 qui r\u00e9pondent aux normes industrielles.<\/li>\n<li><b>Installations de fabrication de pointe :\u00a0<\/b>Nos installations de fabrication ultramodernes utilisent des technologies et des \u00e9quipements de pointe pour produire des rouleaux r\u00e9pondant aux normes les plus strictes.<\/li>\n<li><b>Prix comp\u00e9titifs :<\/b>\u00a0Nous proposons des prix comp\u00e9titifs sans compromettre la qualit\u00e9 et les performances de nos rouleaux.<\/li>\n<li><b>Excellent service client<\/b> : Notre \u00e9quipe d\u00e9vou\u00e9e s&#8217;engage \u00e0 fournir un service client exceptionnel, \u00e0 r\u00e9pondre \u00e0 vos questions et \u00e0 vous offrir une assistance fiable tout au long du processus d&#8217;achat.<\/li>\n<\/ol>\n<p>[\/vc_column_text][vc_column_text]<\/p>\n<h3>Avantages<\/h3>\n<ul>\n<li>Solution d&#8217;emballage pratique et facile \u00e0 utiliser pour les articles de petite taille ou de forme irr\u00e9guli\u00e8re.<\/li>\n<li>Assure un emballage s\u00fbr et solide pour emp\u00eacher tout d\u00e9placement ou mouvement pendant le transport.<\/li>\n<li>Offre une protection contre la poussi\u00e8re, l&#8217;humidit\u00e9 et les dommages mineurs.<\/li>\n<li>Id\u00e9al pour regrouper et s\u00e9curiser des articles l\u00e9gers ou d\u00e9licats.<\/li>\n<li>Permet de gagner du temps et d&#8217;\u00e9conomiser des efforts par rapport aux m\u00e9thodes d&#8217;emballage traditionnelles.<\/li>\n<li>Compact et portable, il est id\u00e9al pour les besoins d&#8217;emballage lors de vos d\u00e9placements.<\/li>\n<li>Peut \u00eatre facilement d\u00e9chir\u00e9 \u00e0 la main sans avoir besoin d&#8217;outils ou d&#8217;\u00e9quipements suppl\u00e9mentaires.<\/li>\n<li>Option \u00e9conomique pour les besoins d&#8217;emballage \u00e0 petite \u00e9chelle.<\/li>\n<li>Am\u00e9liore l&#8217;efficacit\u00e9 dans la gestion du stockage et des stocks.<\/li>\n<li>Le film transparent permet d&#8217;identifier facilement les articles emball\u00e9s et de scanner leurs codes-barres.<\/li>\n<li>Offre une grande polyvalence dans les applications d&#8217;emballage dans divers secteurs industriels.<\/li>\n<\/ul>\n<p>D\u00c9TAILS DES TAILLES<\/p>\n<table>\n<thead>\n<tr>\n<th>D\u00e9tails sur la taille<\/th>\n<th>Sp\u00e9cifications<\/th>\n<\/tr>\n<\/thead>\n<tbody>\n<tr>\n<td>Largeur<\/td>\n<td>50 mm \/ 100 mm \/ 150 mm (peut \u00eatre personnalis\u00e9 selon les besoins)<\/td>\n<\/tr>\n<tr>\n<td>\u00c9paisseur<\/td>\n<td>\u00c0 partir de 10 microns<\/td>\n<\/tr>\n<tr>\n<td>Identifiant principal<\/td>\n<td>25 mm \/ 31 mm \/ 38 mm \/ 50 mm \/ 76 mm<\/td>\n<\/tr>\n<tr>\n<td>Noyau \u00e9tendu<\/td>\n<td>Oui, si n\u00e9cessaire<\/td>\n<\/tr>\n<tr>\n<td>Couleurs<\/td>\n<td>Transparent \/ Bleu \/ Noir (Peut \u00eatre personnalis\u00e9 selon les besoins)<\/td>\n<\/tr>\n<tr>\n<td>Emballage<\/td>\n<td><\/td>\n<\/tr>\n<\/tbody>\n<\/table>\n<table>\n<tbody>\n<tr>\n<td>Conform\u00e9ment aux exigences<\/td>\n<\/tr>\n<\/tbody>\n<\/table>\n<p>[\/vc_column_text]<section class=\"ts-vc_cta3-container\"><div class=\"ts-vc_general ts-vc_cta3 ts-cta3-only ts-vc_cta3-style-classic ts-vc_cta3-shape-rounded ts-vc_cta3-align-left ts-vc_cta3-color-transparent ts-vc_cta3-icon-size-md ts-vc_cta3-actions-right vc_custom_1756051716701 ts-cta3-with-desc\"><div class=\"ts-vc_cta3_content-container\"><div class=\"ts-vc_cta3-content\"><div class=\"ts-vc_cta3-content-header ts-wrap\"><div class=\"ts-vc_cta3-headers ts-wrap-cell\"><\/div><\/div><div class=\"ts-cta3-content-wrapper\"><p>Veuillez nous contacter au\u00a0<a href=\"tel:9227422544\">+91-9227422544<\/a>\u00a0ou nous envoyer un e-mail\u00a0<a href=\"mailto:info@tilakpolypack.com\">info@tilakpolypack.com<\/a> pour obtenir un devis ou de plus amples informations.<\/p><\/div><\/div><div class=\"ts-vc_cta3-actions\">\r\n\t\t<div class=\"ts-vc_btn3-container  popmake-8197 ts-vc_btn3-inline\"><a class=\"ts-vc_general ts-vc_btn3 ts-vc_btn3-size-md ts-vc_btn3-shape-rounded ts-vc_btn3-style-flat ts-vc_btn3-weight-yes ts-vc_btn3-color-skincolor\" href=\"\" title=\"\">send enquiry<\/a><\/div><\/div><\/div><\/div><\/section>[\/vc_column][\/vc_row]<\/p>\n<\/section>","protected":false},"excerpt":{"rendered":"<p>[vc_row][vc_column][vc_column_text css=&#8221;.vc_custom_1758086760079{padding-top: 20px !important;}&#8221;] Mini rouleaux de film \u00e9tirable Les mini-rouleaux de film \u00e9tirable sont utilis\u00e9s dans de nombreux domaines o\u00f9 l&#8217;emballage est n\u00e9cessaire. Dans de nombreux domaines o\u00f9 l&#8217;emballage de petits produits est n\u00e9cessaire, les mini-rouleaux de film \u00e9tirable peuvent \u00eatre utilis\u00e9s. Ces films \u00e9tirables ou rouleaux permettent d&#8217;emballer de petits produits selon vos &hellip; <a href=\"https:\/\/tilakpolypack.com\/fr\/mini-rouleaux-de-film-etirable\/\" class=\"more-link\">Continue reading <span class=\"screen-reader-text\">Mini rouleaux de film \u00e9tirable<\/span><\/a><\/p>\n","protected":false},"author":1,"featured_media":10396,"parent":0,"menu_order":0,"comment_status":"closed","ping_status":"closed","template":"","meta":{"_acf_changed":false,"om_disable_all_campaigns":false,"_monsterinsights_skip_tracking":false,"_monsterinsights_sitenote_active":false,"_monsterinsights_sitenote_note":"","_monsterinsights_sitenote_category":0,"_uf_show_specific_survey":0,"_uf_disable_surveys":false,"footnotes":""},"class_list":["post-7387","page","type-page","status-publish","has-post-thumbnail","hentry"],"acf":[],"_links":{"self":[{"href":"https:\/\/tilakpolypack.com\/fr\/wp-json\/wp\/v2\/pages\/7387","targetHints":{"allow":["GET"]}}],"collection":[{"href":"https:\/\/tilakpolypack.com\/fr\/wp-json\/wp\/v2\/pages"}],"about":[{"href":"https:\/\/tilakpolypack.com\/fr\/wp-json\/wp\/v2\/types\/page"}],"author":[{"embeddable":true,"href":"https:\/\/tilakpolypack.com\/fr\/wp-json\/wp\/v2\/users\/1"}],"replies":[{"embeddable":true,"href":"https:\/\/tilakpolypack.com\/fr\/wp-json\/wp\/v2\/comments?post=7387"}],"version-history":[{"count":4,"href":"https:\/\/tilakpolypack.com\/fr\/wp-json\/wp\/v2\/pages\/7387\/revisions"}],"predecessor-version":[{"id":10662,"href":"https:\/\/tilakpolypack.com\/fr\/wp-json\/wp\/v2\/pages\/7387\/revisions\/10662"}],"wp:featuredmedia":[{"embeddable":true,"href":"https:\/\/tilakpolypack.com\/fr\/wp-json\/wp\/v2\/media\/10396"}],"wp:attachment":[{"href":"https:\/\/tilakpolypack.com\/fr\/wp-json\/wp\/v2\/media?parent=7387"}],"curies":[{"name":"wp","href":"https:\/\/api.w.org\/{rel}","templated":true}]}}