{"id":7367,"date":"2023-10-06T10:18:18","date_gmt":"2023-10-06T10:18:18","guid":{"rendered":"https:\/\/archiveyourwords.com\/tilak\/?page_id=7367"},"modified":"2025-09-17T17:23:15","modified_gmt":"2025-09-17T17:23:15","slug":"film-demballage-pour-leau","status":"publish","type":"page","link":"https:\/\/tilakpolypack.com\/fr\/film-demballage-pour-leau\/","title":{"rendered":"Film d&#8217;emballage pour l&#8217;eau"},"content":{"rendered":"<section class=\"wpb-content-wrapper\"><p>[vc_row][vc_column][vc_column_text]<\/p>\n<h2>Film d&#8217;emballage pour l&#8217;eau \u2013 Film d&#8217;emballage de qualit\u00e9 pour l&#8217;eau min\u00e9rale<\/h2>\n<p><a href=\"https:\/\/tilakpolypack.com\/fr\/films-pe-imprimes\/\"><strong>Le film d&#8217;emballage<\/strong><\/a> pour l&#8217;eau est une option \u00e9conomique par rapport aux bouteilles d&#8217;eau. Son concept est similaire \u00e0 celui des sachets d&#8217;emballage pour le lait utilis\u00e9s en Inde.<\/p>\n<p>Nous utilisons uniquement des mati\u00e8res premi\u00e8res vierges et de qualit\u00e9 alimentaire, et les encres d&#8217;impression que nous utilisons passent le test de cong\u00e9lation et sont non toxiques.<\/p>\n<p>L&#8217;\u00e9paisseur du film peut \u00eatre adapt\u00e9e aux besoins du client et le volume pouvant \u00eatre conditionn\u00e9 peut aller de 200 ml \u00e0 5 litres.[\/vc_column_text][vc_column_text]<\/p>\n<h2>Quelques caract\u00e9ristiques du film d&#8217;emballage pour l&#8217;eau comprennent<\/h2>\n<ul>\n<li>Bonne r\u00e9sistance au scellage<\/li>\n<li>R\u00e9sistance \u00e0 la d\u00e9chirure<\/li>\n<li>Haute r\u00e9sistance \u00e0 la perforation<\/li>\n<li>R\u00e9ussira facilement les tests de chute<\/li>\n<li>Film de la meilleure qualit\u00e9 fabriqu\u00e9 \u00e0 l&#8217;aide des derni\u00e8res technologies et d&#8217;infrastructures de pointe.<\/li>\n<\/ul>\n<p>Tilak Polypack est l&#8217;un des principaux fabricants et fournisseurs mondiaux de <a href=\"https:\/\/tilakpolypack.com\/fr\/film-pour-eau-potable-conditionnee\/\"><strong>FILMS D&#8217;EMBALLAGE POUR L&#8217;EAU<\/strong><\/a>. Pr\u00e9sent dans des pays tels que les \u00c9tats-Unis, Singapour, l&#8217;Australie, l&#8217;Allemagne, le Canada, la Nouvelle-Z\u00e9lande, le Royaume-Uni, l&#8217;Irlande, l&#8217;\u00c9cosse et la Norv\u00e8ge, Tilak Polypack s&#8217;est impos\u00e9 comme un fournisseur fiable de FILMS D&#8217;EMBALLAGE POUR L&#8217;EAU de haute qualit\u00e9.[\/vc_column_text]<section class=\"ts-vc_cta3-container\"><div class=\"ts-vc_general ts-vc_cta3 ts-cta3-only ts-vc_cta3-style-classic ts-vc_cta3-shape-rounded ts-vc_cta3-align-left ts-vc_cta3-color-transparent ts-vc_cta3-icon-size-md ts-vc_cta3-actions-right vc_custom_1756062722678 ts-cta3-with-desc\"><div class=\"ts-vc_cta3_content-container\"><div class=\"ts-vc_cta3-content\"><div class=\"ts-vc_cta3-content-header ts-wrap\"><div class=\"ts-vc_cta3-headers ts-wrap-cell\"><\/div><\/div><div class=\"ts-cta3-content-wrapper\"><p>Veuillez nous contacter au\u00a0<a href=\"tel:9227422544\">+91-9227422544<\/a>\u00a0ou nous envoyer un e-mail\u00a0<a href=\"mailto:info@tilakpolypack.com\">info@tilakpolypack.com<\/a> pour obtenir un devis ou de plus amples informations.<\/p><\/div><\/div><div class=\"ts-vc_cta3-actions\">\r\n\t\t<div class=\"ts-vc_btn3-container  popmake-8197 ts-vc_btn3-inline\"><a class=\"ts-vc_general ts-vc_btn3 ts-vc_btn3-size-md ts-vc_btn3-shape-rounded ts-vc_btn3-style-flat ts-vc_btn3-weight-yes ts-vc_btn3-color-skincolor\" href=\"\" title=\"\">send enquiry<\/a><\/div><\/div><\/div><\/div><\/section>[\/vc_column][\/vc_row]<\/p>\n<\/section>","protected":false},"excerpt":{"rendered":"<p>[vc_row][vc_column][vc_column_text] Film d&#8217;emballage pour l&#8217;eau \u2013 Film d&#8217;emballage de qualit\u00e9 pour l&#8217;eau min\u00e9rale Le film d&#8217;emballage pour l&#8217;eau est une option \u00e9conomique par rapport aux bouteilles d&#8217;eau. Son concept est similaire \u00e0 celui des sachets d&#8217;emballage pour le lait utilis\u00e9s en Inde. Nous utilisons uniquement des mati\u00e8res premi\u00e8res vierges et de qualit\u00e9 alimentaire, et les &hellip; <a href=\"https:\/\/tilakpolypack.com\/fr\/film-demballage-pour-leau\/\" class=\"more-link\">Continue reading <span class=\"screen-reader-text\">Film d&#8217;emballage pour l&#8217;eau<\/span><\/a><\/p>\n","protected":false},"author":1,"featured_media":10422,"parent":0,"menu_order":0,"comment_status":"closed","ping_status":"closed","template":"","meta":{"_acf_changed":false,"om_disable_all_campaigns":false,"_monsterinsights_skip_tracking":false,"_monsterinsights_sitenote_active":false,"_monsterinsights_sitenote_note":"","_monsterinsights_sitenote_category":0,"_uf_show_specific_survey":0,"_uf_disable_surveys":false,"footnotes":""},"class_list":["post-7367","page","type-page","status-publish","has-post-thumbnail","hentry"],"acf":[],"_links":{"self":[{"href":"https:\/\/tilakpolypack.com\/fr\/wp-json\/wp\/v2\/pages\/7367","targetHints":{"allow":["GET"]}}],"collection":[{"href":"https:\/\/tilakpolypack.com\/fr\/wp-json\/wp\/v2\/pages"}],"about":[{"href":"https:\/\/tilakpolypack.com\/fr\/wp-json\/wp\/v2\/types\/page"}],"author":[{"embeddable":true,"href":"https:\/\/tilakpolypack.com\/fr\/wp-json\/wp\/v2\/users\/1"}],"replies":[{"embeddable":true,"href":"https:\/\/tilakpolypack.com\/fr\/wp-json\/wp\/v2\/comments?post=7367"}],"version-history":[{"count":4,"href":"https:\/\/tilakpolypack.com\/fr\/wp-json\/wp\/v2\/pages\/7367\/revisions"}],"predecessor-version":[{"id":10792,"href":"https:\/\/tilakpolypack.com\/fr\/wp-json\/wp\/v2\/pages\/7367\/revisions\/10792"}],"wp:featuredmedia":[{"embeddable":true,"href":"https:\/\/tilakpolypack.com\/fr\/wp-json\/wp\/v2\/media\/10422"}],"wp:attachment":[{"href":"https:\/\/tilakpolypack.com\/fr\/wp-json\/wp\/v2\/media?parent=7367"}],"curies":[{"name":"wp","href":"https:\/\/api.w.org\/{rel}","templated":true}]}}