{"id":7364,"date":"2023-10-06T10:17:15","date_gmt":"2023-10-06T10:17:15","guid":{"rendered":"https:\/\/archiveyourwords.com\/tilak\/?page_id=7364"},"modified":"2025-09-17T17:20:17","modified_gmt":"2025-09-17T17:20:17","slug":"ghee-vanaspati-packaging-film","status":"publish","type":"page","link":"https:\/\/tilakpolypack.com\/fr\/ghee-vanaspati-packaging-film\/","title":{"rendered":"Ghee Vanaspati Packaging Film"},"content":{"rendered":"<section class=\"wpb-content-wrapper\"><p>[vc_row][vc_column][vc_column_text css=&#8221;.vc_custom_1758129614046{padding-top: 20px !important;}&#8221;]<\/p>\n<h2>Film d&#8217;emballage pour ghee \/ vanaspati<\/h2>\n<ul>\n<li>Fabriqu\u00e9 \u00e0 partir de films PE 3 couches 100 % vierges<\/li>\n<li>Masterbatch blanc achet\u00e9 uniquement aupr\u00e8s de multinationales<\/li>\n<li>Peut \u00e9galement \u00eatre fourni avec le m\u00e9lange ma\u00eetre jaune.<\/li>\n<li>Nous utilisons Metalosine pour obtenir la meilleure adh\u00e9rence possible.<\/li>\n<li>Nous r\u00e9alisons des impressions en surface jusqu&#8217;\u00e0 8 couleurs et nos encres poss\u00e8dent des propri\u00e9t\u00e9s optimales de r\u00e9sistance aux graisses.<\/li>\n<li>Ils peuvent \u00eatre utilis\u00e9s pour l&#8217;emballage de ghee de 200 ml \u00e0 5 litres.<\/li>\n<\/ul>\n<p>Tilak Polypack est l&#8217;un des principaux fabricants et fournisseurs mondiaux de <a href=\"https:\/\/tilakpolypack.com\/fr\/films-pe-imprimes\/\"><strong>FILM D&#8217;EMBALLAGE GHEE VANASPATI<\/strong><\/a>. Pr\u00e9sent dans des pays tels que les \u00c9tats-Unis, Singapour, l&#8217;Australie, l&#8217;Allemagne, le Canada, la Nouvelle-Z\u00e9lande, le Royaume-Uni, l&#8217;Irlande, l&#8217;\u00c9cosse et la Norv\u00e8ge, Tilak Polypack s&#8217;est impos\u00e9 comme un fournisseur fiable de FILM D&#8217;EMBALLAGE GHEE VANASPATI de haute qualit\u00e9.[\/vc_column_text]<section class=\"ts-vc_cta3-container\"><div class=\"ts-vc_general ts-vc_cta3 ts-cta3-only ts-vc_cta3-style-classic ts-vc_cta3-shape-rounded ts-vc_cta3-align-left ts-vc_cta3-color-transparent ts-vc_cta3-icon-size-md ts-vc_cta3-actions-right vc_custom_1756043835102 ts-cta3-with-desc\"><div class=\"ts-vc_cta3_content-container\"><div class=\"ts-vc_cta3-content\"><div class=\"ts-vc_cta3-content-header ts-wrap\"><div class=\"ts-vc_cta3-headers ts-wrap-cell\"><\/div><\/div><div class=\"ts-cta3-content-wrapper\"><p>Veuillez nous contacter au\u00a0<a href=\"tel:9227422544\">+91-9227422544<\/a>\u00a0ou nous envoyer un e-mail\u00a0<a href=\"mailto:info@tilakpolypack.com\">info@tilakpolypack.com<\/a> pour obtenir un devis ou de plus amples informations.<\/p><\/div><\/div><div class=\"ts-vc_cta3-actions\">\r\n\t\t<div class=\"ts-vc_btn3-container  popmake-8197 ts-vc_btn3-inline\"><a class=\"ts-vc_general ts-vc_btn3 ts-vc_btn3-size-md ts-vc_btn3-shape-rounded ts-vc_btn3-style-flat ts-vc_btn3-weight-yes ts-vc_btn3-color-skincolor\" href=\"\" title=\"\">send enquiry<\/a><\/div><\/div><\/div><\/div><\/section>[\/vc_column][\/vc_row]<\/p>\n<\/section>","protected":false},"excerpt":{"rendered":"<p>[vc_row][vc_column][vc_column_text css=&#8221;.vc_custom_1758129614046{padding-top: 20px !important;}&#8221;] Film d&#8217;emballage pour ghee \/ vanaspati Fabriqu\u00e9 \u00e0 partir de films PE 3 couches 100 % vierges Masterbatch blanc achet\u00e9 uniquement aupr\u00e8s de multinationales Peut \u00e9galement \u00eatre fourni avec le m\u00e9lange ma\u00eetre jaune. Nous utilisons Metalosine pour obtenir la meilleure adh\u00e9rence possible. Nous r\u00e9alisons des impressions en surface jusqu&#8217;\u00e0 8 couleurs &hellip; <a href=\"https:\/\/tilakpolypack.com\/fr\/ghee-vanaspati-packaging-film\/\" class=\"more-link\">Continue reading <span class=\"screen-reader-text\">Ghee Vanaspati Packaging Film<\/span><\/a><\/p>\n","protected":false},"author":1,"featured_media":10418,"parent":0,"menu_order":0,"comment_status":"closed","ping_status":"closed","template":"","meta":{"_acf_changed":false,"om_disable_all_campaigns":false,"_monsterinsights_skip_tracking":false,"_monsterinsights_sitenote_active":false,"_monsterinsights_sitenote_note":"","_monsterinsights_sitenote_category":0,"_uf_show_specific_survey":0,"_uf_disable_surveys":false,"footnotes":""},"class_list":["post-7364","page","type-page","status-publish","has-post-thumbnail","hentry"],"acf":[],"_links":{"self":[{"href":"https:\/\/tilakpolypack.com\/fr\/wp-json\/wp\/v2\/pages\/7364","targetHints":{"allow":["GET"]}}],"collection":[{"href":"https:\/\/tilakpolypack.com\/fr\/wp-json\/wp\/v2\/pages"}],"about":[{"href":"https:\/\/tilakpolypack.com\/fr\/wp-json\/wp\/v2\/types\/page"}],"author":[{"embeddable":true,"href":"https:\/\/tilakpolypack.com\/fr\/wp-json\/wp\/v2\/users\/1"}],"replies":[{"embeddable":true,"href":"https:\/\/tilakpolypack.com\/fr\/wp-json\/wp\/v2\/comments?post=7364"}],"version-history":[{"count":4,"href":"https:\/\/tilakpolypack.com\/fr\/wp-json\/wp\/v2\/pages\/7364\/revisions"}],"predecessor-version":[{"id":10790,"href":"https:\/\/tilakpolypack.com\/fr\/wp-json\/wp\/v2\/pages\/7364\/revisions\/10790"}],"wp:featuredmedia":[{"embeddable":true,"href":"https:\/\/tilakpolypack.com\/fr\/wp-json\/wp\/v2\/media\/10418"}],"wp:attachment":[{"href":"https:\/\/tilakpolypack.com\/fr\/wp-json\/wp\/v2\/media?parent=7364"}],"curies":[{"name":"wp","href":"https:\/\/api.w.org\/{rel}","templated":true}]}}