{"id":7363,"date":"2023-10-06T10:17:03","date_gmt":"2023-10-06T10:17:03","guid":{"rendered":"https:\/\/archiveyourwords.com\/tilak\/?page_id=7363"},"modified":"2025-09-17T17:18:56","modified_gmt":"2025-09-17T17:18:56","slug":"film-demballage-du-lait","status":"publish","type":"page","link":"https:\/\/tilakpolypack.com\/fr\/film-demballage-du-lait\/","title":{"rendered":"Film d&#8217;emballage du lait"},"content":{"rendered":"<section class=\"wpb-content-wrapper\"><p>[vc_row][vc_column][vc_column_text css=&#8221;.vc_custom_1758129402608{padding-top: 20px !important;}&#8221;]<\/p>\n<h2>Protection suppl\u00e9mentaire gr\u00e2ce \u00e0 nos films pour sachets d&#8217;emballage de lait<\/h2>\n<p>Le lait n\u00e9cessite une protection suppl\u00e9mentaire, car il attire davantage les bact\u00e9ries que l&#8217;eau et les autres produits liquides. C&#8217;est pourquoi nous fabriquons un <a href=\"https:\/\/tilakpolypack.com\/fr\/feuilles-et-pellicules-doperculage\/\"><strong>film barri\u00e8re<\/strong><\/a> de qualit\u00e9 sup\u00e9rieure, tr\u00e8s pratique et adapt\u00e9 au lait qu&#8217;il contient. C&#8217;est le meilleur choix pour les sachets d&#8217;emballage de lait.[\/vc_column_text][vc_column_text]<\/p>\n<h2>Parmi les qualit\u00e9s et caract\u00e9ristiques du Milk Pouch, on peut citer<\/h2>\n<ul>\n<li>Imperm\u00e9able<\/li>\n<li>Mati\u00e8res premi\u00e8res de qualit\u00e9 sup\u00e9rieure<\/li>\n<li>Durable<\/li>\n<li>S\u00e9curit\u00e9 \u00e9lev\u00e9e lors du traitement des sachets<\/li>\n<li>Prix comp\u00e9titifs<\/li>\n<li>Personnalis\u00e9 selon les exigences du client<\/li>\n<\/ul>\n<p>Nous travaillons sans rel\u00e2che sur les mat\u00e9riaux d&#8217;emballage utilis\u00e9s pour le lait et veillons \u00e0 ce qu&#8217;ils soient de bonne qualit\u00e9 et adapt\u00e9s \u00e0 un usage alimentaire.<\/p>\n<p>Les avantages de nos <a href=\"https:\/\/tilakpolypack.com\/fr\/films-pe-imprimes\/\">sacs en poly\u00e9thyl\u00e8ne pour le lait comprennent<\/a> leur grande durabilit\u00e9 et leur capacit\u00e9 de scellage tr\u00e8s r\u00e9sistante qui \u00e9vite toute fuite \u00e0 tout moment.<\/p>\n<p>Ces sachets de lait sont \u00e9conomiques, fabriqu\u00e9s \u00e0 partir de mat\u00e9riaux d&#8217;emballage de qualit\u00e9 alimentaire et disponibles en diff\u00e9rentes tailles selon la demande des clients.<\/p>\n<p>Nous veillons \u00e0 n&#8217;utiliser que des mat\u00e9riaux de qualit\u00e9 alimentaire fabriqu\u00e9s \u00e0 l&#8217;aide d&#8217;une technologie de pointe conforme aux normes industrielles, garantissant ainsi une s\u00e9curit\u00e9 optimale du lait.<\/p>\n<p>Veuillez consulter notre gamme de sachets d&#8217;emballage pour lait, disponibles dans une grande vari\u00e9t\u00e9 de couleurs, de tailles, de motifs et de finitions.<\/p>\n<p>Tilak Polypack est l&#8217;un des principaux fabricants et fournisseurs mondiaux de <a href=\"https:\/\/tilakpolypack.com\/fr\/rouleaux-et-pochettes-de-stratifie-flexible\/\"><strong>POCHETTES D&#8217;EMBALLAGE POUR LAIT<\/strong><\/a>. Pr\u00e9sent dans des pays tels que les \u00c9tats-Unis, Singapour, l&#8217;Australie, l&#8217;Allemagne, le Canada, la Nouvelle-Z\u00e9lande, le Royaume-Uni, l&#8217;Irlande, l&#8217;\u00c9cosse et la Norv\u00e8ge, Tilak Polypack s&#8217;est impos\u00e9 comme un fournisseur fiable de POCHETTES D&#8217;EMBALLAGE POUR LAIT de haute qualit\u00e9.[\/vc_column_text][vc_column_text]<\/p>\n<h2>Mat\u00e9riaux utilis\u00e9s pour la fabrication des sachets d&#8217;emballage pour le lait<\/h2>\n<p>De nos jours, l&#8217;ultra-haute temp\u00e9rature est utilis\u00e9e sur le march\u00e9 mondial du lait et des produits laitiers.<\/p>\n<p>Il est donc devenu indispensable de produire un mat\u00e9riau d&#8217;emballage de qualit\u00e9 pour conditionner ce lait. Le HDPE (poly\u00e9thyl\u00e8ne haute densit\u00e9) est largement utilis\u00e9 et sp\u00e9cialement con\u00e7u pour conditionner le lait UHT (ultra haute temp\u00e9rature) et les produits laitiers dans le monde entier.<\/p>\n<p>Nous proposons une gamme de produits pouvant \u00eatre utilis\u00e9s avec tous les types de lait, notamment des gel\u00e9es, des boissons, des sauces et de nombreux autres produits liquides.<\/p>\n<p>Nous fabriquons des films PVC de haute qualit\u00e9 \u00e0 l&#8217;aide de machines de pointe et de technologies modernes, ce qui explique pourquoi nos emballages pour le lait sont r\u00e9put\u00e9s et utilis\u00e9s dans le monde entier.<\/p>\n<p>Nous fabriquons ces films dans diff\u00e9rentes finitions, couleurs et tailles, conform\u00e9ment aux exigences sp\u00e9cifiques de nos clients.[\/vc_column_text]<section class=\"ts-vc_cta3-container\"><div class=\"ts-vc_general ts-vc_cta3 ts-cta3-only ts-vc_cta3-style-classic ts-vc_cta3-shape-rounded ts-vc_cta3-align-left ts-vc_cta3-color-transparent ts-vc_cta3-icon-size-md ts-vc_cta3-actions-right vc_custom_1756048308843 ts-cta3-with-desc\"><div class=\"ts-vc_cta3_content-container\"><div class=\"ts-vc_cta3-content\"><div class=\"ts-vc_cta3-content-header ts-wrap\"><div class=\"ts-vc_cta3-headers ts-wrap-cell\"><\/div><\/div><div class=\"ts-cta3-content-wrapper\"><p>Veuillez nous contacter au\u00a0<a href=\"tel:9227422544\">+91-9227422544<\/a>\u00a0ou nous envoyer un e-mail\u00a0<a href=\"mailto:info@tilakpolypack.com\">info@tilakpolypack.com<\/a> pour obtenir un devis ou de plus amples informations.<\/p><\/div><\/div><div class=\"ts-vc_cta3-actions\">\r\n\t\t<div class=\"ts-vc_btn3-container  popmake-8197 ts-vc_btn3-inline\"><a class=\"ts-vc_general ts-vc_btn3 ts-vc_btn3-size-md ts-vc_btn3-shape-rounded ts-vc_btn3-style-flat ts-vc_btn3-weight-yes ts-vc_btn3-color-skincolor\" href=\"\" title=\"\">send enquiry<\/a><\/div><\/div><\/div><\/div><\/section>[\/vc_column][\/vc_row]<\/p>\n<\/section>","protected":false},"excerpt":{"rendered":"<p>[vc_row][vc_column][vc_column_text css=&#8221;.vc_custom_1758129402608{padding-top: 20px !important;}&#8221;] Protection suppl\u00e9mentaire gr\u00e2ce \u00e0 nos films pour sachets d&#8217;emballage de lait Le lait n\u00e9cessite une protection suppl\u00e9mentaire, car il attire davantage les bact\u00e9ries que l&#8217;eau et les autres produits liquides. C&#8217;est pourquoi nous fabriquons un film barri\u00e8re de qualit\u00e9 sup\u00e9rieure, tr\u00e8s pratique et adapt\u00e9 au lait qu&#8217;il contient. C&#8217;est le meilleur &hellip; <a href=\"https:\/\/tilakpolypack.com\/fr\/film-demballage-du-lait\/\" class=\"more-link\">Continue reading <span class=\"screen-reader-text\">Film d&#8217;emballage du lait<\/span><\/a><\/p>\n","protected":false},"author":1,"featured_media":10416,"parent":0,"menu_order":0,"comment_status":"closed","ping_status":"closed","template":"","meta":{"_acf_changed":false,"om_disable_all_campaigns":false,"_monsterinsights_skip_tracking":false,"_monsterinsights_sitenote_active":false,"_monsterinsights_sitenote_note":"","_monsterinsights_sitenote_category":0,"_uf_show_specific_survey":0,"_uf_disable_surveys":false,"footnotes":""},"class_list":["post-7363","page","type-page","status-publish","has-post-thumbnail","hentry"],"acf":[],"_links":{"self":[{"href":"https:\/\/tilakpolypack.com\/fr\/wp-json\/wp\/v2\/pages\/7363","targetHints":{"allow":["GET"]}}],"collection":[{"href":"https:\/\/tilakpolypack.com\/fr\/wp-json\/wp\/v2\/pages"}],"about":[{"href":"https:\/\/tilakpolypack.com\/fr\/wp-json\/wp\/v2\/types\/page"}],"author":[{"embeddable":true,"href":"https:\/\/tilakpolypack.com\/fr\/wp-json\/wp\/v2\/users\/1"}],"replies":[{"embeddable":true,"href":"https:\/\/tilakpolypack.com\/fr\/wp-json\/wp\/v2\/comments?post=7363"}],"version-history":[{"count":6,"href":"https:\/\/tilakpolypack.com\/fr\/wp-json\/wp\/v2\/pages\/7363\/revisions"}],"predecessor-version":[{"id":10789,"href":"https:\/\/tilakpolypack.com\/fr\/wp-json\/wp\/v2\/pages\/7363\/revisions\/10789"}],"wp:featuredmedia":[{"embeddable":true,"href":"https:\/\/tilakpolypack.com\/fr\/wp-json\/wp\/v2\/media\/10416"}],"wp:attachment":[{"href":"https:\/\/tilakpolypack.com\/fr\/wp-json\/wp\/v2\/media?parent=7363"}],"curies":[{"name":"wp","href":"https:\/\/api.w.org\/{rel}","templated":true}]}}