{"id":7359,"date":"2023-10-06T10:16:26","date_gmt":"2023-10-06T10:16:26","guid":{"rendered":"https:\/\/archiveyourwords.com\/tilak\/?page_id=7359"},"modified":"2025-09-17T09:13:54","modified_gmt":"2025-09-17T09:13:54","slug":"rouleau-lamine-multicolore-haut-de-gamme","status":"publish","type":"page","link":"https:\/\/tilakpolypack.com\/fr\/rouleau-lamine-multicolore-haut-de-gamme\/","title":{"rendered":"Rouleau lamin\u00e9 multicolore haut de gamme"},"content":{"rendered":"<section class=\"wpb-content-wrapper\"><p>[vc_row][vc_column][vc_column_text css=&#8221;.vc_custom_1758100272898{padding-top: 20px !important;}&#8221;]<\/p>\n<h2>Rouleau lamin\u00e9 multicolore<\/h2>\n<p>Les rouleaux lamin\u00e9s multicolores sont tr\u00e8s pris\u00e9s pour l&#8217;emballage et l&#8217;image de marque, car ils offrent une solution visuellement attrayante et accrocheuse. Ces rouleaux sont fabriqu\u00e9s en combinant plusieurs couches de films de diff\u00e9rentes couleurs, ce qui donne un mat\u00e9riau d&#8217;emballage dynamique et \u00e9clatant. Le processus consiste \u00e0 assembler soigneusement les couches par laminage, afin d&#8217;obtenir une structure solide et durable.<\/p>\n<p><a href=\"https:\/\/tilakpolypack.com\/fr\/etiquettes-enveloppantes\/\"><strong>Les rouleaux lamin\u00e9s multicolores<\/strong><\/a> offrent aux entreprises la possibilit\u00e9 de pr\u00e9senter leurs produits de mani\u00e8re unique et attrayante, contribuant ainsi \u00e0 am\u00e9liorer la visibilit\u00e9 de la marque et l&#8217;engagement des clients. Ces rouleaux sont disponibles dans une grande vari\u00e9t\u00e9 de couleurs et de motifs, permettant aux entreprises de personnaliser leurs emballages en fonction de leurs besoins en mati\u00e8re d&#8217;image de marque.<\/p>\n<p>Qu&#8217;ils soient utilis\u00e9s pour les emballages de vente au d\u00e9tail, les supports promotionnels ou l&#8217;\u00e9tiquetage des produits, les rouleaux lamin\u00e9s multicolores offrent une solution polyvalente et cr\u00e9ative qui ajoute une touche de couleur et de personnalit\u00e9 \u00e0 tout design d&#8217;emballage.[\/vc_column_text][vc_column_text]<\/p>\n<h2>Fabrication de rouleaux stratifi\u00e9s<\/h2>\n<p>Chez Tilak Polypack, nous sommes fiers de fournir des rouleaux de feuilles de laminage de haute qualit\u00e9 con\u00e7us pour r\u00e9pondre aux divers besoins de nos clients. Notre processus de fabrication commence par la s\u00e9lection de films et d&#8217;adh\u00e9sifs de premi\u00e8re qualit\u00e9. Ces mat\u00e9riaux sont ensuite soigneusement combin\u00e9s et trait\u00e9s \u00e0 l&#8217;aide de techniques de laminage avanc\u00e9es afin de cr\u00e9er des rouleaux de feuilles de laminage durables et polyvalents.<\/p>\n<p>Nos rouleaux de feuilles de plastification offrent toute une s\u00e9rie de caract\u00e9ristiques impressionnantes. Tout d&#8217;abord, ils offrent une excellente adh\u00e9rence, garantissant une liaison solide entre les couches pour une performance durable. Les rouleaux pr\u00e9sentent \u00e9galement une clart\u00e9 exceptionnelle, permettant une visibilit\u00e9 cristalline des documents ou impressions sous-jacents. De plus, nos <a href=\"https:\/\/tilakpolypack.com\/fr\/lamination-film-pe\/\"><strong>rouleaux de feuilles de plastification<\/strong><\/a> offrent une excellente r\u00e9sistance \u00e0 l&#8217;humidit\u00e9, aux rayons UV et \u00e0 d&#8217;autres facteurs environnementaux, garantissant la protection et la conservation des mat\u00e9riaux plastifi\u00e9s.<\/p>\n<p>Notre engagement envers la qualit\u00e9 et la satisfaction de nos clients nous distingue des autres. Nous respectons des mesures de contr\u00f4le qualit\u00e9 strictes tout au long du processus de fabrication afin de garantir des r\u00e9sultats constants et fiables. Nos rouleaux de feuilles de laminage sont soumis \u00e0 des tests rigoureux afin de r\u00e9pondre aux normes industrielles, garantissant ainsi leurs performances et leur durabilit\u00e9.<\/p>\n<p>De plus, nous proposons une large gamme de tailles et d&#8217;\u00e9paisseurs, permettant ainsi \u00e0 nos clients de choisir le rouleau de feuille de laminage le mieux adapt\u00e9 \u00e0 leurs besoins sp\u00e9cifiques. Notre \u00e9quipe comp\u00e9tente est toujours disponible pour fournir des conseils et une assistance sp\u00e9cialis\u00e9s, aidant ainsi nos clients \u00e0 prendre des d\u00e9cisions \u00e9clair\u00e9es.<\/p>\n<p>Avec Tilak Polypack, vous pouvez \u00eatre s\u00fbr que nos rouleaux de feuilles de plastification sont con\u00e7us pour offrir des r\u00e9sultats exceptionnels, en assurant une protection fiable et en am\u00e9liorant l&#8217;apparence de vos documents ou impressions. Nous nous engageons \u00e0 satisfaire nos clients en leur proposant des produits de qualit\u00e9 sup\u00e9rieure qui r\u00e9pondent aux normes les plus \u00e9lev\u00e9es en mati\u00e8re de performance et de durabilit\u00e9.<\/p>\n<p>Nous sommes l&#8217;un des principaux fabricants de rouleaux lamin\u00e9s multicolores utilis\u00e9s principalement dans l&#8217;industrie alimentaire.<\/p>\n<p>Tilak Polypack est l&#8217;un des principaux fabricants et fournisseurs mondiaux de <a href=\"https:\/\/tilakpolypack.com\/fr\/rouleaux-et-pochettes-de-stratifie-flexible\/\"><strong>rouleaux lamin\u00e9s multicolores<\/strong><\/a>. Pr\u00e9sent dans des pays tels que les \u00c9tats-Unis, Singapour, l&#8217;Australie, l&#8217;Allemagne, le Canada, la Nouvelle-Z\u00e9lande, le Royaume-Uni, l&#8217;Irlande, l&#8217;\u00c9cosse et la Norv\u00e8ge, Tilak Polypack s&#8217;est impos\u00e9 comme un fournisseur fiable de rouleaux lamin\u00e9s multicolores de haute qualit\u00e9.[\/vc_column_text][vc_column_text]<\/p>\n<h3>Quelques caract\u00e9ristiques des rouleaux lamin\u00e9s multicolores :<\/h3>\n<ul>\n<li>Le mat\u00e9riau utilis\u00e9 dans les rouleaux lamin\u00e9s multicolores est un mat\u00e9riau de qualit\u00e9 alimentaire.<\/li>\n<li>La qualit\u00e9 de nos rouleaux lamin\u00e9s multicolores est sup\u00e9rieure et conforme aux normes industrielles.<\/li>\n<li>Prix avantageux.<\/li>\n<\/ul>\n<p>[\/vc_column_text][vc_column_text]<\/p>\n<h3>Ces mat\u00e9riaux sont achet\u00e9s aupr\u00e8s de fournisseurs r\u00e9put\u00e9s qui sont pr\u00e9sents dans le secteur depuis des d\u00e9cennies.<\/h3>\n<p>Ces rouleaux lamin\u00e9s multicolores sont tr\u00e8s r\u00e9sistants et suffisamment solides pour garantir une longue dur\u00e9e de conservation des aliments qu&#8217;ils contiennent. Ils sont \u00e9galement tr\u00e8s utilis\u00e9s pour le lait et d&#8217;autres produits liquides.<\/p>\n<p>Nous fournissons \u00e9galement de nombreux secteurs autres que l&#8217;industrie alimentaire et personnalisons les rouleaux en fonction des exigences ou des applications sp\u00e9cifiques \u00e0 votre secteur d&#8217;activit\u00e9.[\/vc_column_text]<section class=\"ts-vc_cta3-container\"><div class=\"ts-vc_general ts-vc_cta3 ts-cta3-only ts-vc_cta3-style-classic ts-vc_cta3-shape-rounded ts-vc_cta3-align-left ts-vc_cta3-color-transparent ts-vc_cta3-icon-size-md ts-vc_cta3-actions-right vc_custom_1756052591864 ts-cta3-with-desc\"><div class=\"ts-vc_cta3_content-container\"><div class=\"ts-vc_cta3-content\"><div class=\"ts-vc_cta3-content-header ts-wrap\"><div class=\"ts-vc_cta3-headers ts-wrap-cell\"><\/div><\/div><div class=\"ts-cta3-content-wrapper\"><p>Veuillez nous contacter au\u00a0<a href=\"tel:9227422544\">+91-9227422544<\/a>\u00a0ou nous envoyer un e-mail\u00a0<a href=\"mailto:info@tilakpolypack.com\">info@tilakpolypack.com<\/a> pour obtenir un devis ou de plus amples informations.<\/p><\/div><\/div><div class=\"ts-vc_cta3-actions\">\r\n\t\t<div class=\"ts-vc_btn3-container  popmake-8197 ts-vc_btn3-inline\"><a class=\"ts-vc_general ts-vc_btn3 ts-vc_btn3-size-md ts-vc_btn3-shape-rounded ts-vc_btn3-style-flat ts-vc_btn3-weight-yes ts-vc_btn3-color-skincolor\" href=\"\" title=\"\">send enquiry<\/a><\/div><\/div><\/div><\/div><\/section>[\/vc_column][\/vc_row]<\/p>\n<\/section>","protected":false},"excerpt":{"rendered":"<p>[vc_row][vc_column][vc_column_text css=&#8221;.vc_custom_1758100272898{padding-top: 20px !important;}&#8221;] Rouleau lamin\u00e9 multicolore Les rouleaux lamin\u00e9s multicolores sont tr\u00e8s pris\u00e9s pour l&#8217;emballage et l&#8217;image de marque, car ils offrent une solution visuellement attrayante et accrocheuse. Ces rouleaux sont fabriqu\u00e9s en combinant plusieurs couches de films de diff\u00e9rentes couleurs, ce qui donne un mat\u00e9riau d&#8217;emballage dynamique et \u00e9clatant. Le processus consiste \u00e0 &hellip; <a href=\"https:\/\/tilakpolypack.com\/fr\/rouleau-lamine-multicolore-haut-de-gamme\/\" class=\"more-link\">Continue reading <span class=\"screen-reader-text\">Rouleau lamin\u00e9 multicolore haut de gamme<\/span><\/a><\/p>\n","protected":false},"author":1,"featured_media":8015,"parent":0,"menu_order":0,"comment_status":"closed","ping_status":"closed","template":"","meta":{"_acf_changed":false,"om_disable_all_campaigns":false,"_monsterinsights_skip_tracking":false,"_monsterinsights_sitenote_active":false,"_monsterinsights_sitenote_note":"","_monsterinsights_sitenote_category":0,"_uf_show_specific_survey":0,"_uf_disable_surveys":false,"footnotes":""},"class_list":["post-7359","page","type-page","status-publish","has-post-thumbnail","hentry"],"acf":[],"_links":{"self":[{"href":"https:\/\/tilakpolypack.com\/fr\/wp-json\/wp\/v2\/pages\/7359","targetHints":{"allow":["GET"]}}],"collection":[{"href":"https:\/\/tilakpolypack.com\/fr\/wp-json\/wp\/v2\/pages"}],"about":[{"href":"https:\/\/tilakpolypack.com\/fr\/wp-json\/wp\/v2\/types\/page"}],"author":[{"embeddable":true,"href":"https:\/\/tilakpolypack.com\/fr\/wp-json\/wp\/v2\/users\/1"}],"replies":[{"embeddable":true,"href":"https:\/\/tilakpolypack.com\/fr\/wp-json\/wp\/v2\/comments?post=7359"}],"version-history":[{"count":3,"href":"https:\/\/tilakpolypack.com\/fr\/wp-json\/wp\/v2\/pages\/7359\/revisions"}],"predecessor-version":[{"id":10702,"href":"https:\/\/tilakpolypack.com\/fr\/wp-json\/wp\/v2\/pages\/7359\/revisions\/10702"}],"wp:featuredmedia":[{"embeddable":true,"href":"https:\/\/tilakpolypack.com\/fr\/wp-json\/wp\/v2\/media\/8015"}],"wp:attachment":[{"href":"https:\/\/tilakpolypack.com\/fr\/wp-json\/wp\/v2\/media?parent=7359"}],"curies":[{"name":"wp","href":"https:\/\/api.w.org\/{rel}","templated":true}]}}