{"id":7358,"date":"2023-10-06T10:16:12","date_gmt":"2023-10-06T10:16:12","guid":{"rendered":"https:\/\/archiveyourwords.com\/tilak\/?page_id=7358"},"modified":"2025-09-17T09:04:55","modified_gmt":"2025-09-17T09:04:55","slug":"rouleau-de-polyester-lamine","status":"publish","type":"page","link":"https:\/\/tilakpolypack.com\/fr\/rouleau-de-polyester-lamine\/","title":{"rendered":"Rouleau de polyester lamin\u00e9"},"content":{"rendered":"<section class=\"wpb-content-wrapper\"><p>[vc_row][vc_column][vc_column_text css=&#8221;.vc_custom_1758099863586{padding-top: 20px !important;}&#8221;]<\/p>\n<h2>Rouleau lamin\u00e9 en polyester<\/h2>\n<p>Nous proposons des rouleaux lamin\u00e9s en polyester disponibles en diff\u00e9rentes couleurs, \u00e9paisseurs, tailles et sp\u00e9cifications. Le proc\u00e9d\u00e9 d&#8217;impression par h\u00e9liogravure est utilis\u00e9 pour obtenir une bonne finition du produit imprim\u00e9.<\/p>\n<p>Une bonne finition du <a href=\"https:\/\/tilakpolypack.com\/fr\/films-pe-imprimes\/\"><strong>rouleau lamin\u00e9 en polyester imprim\u00e9<\/strong><\/a> est tr\u00e8s importante pour la marque alimentaire \u00e0 laquelle il appartient. C&#8217;est pourquoi, chez Tilak Polypack, nous veillons \u00e0 ce que la qualit\u00e9 des mati\u00e8res premi\u00e8res et de la finition ne soit jamais compromise \u00e0 aucun stade du processus de fabrication des rouleaux lamin\u00e9s en polyester.<\/p>\n<p>Voici quelques-uns des mat\u00e9riaux d&#8217;emballage que nous proposons : polyester LDPE, polyester m\u00e9tallis\u00e9, polyester LDPE, polyester BOPP, polyester m\u00e9tallis\u00e9 BOPP, BOPP LDPE, BOPP CPP, polyester, feuille d&#8217;aluminium LDPE, polyester CPP et <a href=\"https:\/\/tilakpolypack.com\/fr\/sacs-ldpe\/\"><strong>polyester LDPE<\/strong><\/a>.<\/p>\n<p>Tilak Polypack est l&#8217;un des principaux fabricants et fournisseurs mondiaux de <a href=\"https:\/\/tilakpolypack.com\/fr\/lamines-pour-lemballage-alimentaire-en-sachets-et-en-rouleaux\/\"><strong>rouleaux lamin\u00e9s en polyester<\/strong><\/a>. Pr\u00e9sent dans des pays tels que les \u00c9tats-Unis, Singapour, l&#8217;Australie, l&#8217;Allemagne, le Canada, la Nouvelle-Z\u00e9lande, le Royaume-Uni, l&#8217;Irlande, l&#8217;\u00c9cosse et la Norv\u00e8ge, Tilak Polypack s&#8217;est impos\u00e9 comme un fournisseur fiable de rouleaux lamin\u00e9s en polyester de haute qualit\u00e9.[\/vc_column_text]<section class=\"ts-vc_cta3-container\"><div class=\"ts-vc_general ts-vc_cta3 ts-cta3-only ts-vc_cta3-style-classic ts-vc_cta3-shape-rounded ts-vc_cta3-align-left ts-vc_cta3-color-transparent ts-vc_cta3-icon-size-md ts-vc_cta3-actions-right vc_custom_1756058388871 ts-cta3-with-desc\"><div class=\"ts-vc_cta3_content-container\"><div class=\"ts-vc_cta3-content\"><div class=\"ts-vc_cta3-content-header ts-wrap\"><div class=\"ts-vc_cta3-headers ts-wrap-cell\"><\/div><\/div><div class=\"ts-cta3-content-wrapper\"><p>Veuillez nous contacter au\u00a0<a href=\"tel:9227422544\">+91-9227422544<\/a>\u00a0ou nous envoyer un e-mail\u00a0<a href=\"mailto:info@tilakpolypack.com\">info@tilakpolypack.com<\/a> pour obtenir un devis ou de plus amples informations.<\/p><\/div><\/div><div class=\"ts-vc_cta3-actions\">\r\n\t\t<div class=\"ts-vc_btn3-container  popmake-8197 ts-vc_btn3-inline\"><a class=\"ts-vc_general ts-vc_btn3 ts-vc_btn3-size-md ts-vc_btn3-shape-rounded ts-vc_btn3-style-flat ts-vc_btn3-weight-yes ts-vc_btn3-color-skincolor\" href=\"\" title=\"\">send enquiry<\/a><\/div><\/div><\/div><\/div><\/section>[\/vc_column][\/vc_row]<\/p>\n<\/section>","protected":false},"excerpt":{"rendered":"<p>[vc_row][vc_column][vc_column_text css=&#8221;.vc_custom_1758099863586{padding-top: 20px !important;}&#8221;] Rouleau lamin\u00e9 en polyester Nous proposons des rouleaux lamin\u00e9s en polyester disponibles en diff\u00e9rentes couleurs, \u00e9paisseurs, tailles et sp\u00e9cifications. Le proc\u00e9d\u00e9 d&#8217;impression par h\u00e9liogravure est utilis\u00e9 pour obtenir une bonne finition du produit imprim\u00e9. Une bonne finition du rouleau lamin\u00e9 en polyester imprim\u00e9 est tr\u00e8s importante pour la marque alimentaire \u00e0 &hellip; <a href=\"https:\/\/tilakpolypack.com\/fr\/rouleau-de-polyester-lamine\/\" class=\"more-link\">Continue reading <span class=\"screen-reader-text\">Rouleau de polyester lamin\u00e9<\/span><\/a><\/p>\n","protected":false},"author":1,"featured_media":8015,"parent":0,"menu_order":0,"comment_status":"closed","ping_status":"closed","template":"","meta":{"_acf_changed":false,"om_disable_all_campaigns":false,"_monsterinsights_skip_tracking":false,"_monsterinsights_sitenote_active":false,"_monsterinsights_sitenote_note":"","_monsterinsights_sitenote_category":0,"_uf_show_specific_survey":0,"_uf_disable_surveys":false,"footnotes":""},"class_list":["post-7358","page","type-page","status-publish","has-post-thumbnail","hentry"],"acf":[],"_links":{"self":[{"href":"https:\/\/tilakpolypack.com\/fr\/wp-json\/wp\/v2\/pages\/7358","targetHints":{"allow":["GET"]}}],"collection":[{"href":"https:\/\/tilakpolypack.com\/fr\/wp-json\/wp\/v2\/pages"}],"about":[{"href":"https:\/\/tilakpolypack.com\/fr\/wp-json\/wp\/v2\/types\/page"}],"author":[{"embeddable":true,"href":"https:\/\/tilakpolypack.com\/fr\/wp-json\/wp\/v2\/users\/1"}],"replies":[{"embeddable":true,"href":"https:\/\/tilakpolypack.com\/fr\/wp-json\/wp\/v2\/comments?post=7358"}],"version-history":[{"count":4,"href":"https:\/\/tilakpolypack.com\/fr\/wp-json\/wp\/v2\/pages\/7358\/revisions"}],"predecessor-version":[{"id":10701,"href":"https:\/\/tilakpolypack.com\/fr\/wp-json\/wp\/v2\/pages\/7358\/revisions\/10701"}],"wp:featuredmedia":[{"embeddable":true,"href":"https:\/\/tilakpolypack.com\/fr\/wp-json\/wp\/v2\/media\/8015"}],"wp:attachment":[{"href":"https:\/\/tilakpolypack.com\/fr\/wp-json\/wp\/v2\/media?parent=7358"}],"curies":[{"name":"wp","href":"https:\/\/api.w.org\/{rel}","templated":true}]}}