{"id":7353,"date":"2023-10-06T10:15:37","date_gmt":"2023-10-06T10:15:37","guid":{"rendered":"https:\/\/archiveyourwords.com\/tilak\/?page_id=7353"},"modified":"2025-09-17T08:57:18","modified_gmt":"2025-09-17T08:57:18","slug":"etiquettes-enveloppantes","status":"publish","type":"page","link":"https:\/\/tilakpolypack.com\/fr\/etiquettes-enveloppantes\/","title":{"rendered":"\u00c9tiquettes enveloppantes"},"content":{"rendered":"<section class=\"wpb-content-wrapper\"><p>[vc_row][vc_column][vc_column_text css=&#8221;.vc_custom_1758099344625{padding-top: 20px !important;}&#8221;]<\/p>\n<h2>\u00c9tiquettes enveloppantes<\/h2>\n<p>Les \u00e9tiquettes enveloppantes sont des <a href=\"https:\/\/tilakpolypack.com\/fr\/film-de-stratification-adhesif\/\"><strong>\u00e9tiquettes adh\u00e9sives<\/strong><\/a> qui s&#8217;enroulent autour d&#8217;un produit ou d&#8217;un contenant, offrant une couverture compl\u00e8te \u00e0 360 degr\u00e9s. Elles sont couramment utilis\u00e9es \u00e0 des fins de branding, d&#8217;information sur le produit et d&#8217;\u00e9tiquetage.<\/p>\n<p>Le processus de fabrication des \u00e9tiquettes enveloppantes consiste \u00e0 imprimer le motif souhait\u00e9 sur un mat\u00e9riau d&#8217;\u00e9tiquette, \u00e0 le d\u00e9couper \u00e0 l&#8217;emporte-pi\u00e8ce dans la forme requise et \u00e0 appliquer un adh\u00e9sif au dos pour faciliter son application sur diverses surfaces.<\/p>\n<p>Les \u00e9tiquettes enveloppantes sont polyvalentes et peuvent \u00eatre appliqu\u00e9es sur une large gamme de produits et de contenants, notamment les bouteilles, les canettes, les bo\u00eetes et les bocaux.[\/vc_column_text][vc_column_text]<\/p>\n<h2>Fabrication d&#8217;\u00e9tiquettes enveloppantes<\/h2>\n<p>Tilak Polypack est l&#8217;un des principaux fabricants d&#8217;\u00e9tiquettes enveloppantes de haute qualit\u00e9, r\u00e9put\u00e9 pour son processus de fabrication avanc\u00e9 et ses caract\u00e9ristiques sup\u00e9rieures.<\/p>\n<p>Nos \u00e9tiquettes enveloppantes sont fabriqu\u00e9es \u00e0 partir d&#8217;un film d&#8217;\u00e9tiquetage de qualit\u00e9 sup\u00e9rieure, s\u00e9lectionn\u00e9 pour sa durabilit\u00e9, sa flexibilit\u00e9 et son imprimabilit\u00e9. Nous obtenons des couleurs vives et des graphismes nets gr\u00e2ce \u00e0 des technologies d&#8217;impression avanc\u00e9es, notamment l&#8217;impression flexographique et num\u00e9rique. La d\u00e9coupe pr\u00e9cise garantit une forme et une taille exactes, tandis que les dimensions personnalisables des rouleaux s&#8217;adaptent \u00e0 diff\u00e9rents \u00e9quipements d&#8217;\u00e9tiquetage.<\/p>\n<p>Nos \u00e9tiquettes enveloppantes pr\u00e9sentent d&#8217;excellentes propri\u00e9t\u00e9s adh\u00e9sives, garantissant une adh\u00e9rence s\u00fbre et durable. Elles r\u00e9sistent \u00e0 l&#8217;humidit\u00e9, \u00e0 l&#8217;huile et aux facteurs environnementaux, conservant leur qualit\u00e9 tout au long du cycle de vie du produit. De plus, nos \u00e9tiquettes peuvent \u00eatre personnalis\u00e9es pour r\u00e9pondre \u00e0 des besoins sp\u00e9cifiques en mati\u00e8re de marque et d&#8217;emballage, offrant une gamme d&#8217;options de mat\u00e9riaux et de finitions.<\/p>\n<p>Chez Tilak Polypack, notre engagement envers la qualit\u00e9 est in\u00e9branlable. Nos processus de contr\u00f4le qualit\u00e9 rigoureux garantissent que chaque \u00e9tiquette enveloppante r\u00e9pond aux normes les plus \u00e9lev\u00e9es. Gr\u00e2ce \u00e0 nos capacit\u00e9s de fabrication avanc\u00e9es, \u00e0 notre souci du d\u00e9tail et \u00e0 notre approche centr\u00e9e sur le client, nous nous effor\u00e7ons d&#8217;\u00eatre le choix privil\u00e9gi\u00e9 pour les \u00e9tiquettes enveloppantes.<\/p>\n<p>Choisissez Tilak Polypack pour des \u00e9tiquettes enveloppantes fiables qui am\u00e9liorent votre emballage et votre image de marque. Gr\u00e2ce \u00e0 notre expertise et \u00e0 notre engagement envers la satisfaction de nos clients, nous sommes convaincus de fournir les meilleures \u00e9tiquettes enveloppantes du secteur.<\/p>\n<p>Tilak Polypack est l&#8217;un des principaux fabricants et fournisseurs mondiaux <a href=\"https:\/\/tilakpolypack.com\/fr\/rouleaux-et-pochettes-de-stratifie-flexible\/\"><strong>d&#8217;\u00e9tiquettes enveloppantes<\/strong><\/a>. Pr\u00e9sent dans des pays tels que les \u00c9tats-Unis, Singapour, l&#8217;Australie, l&#8217;Allemagne, le Canada, la Nouvelle-Z\u00e9lande, le Royaume-Uni, l&#8217;Irlande, l&#8217;\u00c9cosse et la Norv\u00e8ge, Tilak Polypack s&#8217;est impos\u00e9 comme un fournisseur fiable d&#8217;\u00e9tiquettes enveloppantes de haute qualit\u00e9.[\/vc_column_text][vc_column_text]<\/p>\n<h3>Caract\u00e9ristiques<\/h3>\n<ul>\n<li>Utilis\u00e9 en remplacement des \u00e9tiquettes thermor\u00e9tractables en PVC<\/li>\n<li>\u00c9conomies de main-d&#8217;\u0153uvre gr\u00e2ce \u00e0 l&#8217;automatisation du processus<\/li>\n<li>Disponible dans une gamme d&#8217;\u00e9paisseurs de 38 \u00e0 50 microns.<\/li>\n<li>Am\u00e9lioration de l&#8217;image de marque et de la visibilit\u00e9 des produits<\/li>\n<li>Polyvalent et personnalisable pour r\u00e9pondre \u00e0 divers besoins d&#8217;emballage<\/li>\n<li>Excellentes propri\u00e9t\u00e9s adh\u00e9sives pour une fixation s\u00fbre<\/li>\n<li>R\u00e9sistant \u00e0 l&#8217;humidit\u00e9, \u00e0 l&#8217;huile et aux facteurs environnementaux<\/li>\n<li>Impression haute qualit\u00e9 pour des couleurs vives et des graphiques nets<\/li>\n<li>D\u00e9coupe pr\u00e9cise pour une forme et une taille exactes<\/li>\n<li>Durable et r\u00e9sistant pour une longue dur\u00e9e de vie du produit<\/li>\n<li>Compatible avec diff\u00e9rents \u00e9quipements d&#8217;\u00e9tiquetage<\/li>\n<li>Tailles de rouleaux personnalisables pour une application pratique<\/li>\n<li>Conformit\u00e9 aux normes industrielles en mati\u00e8re d&#8217;assurance qualit\u00e9<\/li>\n<\/ul>\n<p>[\/vc_column_text]<section class=\"ts-vc_cta3-container\"><div class=\"ts-vc_general ts-vc_cta3 ts-cta3-only ts-vc_cta3-style-classic ts-vc_cta3-shape-rounded ts-vc_cta3-align-left ts-vc_cta3-color-transparent ts-vc_cta3-icon-size-md ts-vc_cta3-actions-right vc_custom_1756062847087 ts-cta3-with-desc\"><div class=\"ts-vc_cta3_content-container\"><div class=\"ts-vc_cta3-content\"><div class=\"ts-vc_cta3-content-header ts-wrap\"><div class=\"ts-vc_cta3-headers ts-wrap-cell\"><\/div><\/div><div class=\"ts-cta3-content-wrapper\"><p>Veuillez nous contacter au\u00a0<a href=\"tel:9227422544\">+91-9227422544<\/a>\u00a0ou nous envoyer un e-mail\u00a0<a href=\"mailto:info@tilakpolypack.com\">info@tilakpolypack.com<\/a> pour obtenir un devis ou de plus amples informations.<\/p><\/div><\/div><div class=\"ts-vc_cta3-actions\">\r\n\t\t<div class=\"ts-vc_btn3-container  popmake-8197 ts-vc_btn3-inline\"><a class=\"ts-vc_general ts-vc_btn3 ts-vc_btn3-size-md ts-vc_btn3-shape-rounded ts-vc_btn3-style-flat ts-vc_btn3-weight-yes ts-vc_btn3-color-skincolor\" href=\"\" title=\"\">send enquiry<\/a><\/div><\/div><\/div><\/div><\/section>[\/vc_column][\/vc_row]<\/p>\n<\/section>","protected":false},"excerpt":{"rendered":"<p>[vc_row][vc_column][vc_column_text css=&#8221;.vc_custom_1758099344625{padding-top: 20px !important;}&#8221;] \u00c9tiquettes enveloppantes Les \u00e9tiquettes enveloppantes sont des \u00e9tiquettes adh\u00e9sives qui s&#8217;enroulent autour d&#8217;un produit ou d&#8217;un contenant, offrant une couverture compl\u00e8te \u00e0 360 degr\u00e9s. Elles sont couramment utilis\u00e9es \u00e0 des fins de branding, d&#8217;information sur le produit et d&#8217;\u00e9tiquetage. Le processus de fabrication des \u00e9tiquettes enveloppantes consiste \u00e0 imprimer le motif &hellip; <a href=\"https:\/\/tilakpolypack.com\/fr\/etiquettes-enveloppantes\/\" class=\"more-link\">Continue reading <span class=\"screen-reader-text\">\u00c9tiquettes enveloppantes<\/span><\/a><\/p>\n","protected":false},"author":1,"featured_media":8015,"parent":0,"menu_order":0,"comment_status":"closed","ping_status":"closed","template":"","meta":{"_acf_changed":false,"om_disable_all_campaigns":false,"_monsterinsights_skip_tracking":false,"_monsterinsights_sitenote_active":false,"_monsterinsights_sitenote_note":"","_monsterinsights_sitenote_category":0,"_uf_show_specific_survey":0,"_uf_disable_surveys":false,"footnotes":""},"class_list":["post-7353","page","type-page","status-publish","has-post-thumbnail","hentry"],"acf":[],"_links":{"self":[{"href":"https:\/\/tilakpolypack.com\/fr\/wp-json\/wp\/v2\/pages\/7353","targetHints":{"allow":["GET"]}}],"collection":[{"href":"https:\/\/tilakpolypack.com\/fr\/wp-json\/wp\/v2\/pages"}],"about":[{"href":"https:\/\/tilakpolypack.com\/fr\/wp-json\/wp\/v2\/types\/page"}],"author":[{"embeddable":true,"href":"https:\/\/tilakpolypack.com\/fr\/wp-json\/wp\/v2\/users\/1"}],"replies":[{"embeddable":true,"href":"https:\/\/tilakpolypack.com\/fr\/wp-json\/wp\/v2\/comments?post=7353"}],"version-history":[{"count":4,"href":"https:\/\/tilakpolypack.com\/fr\/wp-json\/wp\/v2\/pages\/7353\/revisions"}],"predecessor-version":[{"id":10699,"href":"https:\/\/tilakpolypack.com\/fr\/wp-json\/wp\/v2\/pages\/7353\/revisions\/10699"}],"wp:featuredmedia":[{"embeddable":true,"href":"https:\/\/tilakpolypack.com\/fr\/wp-json\/wp\/v2\/media\/8015"}],"wp:attachment":[{"href":"https:\/\/tilakpolypack.com\/fr\/wp-json\/wp\/v2\/media?parent=7353"}],"curies":[{"name":"wp","href":"https:\/\/api.w.org\/{rel}","templated":true}]}}