{"id":7352,"date":"2023-10-06T10:15:21","date_gmt":"2023-10-06T10:15:21","guid":{"rendered":"https:\/\/archiveyourwords.com\/tilak\/?page_id=7352"},"modified":"2025-09-17T08:48:22","modified_gmt":"2025-09-17T08:48:22","slug":"feuilles-et-pellicules-doperculage","status":"publish","type":"page","link":"https:\/\/tilakpolypack.com\/fr\/feuilles-et-pellicules-doperculage\/","title":{"rendered":"Feuilles et pellicules d&#8217;operculage"},"content":{"rendered":"<section class=\"wpb-content-wrapper\"><p>[vc_row][vc_column][vc_column_text css=&#8221;.vc_custom_1758098899578{padding-top: 20px !important;}&#8221;]Les feuilles de recouvrement et les lamin\u00e9s servent de couche protectrice pour divers contenants d&#8217;aliments et de boissons, garantissant l&#8217;int\u00e9grit\u00e9 du produit et prolongeant sa dur\u00e9e de conservation. Ces mat\u00e9riaux sont couramment utilis\u00e9s dans des secteurs tels que les produits laitiers, la confiserie et les plats pr\u00e9par\u00e9s.<\/p>\n<p>Le processus consiste \u00e0 appliquer de la chaleur ou de la pression pour cr\u00e9er un scellage s\u00e9curis\u00e9, prot\u00e9geant efficacement le contenu des \u00e9l\u00e9ments ext\u00e9rieurs. <a href=\"https:\/\/tilakpolypack.com\/fr\/rouleaux-et-pochettes-de-stratifie-flexible\/\"><strong>Les films et lamin\u00e9s de recouvrement<\/strong><\/a> offrent une fonctionnalit\u00e9 facile \u00e0 d\u00e9coller, permettant un acc\u00e8s pratique aux articles emball\u00e9s tout en pr\u00e9servant la fra\u00eecheur du produit.<\/p>\n<p>Gr\u00e2ce \u00e0 leurs options de conception personnalisables et leur compatibilit\u00e9 avec diff\u00e9rents substrats d&#8217;emballage, les films de recouvrement et les lamin\u00e9s offrent des solutions d&#8217;emballage polyvalentes et fiables. Ils sont essentiels pour garantir la s\u00e9curit\u00e9 des produits, pr\u00e9server les saveurs et am\u00e9liorer l&#8217;exp\u00e9rience globale des consommateurs.[\/vc_column_text][vc_column_text]<\/p>\n<h2>Fabrication de feuilles de recouvrement et de lamin\u00e9s<\/h2>\n<p>Tilak Polypack est un <a href=\"https:\/\/tilakpolypack.com\/fr\/films-doperculage\/\"><strong>fabricant et fournisseur de confiance de films d&#8217;operculage<\/strong><\/a> et de lamin\u00e9s, offrant une qualit\u00e9 sup\u00e9rieure et des caract\u00e9ristiques in\u00e9gal\u00e9es. Notre processus de fabrication garantit la production de films d&#8217;operculage de premi\u00e8re qualit\u00e9 qui r\u00e9pondent aux normes de l&#8217;industrie.<\/p>\n<p>En tant que fabricants leaders de feuilles de recouvrement, nous utilisons des techniques avanc\u00e9es de rev\u00eatement et de laminage pour coller des feuilles d&#8217;aluminium ou d&#8217;autres mat\u00e9riaux barri\u00e8res sur un substrat. Notre processus de fabrication pr\u00e9cis garantit la production de feuilles de recouvrement dot\u00e9es d&#8217;excellentes propri\u00e9t\u00e9s barri\u00e8res et d&#8217;une int\u00e9grit\u00e9 de scellage optimale.<\/p>\n<p>Tilak Polypack est l&#8217;un des principaux fabricants et fournisseurs mondiaux de FEUILLES ET LAMIN\u00c9S DE COUVERCLES. Pr\u00e9sent dans des pays tels que les \u00c9tats-Unis, Singapour, l&#8217;Australie, l&#8217;Allemagne, le Canada, la Nouvelle-Z\u00e9lande, le Royaume-Uni, l&#8217;Irlande, l&#8217;\u00c9cosse et la Norv\u00e8ge, Tilak Polypack s&#8217;est impos\u00e9 comme un fournisseur fiable de FEUILLES ET LAMIN\u00c9S DE COUVERCLES de haute qualit\u00e9.[\/vc_column_text][vc_column_text]<\/p>\n<h2>Caract\u00e9ristiques des films et lamin\u00e9s d&#8217;operculage Tilak Polypack :<\/h2>\n<ol>\n<li><b>Protection barri\u00e8re sup\u00e9rieure :<\/b>\u00a0Nos films et lamin\u00e9s de recouvrement constituent une barri\u00e8re efficace contre l&#8217;humidit\u00e9, l&#8217;oxyg\u00e8ne et la lumi\u00e8re, pr\u00e9servant ainsi la fra\u00eecheur et la qualit\u00e9 des produits emball\u00e9s.<\/li>\n<li><b>Dur\u00e9e de conservation prolong\u00e9e :<\/b>\u00a0Gr\u00e2ce \u00e0 leurs propri\u00e9t\u00e9s barri\u00e8res exceptionnelles, nos films de recouvrement contribuent \u00e0 prolonger la dur\u00e9e de conservation des denr\u00e9es p\u00e9rissables, r\u00e9duisant ainsi le gaspillage alimentaire.<\/li>\n<li><b>Ouverture facile :<\/b>\u00a0Nos films et lamin\u00e9s de recouvrement sont faciles \u00e0 ouvrir, ce qui permet aux consommateurs d&#8217;ouvrir l&#8217;emballage sans effort tout en pr\u00e9servant l&#8217;int\u00e9grit\u00e9 du scellage.<\/li>\n<li><b>Options personnalisables :\u00a0<\/b>Nous proposons des options de personnalisation en termes d&#8217;\u00e9paisseur de film, de choix de substrat et de capacit\u00e9s d&#8217;impression, permettant ainsi la promotion de la marque et la diff\u00e9renciation des produits.<\/li>\n<li><b>Polyvalence et compatibilit\u00e9 :\u00a0<\/b>Nos films et lamin\u00e9s de recouvrement sont compatibles avec divers substrats d&#8217;emballage, notamment le plastique, le verre et le carton, ce qui garantit leur polyvalence et leur facilit\u00e9 d&#8217;utilisation.<\/li>\n<\/ol>\n<p>[\/vc_column_text][vc_column_text]<\/p>\n<h2>Pourquoi choisir Tilak Polypack pour les films d&#8217;operculage et les lamin\u00e9s :<\/h2>\n<ol>\n<li>Expertise industrielle : Forts d&#8217;une vaste exp\u00e9rience en tant que fabricants de feuilles d&#8217;operculage, nous comprenons les diverses exigences de nos clients et leur proposons des solutions sur mesure.<\/li>\n<li>Normes de qualit\u00e9 \u00e9lev\u00e9es : nous privil\u00e9gions l&#8217;utilisation de mat\u00e9riaux haut de gamme et respectons des mesures de contr\u00f4le qualit\u00e9 strictes, garantissant ainsi la production de films d&#8217;operculage et de lamin\u00e9s d&#8217;une qualit\u00e9 exceptionnelle.<\/li>\n<li>Personnalisation et flexibilit\u00e9 : notre capacit\u00e9 \u00e0 fournir des options de conception personnalisables et \u00e0 garantir la compatibilit\u00e9 avec diff\u00e9rents substrats nous permet de r\u00e9pondre \u00e0 des besoins sp\u00e9cifiques en mati\u00e8re d&#8217;emballage.<\/li>\n<li>Livraison dans les d\u00e9lais : Nous accordons une grande importance \u00e0 la ponctualit\u00e9 et veillons \u00e0 ce que nos feuilles de recouvrement et nos lamin\u00e9s soient livr\u00e9s dans les d\u00e9lais convenus, afin de garantir l&#8217;efficacit\u00e9 des processus de production.<\/li>\n<li>Prix comp\u00e9titifs : Nos films d&#8217;operculage et lamin\u00e9s sont propos\u00e9s \u00e0 des prix comp\u00e9titifs, offrant un excellent rapport qualit\u00e9-prix sans compromis sur la qualit\u00e9.<\/li>\n<\/ol>\n<p>[\/vc_column_text][vc_column_text]<\/p>\n<h2>Feuilles de recouvrement et lamin\u00e9s<\/h2>\n<ul>\n<li>Fabriqu\u00e9 \u00e0 partir de mati\u00e8res premi\u00e8res certifi\u00e9es 100 % alimentaires &#8211; Disponible en lamin\u00e9s aluminium + poly\u00e9thyl\u00e8ne ou PET + poly\u00e9thyl\u00e8ne<\/li>\n<li>Notre poly\u00e9thyl\u00e8ne est universel et peut \u00eatre utilis\u00e9 pour sceller divers substrats tels que le PS, le PP, le PET, l&#8217;APET, le CPET, le PVC, etc.<\/li>\n<\/ul>\n<p>Choisissez Tilak Polypack comme fabricant et fournisseur privil\u00e9gi\u00e9 de feuilles de recouvrement et d\u00e9couvrez notre engagement \u00e0 fournir des feuilles de recouvrement et des lamin\u00e9s de haute qualit\u00e9 qui offrent une protection barri\u00e8re sup\u00e9rieure, une dur\u00e9e de conservation prolong\u00e9e, une fonctionnalit\u00e9 de pelage facile, des options de personnalisation et une compatibilit\u00e9 avec divers substrats d&#8217;emballage.[\/vc_column_text]<section class=\"ts-vc_cta3-container\"><div class=\"ts-vc_general ts-vc_cta3 ts-cta3-only ts-vc_cta3-style-classic ts-vc_cta3-shape-rounded ts-vc_cta3-align-left ts-vc_cta3-color-transparent ts-vc_cta3-icon-size-md ts-vc_cta3-actions-right vc_custom_1756045873215 ts-cta3-with-desc\"><div class=\"ts-vc_cta3_content-container\"><div class=\"ts-vc_cta3-content\"><div class=\"ts-vc_cta3-content-header ts-wrap\"><div class=\"ts-vc_cta3-headers ts-wrap-cell\"><\/div><\/div><div class=\"ts-cta3-content-wrapper\"><p>Veuillez nous contacter au\u00a0<a href=\"tel:9227422544\">+91-9227422544<\/a>\u00a0ou nous envoyer un e-mail\u00a0<a href=\"mailto:info@tilakpolypack.com\">info@tilakpolypack.com<\/a> pour obtenir un devis ou de plus amples informations.<\/p><\/div><\/div><div class=\"ts-vc_cta3-actions\">\r\n\t\t<div class=\"ts-vc_btn3-container  popmake-8197 ts-vc_btn3-inline\"><a class=\"ts-vc_general ts-vc_btn3 ts-vc_btn3-size-md ts-vc_btn3-shape-rounded ts-vc_btn3-style-flat ts-vc_btn3-weight-yes ts-vc_btn3-color-skincolor\" href=\"\" title=\"\">send enquiry<\/a><\/div><\/div><\/div><\/div><\/section>[\/vc_column][\/vc_row]<\/p>\n<\/section>","protected":false},"excerpt":{"rendered":"<p>[vc_row][vc_column][vc_column_text css=&#8221;.vc_custom_1758098899578{padding-top: 20px !important;}&#8221;]Les feuilles de recouvrement et les lamin\u00e9s servent de couche protectrice pour divers contenants d&#8217;aliments et de boissons, garantissant l&#8217;int\u00e9grit\u00e9 du produit et prolongeant sa dur\u00e9e de conservation. Ces mat\u00e9riaux sont couramment utilis\u00e9s dans des secteurs tels que les produits laitiers, la confiserie et les plats pr\u00e9par\u00e9s. Le processus consiste \u00e0 appliquer &hellip; <a href=\"https:\/\/tilakpolypack.com\/fr\/feuilles-et-pellicules-doperculage\/\" class=\"more-link\">Continue reading <span class=\"screen-reader-text\">Feuilles et pellicules d&#8217;operculage<\/span><\/a><\/p>\n","protected":false},"author":1,"featured_media":8015,"parent":0,"menu_order":0,"comment_status":"closed","ping_status":"closed","template":"","meta":{"_acf_changed":false,"om_disable_all_campaigns":false,"_monsterinsights_skip_tracking":false,"_monsterinsights_sitenote_active":false,"_monsterinsights_sitenote_note":"","_monsterinsights_sitenote_category":0,"_uf_show_specific_survey":0,"_uf_disable_surveys":false,"footnotes":""},"class_list":["post-7352","page","type-page","status-publish","has-post-thumbnail","hentry"],"acf":[],"_links":{"self":[{"href":"https:\/\/tilakpolypack.com\/fr\/wp-json\/wp\/v2\/pages\/7352","targetHints":{"allow":["GET"]}}],"collection":[{"href":"https:\/\/tilakpolypack.com\/fr\/wp-json\/wp\/v2\/pages"}],"about":[{"href":"https:\/\/tilakpolypack.com\/fr\/wp-json\/wp\/v2\/types\/page"}],"author":[{"embeddable":true,"href":"https:\/\/tilakpolypack.com\/fr\/wp-json\/wp\/v2\/users\/1"}],"replies":[{"embeddable":true,"href":"https:\/\/tilakpolypack.com\/fr\/wp-json\/wp\/v2\/comments?post=7352"}],"version-history":[{"count":5,"href":"https:\/\/tilakpolypack.com\/fr\/wp-json\/wp\/v2\/pages\/7352\/revisions"}],"predecessor-version":[{"id":10697,"href":"https:\/\/tilakpolypack.com\/fr\/wp-json\/wp\/v2\/pages\/7352\/revisions\/10697"}],"wp:featuredmedia":[{"embeddable":true,"href":"https:\/\/tilakpolypack.com\/fr\/wp-json\/wp\/v2\/media\/8015"}],"wp:attachment":[{"href":"https:\/\/tilakpolypack.com\/fr\/wp-json\/wp\/v2\/media?parent=7352"}],"curies":[{"name":"wp","href":"https:\/\/api.w.org\/{rel}","templated":true}]}}