{"id":7347,"date":"2023-10-06T10:15:01","date_gmt":"2023-10-06T10:15:01","guid":{"rendered":"https:\/\/archiveyourwords.com\/tilak\/?page_id=7347"},"modified":"2025-09-17T08:00:42","modified_gmt":"2025-09-17T08:00:42","slug":"pochettes-a-fond-plat","status":"publish","type":"page","link":"https:\/\/tilakpolypack.com\/fr\/pochettes-a-fond-plat\/","title":{"rendered":"Pochettes \u00e0 fond plat"},"content":{"rendered":"<section class=\"wpb-content-wrapper\"><p>[vc_row][vc_column][vc_column_text css=&#8221;.vc_custom_1758095971643{padding-top: 20px !important;}&#8221;]<\/p>\n<h2>Sachets \u00e0 fond plat<\/h2>\n<p>Les sachets \u00e0 fond plat simples sont tr\u00e8s appr\u00e9ci\u00e9s pour l&#8217;emballage d&#8217;une large gamme de produits. Ils sont con\u00e7us pour offrir commodit\u00e9 et fonctionnalit\u00e9, facilitant le stockage, le transport et la pr\u00e9sentation des marchandises.<\/p>\n<p>Ces sachets sont fabriqu\u00e9s \u00e0 partir de mat\u00e9riaux de haute qualit\u00e9 qui offrent d&#8217;excellentes propri\u00e9t\u00e9s barri\u00e8res, prot\u00e9geant leur contenu de l&#8217;humidit\u00e9, de l&#8217;air et de la lumi\u00e8re. Le processus de fabrication fait appel \u00e0 des techniques de d\u00e9coupe et de scellage de pr\u00e9cision, garantissant l&#8217;\u00e9tanch\u00e9it\u00e9 et l&#8217;inviolabilit\u00e9 des sachets.<\/p>\n<p><a href=\"https:\/\/tilakpolypack.com\/fr\/lamines-pour-lemballage-alimentaire-en-sachets-et-en-rouleaux\/\"><strong>Les sachets \u00e0 fond plat<\/strong><\/a> simples sont disponibles en diff\u00e9rentes tailles, styles et options personnalisables afin de r\u00e9pondre \u00e0 des exigences d&#8217;emballage sp\u00e9cifiques. Avec leur apparence attrayante et leur conception peu encombrante, ces sachets sont id\u00e9aux pour les besoins d&#8217;emballage en gros.<\/p>\n<h2>Sachets stand-up lamin\u00e9s unis<\/h2>\n<p><span style=\"font-weight: 400;\">Les sachets stand-up lamin\u00e9s unis sont des emballages souples et r\u00e9sistants, con\u00e7us pour maintenir les produits en position verticale. Gr\u00e2ce \u00e0 leur structure multicouche, ils offrent une excellente barri\u00e8re contre l&#8217;humidit\u00e9, l&#8217;oxyg\u00e8ne et les ar\u00f4mes, garantissant ainsi la fra\u00eecheur du contenu. Disponibles en diff\u00e9rentes tailles et personnalisables selon les besoins, ces sachets sont id\u00e9aux pour l&#8217;emballage de produits alimentaires, cosm\u00e9tiques ou pharmaceutiques. Leur design pratique avec un fond plat permet une pr\u00e9sentation attrayante sur les \u00e9tag\u00e8res.<\/span><\/p>\n<h2>Sachet stand-up en papier kraft<\/h2>\n<p><span style=\"font-weight: 400;\">Le sachet stand-up en papier kraft combine l&#8217;esth\u00e9tique naturelle du papier kraft avec la fonctionnalit\u00e9 d&#8217;un emballage autoportant. Fabriqu\u00e9 \u00e0 partir de papier kraft robuste, il offre une protection efficace contre l&#8217;humidit\u00e9 et les contaminants externes. Ce type de sachet est particuli\u00e8rement appr\u00e9ci\u00e9 pour l&#8217;emballage de produits alimentaires biologiques, de th\u00e9, de caf\u00e9 ou d&#8217;\u00e9pices. Son aspect \u00e9cologique et sa capacit\u00e9 \u00e0 se tenir debout sur les \u00e9tag\u00e8res en font un choix populaire pour les marques soucieuses de l&#8217;environnement.<\/span>[\/vc_column_text][vc_column_text]<\/p>\n<h2>Fabrication de sachets \u00e0 fond plat<\/h2>\n<p>Tilak Polypack est r\u00e9put\u00e9 pour la fabrication de sachets \u00e0 fond plat de qualit\u00e9 sup\u00e9rieure, ce qui nous distingue de la concurrence. Notre processus de fabrication combine des machines de pointe et un contr\u00f4le qualit\u00e9 rigoureux afin de garantir des sachets exceptionnels. Nous commen\u00e7ons par nous approvisionner en films lamin\u00e9s haut de gamme dot\u00e9s d&#8217;excellentes propri\u00e9t\u00e9s barri\u00e8res, qui prot\u00e8gent vos produits des facteurs externes.<\/p>\n<p>Nous cr\u00e9ons des designs visuellement attrayants sur les sachets \u00e0 l&#8217;aide de techniques d&#8217;impression de pointe, ce qui leur permet de se d\u00e9marquer. Les films sont ensuite d\u00e9coup\u00e9s avec pr\u00e9cision et fa\u00e7onn\u00e9s en sachets \u00e0 fond plat, puis scell\u00e9s avec soin pour garantir leur \u00e9tanch\u00e9it\u00e9 et pr\u00e9server la fra\u00eecheur du contenu.<\/p>\n<p>Nos sachets \u00e0 fond plat offrent une gamme de caract\u00e9ristiques id\u00e9ales pour l&#8217;emballage en gros. La fermeture \u00e0 glissi\u00e8re refermable garantit une ouverture facile et une fermeture s\u00e9curis\u00e9e, am\u00e9liorant ainsi le confort du consommateur. La conception \u00e0 fond plat optimise la visibilit\u00e9 en rayon et l&#8217;utilisation de l&#8217;espace.<\/p>\n<p>Gr\u00e2ce \u00e0 leurs propri\u00e9t\u00e9s barri\u00e8res sup\u00e9rieures, nos sachets prot\u00e8gent efficacement contre l&#8217;humidit\u00e9, l&#8217;air et la lumi\u00e8re. Ils sont durables, r\u00e9sistants aux perforations et flexibles, garantissant ainsi des performances fiables pendant le stockage et le transport.<\/p>\n<p>Chez Tilak Polypack, nous accordons la priorit\u00e9 \u00e0 la qualit\u00e9 des produits, aux options de personnalisation et \u00e0 la livraison dans les d\u00e9lais. Notre \u00e9quipe d\u00e9vou\u00e9e s&#8217;engage \u00e0 fournir un service client exceptionnel et \u00e0 vous aider \u00e0 trouver les solutions d&#8217;emballage id\u00e9ales. Choisissez Tilak Polypack pour vos sachets \u00e0 fond plat et b\u00e9n\u00e9ficiez d&#8217;une qualit\u00e9 et d&#8217;une satisfaction client in\u00e9gal\u00e9es.<\/p>\n<p>Tilak Polypack est l&#8217;un des principaux fabricants et fournisseurs mondiaux de <a href=\"https:\/\/tilakpolypack.com\/fr\/rouleaux-et-pochettes-de-stratifie-flexible\/\"><strong>POCHETTES STAND-UP PLAINES<\/strong><\/a>. Pr\u00e9sent dans des pays tels que les \u00c9tats-Unis, Singapour, l&#8217;Australie, l&#8217;Allemagne, le Canada, la Nouvelle-Z\u00e9lande, le Royaume-Uni, l&#8217;Irlande, l&#8217;\u00c9cosse et la Norv\u00e8ge, Tilak Polypack s&#8217;est impos\u00e9 comme un fournisseur fiable de POCHETTES STAND-UP PLAINES de haute qualit\u00e9.[\/vc_column_text][vc_column_text]<\/p>\n<h2>Avantages<\/h2>\n<ul>\n<li>Fermeture \u00e0 glissi\u00e8re pratique et facile \u00e0 utiliser pour une ouverture et une refermeture faciles.<\/li>\n<li>La conception verticale optimise la visibilit\u00e9 en rayon et la pr\u00e9sentation des produits.<\/li>\n<li>D&#8217;excellentes propri\u00e9t\u00e9s barri\u00e8res prot\u00e8gent contre l&#8217;humidit\u00e9, l&#8217;air et la lumi\u00e8re.<\/li>\n<li>Une construction durable et r\u00e9sistante aux perforations garantit l&#8217;int\u00e9grit\u00e9 du produit.<\/li>\n<li>Solution d&#8217;emballage flexible adapt\u00e9e \u00e0 divers produits et industries<\/li>\n<li>Une conception peu encombrante permet de r\u00e9duire les co\u00fbts de stockage et de transport.<\/li>\n<li>Options personnalisables pour l&#8217;image de marque et l&#8217;attrait visuel<\/li>\n<li>Applications polyvalentes dans les domaines de l&#8217;alimentation, des snacks, des boissons, des aliments pour animaux domestiques, etc.<\/li>\n<li>Prolongation de la dur\u00e9e de conservation et maintien de la fra\u00eecheur des produits p\u00e9rissables<\/li>\n<li>Alternative \u00e9cologique aux mat\u00e9riaux d&#8217;emballage traditionnels<\/li>\n<\/ul>\n<p>[\/vc_column_text][vc_column_text]<\/p>\n<h2>Caract\u00e9ristiques<\/h2>\n<ul>\n<li>Convient pour des emballages de 100 g \u00e0 1 kg.<\/li>\n<li>Convient pour emballer une grande vari\u00e9t\u00e9 de produits tels que les cornichons, les gulab jamun, les milk-shakes \u00e0 la mangue, les fruits secs, etc.<\/li>\n<li>Utilisation d&#8217;un polyur\u00e9thane \u00e0 base de m\u00e9talosine de qualit\u00e9 sup\u00e9rieure pour offrir les meilleures caract\u00e9ristiques d&#8217;\u00e9tanch\u00e9it\u00e9.<\/li>\n<\/ul>\n<p>[\/vc_column_text]<section class=\"ts-vc_cta3-container\"><div class=\"ts-vc_general ts-vc_cta3 ts-cta3-only ts-vc_cta3-style-classic ts-vc_cta3-shape-rounded ts-vc_cta3-align-left ts-vc_cta3-color-transparent ts-vc_cta3-icon-size-md ts-vc_cta3-actions-right vc_custom_1756053921536 ts-cta3-with-desc\"><div class=\"ts-vc_cta3_content-container\"><div class=\"ts-vc_cta3-content\"><div class=\"ts-vc_cta3-content-header ts-wrap\"><div class=\"ts-vc_cta3-headers ts-wrap-cell\"><\/div><\/div><div class=\"ts-cta3-content-wrapper\"><p>Veuillez nous contacter au\u00a0<a href=\"tel:9227422544\">+91-9227422544<\/a>\u00a0ou nous envoyer un e-mail\u00a0<a href=\"mailto:info@tilakpolypack.com\">info@tilakpolypack.com<\/a> pour obtenir un devis ou de plus amples informations.<\/p><\/div><\/div><div class=\"ts-vc_cta3-actions\">\r\n\t\t<div class=\"ts-vc_btn3-container  popmake-8197 ts-vc_btn3-inline\"><a class=\"ts-vc_general ts-vc_btn3 ts-vc_btn3-size-md ts-vc_btn3-shape-rounded ts-vc_btn3-style-flat ts-vc_btn3-weight-yes ts-vc_btn3-color-skincolor\" href=\"\" title=\"\">send enquiry<\/a><\/div><\/div><\/div><\/div><\/section>[\/vc_column][\/vc_row]<\/p>\n<\/section>","protected":false},"excerpt":{"rendered":"<p>[vc_row][vc_column][vc_column_text css=&#8221;.vc_custom_1758095971643{padding-top: 20px !important;}&#8221;] Sachets \u00e0 fond plat Les sachets \u00e0 fond plat simples sont tr\u00e8s appr\u00e9ci\u00e9s pour l&#8217;emballage d&#8217;une large gamme de produits. Ils sont con\u00e7us pour offrir commodit\u00e9 et fonctionnalit\u00e9, facilitant le stockage, le transport et la pr\u00e9sentation des marchandises. Ces sachets sont fabriqu\u00e9s \u00e0 partir de mat\u00e9riaux de haute qualit\u00e9 qui offrent &hellip; <a href=\"https:\/\/tilakpolypack.com\/fr\/pochettes-a-fond-plat\/\" class=\"more-link\">Continue reading <span class=\"screen-reader-text\">Pochettes \u00e0 fond plat<\/span><\/a><\/p>\n","protected":false},"author":1,"featured_media":8010,"parent":0,"menu_order":0,"comment_status":"closed","ping_status":"closed","template":"","meta":{"_acf_changed":false,"om_disable_all_campaigns":false,"_monsterinsights_skip_tracking":false,"_monsterinsights_sitenote_active":false,"_monsterinsights_sitenote_note":"","_monsterinsights_sitenote_category":0,"_uf_show_specific_survey":0,"_uf_disable_surveys":false,"footnotes":""},"class_list":["post-7347","page","type-page","status-publish","has-post-thumbnail","hentry"],"acf":[],"_links":{"self":[{"href":"https:\/\/tilakpolypack.com\/fr\/wp-json\/wp\/v2\/pages\/7347","targetHints":{"allow":["GET"]}}],"collection":[{"href":"https:\/\/tilakpolypack.com\/fr\/wp-json\/wp\/v2\/pages"}],"about":[{"href":"https:\/\/tilakpolypack.com\/fr\/wp-json\/wp\/v2\/types\/page"}],"author":[{"embeddable":true,"href":"https:\/\/tilakpolypack.com\/fr\/wp-json\/wp\/v2\/users\/1"}],"replies":[{"embeddable":true,"href":"https:\/\/tilakpolypack.com\/fr\/wp-json\/wp\/v2\/comments?post=7347"}],"version-history":[{"count":6,"href":"https:\/\/tilakpolypack.com\/fr\/wp-json\/wp\/v2\/pages\/7347\/revisions"}],"predecessor-version":[{"id":10694,"href":"https:\/\/tilakpolypack.com\/fr\/wp-json\/wp\/v2\/pages\/7347\/revisions\/10694"}],"wp:featuredmedia":[{"embeddable":true,"href":"https:\/\/tilakpolypack.com\/fr\/wp-json\/wp\/v2\/media\/8010"}],"wp:attachment":[{"href":"https:\/\/tilakpolypack.com\/fr\/wp-json\/wp\/v2\/media?parent=7347"}],"curies":[{"name":"wp","href":"https:\/\/api.w.org\/{rel}","templated":true}]}}