{"id":7346,"date":"2023-10-06T10:14:51","date_gmt":"2023-10-06T10:14:51","guid":{"rendered":"https:\/\/archiveyourwords.com\/tilak\/?page_id=7346"},"modified":"2025-09-17T07:55:29","modified_gmt":"2025-09-17T07:55:29","slug":"lamines-agrochimiques","status":"publish","type":"page","link":"https:\/\/tilakpolypack.com\/fr\/lamines-agrochimiques\/","title":{"rendered":"Lamin\u00e9s agrochimiques"},"content":{"rendered":"<section class=\"wpb-content-wrapper\"><p>[vc_row][vc_column][vc_column_text css=&#8221;.vc_custom_1758095723993{padding-top: 20px !important;}&#8221;]<\/p>\n<h2>Lamin\u00e9s agrochimiques<\/h2>\n<ul>\n<li style=\"list-style-type: none;\">\n<ul>\n<li>Fabriqu\u00e9 \u00e0 partir de mati\u00e8res premi\u00e8res certifi\u00e9es 100 % de qualit\u00e9 alimentaire<\/li>\n<li>Peut \u00eatre fourni sur divers supports tels que PET, Met PET, BOPP, HS-BOPP, feuille d&#8217;aluminium, CPP, PE, etc.<\/li>\n<li>Le choix du substrat est effectu\u00e9 en fonction du produit \u00e0 emballer afin de garantir la r\u00e9sistance requise du produit.<\/li>\n<li>Peut \u00eatre fourni sous forme de rouleaux selon les exigences du client.<\/li>\n<li>Peut \u00eatre fourni sous forme de sachets selon les exigences du client (soudure centrale, soudure sur trois c\u00f4t\u00e9s, sachet \u00e0 fond plat, sachet \u00e0 fermeture \u00e0 glissi\u00e8re, etc.).<\/li>\n<\/ul>\n<\/li>\n<\/ul>\n<h2>Films lamin\u00e9s pour emballage agrochimique<b><br \/>\n<\/b><\/h2>\n<p><span style=\"font-weight: 400;\"><a href=\"https:\/\/tilakpolypack.com\/fr\/rouleau-de-polyester-lamine\/\"><strong>Les films lamin\u00e9s<\/strong><\/a> pour emballage agrochimique sont sp\u00e9cialement con\u00e7us pour l&#8217;emballage de produits chimiques agricoles. Gr\u00e2ce \u00e0 leur structure multicouche, ils offrent une barri\u00e8re efficace contre l&#8217;humidit\u00e9, les produits chimiques et les contaminants externes. Disponibles en rouleaux ou sachets, ces films assurent une protection optimale des produits tout en facilitant leur manipulation et leur stockage.<\/span><\/p>\n<h2>Lamin\u00e9s agrochimiques flexibles<b><br \/>\n<\/b><\/h2>\n<p><span style=\"font-weight: 400;\">Les lamin\u00e9s agrochimiques flexibles sont des films souples et r\u00e9sistants, id\u00e9aux pour l&#8217;emballage de produits agrochimiques. Leur flexibilit\u00e9 permet un emballage herm\u00e9tique et une adaptation parfaite aux formes des produits. Ces films offrent une excellente protection contre les agressions ext\u00e9rieures, garantissant la qualit\u00e9 et la s\u00e9curit\u00e9 des produits\u00a0<\/span><\/p>\n<h2>Emballage hydrosoluble<b><br \/>\n<\/b><\/h2>\n<p><span style=\"font-weight: 400;\">L&#8217;emballage hydrosoluble est une solution innovante pour l&#8217;emballage de produits chimiques et agrochimiques. Compos\u00e9 de films solubles dans l&#8217;eau, il offre une protection efficace tout en facilitant la dissolution rapide du film lors de l&#8217;utilisation. Cette technologie r\u00e9duit les risques d&#8217;exposition et am\u00e9liore la s\u00e9curit\u00e9 des op\u00e9rateurs.<\/span><\/p>\n<p>&nbsp;<\/p>\n<p>Tilak Polypack est l&#8217;un des principaux fabricants et fournisseurs mondiaux de <a href=\"https:\/\/tilakpolypack.com\/fr\/rouleaux-et-pochettes-de-stratifie-flexible\/\"><strong>LAMIN\u00c9S AGROCHIMIQUES<\/strong><\/a>. Pr\u00e9sent dans des pays tels que les \u00c9tats-Unis, Singapour, l&#8217;Australie, l&#8217;Allemagne, le Canada, la Nouvelle-Z\u00e9lande, le Royaume-Uni, l&#8217;Irlande, l&#8217;\u00c9cosse et la Norv\u00e8ge, Tilak Polypack s&#8217;est impos\u00e9 comme un fournisseur fiable de LAMIN\u00c9S AGROCHIMIQUES de haute qualit\u00e9.[\/vc_column_text]<section class=\"ts-vc_cta3-container\"><div class=\"ts-vc_general ts-vc_cta3 ts-cta3-only ts-vc_cta3-style-classic ts-vc_cta3-shape-rounded ts-vc_cta3-align-left ts-vc_cta3-color-transparent ts-vc_cta3-icon-size-md ts-vc_cta3-actions-right vc_custom_1696679387593 ts-cta3-with-desc\"><div class=\"ts-vc_cta3_content-container\"><div class=\"ts-vc_cta3-content\"><div class=\"ts-vc_cta3-content-header ts-wrap\"><div class=\"ts-vc_cta3-headers ts-wrap-cell\"><\/div><\/div><div class=\"ts-cta3-content-wrapper\"><p>Please contact us on\u00a0<a href=\"tel:9227422544\">+91-9227422544<\/a>\u00a0or email us\u00a0<a href=\"mailto:info@tilakpolypack.com\">info@tilakpolypack.com<\/a>\u00a0for quotations or other details.<\/p><\/div><\/div><div class=\"ts-vc_cta3-actions\">\r\n\t\t<div class=\"ts-vc_btn3-container  popmake-8197 ts-vc_btn3-inline\"><a class=\"ts-vc_general ts-vc_btn3 ts-vc_btn3-size-md ts-vc_btn3-shape-rounded ts-vc_btn3-style-flat ts-vc_btn3-weight-yes ts-vc_btn3-color-skincolor\" href=\"\" title=\"\">send enquiry<\/a><\/div><\/div><\/div><\/div><\/section>[\/vc_column][\/vc_row]<\/p>\n<\/section>","protected":false},"excerpt":{"rendered":"<p>[vc_row][vc_column][vc_column_text css=&#8221;.vc_custom_1758095723993{padding-top: 20px !important;}&#8221;] Lamin\u00e9s agrochimiques Fabriqu\u00e9 \u00e0 partir de mati\u00e8res premi\u00e8res certifi\u00e9es 100 % de qualit\u00e9 alimentaire Peut \u00eatre fourni sur divers supports tels que PET, Met PET, BOPP, HS-BOPP, feuille d&#8217;aluminium, CPP, PE, etc. Le choix du substrat est effectu\u00e9 en fonction du produit \u00e0 emballer afin de garantir la r\u00e9sistance requise du &hellip; <a href=\"https:\/\/tilakpolypack.com\/fr\/lamines-agrochimiques\/\" class=\"more-link\">Continue reading <span class=\"screen-reader-text\">Lamin\u00e9s agrochimiques<\/span><\/a><\/p>\n","protected":false},"author":1,"featured_media":8015,"parent":0,"menu_order":0,"comment_status":"closed","ping_status":"closed","template":"","meta":{"_acf_changed":false,"om_disable_all_campaigns":false,"_monsterinsights_skip_tracking":false,"_monsterinsights_sitenote_active":false,"_monsterinsights_sitenote_note":"","_monsterinsights_sitenote_category":0,"_uf_show_specific_survey":0,"_uf_disable_surveys":false,"footnotes":""},"class_list":["post-7346","page","type-page","status-publish","has-post-thumbnail","hentry"],"acf":[],"_links":{"self":[{"href":"https:\/\/tilakpolypack.com\/fr\/wp-json\/wp\/v2\/pages\/7346","targetHints":{"allow":["GET"]}}],"collection":[{"href":"https:\/\/tilakpolypack.com\/fr\/wp-json\/wp\/v2\/pages"}],"about":[{"href":"https:\/\/tilakpolypack.com\/fr\/wp-json\/wp\/v2\/types\/page"}],"author":[{"embeddable":true,"href":"https:\/\/tilakpolypack.com\/fr\/wp-json\/wp\/v2\/users\/1"}],"replies":[{"embeddable":true,"href":"https:\/\/tilakpolypack.com\/fr\/wp-json\/wp\/v2\/comments?post=7346"}],"version-history":[{"count":4,"href":"https:\/\/tilakpolypack.com\/fr\/wp-json\/wp\/v2\/pages\/7346\/revisions"}],"predecessor-version":[{"id":10693,"href":"https:\/\/tilakpolypack.com\/fr\/wp-json\/wp\/v2\/pages\/7346\/revisions\/10693"}],"wp:featuredmedia":[{"embeddable":true,"href":"https:\/\/tilakpolypack.com\/fr\/wp-json\/wp\/v2\/media\/8015"}],"wp:attachment":[{"href":"https:\/\/tilakpolypack.com\/fr\/wp-json\/wp\/v2\/media?parent=7346"}],"curies":[{"name":"wp","href":"https:\/\/api.w.org\/{rel}","templated":true}]}}