{"id":7345,"date":"2023-10-06T10:14:41","date_gmt":"2023-10-06T10:14:41","guid":{"rendered":"https:\/\/archiveyourwords.com\/tilak\/?page_id=7345"},"modified":"2025-09-17T09:20:19","modified_gmt":"2025-09-17T09:20:19","slug":"lamines-pour-lemballage-alimentaire-en-sachets-et-en-rouleaux","status":"publish","type":"page","link":"https:\/\/tilakpolypack.com\/fr\/lamines-pour-lemballage-alimentaire-en-sachets-et-en-rouleaux\/","title":{"rendered":"Lamin\u00e9s pour l&#8217;emballage alimentaire en sachets et en rouleaux"},"content":{"rendered":"<section class=\"wpb-content-wrapper\"><p>[vc_row][vc_column][vc_column_text css=&#8221;.vc_custom_1758100766020{padding-top: 20px !important;}&#8221;]<\/p>\n<h2>Lamin\u00e9s pour emballages alimentaires sous forme de sachets et de rouleaux<\/h2>\n<p>Les lamin\u00e9s d&#8217;emballage alimentaire sous forme de sachets et de rouleaux sont des mat\u00e9riaux essentiels utilis\u00e9s pour prot\u00e9ger et conserver les produits alimentaires. Ces lamin\u00e9s sont compos\u00e9s de plusieurs couches de films et de barri\u00e8res qui offrent d&#8217;excellentes propri\u00e9t\u00e9s barri\u00e8res, garantissant la fra\u00eecheur et la s\u00e9curit\u00e9 des produits.<\/p>\n<p>Le processus de fabrication des lamin\u00e9s pour <a href=\"https:\/\/tilakpolypack.com\/fr\/films-doperculage\/\"><strong>emballages alimentaires<\/strong><\/a> consiste \u00e0 assembler diff\u00e9rentes couches de films par laminage. Cela permet d&#8217;obtenir un mat\u00e9riau solide et souple qui peut \u00eatre transform\u00e9 en sachets ou en rouleaux pour emballer divers produits alimentaires.<\/p>\n<p>Les lamin\u00e9s d&#8217;emballage alimentaire sous forme de sachets et de rouleaux trouvent diverses applications dans l&#8217;industrie alimentaire, notamment dans l&#8217;emballage des snacks, des boissons et des confiseries. Ils pr\u00e9servent la fra\u00eecheur et la qualit\u00e9 des produits, garantissent une fermeture herm\u00e9tique et une pr\u00e9sentation attrayante pour les snacks, les boissons et les friandises.[\/vc_column_text][vc_column_text]<\/p>\n<h2>Fabrication de lamin\u00e9s pour emballages alimentaires<\/h2>\n<p>Chez Tilak Polypack, nous sommes fiers de notre processus de fabrication sup\u00e9rieur pour <a href=\"https:\/\/tilakpolypack.com\/fr\/lamination-film-pe\/\"><strong>les lamin\u00e9s d&#8217;emballage alimentaire<\/strong><\/a>, qui offre une qualit\u00e9 exceptionnelle et un large \u00e9ventail de caract\u00e9ristiques qui nous distinguent de la concurrence.[\/vc_column_text][vc_column_text]<\/p>\n<h2>Processus de fabrication :<\/h2>\n<ol>\n<li>S\u00e9lection des mat\u00e9riaux : nous s\u00e9lectionnons avec soin des films de haute qualit\u00e9 et garantissons une protection optimale contre l&#8217;humidit\u00e9, l&#8217;oxyg\u00e8ne et d&#8217;autres facteurs susceptibles d&#8217;alt\u00e9rer la fra\u00eecheur des aliments.<\/li>\n<li>Laminage : Afin d&#8217;am\u00e9liorer la r\u00e9sistance et la durabilit\u00e9 des lamin\u00e9s, nous laminons plusieurs couches de films, cr\u00e9ant ainsi un mat\u00e9riau composite robuste et flexible dot\u00e9 d&#8217;excellentes propri\u00e9t\u00e9s barri\u00e8res.<\/li>\n<li>Personnalisation et impression : nous proposons des options personnalisables pour les lamin\u00e9s, notamment en termes de taille, de conception et d&#8217;impression. Nos capacit\u00e9s d&#8217;impression de pointe permettent d&#8217;int\u00e9grer des designs \u00e9clatants et accrocheurs, des \u00e9l\u00e9ments de marque et des informations sur les produits aux lamin\u00e9s.<\/li>\n<\/ol>\n<p>[\/vc_column_text][vc_column_text]<\/p>\n<h2>Caract\u00e9ristiques des lamin\u00e9s d&#8217;emballage alimentaire Tilak Polypack :<\/h2>\n<ol>\n<li style=\"list-style-type: none;\">\n<ol>\n<li>Fabriqu\u00e9 \u00e0 partir de mati\u00e8res premi\u00e8res certifi\u00e9es 100 % de qualit\u00e9 alimentaire<\/li>\n<li>Peut \u00eatre fourni sur divers supports tels que PET, Met PET, BOPP, HS-BOPP, feuille d&#8217;aluminium, CPP, PE, etc.<\/li>\n<li>Peut \u00eatre fourni sous forme de rouleaux selon les exigences du client.<\/li>\n<li>Peut \u00eatre fourni sous forme de sachets selon les exigences du client (soudure centrale, soudure sur trois c\u00f4t\u00e9s, sachet \u00e0 fond plat, sachet \u00e0 fermeture \u00e0 glissi\u00e8re, etc.).<\/li>\n<\/ol>\n<\/li>\n<\/ol>\n<h2>Film BOPP pour emballage alimentaire<\/h2>\n<p><span style=\"font-weight: 400;\">Le film BOPP est une solution d&#8217;emballage flexible et durable, id\u00e9ale pour les produits alimentaires. Gr\u00e2ce \u00e0 sa structure orient\u00e9e, il offre une excellente r\u00e9sistance m\u00e9canique, une transparence \u00e9lev\u00e9e et une bonne barri\u00e8re \u00e0 l&#8217;humidit\u00e9 et aux graisses. Ce film est largement utilis\u00e9 pour l&#8217;emballage de snacks, bonbons, produits de boulangerie, et autres denr\u00e9es alimentaires. Il est compatible avec divers proc\u00e9d\u00e9s de scellage et d&#8217;impression, permettant une personnalisation selon les besoins du client. De plus, le film BOPP est recyclable, contribuant ainsi \u00e0 des solutions d&#8217;emballage plus \u00e9cologiques.<\/span><\/p>\n<p>Choisissez Tilak Polypack pour des lamin\u00e9s d&#8217;emballage alimentaire in\u00e9gal\u00e9s qui allient une protection barri\u00e8re sup\u00e9rieure, des options de personnalisation et un engagement envers la qualit\u00e9. D\u00e9couvrez pourquoi nous sommes le choix pr\u00e9f\u00e9r\u00e9 parmi les autres acteurs du secteur.<\/p>\n<p>Tilak Polypack est l&#8217;un des principaux fabricants et fournisseurs mondiaux de <a href=\"https:\/\/tilakpolypack.com\/fr\/rouleaux-et-pochettes-de-stratifie-flexible\/\"><strong>LAMIN\u00c9S D&#8217;EMBALLAGE ALIMENTAIRE SOUS FORME DE POCHETTES ET DE ROULEAUX<\/strong><\/a>. Pr\u00e9sent dans des pays tels que les \u00c9tats-Unis, Singapour, l&#8217;Australie, l&#8217;Allemagne, le Canada, la Nouvelle-Z\u00e9lande, le Royaume-Uni, l&#8217;Irlande, l&#8217;\u00c9cosse et la Norv\u00e8ge, Tilak Polypack s&#8217;est impos\u00e9 comme un fournisseur fiable de LAMIN\u00c9S D&#8217;EMBALLAGE ALIMENTAIRE SOUS FORME DE POCHETTES ET DE ROULEAUX de haute qualit\u00e9.[\/vc_column_text][vc_column_text]<\/p>\n<h3>Avantages<\/h3>\n<ul>\n<li>Ces avantages font des lamin\u00e9s pour emballages alimentaires un choix id\u00e9al pour conserver et pr\u00e9senter efficacement les produits alimentaires.<\/li>\n<li>Protection sup\u00e9rieure contre l&#8217;humidit\u00e9, l&#8217;oxyg\u00e8ne et les facteurs externes.<\/li>\n<li>Prolongation de la dur\u00e9e de conservation et pr\u00e9servation de la fra\u00eecheur.<\/li>\n<li>Flexible et durable pour une manipulation et un transport faciles.<\/li>\n<li>Des designs personnalisables pour une meilleure visibilit\u00e9 de la marque.<\/li>\n<li>Conformit\u00e9 aux normes de s\u00e9curit\u00e9 relatives au contact alimentaire.<\/li>\n<li>Expertise dans la fabrication de stratifi\u00e9s de haute qualit\u00e9.<\/li>\n<li>Contr\u00f4le qualit\u00e9 rigoureux pour une excellence constante.<\/li>\n<li>Personnalisation et innovation pour r\u00e9pondre \u00e0 des besoins sp\u00e9cifiques.<\/li>\n<li>Livraison dans les d\u00e9lais pour des op\u00e9rations logistiques efficaces.<\/li>\n<\/ul>\n<p>[\/vc_column_text]<section class=\"ts-vc_cta3-container\"><div class=\"ts-vc_general ts-vc_cta3 ts-cta3-only ts-vc_cta3-style-classic ts-vc_cta3-shape-rounded ts-vc_cta3-align-left ts-vc_cta3-color-transparent ts-vc_cta3-icon-size-md ts-vc_cta3-actions-right vc_custom_1756043611656 ts-cta3-with-desc\"><div class=\"ts-vc_cta3_content-container\"><div class=\"ts-vc_cta3-content\"><div class=\"ts-vc_cta3-content-header ts-wrap\"><div class=\"ts-vc_cta3-headers ts-wrap-cell\"><\/div><\/div><div class=\"ts-cta3-content-wrapper\"><p>Veuillez nous contacter au\u00a0<a href=\"tel:9227422544\">+91-9227422544<\/a>\u00a0ou nous envoyer un e-mail\u00a0<a href=\"mailto:info@tilakpolypack.com\">info@tilakpolypack.com<\/a> pour obtenir un devis ou de plus amples informations.<\/p><\/div><\/div><div class=\"ts-vc_cta3-actions\">\r\n\t\t<div class=\"ts-vc_btn3-container  popmake-8197 ts-vc_btn3-inline\"><a class=\"ts-vc_general ts-vc_btn3 ts-vc_btn3-size-md ts-vc_btn3-shape-rounded ts-vc_btn3-style-flat ts-vc_btn3-weight-yes ts-vc_btn3-color-skincolor\" href=\"\" title=\"\">send enquiry<\/a><\/div><\/div><\/div><\/div><\/section>[\/vc_column][\/vc_row]<\/p>\n<\/section>","protected":false},"excerpt":{"rendered":"<p>[vc_row][vc_column][vc_column_text css=&#8221;.vc_custom_1758100766020{padding-top: 20px !important;}&#8221;] Lamin\u00e9s pour emballages alimentaires sous forme de sachets et de rouleaux Les lamin\u00e9s d&#8217;emballage alimentaire sous forme de sachets et de rouleaux sont des mat\u00e9riaux essentiels utilis\u00e9s pour prot\u00e9ger et conserver les produits alimentaires. Ces lamin\u00e9s sont compos\u00e9s de plusieurs couches de films et de barri\u00e8res qui offrent d&#8217;excellentes propri\u00e9t\u00e9s barri\u00e8res, &hellip; <a href=\"https:\/\/tilakpolypack.com\/fr\/lamines-pour-lemballage-alimentaire-en-sachets-et-en-rouleaux\/\" class=\"more-link\">Continue reading <span class=\"screen-reader-text\">Lamin\u00e9s pour l&#8217;emballage alimentaire en sachets et en rouleaux<\/span><\/a><\/p>\n","protected":false},"author":1,"featured_media":7997,"parent":0,"menu_order":0,"comment_status":"closed","ping_status":"closed","template":"","meta":{"_acf_changed":false,"om_disable_all_campaigns":false,"_monsterinsights_skip_tracking":false,"_monsterinsights_sitenote_active":false,"_monsterinsights_sitenote_note":"","_monsterinsights_sitenote_category":0,"_uf_show_specific_survey":0,"_uf_disable_surveys":false,"footnotes":""},"class_list":["post-7345","page","type-page","status-publish","has-post-thumbnail","hentry"],"acf":[],"_links":{"self":[{"href":"https:\/\/tilakpolypack.com\/fr\/wp-json\/wp\/v2\/pages\/7345","targetHints":{"allow":["GET"]}}],"collection":[{"href":"https:\/\/tilakpolypack.com\/fr\/wp-json\/wp\/v2\/pages"}],"about":[{"href":"https:\/\/tilakpolypack.com\/fr\/wp-json\/wp\/v2\/types\/page"}],"author":[{"embeddable":true,"href":"https:\/\/tilakpolypack.com\/fr\/wp-json\/wp\/v2\/users\/1"}],"replies":[{"embeddable":true,"href":"https:\/\/tilakpolypack.com\/fr\/wp-json\/wp\/v2\/comments?post=7345"}],"version-history":[{"count":5,"href":"https:\/\/tilakpolypack.com\/fr\/wp-json\/wp\/v2\/pages\/7345\/revisions"}],"predecessor-version":[{"id":10704,"href":"https:\/\/tilakpolypack.com\/fr\/wp-json\/wp\/v2\/pages\/7345\/revisions\/10704"}],"wp:featuredmedia":[{"embeddable":true,"href":"https:\/\/tilakpolypack.com\/fr\/wp-json\/wp\/v2\/media\/7997"}],"wp:attachment":[{"href":"https:\/\/tilakpolypack.com\/fr\/wp-json\/wp\/v2\/media?parent=7345"}],"curies":[{"name":"wp","href":"https:\/\/api.w.org\/{rel}","templated":true}]}}