{"id":7339,"date":"2023-10-06T10:13:54","date_gmt":"2023-10-06T10:13:54","guid":{"rendered":"https:\/\/archiveyourwords.com\/tilak\/?page_id=7339"},"modified":"2025-09-17T16:46:15","modified_gmt":"2025-09-17T16:46:15","slug":"film-etirable-en-plastique","status":"publish","type":"page","link":"https:\/\/tilakpolypack.com\/fr\/film-etirable-en-plastique\/","title":{"rendered":"Film \u00e9tirable en plastique"},"content":{"rendered":"<section class=\"wpb-content-wrapper\"><p>[vc_row][vc_column][vc_column_text css=&#8221;.vc_custom_1758127523988{padding-top: 20px !important;}&#8221;]<\/p>\n<h2><span data-sheets-root=\"1\">Film \u00e9tirable en plastique <\/span><\/h2>\n<p>Les films \u00e9tirables en plastique sont des mat\u00e9riaux d&#8217;emballage souples et \u00e9lastiques utilis\u00e9s pour s\u00e9curiser et prot\u00e9ger les articles pendant le transport et le stockage. Ils sont fabriqu\u00e9s \u00e0 partir de poly\u00e9thyl\u00e8ne ou de mat\u00e9riaux similaires, qui sont extrud\u00e9s en fines feuilles puis \u00e9tir\u00e9s dans les deux sens afin d&#8217;am\u00e9liorer leur r\u00e9sistance et leur \u00e9lasticit\u00e9.<\/p>\n<p>Ce processus permet de cr\u00e9er un emballage bien serr\u00e9 et s\u00e9curis\u00e9 autour des marchandises, emp\u00eachant ainsi la poussi\u00e8re, l&#8217;humidit\u00e9 et d&#8217;autres contaminants d&#8217;atteindre le contenu. Les <a href=\"https:\/\/tilakpolypack.com\/fr\/film-etirable\/\"><strong>films \u00e9tirables en plastique<\/strong><\/a> sont disponibles en diff\u00e9rentes \u00e9paisseurs et tailles afin de r\u00e9pondre \u00e0 divers besoins d&#8217;emballage.<\/p>\n<p>Ils offrent une excellente r\u00e9sistance \u00e0 la perforation, \u00e0 la d\u00e9chirure et \u00e0 la charge, garantissant ainsi que les articles emball\u00e9s restent intacts et prot\u00e9g\u00e9s. Ces films sont largement utilis\u00e9s dans les secteurs de la logistique, de la vente au d\u00e9tail et de la fabrication pour la palettisation, le regroupement et l&#8217;unitisation des marchandises.<\/p>\n<p>Ils fournissent des solutions d&#8217;emballage rentables et efficaces, minimisant les dommages aux produits, r\u00e9duisant les d\u00e9chets d&#8217;emballage et facilitant l&#8217;identification et la manipulation des articles emball\u00e9s.<\/p>\n<h2>Film manuel pr\u00e9-\u00e9tirable<\/h2>\n<p data-start=\"240\" data-end=\"641\">Le <a href=\"https:\/\/tilakpolypack.com\/fr\/film-etirable-manuel\/\"><strong>film manuel pr\u00e9-\u00e9tirable<\/strong><\/a> de Tilak Polypack est con\u00e7u pour faciliter l&#8217;emballage manuel des palettes. Sa transparence permet une identification facile des produits, et sa surface lisse assure une manipulation ais\u00e9e. Id\u00e9al pour les applications n\u00e9cessitant une flexibilit\u00e9 et une efficacit\u00e9 maximales.<\/p>\n<h2 data-start=\"240\" data-end=\"641\">Film souffl\u00e9<\/h2>\n<p data-start=\"1892\" data-end=\"2320\">Le film souffl\u00e9 de Tilak Polypack est produit par extrusion souffl\u00e9e, conf\u00e9rant au film une orientation bi-axiale. Cette structure lui permet de s&#8217;\u00e9tirer dans les deux directions, longitudinale et transversale, offrant une r\u00e9sistance accrue aux d\u00e9chirures et une meilleure adh\u00e9rence. Id\u00e9al pour <a href=\"https:\/\/tilakpolypack.com\/fr\/film-etirable-biodegradable\/\"><strong>l&#8217;emballage de palettes<\/strong><\/a> avec des angles saillants ou des charges lourdes, ce film assure une stabilit\u00e9 optimale pendant le transport.<\/p>\n<p>[\/vc_column_text][vc_column_text]<\/p>\n<h2>Fabricant de films \u00e9tirables en plastique<\/h2>\n<p>Chez Tilak Polypack, nous sommes sp\u00e9cialis\u00e9s dans la fabrication de films \u00e9tirables en plastique, offrant une qualit\u00e9 sup\u00e9rieure et des performances exceptionnelles. Nos films \u00e9tirables en plastique sont produits \u00e0 l&#8217;aide de machines de pointe et de mat\u00e9riaux en poly\u00e9thyl\u00e8ne de haute qualit\u00e9.<\/p>\n<p>Le processus de fabrication commence par l&#8217;extrusion de r\u00e9sine de poly\u00e9thyl\u00e8ne en fines feuilles. Ces feuilles sont ensuite introduites dans une machine d&#8217;\u00e9tirage sp\u00e9cialis\u00e9e, o\u00f9 elles sont \u00e9tir\u00e9es dans le sens longitudinal et transversal. Ce processus d&#8217;\u00e9tirage am\u00e9liore la r\u00e9sistance \u00e0 la traction et l&#8217;\u00e9lasticit\u00e9 du film, garantissant ainsi sa capacit\u00e9 \u00e0 envelopper solidement diff\u00e9rents types de marchandises.<\/p>\n<p>Tilak Polypack est l&#8217;un des principaux fabricants et fournisseurs mondiaux de <a href=\"https:\/\/tilakpolypack.com\/fr\/film-pre-etire\/\"><strong>FILM PLASTIQUE \u00c9TIRABLE<\/strong><\/a>. Pr\u00e9sent dans des pays tels que les \u00c9tats-Unis, Singapour, l&#8217;Australie, l&#8217;Allemagne, le Canada, la Nouvelle-Z\u00e9lande, le Royaume-Uni, l&#8217;Irlande, l&#8217;\u00c9cosse et la Norv\u00e8ge, Tilak Polypack s&#8217;est impos\u00e9 comme un fournisseur fiable de FILM PLASTIQUE \u00c9TIRABLE de haute qualit\u00e9.<\/p>\n<p>Nos films \u00e9tirables en plastique pr\u00e9sentent plusieurs caract\u00e9ristiques cl\u00e9s qui les distinguent des autres produits disponibles sur le march\u00e9. Ces caract\u00e9ristiques comprennent :<\/p>\n<table>\n<thead>\n<tr>\n<th>Fonctionnalit\u00e9<\/th>\n<th>Description<\/th>\n<\/tr>\n<\/thead>\n<tbody>\n<tr>\n<td>Protection contre la poussi\u00e8re \/ la salet\u00e9<\/td>\n<td>Oui<\/td>\n<\/tr>\n<tr>\n<td>Emballage \u00e9tanche<\/td>\n<td>Contribue \u00e0 rendre l&#8217;emballage imperm\u00e9able lorsqu&#8217;il est enroul\u00e9 autour de contenants en papier.<\/td>\n<\/tr>\n<tr>\n<td>Inspection visuelle<\/td>\n<td>Aides \u00e0 l&#8217;inspection visuelle<\/td>\n<\/tr>\n<tr>\n<td>Rentabilit\u00e9<\/td>\n<td>Plus rentable que les sangles, le film r\u00e9tractable et le carton ondul\u00e9.<\/td>\n<\/tr>\n<tr>\n<td>Options d&#8217;emballage<\/td>\n<td>Disponible pour l&#8217;emballage manuel \/ l&#8217;emballage m\u00e9canique<\/td>\n<\/tr>\n<tr>\n<td>Largeurs standard<\/td>\n<td>50 mm \/ 100 mm \/ 150 mm \/ 200 mm \/ 300 mm \/ 450 mm \/ 500 mm \/ 600 mm (Autres largeurs disponibles sur demande. Largeur maximale : 1,5 m\u00e8tre)<\/td>\n<\/tr>\n<tr>\n<td>\u00c9paisseur standard<\/td>\n<td>12 microns \/ 15 microns \/ 18 microns \/ 23 microns \/ 29 microns (autres \u00e9paisseurs disponibles sur demande)<\/td>\n<\/tr>\n<tr>\n<td>Couleurs standard<\/td>\n<td>Naturel \/ Blanc opaque \/ Bleu \/ Noir (Autres couleurs disponibles sur demande)<\/td>\n<\/tr>\n<tr>\n<td>Identifiant standard de base<\/td>\n<td>25 mm \/ 31 mm \/ 76,2 mm<\/td>\n<\/tr>\n<tr>\n<td>Additifs sp\u00e9ciaux<\/td>\n<td>UV Protection \/ VCI \/ Antistatic<\/td>\n<\/tr>\n<\/tbody>\n<\/table>\n<p>En tant que fabricant leader de films \u00e9tirables en plastique, nous accordons la priorit\u00e9 \u00e0 la qualit\u00e9, \u00e0 la durabilit\u00e9 et \u00e0 la satisfaction de nos clients. Nous investissons dans des technologies de pointe et des mesures de contr\u00f4le qualit\u00e9 rigoureuses afin de fournir des produits qui r\u00e9pondent aux normes les plus \u00e9lev\u00e9es de l&#8217;industrie.[\/vc_column_text][vc_column_text]<\/p>\n<h2>Comment choisir un film \u00e9tirable en plastique ?<\/h2>\n<ol>\n<li><strong>Tenir compte des exigences en mati\u00e8re de charge<\/strong> : \u00e9valuer le poids, la taille et la forme afin de d\u00e9terminer l&#8217;\u00e9paisseur et la r\u00e9sistance appropri\u00e9es du film.<\/li>\n<li><strong>Recherchez la extensibilit\u00e9<\/strong> : Choisissez des films qui peuvent s&#8217;\u00e9tirer pour s&#8217;adapter \u00e0 diff\u00e9rentes tailles et formes de charges.<\/li>\n<li><strong>Priorit\u00e9 \u00e0 la stabilit\u00e9 de la charge<\/strong> : choisissez des films dot\u00e9s d&#8217;excellentes propri\u00e9t\u00e9s de r\u00e9tention afin d&#8217;\u00e9viter tout d\u00e9placement pendant le transport.<\/li>\n<li><strong>Assurez-vous de la r\u00e9sistance \u00e0 la perforation<\/strong> : optez pour des films r\u00e9sistants aux dommages caus\u00e9s par les bords tranchants ou une manipulation brutale.<\/li>\n<li><strong>V\u00e9rifiez la compatibilit\u00e9 :<\/strong>\u00a0Assurez-vous que le film est compatible avec votre \u00e9quipement d&#8217;emballage afin de garantir un emballage efficace.<\/li>\n<li><strong>Recherchez la transparence<\/strong> : choisissez des films qui offrent une bonne visibilit\u00e9 pour faciliter l&#8217;identification des produits et la lecture des codes-barres.<\/li>\n<li><strong>Tenez compte de la sp\u00e9cificit\u00e9 de l&#8217;application<\/strong> : \u00e9valuez l&#8217;ad\u00e9quation du film \u00e0 votre secteur d&#8217;activit\u00e9 ou \u00e0 votre environnement.<\/li>\n<li><strong>Choisissez un fournisseur de film \u00e9tirable r\u00e9put\u00e9<\/strong> : faites appel \u00e0 Tilak Polypack pour des films \u00e9tirables en plastique de haute qualit\u00e9 et un service exceptionnel.<\/li>\n<\/ol>\n<p>La prise en compte de ces facteurs et le partenariat avec un fournisseur fiable de films \u00e9tirables garantissent que les films \u00e9tirables en plastique choisis r\u00e9pondent \u00e0 vos besoins en mati\u00e8re d&#8217;emballage et contribuent \u00e0 l&#8217;efficacit\u00e9 op\u00e9rationnelle.<\/p>\n<p>Notre \u00e9quipe d&#8217;experts s&#8217;engage \u00e0 fournir des solutions personnalis\u00e9es, un service rapide et des prix comp\u00e9titifs, ce qui fait de nous le choix privil\u00e9gi\u00e9 des entreprises \u00e0 la recherche de solutions d&#8217;emballage fiables et efficaces.[\/vc_column_text]<section class=\"ts-vc_cta3-container\"><div class=\"ts-vc_general ts-vc_cta3 ts-cta3-only ts-vc_cta3-style-classic ts-vc_cta3-shape-rounded ts-vc_cta3-align-left ts-vc_cta3-color-transparent ts-vc_cta3-icon-size-md ts-vc_cta3-actions-right vc_custom_1756054368170 ts-cta3-with-desc\"><div class=\"ts-vc_cta3_content-container\"><div class=\"ts-vc_cta3-content\"><div class=\"ts-vc_cta3-content-header ts-wrap\"><div class=\"ts-vc_cta3-headers ts-wrap-cell\"><\/div><\/div><div class=\"ts-cta3-content-wrapper\"><p>Veuillez nous contacter au\u00a0<a href=\"tel:9227422544\">+91-9227422544<\/a>\u00a0ou nous envoyer un e-mail\u00a0<a href=\"mailto:info@tilakpolypack.com\">info@tilakpolypack.com<\/a> pour obtenir un devis ou de plus amples informations.<\/p><\/div><\/div><div class=\"ts-vc_cta3-actions\">\r\n\t\t<div class=\"ts-vc_btn3-container  popmake-8197 ts-vc_btn3-inline\"><a class=\"ts-vc_general ts-vc_btn3 ts-vc_btn3-size-md ts-vc_btn3-shape-rounded ts-vc_btn3-style-flat ts-vc_btn3-weight-yes ts-vc_btn3-color-skincolor\" href=\"\" title=\"\">send enquiry<\/a><\/div><\/div><\/div><\/div><\/section>[\/vc_column][\/vc_row]<\/p>\n<\/section>","protected":false},"excerpt":{"rendered":"<p>[vc_row][vc_column][vc_column_text css=&#8221;.vc_custom_1758127523988{padding-top: 20px !important;}&#8221;] Film \u00e9tirable en plastique Les films \u00e9tirables en plastique sont des mat\u00e9riaux d&#8217;emballage souples et \u00e9lastiques utilis\u00e9s pour s\u00e9curiser et prot\u00e9ger les articles pendant le transport et le stockage. Ils sont fabriqu\u00e9s \u00e0 partir de poly\u00e9thyl\u00e8ne ou de mat\u00e9riaux similaires, qui sont extrud\u00e9s en fines feuilles puis \u00e9tir\u00e9s dans les deux &hellip; <a href=\"https:\/\/tilakpolypack.com\/fr\/film-etirable-en-plastique\/\" class=\"more-link\">Continue reading <span class=\"screen-reader-text\">Film \u00e9tirable en plastique<\/span><\/a><\/p>\n","protected":false},"author":1,"featured_media":7986,"parent":0,"menu_order":0,"comment_status":"closed","ping_status":"closed","template":"","meta":{"_acf_changed":false,"om_disable_all_campaigns":false,"_monsterinsights_skip_tracking":false,"_monsterinsights_sitenote_active":false,"_monsterinsights_sitenote_note":"","_monsterinsights_sitenote_category":0,"_uf_show_specific_survey":0,"_uf_disable_surveys":false,"footnotes":""},"class_list":["post-7339","page","type-page","status-publish","has-post-thumbnail","hentry"],"acf":[],"_links":{"self":[{"href":"https:\/\/tilakpolypack.com\/fr\/wp-json\/wp\/v2\/pages\/7339","targetHints":{"allow":["GET"]}}],"collection":[{"href":"https:\/\/tilakpolypack.com\/fr\/wp-json\/wp\/v2\/pages"}],"about":[{"href":"https:\/\/tilakpolypack.com\/fr\/wp-json\/wp\/v2\/types\/page"}],"author":[{"embeddable":true,"href":"https:\/\/tilakpolypack.com\/fr\/wp-json\/wp\/v2\/users\/1"}],"replies":[{"embeddable":true,"href":"https:\/\/tilakpolypack.com\/fr\/wp-json\/wp\/v2\/comments?post=7339"}],"version-history":[{"count":5,"href":"https:\/\/tilakpolypack.com\/fr\/wp-json\/wp\/v2\/pages\/7339\/revisions"}],"predecessor-version":[{"id":10779,"href":"https:\/\/tilakpolypack.com\/fr\/wp-json\/wp\/v2\/pages\/7339\/revisions\/10779"}],"wp:featuredmedia":[{"embeddable":true,"href":"https:\/\/tilakpolypack.com\/fr\/wp-json\/wp\/v2\/media\/7986"}],"wp:attachment":[{"href":"https:\/\/tilakpolypack.com\/fr\/wp-json\/wp\/v2\/media?parent=7339"}],"curies":[{"name":"wp","href":"https:\/\/api.w.org\/{rel}","templated":true}]}}