{"id":7337,"date":"2023-10-06T10:13:30","date_gmt":"2023-10-06T10:13:30","guid":{"rendered":"https:\/\/archiveyourwords.com\/tilak\/?page_id=7337"},"modified":"2025-09-17T16:33:07","modified_gmt":"2025-09-17T16:33:07","slug":"film-retractable-ldpe","status":"publish","type":"page","link":"https:\/\/tilakpolypack.com\/fr\/film-retractable-ldpe\/","title":{"rendered":"Film r\u00e9tractable LDPE"},"content":{"rendered":"<section class=\"wpb-content-wrapper\"><p>[vc_row][vc_column][vc_column_text css=&#8221;.vc_custom_1758126617838{padding-top: 20px !important;}&#8221;]<\/p>\n<h2>Film r\u00e9tractable en poly\u00e9thyl\u00e8ne basse densit\u00e9 (LDPE)<\/h2>\n<p>Le film r\u00e9tractable LDPE, ou film r\u00e9tractable en poly\u00e9thyl\u00e8ne basse densit\u00e9 irradi\u00e9, est un mat\u00e9riau d&#8217;emballage polyvalent r\u00e9put\u00e9 pour ses propri\u00e9t\u00e9s de r\u00e9traction exceptionnelles. Il est couramment utilis\u00e9 dans divers secteurs industriels \u00e0 des fins d&#8217;emballage, offrant une excellente protection et am\u00e9liorant l&#8217;attrait visuel des produits.<\/p>\n<p>Le processus de fabrication du <a href=\"https:\/\/tilakpolypack.com\/fr\/films-pe-imprimes\/\"><strong>film r\u00e9tractable en LDPE<\/strong><\/a> consiste \u00e0 exposer le mat\u00e9riau \u00e0 un rayonnement qui provoque la r\u00e9traction du film lorsqu&#8217;il est chauff\u00e9. Cette r\u00e9traction permet au film d&#8217;\u00e9pouser parfaitement la forme du produit, cr\u00e9ant ainsi une solution d&#8217;emballage s\u00fbre et professionnelle.<\/p>\n<p>Le film r\u00e9tractable en LDPE offre des avantages tels que la durabilit\u00e9, la transparence et la r\u00e9sistance \u00e0 la d\u00e9chirure, ce qui le rend adapt\u00e9 \u00e0 un large \u00e9ventail d&#8217;applications. Qu&#8217;il soit utilis\u00e9 pour regrouper des produits, s\u00e9curiser des marchandises ou am\u00e9liorer la pr\u00e9sentation des produits, le film r\u00e9tractable en LDPE constitue une solution d&#8217;emballage fiable et visuellement attrayante.[\/vc_column_text][vc_column_text]<\/p>\n<h2>Fabrication de film r\u00e9tractable en LDPE<\/h2>\n<p>Tilak Polypack est l&#8217;un des principaux <a href=\"https:\/\/tilakpolypack.com\/fr\/lamination-film-pe\/\"><strong>fabricants de films r\u00e9tractables en LDPE<\/strong><\/a>, proposant des produits de haute qualit\u00e9 et se distinguant dans le secteur.<\/p>\n<p>Gr\u00e2ce \u00e0 une technologie de pointe, nous extrudons la r\u00e9sine LDPE en films minces. Un traitement thermique pr\u00e9cis et un refroidissement contr\u00f4l\u00e9 garantissent une excellente transparence, des propri\u00e9t\u00e9s de r\u00e9tr\u00e9cissement optimales et une \u00e9paisseur constante.<\/p>\n<p>Tilak Polypack est l&#8217;un des principaux fabricants et fournisseurs mondiaux de FILM RETRACTABLE LDPE. Pr\u00e9sent dans des pays tels que les \u00c9tats-Unis, Singapour, l&#8217;Australie, l&#8217;Allemagne, le Canada, la Nouvelle-Z\u00e9lande, le Royaume-Uni, l&#8217;Irlande, l&#8217;\u00c9cosse et la Norv\u00e8ge, Tilak Polypack s&#8217;est impos\u00e9 comme un fournisseur fiable de FILM RETRACTABLE LDPE de haute qualit\u00e9.[\/vc_column_text][vc_column_text]<\/p>\n<h2>Caract\u00e9ristiques du film r\u00e9tractable LDPE Tilak Polypack :<\/h2>\n<ul>\n<li>\u00c9conomies significatives par rapport aux emballages en carton ondul\u00e9<\/li>\n<li>Facilit\u00e9 d&#8217;\u00e9limination apr\u00e8s utilisation<\/li>\n<li>R\u00e9duction des co\u00fbts d&#8217;exp\u00e9dition (gr\u00e2ce \u00e0 des \u00e9conomies d&#8217;espace et de poids)<\/li>\n<li>Protection contre l&#8217;humidit\u00e9, la poussi\u00e8re et la salet\u00e9<\/li>\n<li>Conservation directe au r\u00e9frig\u00e9rateur, dans la glace ou dans l&#8217;eau.<\/li>\n<li>Emballage inviolable<\/li>\n<li>\u00c9conomies d&#8217;espace de stockage<\/li>\n<li>Disponible en sachet \/ en rouleau<\/li>\n<li>Largeurs disponibles : 150 mm \u2013 2000 mm<\/li>\n<li>\u00c9paisseur : 35 microns et plus<\/li>\n<li>Colours : Natural \/ Opaque White<\/li>\n<li>Additifs sp\u00e9ciaux : Protection UV \/ VCI \/ Antistatique<\/li>\n<\/ul>\n<p>[\/vc_column_text][vc_column_text]<\/p>\n<h2>Pourquoi choisir Tilak Polypack comme fabricant de films r\u00e9tractables en LDPE :<\/h2>\n<ol>\n<li><strong>Assurance qualit\u00e9<\/strong> : Nous accordons la priorit\u00e9 \u00e0 des mesures de contr\u00f4le qualit\u00e9 rigoureuses afin de garantir une excellence constante.<\/li>\n<li><strong>Exp\u00e9rience<\/strong> : Forts de nombreuses ann\u00e9es d&#8217;exp\u00e9rience, nous disposons de connaissances approfondies et d&#8217;une expertise dans la fourniture de produits haut de gamme.<\/li>\n<li><strong>Approche centr\u00e9e sur le client<\/strong> : Nous comprenons les exigences sp\u00e9cifiques en mati\u00e8re d&#8217;emballage et proposons des solutions personnalis\u00e9es.<\/li>\n<li><strong>Livraison dans les d\u00e9lais<\/strong> : Nous nous engageons \u00e0 livrer les produits dans les d\u00e9lais impartis, afin de garantir la continuit\u00e9 des op\u00e9rations.<\/li>\n<li><strong>Prix comp\u00e9titifs<\/strong> : Nos films r\u00e9tractables en LDPE sont propos\u00e9s \u00e0 des prix comp\u00e9titifs sans compromis sur la qualit\u00e9.<\/li>\n<\/ol>\n<p>[\/vc_column_text]<section class=\"ts-vc_cta3-container\"><div class=\"ts-vc_general ts-vc_cta3 ts-cta3-only ts-vc_cta3-style-classic ts-vc_cta3-shape-rounded ts-vc_cta3-align-left ts-vc_cta3-color-transparent ts-vc_cta3-icon-size-md ts-vc_cta3-actions-right vc_custom_1756045098649 ts-cta3-with-desc\"><div class=\"ts-vc_cta3_content-container\"><div class=\"ts-vc_cta3-content\"><div class=\"ts-vc_cta3-content-header ts-wrap\"><div class=\"ts-vc_cta3-headers ts-wrap-cell\"><\/div><\/div><div class=\"ts-cta3-content-wrapper\"><p>Veuillez nous contacter au\u00a0<a href=\"tel:9227422544\">+91-9227422544<\/a>\u00a0ou nous envoyer un e-mail\u00a0<a href=\"mailto:info@tilakpolypack.com\">info@tilakpolypack.com<\/a> pour obtenir un devis ou de plus amples informations.<\/p><\/div><\/div><div class=\"ts-vc_cta3-actions\">\r\n\t\t<div class=\"ts-vc_btn3-container  popmake-8197 ts-vc_btn3-inline\"><a class=\"ts-vc_general ts-vc_btn3 ts-vc_btn3-size-md ts-vc_btn3-shape-rounded ts-vc_btn3-style-flat ts-vc_btn3-weight-yes ts-vc_btn3-color-skincolor\" href=\"\" title=\"\">send enquiry<\/a><\/div><\/div><\/div><\/div><\/section>[\/vc_column][\/vc_row]<\/p>\n<\/section>","protected":false},"excerpt":{"rendered":"<p>[vc_row][vc_column][vc_column_text css=&#8221;.vc_custom_1758126617838{padding-top: 20px !important;}&#8221;] Film r\u00e9tractable en poly\u00e9thyl\u00e8ne basse densit\u00e9 (LDPE) Le film r\u00e9tractable LDPE, ou film r\u00e9tractable en poly\u00e9thyl\u00e8ne basse densit\u00e9 irradi\u00e9, est un mat\u00e9riau d&#8217;emballage polyvalent r\u00e9put\u00e9 pour ses propri\u00e9t\u00e9s de r\u00e9traction exceptionnelles. Il est couramment utilis\u00e9 dans divers secteurs industriels \u00e0 des fins d&#8217;emballage, offrant une excellente protection et am\u00e9liorant l&#8217;attrait visuel &hellip; <a href=\"https:\/\/tilakpolypack.com\/fr\/film-retractable-ldpe\/\" class=\"more-link\">Continue reading <span class=\"screen-reader-text\">Film r\u00e9tractable LDPE<\/span><\/a><\/p>\n","protected":false},"author":1,"featured_media":7979,"parent":0,"menu_order":0,"comment_status":"closed","ping_status":"closed","template":"","meta":{"_acf_changed":false,"om_disable_all_campaigns":false,"_monsterinsights_skip_tracking":false,"_monsterinsights_sitenote_active":false,"_monsterinsights_sitenote_note":"","_monsterinsights_sitenote_category":0,"_uf_show_specific_survey":0,"_uf_disable_surveys":false,"footnotes":""},"class_list":["post-7337","page","type-page","status-publish","has-post-thumbnail","hentry"],"acf":[],"_links":{"self":[{"href":"https:\/\/tilakpolypack.com\/fr\/wp-json\/wp\/v2\/pages\/7337","targetHints":{"allow":["GET"]}}],"collection":[{"href":"https:\/\/tilakpolypack.com\/fr\/wp-json\/wp\/v2\/pages"}],"about":[{"href":"https:\/\/tilakpolypack.com\/fr\/wp-json\/wp\/v2\/types\/page"}],"author":[{"embeddable":true,"href":"https:\/\/tilakpolypack.com\/fr\/wp-json\/wp\/v2\/users\/1"}],"replies":[{"embeddable":true,"href":"https:\/\/tilakpolypack.com\/fr\/wp-json\/wp\/v2\/comments?post=7337"}],"version-history":[{"count":4,"href":"https:\/\/tilakpolypack.com\/fr\/wp-json\/wp\/v2\/pages\/7337\/revisions"}],"predecessor-version":[{"id":10774,"href":"https:\/\/tilakpolypack.com\/fr\/wp-json\/wp\/v2\/pages\/7337\/revisions\/10774"}],"wp:featuredmedia":[{"embeddable":true,"href":"https:\/\/tilakpolypack.com\/fr\/wp-json\/wp\/v2\/media\/7979"}],"wp:attachment":[{"href":"https:\/\/tilakpolypack.com\/fr\/wp-json\/wp\/v2\/media?parent=7337"}],"curies":[{"name":"wp","href":"https:\/\/api.w.org\/{rel}","templated":true}]}}