{"id":7333,"date":"2023-10-06T10:12:51","date_gmt":"2023-10-06T10:12:51","guid":{"rendered":"https:\/\/archiveyourwords.com\/tilak\/?page_id=7333"},"modified":"2025-09-17T16:24:38","modified_gmt":"2025-09-17T16:24:38","slug":"sacs-a-provisions-biodegradables","status":"publish","type":"page","link":"https:\/\/tilakpolypack.com\/fr\/sacs-a-provisions-biodegradables\/","title":{"rendered":"Sacs \u00e0 provisions biod\u00e9gradables"},"content":{"rendered":"<section class=\"wpb-content-wrapper\"><p>[vc_row][vc_column][vc_column_text css=&#8221;.vc_custom_1758126259512{padding-top: 20px !important;}&#8221;]<\/p>\n<h2>Sac \u00e0 provisions biod\u00e9gradable<\/h2>\n<p>Les sacs \u00e0 provisions biod\u00e9gradables, dont l&#8217;\u00e9paisseur est inf\u00e9rieure de 20 % \u00e0 celle des sacs classiques, ont une r\u00e9sistance \u00e0 la charge et d&#8217;autres propri\u00e9t\u00e9s similaires. Ils peuvent \u00eatre programm\u00e9s pour se biod\u00e9grader uniquement apr\u00e8s utilisation. Ils ont une tr\u00e8s bonne r\u00e9sistance \u00e0 la perforation et ne fuient pas. Les d\u00e9chets de cuisine\/alimentaires peuvent \u00eatre transform\u00e9s en compost avec ce sac.<\/p>\n<p>Tilak Polypack est l&#8217;un des principaux fabricants de <a href=\"https:\/\/tilakpolypack.com\/fr\/sacs-demballage-en-polyethylene-transparent\/\"><strong>sacs \u00e0 provisions biod\u00e9gradables<\/strong><\/a>. Notre processus de fabrication comprend plusieurs \u00e9tapes cl\u00e9s afin de garantir la production de sacs de haute qualit\u00e9 et respectueux de l&#8217;environnement.<\/p>\n<ol>\n<li><b>S\u00e9lection des mat\u00e9riaux :\u00a0<\/b>Nous s\u00e9lectionnons avec soin des mat\u00e9riaux biod\u00e9gradables tels que le PLA (acide polylactique) ou le PBAT (polybutyl\u00e8ne adipate t\u00e9r\u00e9phtalate) pour nos sacs \u00e0 provisions. Ces mat\u00e9riaux sont d\u00e9riv\u00e9s de ressources renouvelables telles que la f\u00e9cule de ma\u00efs ou la canne \u00e0 sucre, ce qui les rend respectueux de l&#8217;environnement.<\/li>\n<li><b>Extrusion :<\/b>\u00a0Le mat\u00e9riau s\u00e9lectionn\u00e9 est ensuite trait\u00e9 dans une machine d&#8217;extrusion, o\u00f9 il est fondu et transform\u00e9 en une feuille continue. Cette feuille sert de mat\u00e9riau de base pour les sacs \u00e0 provisions.<\/li>\n<li><b>Impression :<\/b> Nous utilisons des techniques d&#8217;impression respectueuses de l&#8217;environnement, telles que des encres \u00e0 base d&#8217;eau, pour ajouter des motifs, des logos ou des marques aux sacs. Cela garantit que le processus d&#8217;impression est sans danger pour l&#8217;environnement.<\/li>\n<li><strong>Formation des sacs :<\/strong> La feuille imprim\u00e9e est ensuite d\u00e9coup\u00e9e et pli\u00e9e pour obtenir la forme souhait\u00e9e pour le sac. Nous utilisons des machines de pointe pour garantir une d\u00e9coupe et un pliage pr\u00e9cis, ce qui permet d&#8217;obtenir des sacs bien construits.<\/li>\n<\/ol>\n<h2>Sacs de courses \u00e9cologiques<\/h2>\n<p data-start=\"232\" data-end=\"685\">Les sacs de courses \u00e9cologiques de Tilak Polypack sont fabriqu\u00e9s \u00e0 partir de mat\u00e9riaux biod\u00e9gradables, offrant une alternative durable aux sacs plastiques traditionnels. Con\u00e7us pour \u00eatre r\u00e9sistants et r\u00e9utilisables, ils sont id\u00e9aux pour les courses quotidiennes. Leur conception pratique permet un rangement facile, et leur utilisation contribue \u00e0 la r\u00e9duction des d\u00e9chets plastiques, favorisant ainsi un mode de vie plus respectueux de l&#8217;environnement.<\/p>\n<p>[\/vc_column_text][vc_column_text]<\/p>\n<h2>Avantages des sacs \u00e0 provisions compostables<\/h2>\n<p>Voici les avantages des sacs \u00e0 provisions compostables :<\/p>\n<ol>\n<li><strong>Respectueux de l&#8217;environnement<\/strong> : se d\u00e9compose naturellement, r\u00e9duisant ainsi les d\u00e9chets plastiques.<\/li>\n<li><strong>Ressources renouvelables<\/strong> : Fabriqu\u00e9 \u00e0 partir de mat\u00e9riaux d&#8217;origine v\u00e9g\u00e9tale, r\u00e9duisant ainsi la d\u00e9pendance aux combustibles fossiles.<\/li>\n<li><strong>R\u00e9sistance et durabilit\u00e9<\/strong> : Con\u00e7u pour transporter des objets sans se d\u00e9chirer facilement.<\/li>\n<li><strong>Polyvalent et pratique<\/strong> : Disponible en diff\u00e9rentes tailles et styles pour r\u00e9pondre \u00e0 diff\u00e9rents besoins.<\/li>\n<li><strong>Personnalisation de la marque<\/strong> : ajoutez des logos et des designs pour promouvoir votre entreprise.<\/li>\n<li><strong>Conformit\u00e9 r\u00e9glementaire<\/strong> : Conforme aux normes de biod\u00e9gradabilit\u00e9 et de compostabilit\u00e9.<\/li>\n<li><strong>Pr\u00e9f\u00e9r\u00e9 par les consommateurs soucieux de l&#8217;environnement<\/strong> : correspond aux valeurs des clients soucieux de l&#8217;environnement.<\/li>\n<\/ol>\n<p>Nos sacs \u00e0 provisions compostables sont conformes aux normes ASTM D6400 et EN13432.<\/p>\n<p>Tilak Polypack est l&#8217;un des principaux fabricants et fournisseurs mondiaux de <a href=\"https:\/\/tilakpolypack.com\/fr\/sacs-de-decoupe-en-plastique\/\"><strong>SACS PLASTIQUES BIOD\u00c9GRADABLES<\/strong><\/a>. Pr\u00e9sent dans des pays tels que les \u00c9tats-Unis, Singapour, l&#8217;Australie, l&#8217;Allemagne, le Canada, la Nouvelle-Z\u00e9lande, le Royaume-Uni, l&#8217;Irlande, l&#8217;\u00c9cosse et la Norv\u00e8ge, Tilak Polypack s&#8217;est impos\u00e9 comme un fournisseur fiable de SACS PLASTIQUES BIOD\u00c9GRADABLES de haute qualit\u00e9.[\/vc_column_text][vc_column_text]<\/p>\n<h2>Pourquoi Tilak Polypack est-il le meilleur choix ?<\/h2>\n<ol>\n<li><b>Assurance qualit\u00e9 :\u00a0<\/b>Nous accordons la priorit\u00e9 \u00e0 la qualit\u00e9 \u00e0 chaque \u00e9tape du processus de fabrication. Nos sacs sont soumis \u00e0 des tests rigoureux afin de garantir qu&#8217;ils r\u00e9pondent aux normes les plus strictes.<\/li>\n<li><b>Approche \u00e9cologique :<\/b>\u00a0Nous nous engageons en faveur du d\u00e9veloppement durable et de la r\u00e9duction de notre impact environnemental. En utilisant des mat\u00e9riaux biod\u00e9gradables et des techniques d&#8217;impression \u00e9cologiques, nous contribuons \u00e0 un avenir plus vert.<\/li>\n<li><b>Exp\u00e9rience et expertise :<\/b> Gr\u00e2ce \u00e0 nos nombreuses ann\u00e9es d&#8217;exp\u00e9rience dans le secteur, nous avons d\u00e9velopp\u00e9 une expertise dans la fabrication de sacs \u00e0 provisions biod\u00e9gradables. Notre \u00e9quipe s&#8217;engage \u00e0 fournir des produits qui r\u00e9pondent aux attentes de nos clients.<\/li>\n<li><b>Satisfaction client :\u00a0<\/b>Nous accordons la priorit\u00e9 \u00e0 la satisfaction client et nous nous effor\u00e7ons de fournir un service d&#8217;excellence. Notre \u00e9quipe d&#8217;assistance client r\u00e9active est toujours pr\u00eate \u00e0 r\u00e9pondre \u00e0 toutes vos questions ou pr\u00e9occupations.<\/li>\n<\/ol>\n<p>[\/vc_column_text]<section class=\"ts-vc_cta3-container\"><div class=\"ts-vc_general ts-vc_cta3 ts-cta3-only ts-vc_cta3-style-classic ts-vc_cta3-shape-rounded ts-vc_cta3-align-left ts-vc_cta3-color-transparent ts-vc_cta3-icon-size-md ts-vc_cta3-actions-right vc_custom_1756019885898 ts-cta3-with-desc\"><div class=\"ts-vc_cta3_content-container\"><div class=\"ts-vc_cta3-content\"><div class=\"ts-vc_cta3-content-header ts-wrap\"><div class=\"ts-vc_cta3-headers ts-wrap-cell\"><\/div><\/div><div class=\"ts-cta3-content-wrapper\"><p>Veuillez nous contacter au\u00a0<a href=\"tel:9227422544\">+91-9227422544<\/a>\u00a0ou nous envoyer un e-mail\u00a0<a href=\"mailto:info@tilakpolypack.com\">info@tilakpolypack.com<\/a> pour obtenir un devis ou de plus amples informations.<\/p><\/div><\/div><div class=\"ts-vc_cta3-actions\">\r\n\t\t<div class=\"ts-vc_btn3-container  popmake-8197 ts-vc_btn3-inline\"><a class=\"ts-vc_general ts-vc_btn3 ts-vc_btn3-size-md ts-vc_btn3-shape-rounded ts-vc_btn3-style-flat ts-vc_btn3-weight-yes ts-vc_btn3-color-skincolor\" href=\"\" title=\"\">send enquiry<\/a><\/div><\/div><\/div><\/div><\/section>[\/vc_column][\/vc_row]<\/p>\n<\/section>","protected":false},"excerpt":{"rendered":"<p>[vc_row][vc_column][vc_column_text css=&#8221;.vc_custom_1758126259512{padding-top: 20px !important;}&#8221;] Sac \u00e0 provisions biod\u00e9gradable Les sacs \u00e0 provisions biod\u00e9gradables, dont l&#8217;\u00e9paisseur est inf\u00e9rieure de 20 % \u00e0 celle des sacs classiques, ont une r\u00e9sistance \u00e0 la charge et d&#8217;autres propri\u00e9t\u00e9s similaires. Ils peuvent \u00eatre programm\u00e9s pour se biod\u00e9grader uniquement apr\u00e8s utilisation. Ils ont une tr\u00e8s bonne r\u00e9sistance \u00e0 la perforation et &hellip; <a href=\"https:\/\/tilakpolypack.com\/fr\/sacs-a-provisions-biodegradables\/\" class=\"more-link\">Continue reading <span class=\"screen-reader-text\">Sacs \u00e0 provisions biod\u00e9gradables<\/span><\/a><\/p>\n","protected":false},"author":1,"featured_media":7976,"parent":0,"menu_order":0,"comment_status":"closed","ping_status":"closed","template":"","meta":{"_acf_changed":false,"om_disable_all_campaigns":false,"_monsterinsights_skip_tracking":false,"_monsterinsights_sitenote_active":false,"_monsterinsights_sitenote_note":"","_monsterinsights_sitenote_category":0,"_uf_show_specific_survey":0,"_uf_disable_surveys":false,"footnotes":""},"class_list":["post-7333","page","type-page","status-publish","has-post-thumbnail","hentry"],"acf":[],"_links":{"self":[{"href":"https:\/\/tilakpolypack.com\/fr\/wp-json\/wp\/v2\/pages\/7333","targetHints":{"allow":["GET"]}}],"collection":[{"href":"https:\/\/tilakpolypack.com\/fr\/wp-json\/wp\/v2\/pages"}],"about":[{"href":"https:\/\/tilakpolypack.com\/fr\/wp-json\/wp\/v2\/types\/page"}],"author":[{"embeddable":true,"href":"https:\/\/tilakpolypack.com\/fr\/wp-json\/wp\/v2\/users\/1"}],"replies":[{"embeddable":true,"href":"https:\/\/tilakpolypack.com\/fr\/wp-json\/wp\/v2\/comments?post=7333"}],"version-history":[{"count":4,"href":"https:\/\/tilakpolypack.com\/fr\/wp-json\/wp\/v2\/pages\/7333\/revisions"}],"predecessor-version":[{"id":10771,"href":"https:\/\/tilakpolypack.com\/fr\/wp-json\/wp\/v2\/pages\/7333\/revisions\/10771"}],"wp:featuredmedia":[{"embeddable":true,"href":"https:\/\/tilakpolypack.com\/fr\/wp-json\/wp\/v2\/media\/7976"}],"wp:attachment":[{"href":"https:\/\/tilakpolypack.com\/fr\/wp-json\/wp\/v2\/media?parent=7333"}],"curies":[{"name":"wp","href":"https:\/\/api.w.org\/{rel}","templated":true}]}}