{"id":7332,"date":"2023-10-06T10:12:56","date_gmt":"2023-10-06T10:12:56","guid":{"rendered":"https:\/\/archiveyourwords.com\/tilak\/?page_id=7332"},"modified":"2025-09-17T16:20:01","modified_gmt":"2025-09-17T16:20:01","slug":"film-retractable-biodegradable","status":"publish","type":"page","link":"https:\/\/tilakpolypack.com\/fr\/film-retractable-biodegradable\/","title":{"rendered":"Film r\u00e9tractable biod\u00e9gradable"},"content":{"rendered":"<section class=\"wpb-content-wrapper\"><p>[vc_row][vc_column][vc_column_text css=&#8221;.vc_custom_1758125944412{padding-top: 20px !important;}&#8221;]<\/p>\n<h2>Film r\u00e9tractable biod\u00e9gradable<\/h2>\n<p>Le film r\u00e9tractable biod\u00e9gradable, \u00e9galement appel\u00e9 film r\u00e9tractable \u00e9cologique ou film \u00e9tirable biod\u00e9gradable, est un mat\u00e9riau d&#8217;emballage durable qui offre les m\u00eames fonctionnalit\u00e9s que le film r\u00e9tractable traditionnel tout en \u00e9tant respectueux de l&#8217;environnement. Il est con\u00e7u pour se d\u00e9composer naturellement au fil du temps, r\u00e9duisant ainsi son impact sur l&#8217;environnement.<\/p>\n<p>Les <a href=\"https:\/\/tilakpolypack.com\/fr\/films-biodegradables\/\"><strong>films r\u00e9tractables biod\u00e9gradables<\/strong><\/a> sont fabriqu\u00e9s \u00e0 partir de mat\u00e9riaux d&#8217;origine v\u00e9g\u00e9tale tels que le PLA (acide polylactique) ou le PBAT (polybutyl\u00e8ne adipate t\u00e9r\u00e9phtalate). Ces mat\u00e9riaux sont issus de ressources renouvelables et sont compostables.<\/p>\n<p>Certains films r\u00e9tractables biod\u00e9gradables sont \u00e9galement compostables. Ils peuvent \u00eatre ajout\u00e9s aux syst\u00e8mes de compostage, o\u00f9 ils se d\u00e9composent en mati\u00e8re organique qui enrichit le sol.<\/p>\n<p>La haute r\u00e9sistance m\u00e9canique du film r\u00e9tractable biod\u00e9gradable permet de r\u00e9duire l&#8217;\u00e9paisseur du film par rapport au <a href=\"https:\/\/tilakpolypack.com\/fr\/films-pe-imprimes\/\"><strong>film PE<\/strong><\/a> classique. La temp\u00e9rature du tunnel de r\u00e9traction peut \u00e9galement \u00eatre consid\u00e9rablement r\u00e9duite, ce qui contribue \u00e0 r\u00e9duire les co\u00fbts \u00e9nerg\u00e9tiques.[\/vc_column_text][vc_column_text]<\/p>\n<h2>Applications:<\/h2>\n<p>Le film r\u00e9tractable biod\u00e9gradable trouve des applications dans divers secteurs, notamment l&#8217;alimentation et les boissons, les cosm\u00e9tiques et les produits pharmaceutiques. Il convient pour emballer des produits individuels, regrouper des articles ou s\u00e9curiser des palettes.[\/vc_column_text][vc_column_text]<\/p>\n<h2>Fabrication d&#8217;un film \u00e9tirable biod\u00e9gradable<\/h2>\n<p>Notre <a href=\"https:\/\/tilakpolypack.com\/fr\/film-etirable-biodegradable\/\"><strong>film \u00e9tirable biod\u00e9gradable<\/strong><\/a> est fabriqu\u00e9 \u00e0 l&#8217;aide de technologies et de proc\u00e9d\u00e9s de pointe. Nous s\u00e9lectionnons avec soin des mat\u00e9riaux d&#8217;origine v\u00e9g\u00e9tale tels que le PLA (acide polylactique) ou le PBAT (polybutyl\u00e8ne adipate t\u00e9r\u00e9phtalate) afin de cr\u00e9er un produit durable et respectueux de l&#8217;environnement.<\/p>\n<p>Ils sont con\u00e7us pour se d\u00e9composer naturellement au fil du temps, r\u00e9duisant ainsi leur impact sur l&#8217;environnement. Ils sont compostables et ne laissent derri\u00e8re eux aucun r\u00e9sidu nocif ni microplastique.<\/p>\n<p>Nos films r\u00e9tractables biod\u00e9gradables sont conformes aux normes ASTM D6400 et EN13432.<\/p>\n<p>Tilak Polypack est l&#8217;un des principaux fabricants et fournisseurs mondiaux de FILM RETRACTABLE BIODEGRADABLE. Pr\u00e9sent dans des pays tels que les \u00c9tats-Unis, Singapour, l&#8217;Australie, l&#8217;Allemagne, le Canada, la Nouvelle-Z\u00e9lande, le Royaume-Uni, l&#8217;Irlande, l&#8217;\u00c9cosse et la Norv\u00e8ge, Tilak Polypack s&#8217;est impos\u00e9 comme un fournisseur fiable de FILM RETRACTABLE BIODEGRADABLE de haute qualit\u00e9.[\/vc_column_text][vc_column_text]<\/p>\n<h2>Comment choisir un film r\u00e9tractable biod\u00e9gradable ?<\/h2>\n<p>Lorsque vous choisissez un film r\u00e9tractable biod\u00e9gradable, tenez compte des \u00e9l\u00e9ments suivants :<\/p>\n<ol>\n<li>V\u00e9rifiez la composition du mat\u00e9riau pour vous assurer qu&#8217;il contient des mat\u00e9riaux d&#8217;origine v\u00e9g\u00e9tale tels que le PLA.<\/li>\n<li>Recherchez les certifications environnementales d\u00e9livr\u00e9es par des organismes reconnus.<\/li>\n<li>\u00c9valuer la r\u00e9sistance, la r\u00e9sistance \u00e0 la perforation et la transparence.<\/li>\n<li>Assurer la compatibilit\u00e9 avec les \u00e9quipements et les processus d&#8217;emballage.<\/li>\n<li>Tenez compte de l&#8217;ad\u00e9quation de l&#8217;application, notamment des exigences en mati\u00e8re de s\u00e9curit\u00e9 alimentaire.<\/li>\n<li>\u00c9valuer la dur\u00e9e de conservation pour la p\u00e9riode de stockage ou de transport souhait\u00e9e.<\/li>\n<li>Choisissez un fournisseur r\u00e9put\u00e9.<\/li>\n<li>Comparez la rentabilit\u00e9 avec les alternatives traditionnelles en plastique.<\/li>\n<\/ol>\n<p>[\/vc_column_text]<section class=\"ts-vc_cta3-container\"><div class=\"ts-vc_general ts-vc_cta3 ts-cta3-only ts-vc_cta3-style-classic ts-vc_cta3-shape-rounded ts-vc_cta3-align-left ts-vc_cta3-color-transparent ts-vc_cta3-icon-size-md ts-vc_cta3-actions-right vc_custom_1756020207866 ts-cta3-with-desc\"><div class=\"ts-vc_cta3_content-container\"><div class=\"ts-vc_cta3-content\"><div class=\"ts-vc_cta3-content-header ts-wrap\"><div class=\"ts-vc_cta3-headers ts-wrap-cell\"><\/div><\/div><div class=\"ts-cta3-content-wrapper\"><p>Veuillez nous contacter au\u00a0<a href=\"tel:9227422544\">+91-9227422544<\/a>\u00a0ou nous envoyer un e-mail\u00a0<a href=\"mailto:info@tilakpolypack.com\">info@tilakpolypack.com<\/a> pour obtenir un devis ou de plus amples informations.<\/p><\/div><\/div><div class=\"ts-vc_cta3-actions\">\r\n\t\t<div class=\"ts-vc_btn3-container  popmake-8197 ts-vc_btn3-inline\"><a class=\"ts-vc_general ts-vc_btn3 ts-vc_btn3-size-md ts-vc_btn3-shape-rounded ts-vc_btn3-style-flat ts-vc_btn3-weight-yes ts-vc_btn3-color-skincolor\" href=\"\" title=\"\">send enquiry<\/a><\/div><\/div><\/div><\/div><\/section>[\/vc_column][\/vc_row]<\/p>\n<\/section>","protected":false},"excerpt":{"rendered":"<p>[vc_row][vc_column][vc_column_text css=&#8221;.vc_custom_1758125944412{padding-top: 20px !important;}&#8221;] Film r\u00e9tractable biod\u00e9gradable Le film r\u00e9tractable biod\u00e9gradable, \u00e9galement appel\u00e9 film r\u00e9tractable \u00e9cologique ou film \u00e9tirable biod\u00e9gradable, est un mat\u00e9riau d&#8217;emballage durable qui offre les m\u00eames fonctionnalit\u00e9s que le film r\u00e9tractable traditionnel tout en \u00e9tant respectueux de l&#8217;environnement. Il est con\u00e7u pour se d\u00e9composer naturellement au fil du temps, r\u00e9duisant ainsi son &hellip; <a href=\"https:\/\/tilakpolypack.com\/fr\/film-retractable-biodegradable\/\" class=\"more-link\">Continue reading <span class=\"screen-reader-text\">Film r\u00e9tractable biod\u00e9gradable<\/span><\/a><\/p>\n","protected":false},"author":1,"featured_media":7968,"parent":0,"menu_order":0,"comment_status":"closed","ping_status":"closed","template":"","meta":{"_acf_changed":false,"om_disable_all_campaigns":false,"_monsterinsights_skip_tracking":false,"_monsterinsights_sitenote_active":false,"_monsterinsights_sitenote_note":"","_monsterinsights_sitenote_category":0,"_uf_show_specific_survey":0,"_uf_disable_surveys":false,"footnotes":""},"class_list":["post-7332","page","type-page","status-publish","has-post-thumbnail","hentry"],"acf":[],"_links":{"self":[{"href":"https:\/\/tilakpolypack.com\/fr\/wp-json\/wp\/v2\/pages\/7332","targetHints":{"allow":["GET"]}}],"collection":[{"href":"https:\/\/tilakpolypack.com\/fr\/wp-json\/wp\/v2\/pages"}],"about":[{"href":"https:\/\/tilakpolypack.com\/fr\/wp-json\/wp\/v2\/types\/page"}],"author":[{"embeddable":true,"href":"https:\/\/tilakpolypack.com\/fr\/wp-json\/wp\/v2\/users\/1"}],"replies":[{"embeddable":true,"href":"https:\/\/tilakpolypack.com\/fr\/wp-json\/wp\/v2\/comments?post=7332"}],"version-history":[{"count":4,"href":"https:\/\/tilakpolypack.com\/fr\/wp-json\/wp\/v2\/pages\/7332\/revisions"}],"predecessor-version":[{"id":10770,"href":"https:\/\/tilakpolypack.com\/fr\/wp-json\/wp\/v2\/pages\/7332\/revisions\/10770"}],"wp:featuredmedia":[{"embeddable":true,"href":"https:\/\/tilakpolypack.com\/fr\/wp-json\/wp\/v2\/media\/7968"}],"wp:attachment":[{"href":"https:\/\/tilakpolypack.com\/fr\/wp-json\/wp\/v2\/media?parent=7332"}],"curies":[{"name":"wp","href":"https:\/\/api.w.org\/{rel}","templated":true}]}}