{"id":7331,"date":"2023-10-06T10:12:26","date_gmt":"2023-10-06T10:12:26","guid":{"rendered":"https:\/\/archiveyourwords.com\/tilak\/?page_id=7331"},"modified":"2025-09-17T16:15:44","modified_gmt":"2025-09-17T16:15:44","slug":"film-de-paillage-biodegradable","status":"publish","type":"page","link":"https:\/\/tilakpolypack.com\/fr\/film-de-paillage-biodegradable\/","title":{"rendered":"Film de paillage biod\u00e9gradable"},"content":{"rendered":"<section class=\"wpb-content-wrapper\"><p>[vc_row][vc_column][vc_column_text css=&#8221;.vc_custom_1758125696788{padding-top: 20px !important;}&#8221;]<\/p>\n<h2>Film de paillage biod\u00e9gradable<\/h2>\n<p>Tilak Polypack est l&#8217;un des principaux fabricants de <a href=\"https:\/\/tilakpolypack.com\/fr\/film-mulch\/\"><strong>films de paillage biod\u00e9gradables<\/strong><\/a>, offrant une gamme de caract\u00e9ristiques qui nous distinguent des autres acteurs du secteur. Notre processus de fabrication garantit la production de films de paillage de haute qualit\u00e9, \u00e0 la fois efficaces et respectueux de l&#8217;environnement.<\/p>\n<p>Les films de paillage en PE conventionnels doivent \u00eatre ramass\u00e9s manuellement apr\u00e8s la r\u00e9colte, ce qui est une t\u00e2che tr\u00e8s co\u00fbteuse et laborieuse. En comparaison, les films de paillage biod\u00e9gradables peuvent \u00eatre enfouis dans le sol apr\u00e8s la r\u00e9colte. Les micro-organismes pr\u00e9sents dans le sol d\u00e9composeront le film. Cela permet aux agriculteurs d&#8217;\u00e9conomiser du temps et de l&#8217;argent.[\/vc_column_text][vc_column_text]<\/p>\n<h2>Fabrication de film plastique biod\u00e9gradable pour paillage<\/h2>\n<p>Le processus de fabrication de nos <a href=\"https:\/\/tilakpolypack.com\/plastic-mulching-film\/\"><strong>films de paillage en plastique biod\u00e9gradable<\/strong><\/a> comprend les \u00e9tapes cl\u00e9s suivantes :<\/p>\n<ol>\n<li><b>S\u00e9lection des mati\u00e8res premi\u00e8res :<\/b>\u00a0Nous s\u00e9lectionnons avec soin des polym\u00e8res biod\u00e9gradables issus de ressources renouvelables.<\/li>\n<li><b>Extrusion de film :<\/b>\u00a0Les mati\u00e8res premi\u00e8res s\u00e9lectionn\u00e9es sont trait\u00e9es dans une machine d&#8217;extrusion de film, o\u00f9 elles sont fondues et transform\u00e9es en un film fin et souple. Ce film est ensuite refroidi et solidifi\u00e9 afin d&#8217;obtenir l&#8217;\u00e9paisseur et la r\u00e9sistance souhait\u00e9es.<\/li>\n<li><b>Incorporation d&#8217;additifs :\u00a0<\/b>Ces additifs peuvent inclure des stabilisateurs UV pour prot\u00e9ger contre la d\u00e9gradation caus\u00e9e par la lumi\u00e8re du soleil, ainsi que des colorants pour faciliter l&#8217;identification et la diff\u00e9renciation.<\/li>\n<li><b>Impression et perforation<\/b> : Les films de paillage peuvent \u00eatre personnalis\u00e9s par impression, ce qui permet d&#8217;afficher la marque, les informations sur le produit ou les instructions sur le film. La perforation est \u00e9galement effectu\u00e9e pour faciliter la perm\u00e9abilit\u00e9 \u00e0 l&#8217;eau et \u00e0 l&#8217;air, favorisant ainsi une croissance saine des plantes.<\/li>\n<\/ol>\n<p>Tilak Polypack est l&#8217;un des principaux fabricants et fournisseurs mondiaux de <a href=\"https:\/\/tilakpolypack.com\/fr\/film-etirable-biodegradable\/\"><strong>FILMS DE PAILLAGE BIOD\u00c9GRADABLES<\/strong><\/a>. Pr\u00e9sent dans des pays tels que les \u00c9tats-Unis, Singapour, l&#8217;Australie, l&#8217;Allemagne, le Canada, la Nouvelle-Z\u00e9lande, le Royaume-Uni, l&#8217;Irlande, l&#8217;\u00c9cosse et la Norv\u00e8ge, Tilak Polypack s&#8217;est impos\u00e9 comme un fournisseur fiable de FILMS DE PAILLAGE BIOD\u00c9GRADABLES de haute qualit\u00e9.[\/vc_column_text][vc_column_text]<\/p>\n<h2>Les caract\u00e9ristiques de nos films de paillage en plastique biod\u00e9gradable sont les suivantes :<\/h2>\n<ol>\n<li>Les films de paillage biod\u00e9gradables ont une r\u00e9sistance m\u00e9canique sup\u00e9rieure \u00e0 celle des films classiques, ce qui permet de r\u00e9duire leur \u00e9paisseur et de compenser ainsi le co\u00fbt plus \u00e9lev\u00e9 des mati\u00e8res premi\u00e8res.<\/li>\n<li>Nos films de paillage biod\u00e9gradables sont conformes aux normes ASTM D6400 et EN13432.<\/li>\n<li>Nos films de paillage sont con\u00e7us pour se d\u00e9composer naturellement au fil du temps, r\u00e9duisant ainsi leur impact environnemental par rapport aux films de paillage en plastique traditionnels. Ils se d\u00e9gradent en substances inoffensives, ne laissant aucun r\u00e9sidu nocif dans le sol.<\/li>\n<li>Les films de paillage aident \u00e0 retenir l&#8217;humidit\u00e9 dans le sol, favorisant ainsi une croissance optimale des plantes et r\u00e9duisant les besoins en eau.<\/li>\n<li>Les films aident \u00e0 r\u00e9guler la temp\u00e9rature du sol en emprisonnant la chaleur pendant les p\u00e9riodes plus fra\u00eeches et en r\u00e9fl\u00e9chissant l&#8217;exc\u00e8s de chaleur pendant les p\u00e9riodes plus chaudes.<\/li>\n<li>Durabilit\u00e9 et r\u00e9sistance : Bien qu&#8217;ils soient biod\u00e9gradables, nos films de paillage sont con\u00e7us pour \u00eatre durables et r\u00e9sistants \u00e0 la d\u00e9chirure, ce qui leur permet de supporter les rigueurs des pratiques agricoles.<\/li>\n<\/ol>\n<p>Chez Tilak Polypack, nous sommes fiers d&#8217;\u00eatre \u00e0 la pointe de la fabrication de films plastiques biod\u00e9gradables pour paillage. Notre engagement en faveur de la qualit\u00e9, de la durabilit\u00e9 et de l&#8217;innovation nous distingue des autres acteurs du secteur. Nous nous effor\u00e7ons en permanence de d\u00e9velopper et d&#8217;am\u00e9liorer nos produits afin de r\u00e9pondre aux besoins en constante \u00e9volution des agriculteurs et de contribuer \u00e0 un avenir plus vert.[\/vc_column_text]<section class=\"ts-vc_cta3-container\"><div class=\"ts-vc_general ts-vc_cta3 ts-cta3-only ts-vc_cta3-style-classic ts-vc_cta3-shape-rounded ts-vc_cta3-align-left ts-vc_cta3-color-transparent ts-vc_cta3-icon-size-md ts-vc_cta3-actions-right vc_custom_1756019774757 ts-cta3-with-desc\"><div class=\"ts-vc_cta3_content-container\"><div class=\"ts-vc_cta3-content\"><div class=\"ts-vc_cta3-content-header ts-wrap\"><div class=\"ts-vc_cta3-headers ts-wrap-cell\"><\/div><\/div><div class=\"ts-cta3-content-wrapper\"><p>Veuillez nous contacter au\u00a0<a href=\"tel:9227422544\">+91-9227422544<\/a>\u00a0ou nous envoyer un e-mail\u00a0<a href=\"mailto:info@tilakpolypack.com\">info@tilakpolypack.com<\/a> pour obtenir un devis ou de plus amples informations.<\/p><\/div><\/div><div class=\"ts-vc_cta3-actions\">\r\n\t\t<div class=\"ts-vc_btn3-container  popmake-8197 ts-vc_btn3-inline\"><a class=\"ts-vc_general ts-vc_btn3 ts-vc_btn3-size-md ts-vc_btn3-shape-rounded ts-vc_btn3-style-flat ts-vc_btn3-weight-yes ts-vc_btn3-color-skincolor\" href=\"\" title=\"\">send enquiry<\/a><\/div><\/div><\/div><\/div><\/section>[\/vc_column][\/vc_row]<\/p>\n<\/section>","protected":false},"excerpt":{"rendered":"<p>[vc_row][vc_column][vc_column_text css=&#8221;.vc_custom_1758125696788{padding-top: 20px !important;}&#8221;] Film de paillage biod\u00e9gradable Tilak Polypack est l&#8217;un des principaux fabricants de films de paillage biod\u00e9gradables, offrant une gamme de caract\u00e9ristiques qui nous distinguent des autres acteurs du secteur. Notre processus de fabrication garantit la production de films de paillage de haute qualit\u00e9, \u00e0 la fois efficaces et respectueux de l&#8217;environnement. &hellip; <a href=\"https:\/\/tilakpolypack.com\/fr\/film-de-paillage-biodegradable\/\" class=\"more-link\">Continue reading <span class=\"screen-reader-text\">Film de paillage biod\u00e9gradable<\/span><\/a><\/p>\n","protected":false},"author":1,"featured_media":10425,"parent":0,"menu_order":0,"comment_status":"closed","ping_status":"closed","template":"","meta":{"_acf_changed":false,"om_disable_all_campaigns":false,"_monsterinsights_skip_tracking":false,"_monsterinsights_sitenote_active":false,"_monsterinsights_sitenote_note":"","_monsterinsights_sitenote_category":0,"_uf_show_specific_survey":0,"_uf_disable_surveys":false,"footnotes":""},"class_list":["post-7331","page","type-page","status-publish","has-post-thumbnail","hentry"],"acf":[],"_links":{"self":[{"href":"https:\/\/tilakpolypack.com\/fr\/wp-json\/wp\/v2\/pages\/7331","targetHints":{"allow":["GET"]}}],"collection":[{"href":"https:\/\/tilakpolypack.com\/fr\/wp-json\/wp\/v2\/pages"}],"about":[{"href":"https:\/\/tilakpolypack.com\/fr\/wp-json\/wp\/v2\/types\/page"}],"author":[{"embeddable":true,"href":"https:\/\/tilakpolypack.com\/fr\/wp-json\/wp\/v2\/users\/1"}],"replies":[{"embeddable":true,"href":"https:\/\/tilakpolypack.com\/fr\/wp-json\/wp\/v2\/comments?post=7331"}],"version-history":[{"count":6,"href":"https:\/\/tilakpolypack.com\/fr\/wp-json\/wp\/v2\/pages\/7331\/revisions"}],"predecessor-version":[{"id":10768,"href":"https:\/\/tilakpolypack.com\/fr\/wp-json\/wp\/v2\/pages\/7331\/revisions\/10768"}],"wp:featuredmedia":[{"embeddable":true,"href":"https:\/\/tilakpolypack.com\/fr\/wp-json\/wp\/v2\/media\/10425"}],"wp:attachment":[{"href":"https:\/\/tilakpolypack.com\/fr\/wp-json\/wp\/v2\/media?parent=7331"}],"curies":[{"name":"wp","href":"https:\/\/api.w.org\/{rel}","templated":true}]}}