{"id":7327,"date":"2023-10-06T10:12:03","date_gmt":"2023-10-06T10:12:03","guid":{"rendered":"https:\/\/archiveyourwords.com\/tilak\/?page_id=7327"},"modified":"2025-09-17T15:04:01","modified_gmt":"2025-09-17T15:04:01","slug":"film-mulch","status":"publish","type":"page","link":"https:\/\/tilakpolypack.com\/fr\/film-mulch\/","title":{"rendered":"Film mulch"},"content":{"rendered":"<section class=\"wpb-content-wrapper\"><p>[vc_row][vc_column][vc_column_text css=&#8221;.vc_custom_1756052350711{padding-top: 20px !important;}&#8221;]<\/p>\n<h2>Film mulch \u2013 La d\u00e9finition<\/h2>\n<p>Le processus consistant \u00e0 recouvrir le sol afin d&#8217;am\u00e9liorer les cultures s&#8217;appelle le paillage.[\/vc_column_text][vc_column_text]<\/p>\n<h2>Film \/ Feuille de paillage<\/h2>\n<p>Les films de paillage sont \u00e9galement appel\u00e9s <a href=\"https:\/\/tilakpolypack.com\/fr\/films-agricoles\/\"><strong>films agricoles<\/strong><\/a>. Les films agricoles ou de paillage que nous proposons sont disponibles dans une grande vari\u00e9t\u00e9 de couleurs et d&#8217;\u00e9paisseurs, en fonction des cultures, des conditions m\u00e9t\u00e9orologiques et du cycle de vie du produit.<\/p>\n<p>Le film plastique transparent est id\u00e9al si vous avez besoin de conditions de r\u00e9chauffement maximales et optimales pour vos cultures, tandis que le film color\u00e9 maintiendra le sol un peu moins chaud que le film transparent. Le film color\u00e9 limitera donc la croissance des mauvaises herbes, car il emp\u00eache la lumi\u00e8re de p\u00e9n\u00e9trer dans le sol.<\/p>\n<h2>Film de paillis color\u00e9<\/h2>\n<p data-start=\"180\" data-end=\"659\">Le film de paillis color\u00e9 de Tilak Polypack est con\u00e7u pour optimiser la croissance des cultures en r\u00e9gulant la temp\u00e9rature du sol et en r\u00e9duisant la croissance des mauvaises herbes. Disponible en plusieurs couleurs, chaque teinte offre des avantages sp\u00e9cifiques : le noir chauffe le sol, le rouge stimule la floraison, et le blanc r\u00e9fl\u00e9chit la lumi\u00e8re pour repousser certains insectes. Ce film am\u00e9liore l&#8217;efficacit\u00e9 de l&#8217;irrigation et prot\u00e8ge les cultures contre les intemp\u00e9ries.<\/p>\n<p>[\/vc_column_text][vc_column_text]<\/p>\n<h2>Avantages du film de paillage<\/h2>\n<p><strong>Moins d&#8217;investissements dans les herbicides :<\/strong><\/p>\n<p>Les mauvaises herbes ont besoin de lumi\u00e8re pour pousser. Un rouleau de film de paillage color\u00e9 emp\u00eache la lumi\u00e8re d&#8217;atteindre le sol, r\u00e9duisant ainsi le nombre de mauvaises herbes. Cela profitera \u00e0 l&#8217;agriculteur en r\u00e9duisant l&#8217;utilisation de d\u00e9sherbants.<\/p>\n<p><strong>Conserve l&#8217;humidit\u00e9 dans le sol :<\/strong><\/p>\n<p>La plupart des cultures n&#8217;ont pas besoin de beaucoup d&#8217;eau pour pousser. Elles ont besoin d&#8217;humidit\u00e9. L&#8217;utilisation d&#8217;un <a href=\"https:\/\/tilakpolypack.com\/plastic-mulching-film\/\"><strong>paillis plastique<\/strong><\/a> aide \u00e0 emp\u00eacher l&#8217;eau de s&#8217;\u00e9vaporer.<\/p>\n<p><strong>Vous aurez une r\u00e9colte plus pr\u00e9coce :<\/strong><\/p>\n<p>Ces films de paillage permettent d&#8217;avancer la r\u00e9colte, car ils augmentent la temp\u00e9rature du sol, favorisant ainsi la croissance pr\u00e9coce des cultures, et retiennent l&#8217;humidit\u00e9 dans le sol.<\/p>\n<p><strong>Utilisation d&#8217;engrais<\/strong><\/p>\n<p>Les engrais sont utilis\u00e9s de mani\u00e8re optimale en combinaison avec des films de paillage, ce qui permet d&#8217;obtenir un rendement maximal et une croissance optimale des cultures et des plantations.<\/p>\n<p><strong>Augmentation de la croissance :<\/strong><\/p>\n<p>La partie du sol recouverte de paillis minimise les pertes d&#8217;air, ce qui favorise ensuite la croissance, car il y a moins de risques que l&#8217;air s&#8217;\u00e9chappe, ce qui permet de conserver le dioxyde de carbone n\u00e9cessaire et de maintenir la chaleur. Ce processus est connu sous le nom d&#8217;\u00ab effet de chemin\u00e9e \u00bb.<\/p>\n<p><strong>Croissance pr\u00e9coce et plus abondante des l\u00e9gumes<\/strong><\/p>\n<p>Gr\u00e2ce aux films de paillage, de nombreux l\u00e9gumes b\u00e9n\u00e9ficient d&#8217;avantages, notamment les tomates, les l\u00e9gumes verts, les poivrons, les aubergines et bien d&#8217;autres cultures similaires. Ces l\u00e9gumes peuvent \u00eatre r\u00e9colt\u00e9s plus t\u00f4t et en plus grande quantit\u00e9 lorsqu&#8217;ils sont cultiv\u00e9s avec un paillage.<\/p>\n<p>Tilak Polypack est l&#8217;un des principaux fabricants et fournisseurs mondiaux de FILM DE PAILLAGE. Pr\u00e9sent dans des pays tels que les \u00c9tats-Unis, Singapour, l&#8217;Australie, l&#8217;Allemagne, le Canada, la Nouvelle-Z\u00e9lande, le Royaume-Uni, l&#8217;Irlande, l&#8217;\u00c9cosse et la Norv\u00e8ge, Tilak Polypack s&#8217;est impos\u00e9 comme un fournisseur fiable de FILM DE PAILLAGE de haute qualit\u00e9.[\/vc_column_text][vc_column_text]<\/p>\n<h2>SP\u00c9CIFICATIONS DU FILM DE PAILLAGE<\/h2>\n<table id=\"profile\" width=\"100%;\">\n<tbody>\n<tr>\n<th>\u00c9paisseur<\/th>\n<th>La vie<\/th>\n<th>Largeur disponible<\/th>\n<th>Couleurs disponibles<\/th>\n<\/tr>\n<tr>\n<td>15 microns-20 microns<\/td>\n<td>Culture \u00e0 cycle unique<\/td>\n<td>600 mm \u00e0 1800 mm<\/td>\n<td>Transparent, noir, blanc, argent + noir, rouge ou selon les exigences du client<\/td>\n<\/tr>\n<tr>\n<td>20 microns-30 microns<\/td>\n<td>Cultures de 2 ou 3 saisons<\/td>\n<td>600 MM to 1800 MM<\/td>\n<td>Transparent, Black, White, Silver + Black, Red or as per customers requirement<\/td>\n<\/tr>\n<tr>\n<td>\u00c0 partir de 50 microns<\/td>\n<td>Les vergers pour une vie plus longue<\/td>\n<td>600 MM to 1800 MM<\/td>\n<td>Transparent, Black, White, Silver + Black, Red or as per customers requirement<\/td>\n<\/tr>\n<\/tbody>\n<\/table>\n<p>[\/vc_column_text]<section class=\"ts-vc_cta3-container\"><div class=\"ts-vc_general ts-vc_cta3 ts-cta3-only ts-vc_cta3-style-classic ts-vc_cta3-shape-rounded ts-vc_cta3-align-left ts-vc_cta3-color-transparent ts-vc_cta3-icon-size-md ts-vc_cta3-actions-right vc_custom_1756052286503 ts-cta3-with-desc\"><div class=\"ts-vc_cta3_content-container\"><div class=\"ts-vc_cta3-content\"><div class=\"ts-vc_cta3-content-header ts-wrap\"><div class=\"ts-vc_cta3-headers ts-wrap-cell\"><\/div><\/div><div class=\"ts-cta3-content-wrapper\"><p>Veuillez nous contacter au\u00a0<a href=\"tel:9227422544\">+91-9227422544<\/a>\u00a0ou nous envoyer un e-mail\u00a0<a href=\"mailto:info@tilakpolypack.com\">info@tilakpolypack.com<\/a> pour obtenir un devis ou de plus amples informations.<\/p><\/div><\/div><div class=\"ts-vc_cta3-actions\">\r\n\t\t<div class=\"ts-vc_btn3-container  popmake-8197 ts-vc_btn3-inline\"><a class=\"ts-vc_general ts-vc_btn3 ts-vc_btn3-size-md ts-vc_btn3-shape-rounded ts-vc_btn3-style-flat ts-vc_btn3-weight-yes ts-vc_btn3-color-skincolor\" href=\"\" title=\"\">send enquiry<\/a><\/div><\/div><\/div><\/div><\/section>[\/vc_column][\/vc_row]<\/p>\n<\/section>","protected":false},"excerpt":{"rendered":"<p>[vc_row][vc_column][vc_column_text css=&#8221;.vc_custom_1756052350711{padding-top: 20px !important;}&#8221;] Film mulch \u2013 La d\u00e9finition Le processus consistant \u00e0 recouvrir le sol afin d&#8217;am\u00e9liorer les cultures s&#8217;appelle le paillage.[\/vc_column_text][vc_column_text] Film \/ Feuille de paillage Les films de paillage sont \u00e9galement appel\u00e9s films agricoles. Les films agricoles ou de paillage que nous proposons sont disponibles dans une grande vari\u00e9t\u00e9 de couleurs et &hellip; <a href=\"https:\/\/tilakpolypack.com\/fr\/film-mulch\/\" class=\"more-link\">Continue reading <span class=\"screen-reader-text\">Film mulch<\/span><\/a><\/p>\n","protected":false},"author":1,"featured_media":7960,"parent":0,"menu_order":0,"comment_status":"closed","ping_status":"closed","template":"","meta":{"_acf_changed":false,"om_disable_all_campaigns":false,"_monsterinsights_skip_tracking":false,"_monsterinsights_sitenote_active":false,"_monsterinsights_sitenote_note":"","_monsterinsights_sitenote_category":0,"_uf_show_specific_survey":0,"_uf_disable_surveys":false,"footnotes":""},"class_list":["post-7327","page","type-page","status-publish","has-post-thumbnail","hentry"],"acf":[],"_links":{"self":[{"href":"https:\/\/tilakpolypack.com\/fr\/wp-json\/wp\/v2\/pages\/7327","targetHints":{"allow":["GET"]}}],"collection":[{"href":"https:\/\/tilakpolypack.com\/fr\/wp-json\/wp\/v2\/pages"}],"about":[{"href":"https:\/\/tilakpolypack.com\/fr\/wp-json\/wp\/v2\/types\/page"}],"author":[{"embeddable":true,"href":"https:\/\/tilakpolypack.com\/fr\/wp-json\/wp\/v2\/users\/1"}],"replies":[{"embeddable":true,"href":"https:\/\/tilakpolypack.com\/fr\/wp-json\/wp\/v2\/comments?post=7327"}],"version-history":[{"count":5,"href":"https:\/\/tilakpolypack.com\/fr\/wp-json\/wp\/v2\/pages\/7327\/revisions"}],"predecessor-version":[{"id":10763,"href":"https:\/\/tilakpolypack.com\/fr\/wp-json\/wp\/v2\/pages\/7327\/revisions\/10763"}],"wp:featuredmedia":[{"embeddable":true,"href":"https:\/\/tilakpolypack.com\/fr\/wp-json\/wp\/v2\/media\/7960"}],"wp:attachment":[{"href":"https:\/\/tilakpolypack.com\/fr\/wp-json\/wp\/v2\/media?parent=7327"}],"curies":[{"name":"wp","href":"https:\/\/api.w.org\/{rel}","templated":true}]}}