{"id":7326,"date":"2023-10-06T10:11:50","date_gmt":"2023-10-06T10:11:50","guid":{"rendered":"https:\/\/archiveyourwords.com\/tilak\/?page_id=7326"},"modified":"2025-09-17T14:58:46","modified_gmt":"2025-09-17T14:58:46","slug":"film-pour-tunnels-bas","status":"publish","type":"page","link":"https:\/\/tilakpolypack.com\/fr\/film-pour-tunnels-bas\/","title":{"rendered":"Film pour tunnels bas"},"content":{"rendered":"<section class=\"wpb-content-wrapper\"><p>[vc_row][vc_column][vc_column_text css=&#8221;.vc_custom_1758121125048{padding-top: 20px !important;}&#8221;]<\/p>\n<h2>Film plastique pour tunnel bas<\/h2>\n<p>Les films plastiques pour tunnels bas sont des rev\u00eatements plastiques fins con\u00e7us pour des applications agricoles, en particulier pour la cr\u00e9ation de tunnels bas destin\u00e9s \u00e0 la protection des cultures. Ces films sont l\u00e9gers et souples, ce qui facilite leur installation et leur retrait.<\/p>\n<p>Ils constituent une barri\u00e8re protectrice contre les conditions m\u00e9t\u00e9orologiques d\u00e9favorables, les ravageurs et les maladies, tout en cr\u00e9ant un microclimat qui favorise la croissance des plantes.<\/p>\n<p>Le processus consiste \u00e0 placer le film sur une s\u00e9rie de supports ou d&#8217;arceaux afin de former une structure en forme de tunnel, prot\u00e9geant ainsi efficacement les plantes situ\u00e9es en dessous. Les <a href=\"https:\/\/tilakpolypack.com\/fr\/film-mulch\/\"><strong>Film de paillis<\/strong><\/a>\u00a0pour tunnels bas constituent une solution \u00e9conomique pour prolonger la saison de croissance, am\u00e9liorer le rendement et la qualit\u00e9 des cultures et optimiser l&#8217;utilisation des ressources dans l&#8217;agriculture.<\/p>\n<p>Les agriculteurs et les horticulteurs les utilisent largement pour prot\u00e9ger les plantes fragiles, prolonger la saison de croissance et obtenir de meilleurs rendements globaux.[\/vc_column_text][vc_column_text]<\/p>\n<h2>Fabrication de tunnels bas en plastique<\/h2>\n<p>Tilak Polypack est l&#8217;un des principaux fabricants de <a href=\"https:\/\/tilakpolypack.com\/plastic-mulching-film\/\"><strong>films plastiques<\/strong><\/a> de haute qualit\u00e9 pour tunnels bas destin\u00e9s \u00e0 des applications agricoles. Notre processus de fabrication avanc\u00e9 garantit la production de films durables dot\u00e9s de caract\u00e9ristiques optimales.<\/p>\n<p>Notre plastique pour tunnels bas est fabriqu\u00e9 \u00e0 l&#8217;aide d&#8217;une technologie d&#8217;extrusion pr\u00e9cise, qui m\u00e9lange soigneusement les mat\u00e9riaux afin d&#8217;obtenir r\u00e9sistance, souplesse et r\u00e9sistance aux UV. Les films offrent une excellente durabilit\u00e9, r\u00e9sistent aux conditions ext\u00e9rieures et prot\u00e8gent les cultures. Ils permettent une transmission ad\u00e9quate de la lumi\u00e8re pour une croissance saine des plantes et sont stabilis\u00e9s aux UV pour r\u00e9sister \u00e0 la d\u00e9gradation caus\u00e9e par la lumi\u00e8re du soleil. Gr\u00e2ce \u00e0 leur grande r\u00e9sistance \u00e0 la d\u00e9chirure, nos films offrent une protection fiable des cultures contre les facteurs environnementaux.<\/p>\n<p>Le plastique pour tunnels bas de Tilak Polypack est l\u00e9ger et facile \u00e0 installer et \u00e0 retirer, offrant une grande polyvalence pour diff\u00e9rentes structures de tunnels bas et diff\u00e9rents types de cultures. Nous accordons la priorit\u00e9 \u00e0 l&#8217;assurance qualit\u00e9 et proposons des options de personnalisation pour r\u00e9pondre \u00e0 des exigences sp\u00e9cifiques. La livraison dans les d\u00e9lais, des prix comp\u00e9titifs et l&#8217;accent mis sur la satisfaction du client nous distinguent des autres acteurs du secteur.<\/p>\n<p>Tilak Polypack est l&#8217;un des principaux fabricants et fournisseurs mondiaux de FILM POUR TUNNELS BAS. Pr\u00e9sent dans des pays tels que les \u00c9tats-Unis, Singapour, l&#8217;Australie, l&#8217;Allemagne, le Canada, la Nouvelle-Z\u00e9lande, le Royaume-Uni, l&#8217;Irlande, l&#8217;\u00c9cosse et la Norv\u00e8ge, Tilak Polypack s&#8217;est impos\u00e9 comme un fournisseur fiable de <a href=\"https:\/\/tilakpolypack.com\/fr\/films-agricoles\/\"><strong>FILM POUR TUNNELS BAS<\/strong><\/a> de haute qualit\u00e9.<\/p>\n<ul>\n<li>Les films pour tunnels bas contribuent \u00e0 la protection contre les variations climatiques.<\/li>\n<li>Aide \u00e0 la protection contre les insectes<\/li>\n<li>R\u00e9duit la p\u00e9riode de maturation des cultures<\/li>\n<li>R\u00e9duit les variations de temp\u00e9rature entre le jour et la nuit (tr\u00e8s utile dans des conditions extr\u00eames)<\/li>\n<li>\u00c9paisseur disponible : 50 \u00e0 150 microns ou selon vos besoins<\/li>\n<li>Largeurs disponibles : 1 m\u00e8tre \u00e0 4,5 m\u00e8tres<\/li>\n<li>Couleurs disponibles : transparent ou jaun\u00e2tre<\/li>\n<li>Additifs : Anti-bu\u00e9e, diffusion de la lumi\u00e8re.<\/li>\n<\/ul>\n<p>[\/vc_column_text]<section class=\"ts-vc_cta3-container\"><div class=\"ts-vc_general ts-vc_cta3 ts-cta3-only ts-vc_cta3-style-classic ts-vc_cta3-shape-rounded ts-vc_cta3-align-left ts-vc_cta3-color-transparent ts-vc_cta3-icon-size-md ts-vc_cta3-actions-right vc_custom_1756046044165 ts-cta3-with-desc\"><div class=\"ts-vc_cta3_content-container\"><div class=\"ts-vc_cta3-content\"><div class=\"ts-vc_cta3-content-header ts-wrap\"><div class=\"ts-vc_cta3-headers ts-wrap-cell\"><\/div><\/div><div class=\"ts-cta3-content-wrapper\"><p>Veuillez nous contacter au\u00a0<a href=\"tel:9227422544\">+91-9227422544<\/a>\u00a0ou nous envoyer un e-mail\u00a0<a href=\"mailto:info@tilakpolypack.com\">info@tilakpolypack.com<\/a> pour obtenir un devis ou de plus amples informations.<\/p><\/div><\/div><div class=\"ts-vc_cta3-actions\">\r\n\t\t<div class=\"ts-vc_btn3-container  popmake-8197 ts-vc_btn3-inline\"><a class=\"ts-vc_general ts-vc_btn3 ts-vc_btn3-size-md ts-vc_btn3-shape-rounded ts-vc_btn3-style-flat ts-vc_btn3-weight-yes ts-vc_btn3-color-skincolor\" href=\"\" title=\"\">send enquiry<\/a><\/div><\/div><\/div><\/div><\/section>[\/vc_column][\/vc_row]<\/p>\n<\/section>","protected":false},"excerpt":{"rendered":"<p>[vc_row][vc_column][vc_column_text css=&#8221;.vc_custom_1758121125048{padding-top: 20px !important;}&#8221;] Film plastique pour tunnel bas Les films plastiques pour tunnels bas sont des rev\u00eatements plastiques fins con\u00e7us pour des applications agricoles, en particulier pour la cr\u00e9ation de tunnels bas destin\u00e9s \u00e0 la protection des cultures. Ces films sont l\u00e9gers et souples, ce qui facilite leur installation et leur retrait. Ils constituent &hellip; <a href=\"https:\/\/tilakpolypack.com\/fr\/film-pour-tunnels-bas\/\" class=\"more-link\">Continue reading <span class=\"screen-reader-text\">Film pour tunnels bas<\/span><\/a><\/p>\n","protected":false},"author":1,"featured_media":10429,"parent":0,"menu_order":0,"comment_status":"closed","ping_status":"closed","template":"","meta":{"_acf_changed":false,"om_disable_all_campaigns":false,"_monsterinsights_skip_tracking":false,"_monsterinsights_sitenote_active":false,"_monsterinsights_sitenote_note":"","_monsterinsights_sitenote_category":0,"_uf_show_specific_survey":0,"_uf_disable_surveys":false,"footnotes":""},"class_list":["post-7326","page","type-page","status-publish","has-post-thumbnail","hentry"],"acf":[],"_links":{"self":[{"href":"https:\/\/tilakpolypack.com\/fr\/wp-json\/wp\/v2\/pages\/7326","targetHints":{"allow":["GET"]}}],"collection":[{"href":"https:\/\/tilakpolypack.com\/fr\/wp-json\/wp\/v2\/pages"}],"about":[{"href":"https:\/\/tilakpolypack.com\/fr\/wp-json\/wp\/v2\/types\/page"}],"author":[{"embeddable":true,"href":"https:\/\/tilakpolypack.com\/fr\/wp-json\/wp\/v2\/users\/1"}],"replies":[{"embeddable":true,"href":"https:\/\/tilakpolypack.com\/fr\/wp-json\/wp\/v2\/comments?post=7326"}],"version-history":[{"count":4,"href":"https:\/\/tilakpolypack.com\/fr\/wp-json\/wp\/v2\/pages\/7326\/revisions"}],"predecessor-version":[{"id":10762,"href":"https:\/\/tilakpolypack.com\/fr\/wp-json\/wp\/v2\/pages\/7326\/revisions\/10762"}],"wp:featuredmedia":[{"embeddable":true,"href":"https:\/\/tilakpolypack.com\/fr\/wp-json\/wp\/v2\/media\/10429"}],"wp:attachment":[{"href":"https:\/\/tilakpolypack.com\/fr\/wp-json\/wp\/v2\/media?parent=7326"}],"curies":[{"name":"wp","href":"https:\/\/api.w.org\/{rel}","templated":true}]}}