{"id":7320,"date":"2023-10-06T10:11:18","date_gmt":"2023-10-06T10:11:18","guid":{"rendered":"https:\/\/archiveyourwords.com\/tilak\/?page_id=7320"},"modified":"2025-09-17T10:49:57","modified_gmt":"2025-09-17T10:49:57","slug":"tole-de-protection-en-acier-inoxydable","status":"publish","type":"page","link":"https:\/\/tilakpolypack.com\/fr\/tole-de-protection-en-acier-inoxydable\/","title":{"rendered":"T\u00f4le de protection en acier inoxydable"},"content":{"rendered":"<section class=\"wpb-content-wrapper\"><p>[vc_row][vc_column][vc_row_inner][vc_column_inner][vc_column_text]<\/p>\n<h2>Films \/ feuilles de protection en acier inoxydable<\/h2>\n<p>Avec l&#8217;acier inoxydable, la finition est primordiale. Que vous recherchiez un aspect bross\u00e9, recuit brillant ou miroir, une seule rayure peut ruiner la valeur de votre produit et endommager la couche protectrice qui donne son nom \u00e0 l&#8217;acier inoxydable.<\/p>\n<p>Le probl\u00e8me est que votre acier inoxydable est expos\u00e9 \u00e0 de nombreux risques potentiels tout au long des processus de fabrication, d&#8217;exp\u00e9dition et d&#8217;installation. La surface peut \u00eatre endommag\u00e9e \u00e0 n&#8217;importe quelle \u00e9tape du processus, et le co\u00fbt de r\u00e9paration ou de remplacement du produit peut r\u00e9duire consid\u00e9rablement votre marge b\u00e9n\u00e9ficiaire.<\/p>\n<p><span style=\"font-weight: 400;\"><a href=\"https:\/\/tilakpolypack.com\/fr\/fabricant-de-films-de-protection-de-surface\/\"><strong>Le film protecteur de surface<\/strong><\/a> en acier inoxydable prot\u00e8ge efficacement contre les rayures, la poussi\u00e8re et les \u00e9claboussures pendant le transport et l&#8217;installation. Il pr\u00e9serve l&#8217;int\u00e9grit\u00e9 esth\u00e9tique des surfaces m\u00e9talliques, assurant une finition impeccable sans r\u00e9sidus apr\u00e8s retrait. Id\u00e9al pour les t\u00f4les et les panneaux en inox.<\/span><\/p>\n<p>Vous pouvez prot\u00e9ger votre acier inoxydable contre les dommages et pr\u00e9server vos r\u00e9sultats financiers gr\u00e2ce \u00e0 un film protecteur pour acier inoxydable.<\/p>\n<p>Tilak Polypack est l&#8217;un des principaux fabricants et fournisseurs mondiaux de <a href=\"https:\/\/tilakpolypack.com\/fr\/fabricant-de-rubans-de-protection-de-surface\/\"><strong>FEUILLES DE PROTECTION EN ACIER INOXYDABLE<\/strong><\/a>. Pr\u00e9sent dans des pays tels que les \u00c9tats-Unis, Singapour, l&#8217;Australie, l&#8217;Allemagne, le Canada, la Nouvelle-Z\u00e9lande, le Royaume-Uni, l&#8217;Irlande, l&#8217;\u00c9cosse et la Norv\u00e8ge, Tilak Polypack s&#8217;est impos\u00e9 comme un fournisseur fiable de FEUILLES DE PROTECTION EN ACIER INOXYDABLE de haute qualit\u00e9.[\/vc_column_text][\/vc_column_inner][\/vc_row_inner][vc_row_inner][vc_column_inner][vc_column_text]<\/p>\n<h2>DIMENSIONS DISPONIBLES DU FILM DE PROTECTION EN ACIER INOXYDABLE :<\/h2>\n<ul>\n<li>Notre feuille de protection en acier inoxydable vous aidera \u00e0 prot\u00e9ger votre surface contre les rayures lors du traitement ult\u00e9rieur.<\/li>\n<li>Disponible dans les couleurs suivantes : noir + blanc, bleu, vert<\/li>\n<li>Largeur : 50 mm \u2013 1 500 mm<\/li>\n<li>\u00c9paisseur : 20 microns \u2013 200 microns<\/li>\n<\/ul>\n<p>[\/vc_column_text][\/vc_column_inner][\/vc_row_inner][vc_row_inner][vc_column_inner width=&#8221;2\/3&#8243;][\/vc_column_inner][vc_column_inner width=&#8221;1\/3&#8243;]\r\n\t\t<div class=\"ts-vc_btn3-container  popmake-8197 ts-vc_btn3-right\"><a class=\"ts-vc_general ts-vc_btn3 ts-vc_btn3-size-md ts-vc_btn3-shape-square ts-vc_btn3-style-flat ts-vc_btn3-weight-yes ts-vc_btn3-color-skincolor\" href=\"\" title=\"\">Envoyer une demande de renseignements<\/a><\/div>[\/vc_column_inner][\/vc_row_inner][\/vc_column][\/vc_row]<\/p>\n<\/section>","protected":false},"excerpt":{"rendered":"<p>[vc_row][vc_column][vc_row_inner][vc_column_inner][vc_column_text] Films \/ feuilles de protection en acier inoxydable Avec l&#8217;acier inoxydable, la finition est primordiale. Que vous recherchiez un aspect bross\u00e9, recuit brillant ou miroir, une seule rayure peut ruiner la valeur de votre produit et endommager la couche protectrice qui donne son nom \u00e0 l&#8217;acier inoxydable. Le probl\u00e8me est que votre acier inoxydable &hellip; <a href=\"https:\/\/tilakpolypack.com\/fr\/tole-de-protection-en-acier-inoxydable\/\" class=\"more-link\">Continue reading <span class=\"screen-reader-text\">T\u00f4le de protection en acier inoxydable<\/span><\/a><\/p>\n","protected":false},"author":1,"featured_media":10354,"parent":0,"menu_order":0,"comment_status":"closed","ping_status":"closed","template":"","meta":{"_acf_changed":false,"om_disable_all_campaigns":false,"_monsterinsights_skip_tracking":false,"_monsterinsights_sitenote_active":false,"_monsterinsights_sitenote_note":"","_monsterinsights_sitenote_category":0,"_uf_show_specific_survey":0,"_uf_disable_surveys":false,"footnotes":""},"class_list":["post-7320","page","type-page","status-publish","has-post-thumbnail","hentry"],"acf":[],"_links":{"self":[{"href":"https:\/\/tilakpolypack.com\/fr\/wp-json\/wp\/v2\/pages\/7320","targetHints":{"allow":["GET"]}}],"collection":[{"href":"https:\/\/tilakpolypack.com\/fr\/wp-json\/wp\/v2\/pages"}],"about":[{"href":"https:\/\/tilakpolypack.com\/fr\/wp-json\/wp\/v2\/types\/page"}],"author":[{"embeddable":true,"href":"https:\/\/tilakpolypack.com\/fr\/wp-json\/wp\/v2\/users\/1"}],"replies":[{"embeddable":true,"href":"https:\/\/tilakpolypack.com\/fr\/wp-json\/wp\/v2\/comments?post=7320"}],"version-history":[{"count":5,"href":"https:\/\/tilakpolypack.com\/fr\/wp-json\/wp\/v2\/pages\/7320\/revisions"}],"predecessor-version":[{"id":10722,"href":"https:\/\/tilakpolypack.com\/fr\/wp-json\/wp\/v2\/pages\/7320\/revisions\/10722"}],"wp:featuredmedia":[{"embeddable":true,"href":"https:\/\/tilakpolypack.com\/fr\/wp-json\/wp\/v2\/media\/10354"}],"wp:attachment":[{"href":"https:\/\/tilakpolypack.com\/fr\/wp-json\/wp\/v2\/media?parent=7320"}],"curies":[{"name":"wp","href":"https:\/\/api.w.org\/{rel}","templated":true}]}}