{"id":7319,"date":"2023-10-06T10:10:59","date_gmt":"2023-10-06T10:10:59","guid":{"rendered":"https:\/\/archiveyourwords.com\/tilak\/?page_id=7319"},"modified":"2025-09-17T10:44:42","modified_gmt":"2025-09-17T10:44:42","slug":"bande-de-protection-des-sols","status":"publish","type":"page","link":"https:\/\/tilakpolypack.com\/fr\/bande-de-protection-des-sols\/","title":{"rendered":"Bande de protection des sols"},"content":{"rendered":"<section class=\"wpb-content-wrapper\"><p>[vc_row][vc_column][vc_row_inner][vc_column_inner][vc_column_text]<\/p>\n<h2>Ruban \/ feuille de protection pour sol<\/h2>\n<p>Notre <a href=\"https:\/\/tilakpolypack.com\/fr\/tole-de-protection-en-acier-inoxydable\/\"><strong>ruban de protection pour sols<\/strong><\/a> aide \u00e0 prot\u00e9ger les sols et les comptoirs contre les dommages et les \u00e9claboussures pendant les travaux d&#8217;entretien et de peinture.[\/vc_column_text][\/vc_column_inner][\/vc_row_inner][vc_row_inner][vc_column_inner][vc_column_text]<\/p>\n<h2>Avantages des rev\u00eatements de sol en plastique<\/h2>\n<ul>\n<li>Couvre en toute s\u00e9curit\u00e9 les surfaces en bois dur, stratifi\u00e9, marbre et carrelage.<\/li>\n<li>S&#8217;enl\u00e8ve facilement. Ne laisse aucun r\u00e9sidu.<\/li>\n<li>Le film en poly\u00e9thyl\u00e8ne r\u00e9siste aux d\u00e9chirures et aux perforations caus\u00e9es par des objets pointus.<\/li>\n<li>Nous fournissons \u00e9galement un applicateur \u00e0 rouleau pour faciliter la pose du ruban adh\u00e9sif, ce qui contribue \u00e0 am\u00e9liorer la productivit\u00e9.<\/li>\n<\/ul>\n<p>[\/vc_column_text][\/vc_column_inner][\/vc_row_inner][vc_row_inner][vc_column_inner][vc_column_text]<\/p>\n<h2>Manufacturing Floor Protective Sheets\/Tapes<\/h2>\n<p>Le film de protection pour sols TilakPolypack est id\u00e9al pour prot\u00e9ger les parquets et les carrelages contre :<\/p>\n<p>Salet\u00e9, poussi\u00e8re, passage pi\u00e9tonnier, \u00e9claboussures de peinture, d\u00e9bris de construction et toute une s\u00e9rie d&#8217;autres salet\u00e9s !<\/p>\n<p>Les professionnels utilisent le film de protection pour sols Tilak Polypack pour diverses applications, notamment :<\/p>\n<p>Construction, r\u00e9novation, restauration, peinture, entretien, maisons et v\u00e9hicules mod\u00e8les, salles d&#8217;exposition, journ\u00e9es portes ouvertes, f\u00eates, camping-cars, et bien plus encore.<\/p>\n<p><a href=\"https:\/\/tilakpolypack.com\/fr\/fabricant-de-films-de-protection-de-surface\/\"><strong>La feuille de protection pour sol en PVC<\/strong><\/a> peut \u00eatre utilis\u00e9e pour la construction, les r\u00e9novations, les maisons t\u00e9moins, les entr\u00e9es et sorties, les salles d&#8217;exposition, la peinture, les escaliers et les f\u00eates. Le film en poly\u00e9thyl\u00e8ne est r\u00e9sistant aux d\u00e9chirures et aux perforations caus\u00e9es par des objets pointus.<\/p>\n<p>Tilak Polypack est l&#8217;un des principaux fabricants et fournisseurs mondiaux de <a href=\"https:\/\/tilakpolypack.com\/fr\/fabricant-de-rubans-de-protection-de-surface\/\"><strong>RUBAN DE PROTECTION POUR SOLS<\/strong><\/a>. Pr\u00e9sent dans des pays tels que les \u00c9tats-Unis, Singapour, l&#8217;Australie, l&#8217;Allemagne, le Canada, la Nouvelle-Z\u00e9lande, le Royaume-Uni, l&#8217;Irlande, l&#8217;\u00c9cosse et la Norv\u00e8ge, Tilak Polypack s&#8217;est impos\u00e9 comme un fournisseur fiable de RUBAN DE PROTECTION POUR SOLS de haute qualit\u00e9.[\/vc_column_text][\/vc_column_inner][\/vc_row_inner][vc_row_inner][vc_column_inner][vc_column_text]<\/p>\n<h2>TAILLES STANDARD DISPONIBLES<\/h2>\n<ul>\n<li>Largeurs disponibles : 300 mm \/ 600 mm \/ 1200 mm \/ 1450 mm (autres largeurs disponibles sur demande)<\/li>\n<li>\u00c9paisseur : 70 MICRONS \/ 100 MICRONS \/ 150 MICRONS \/ 200 MICRONS (autres \u00e9paisseurs disponibles sur demande)<\/li>\n<li>Couleurs : Transparent \/ Bleu (Autres couleurs disponibles sur demande)<\/li>\n<\/ul>\n<p>[\/vc_column_text][\/vc_column_inner][\/vc_row_inner][vc_row_inner][vc_column_inner width=&#8221;2\/3&#8243;][vc_column_text]Veuillez nous contacter au\u00a0<a href=\"tel:9227422544\">+91-9227422544<\/a>\u00a0ou nous envoyer un e-mail\u00a0<a href=\"mailto:info@tilakpolypack.com\">info@tilakpolypack.com<\/a> pour obtenir un devis ou de plus amples informations.[\/vc_column_text][\/vc_column_inner][vc_column_inner width=&#8221;1\/3&#8243;]\r\n\t\t<div class=\"ts-vc_btn3-container  popmake-8197 ts-vc_btn3-right\"><a class=\"ts-vc_general ts-vc_btn3 ts-vc_btn3-size-md ts-vc_btn3-shape-square ts-vc_btn3-style-flat ts-vc_btn3-weight-yes ts-vc_btn3-color-skincolor\" href=\"\" title=\"\">Send Inquiry<\/a><\/div>[\/vc_column_inner][\/vc_row_inner][\/vc_column][\/vc_row]<\/p>\n<\/section>","protected":false},"excerpt":{"rendered":"<p>[vc_row][vc_column][vc_row_inner][vc_column_inner][vc_column_text] Ruban \/ feuille de protection pour sol Notre ruban de protection pour sols aide \u00e0 prot\u00e9ger les sols et les comptoirs contre les dommages et les \u00e9claboussures pendant les travaux d&#8217;entretien et de peinture.[\/vc_column_text][\/vc_column_inner][\/vc_row_inner][vc_row_inner][vc_column_inner][vc_column_text] Avantages des rev\u00eatements de sol en plastique Couvre en toute s\u00e9curit\u00e9 les surfaces en bois dur, stratifi\u00e9, marbre et carrelage. &hellip; <a href=\"https:\/\/tilakpolypack.com\/fr\/bande-de-protection-des-sols\/\" class=\"more-link\">Continue reading <span class=\"screen-reader-text\">Bande de protection des sols<\/span><\/a><\/p>\n","protected":false},"author":1,"featured_media":865,"parent":0,"menu_order":0,"comment_status":"closed","ping_status":"closed","template":"","meta":{"_acf_changed":false,"om_disable_all_campaigns":false,"_monsterinsights_skip_tracking":false,"_monsterinsights_sitenote_active":false,"_monsterinsights_sitenote_note":"","_monsterinsights_sitenote_category":0,"_uf_show_specific_survey":0,"_uf_disable_surveys":false,"footnotes":""},"class_list":["post-7319","page","type-page","status-publish","has-post-thumbnail","hentry"],"acf":[],"_links":{"self":[{"href":"https:\/\/tilakpolypack.com\/fr\/wp-json\/wp\/v2\/pages\/7319","targetHints":{"allow":["GET"]}}],"collection":[{"href":"https:\/\/tilakpolypack.com\/fr\/wp-json\/wp\/v2\/pages"}],"about":[{"href":"https:\/\/tilakpolypack.com\/fr\/wp-json\/wp\/v2\/types\/page"}],"author":[{"embeddable":true,"href":"https:\/\/tilakpolypack.com\/fr\/wp-json\/wp\/v2\/users\/1"}],"replies":[{"embeddable":true,"href":"https:\/\/tilakpolypack.com\/fr\/wp-json\/wp\/v2\/comments?post=7319"}],"version-history":[{"count":4,"href":"https:\/\/tilakpolypack.com\/fr\/wp-json\/wp\/v2\/pages\/7319\/revisions"}],"predecessor-version":[{"id":10721,"href":"https:\/\/tilakpolypack.com\/fr\/wp-json\/wp\/v2\/pages\/7319\/revisions\/10721"}],"wp:featuredmedia":[{"embeddable":true,"href":"https:\/\/tilakpolypack.com\/fr\/wp-json\/wp\/v2\/media\/865"}],"wp:attachment":[{"href":"https:\/\/tilakpolypack.com\/fr\/wp-json\/wp\/v2\/media?parent=7319"}],"curies":[{"name":"wp","href":"https:\/\/api.w.org\/{rel}","templated":true}]}}