{"id":7318,"date":"2023-10-06T10:10:45","date_gmt":"2023-10-06T10:10:45","guid":{"rendered":"https:\/\/archiveyourwords.com\/tilak\/?page_id=7318"},"modified":"2025-09-17T10:37:56","modified_gmt":"2025-09-17T10:37:56","slug":"film-de-protection-de-la-moquette","status":"publish","type":"page","link":"https:\/\/tilakpolypack.com\/fr\/film-de-protection-de-la-moquette\/","title":{"rendered":"Film de protection de la moquette"},"content":{"rendered":"<section class=\"wpb-content-wrapper\"><p>[vc_row][vc_column][vc_row_inner][vc_column_inner][vc_column_text]<\/p>\n<h2>Film de protection pour tapis<\/h2>\n<p>Le film de protection pour tapis de Tilak Polypack prot\u00e8ge votre tapis gr\u00e2ce \u00e0 un poly\u00e9thyl\u00e8ne ultra-r\u00e9sistant qui adh\u00e8re \u00e0 la surface pour emp\u00eacher toute salet\u00e9 et tout contaminant de s&#8217;y d\u00e9poser. Il suffit de le d\u00e9rouler, de le d\u00e9couper et le tour est jou\u00e9 !<\/p>\n<p><a href=\"https:\/\/tilakpolypack.com\/fr\/fabricant-de-films-de-protection-de-surface\/\"><strong>Le film de protection de surface<\/strong><\/a> est g\u00e9n\u00e9ralement utilis\u00e9 pour pr\u00e9venir les rayures de la surface ou la prot\u00e9ger contre les particules de poussi\u00e8re et autres particules similaires pr\u00e9sentes dans l&#8217;air. Il offre \u00e9galement une protection contre les dommages, le transport et l&#8217;humidit\u00e9. Ce film est essentiellement un film protecteur contre l&#8217;abrasion \u00e9lev\u00e9e et r\u00e9sistant \u00e0 l&#8217;usure quotidienne.[\/vc_column_text][\/vc_column_inner][\/vc_row_inner][vc_row_inner][vc_column_inner][vc_column_text]<\/p>\n<h2>Avantages de la protection en plastique pour tapis<\/h2>\n<ul>\n<li>il suffit de le d\u00e9rouler et notre adh\u00e9sif sp\u00e9cialement formul\u00e9 le maintient en place. Enroulement invers\u00e9 avec adh\u00e9sif \u00e0 l&#8217;ext\u00e9rieur.<\/li>\n<li>Le poly\u00e9thyl\u00e8ne ultra-r\u00e9sistant et tr\u00e8s extensible r\u00e9siste aux d\u00e9chirures.<\/li>\n<li>Ultra-s\u00fbr \u2013 adh\u00e8re aux chaussures, ne glisse pas et ne d\u00e9rape pas.<\/li>\n<li>Gagnez du temps gr\u00e2ce \u00e0 notre applicateur de film pour moquette.<\/li>\n<\/ul>\n<p>[\/vc_column_text][\/vc_column_inner][\/vc_row_inner][vc_row_inner][vc_column_inner][vc_column_text]<\/p>\n<h2>Fabrication de films de protection pour tapis<\/h2>\n<p>Film de protection pour moquette qui permet de garder les sols propres et intacts pendant les travaux de construction, de r\u00e9novation ou de peinture. Ce <a href=\"https:\/\/tilakpolypack.com\/fr\/film-de-stratification-adhesif\/\"><strong>film auto-adh\u00e9sif<\/strong><\/a> ne bouge pas et est tr\u00e8s r\u00e9sistant aux d\u00e9chirures.<\/p>\n<p>Notre film de protection pour moquette en plastique est id\u00e9al pour r\u00e9duire votre liste de d\u00e9fauts \u00e0 la fin d&#8217;un projet de construction, de peinture ou de bricolage. Il s&#8217;agit d&#8217;un film autocollant de haute qualit\u00e9 sp\u00e9cialement con\u00e7u pour recouvrir les moquettes. Il est particuli\u00e8rement appr\u00e9ci\u00e9 pour la d\u00e9coration et la protection contre les autres travaux humides, car il emp\u00eache les moquettes d&#8217;\u00eatre endommag\u00e9es par les \u00e9claboussures et autres d\u00e9bris, tout en \u00e9tant tout aussi efficace pour faire face \u00e0 un trafic pi\u00e9tonnier intense. Le support adh\u00e9sif garantit une utilisation plus s\u00fbre de ce film de protection pour moquette que les b\u00e2ches traditionnelles, r\u00e9duisant ainsi le risque de tr\u00e9buchement.<\/p>\n<p>Les rouleaux l\u00e9gers sont enroul\u00e9s \u00e0 l&#8217;envers (le c\u00f4t\u00e9 adh\u00e9sif est \u00e0 l&#8217;ext\u00e9rieur), ce qui rend ce film de protection pour moquette facile \u00e0 appliquer en \u00ab d\u00e9roulant \u00bb le rouleau sur le sol. Le support adh\u00e9sif \u00e0 faible adh\u00e9rence colle \u00e0 la plupart des types de moquette sans qu&#8217;il soit n\u00e9cessaire de le fixer avec du ruban adh\u00e9sif et ne bouge pas une fois appliqu\u00e9. Apr\u00e8s utilisation, il peut \u00eatre d\u00e9coll\u00e9 sans laisser de r\u00e9sidus, un probl\u00e8me courant avec les films de mauvaise qualit\u00e9. Le film protecteur pour moquette est si polyvalent et offre un si bon rapport qualit\u00e9-prix qu&#8217;un rouleau partiellement utilis\u00e9 apr\u00e8s des travaux de d\u00e9coration suite \u00e0 un d\u00e9m\u00e9nagement peut \u00eatre r\u00e9utilis\u00e9 pour prot\u00e9ger une nouvelle moquette lors de la f\u00eate de pendaison de cr\u00e9maill\u00e8re bien m\u00e9rit\u00e9e.<\/p>\n<p>Tilak Polypack est l&#8217;un des principaux fabricants et fournisseurs mondiaux de <a href=\"https:\/\/tilakpolypack.com\/fr\/fabricant-de-rubans-de-protection-de-surface\/\"><strong>films de protection pour moquettes<\/strong><\/a>. Pr\u00e9sent dans des pays tels que les \u00c9tats-Unis, Singapour, l&#8217;Australie, l&#8217;Allemagne, le Canada, la Nouvelle-Z\u00e9lande, le Royaume-Uni, l&#8217;Irlande, l&#8217;\u00c9cosse et la Norv\u00e8ge, Tilak Polypack s&#8217;est impos\u00e9 comme un fournisseur fiable de films de protection pour moquettes de haute qualit\u00e9.[\/vc_column_text][\/vc_column_inner][\/vc_row_inner][vc_row_inner][vc_column_inner width=&#8221;2\/3&#8243;][vc_column_text]Veuillez nous contacter au\u00a0<a href=\"tel:9227422544\">+91-9227422544<\/a>\u00a0ou nous envoyer un e-mail\u00a0<a href=\"mailto:info@tilakpolypack.com\">info@tilakpolypack.com<\/a> pour obtenir un devis ou de plus amples informations.[\/vc_column_text][\/vc_column_inner][vc_column_inner width=&#8221;1\/3&#8243;]\r\n\t\t<div class=\"ts-vc_btn3-container  popmake-8197 ts-vc_btn3-right\"><a class=\"ts-vc_general ts-vc_btn3 ts-vc_btn3-size-md ts-vc_btn3-shape-square ts-vc_btn3-style-flat ts-vc_btn3-weight-yes ts-vc_btn3-color-skincolor\" href=\"\" title=\"\">Send Inquiry<\/a><\/div>[\/vc_column_inner][\/vc_row_inner]<div class=\"ts-single-image-wrapper \"><\/div>[\/vc_column][\/vc_row]<\/p>\n<\/section>","protected":false},"excerpt":{"rendered":"<p>[vc_row][vc_column][vc_row_inner][vc_column_inner][vc_column_text] Film de protection pour tapis Le film de protection pour tapis de Tilak Polypack prot\u00e8ge votre tapis gr\u00e2ce \u00e0 un poly\u00e9thyl\u00e8ne ultra-r\u00e9sistant qui adh\u00e8re \u00e0 la surface pour emp\u00eacher toute salet\u00e9 et tout contaminant de s&#8217;y d\u00e9poser. Il suffit de le d\u00e9rouler, de le d\u00e9couper et le tour est jou\u00e9 ! Le film de &hellip; <a href=\"https:\/\/tilakpolypack.com\/fr\/film-de-protection-de-la-moquette\/\" class=\"more-link\">Continue reading <span class=\"screen-reader-text\">Film de protection de la moquette<\/span><\/a><\/p>\n","protected":false},"author":1,"featured_media":1257,"parent":0,"menu_order":0,"comment_status":"closed","ping_status":"closed","template":"","meta":{"_acf_changed":false,"om_disable_all_campaigns":false,"_monsterinsights_skip_tracking":false,"_monsterinsights_sitenote_active":false,"_monsterinsights_sitenote_note":"","_monsterinsights_sitenote_category":0,"_uf_show_specific_survey":0,"_uf_disable_surveys":false,"footnotes":""},"class_list":["post-7318","page","type-page","status-publish","has-post-thumbnail","hentry"],"acf":[],"_links":{"self":[{"href":"https:\/\/tilakpolypack.com\/fr\/wp-json\/wp\/v2\/pages\/7318","targetHints":{"allow":["GET"]}}],"collection":[{"href":"https:\/\/tilakpolypack.com\/fr\/wp-json\/wp\/v2\/pages"}],"about":[{"href":"https:\/\/tilakpolypack.com\/fr\/wp-json\/wp\/v2\/types\/page"}],"author":[{"embeddable":true,"href":"https:\/\/tilakpolypack.com\/fr\/wp-json\/wp\/v2\/users\/1"}],"replies":[{"embeddable":true,"href":"https:\/\/tilakpolypack.com\/fr\/wp-json\/wp\/v2\/comments?post=7318"}],"version-history":[{"count":4,"href":"https:\/\/tilakpolypack.com\/fr\/wp-json\/wp\/v2\/pages\/7318\/revisions"}],"predecessor-version":[{"id":10718,"href":"https:\/\/tilakpolypack.com\/fr\/wp-json\/wp\/v2\/pages\/7318\/revisions\/10718"}],"wp:featuredmedia":[{"embeddable":true,"href":"https:\/\/tilakpolypack.com\/fr\/wp-json\/wp\/v2\/media\/1257"}],"wp:attachment":[{"href":"https:\/\/tilakpolypack.com\/fr\/wp-json\/wp\/v2\/media?parent=7318"}],"curies":[{"name":"wp","href":"https:\/\/api.w.org\/{rel}","templated":true}]}}