{"id":7317,"date":"2023-10-06T10:10:34","date_gmt":"2023-10-06T10:10:34","guid":{"rendered":"https:\/\/archiveyourwords.com\/tilak\/?page_id=7317"},"modified":"2025-09-17T10:29:11","modified_gmt":"2025-09-17T10:29:11","slug":"fabricant-de-films-de-protection-de-surface","status":"publish","type":"page","link":"https:\/\/tilakpolypack.com\/fr\/fabricant-de-films-de-protection-de-surface\/","title":{"rendered":"Fabricant de films de protection de surface"},"content":{"rendered":"<section class=\"wpb-content-wrapper\"><p>[vc_row ts_responsive_css=&#8221;86576401|colbreak_no|||||||||colbreak_no|||||||||colbreak_no||||||||||colbreak_no|||||||||&#8221;][vc_column][vc_row_inner][vc_column_inner][vc_column_text]<\/p>\n<h2>Avantages des films de protection de surface<\/h2>\n<p>Diff\u00e9rents environnements et diff\u00e9rentes surfaces n\u00e9cessitent des films de protection de surface diff\u00e9rents et adapt\u00e9s, qui ont pour simple fonction de prot\u00e9ger la surface en question.<\/p>\n<p>Le film de protection de surface est g\u00e9n\u00e9ralement utilis\u00e9 pour pr\u00e9venir les rayures de la surface ou la prot\u00e9ger contre les particules de poussi\u00e8re et autres particules similaires pr\u00e9sentes dans l&#8217;air. Il offre \u00e9galement une protection contre les dommages, le transport et l&#8217;humidit\u00e9. Ce ruban adh\u00e9sif est essentiellement un ruban de protection contre l&#8217;abrasion \u00e9lev\u00e9e et r\u00e9sistant \u00e0 l&#8217;usure quotidienne.[\/vc_column_text][\/vc_column_inner][\/vc_row_inner][vc_row_inner][vc_column_inner][vc_column_text]<\/p>\n<h2>Fabricants de films de protection de surface<\/h2>\n<p>Chez Tilak Polypack, nous sommes r\u00e9put\u00e9s pour fournir des <a href=\"https:\/\/tilakpolypack.com\/fr\/bande-de-protection-des-sols\/\"><strong>films de protection de surface<\/strong><\/a> pour diverses surfaces m\u00e9talliques et non m\u00e9talliques, des feuilles FRP, des feuilles en polycarbonate, des baignoires en acrylique, des ascenseurs et d&#8217;autres surfaces d\u00e9coratives.<\/p>\n<p>Nous fournissons des films coextrud\u00e9s de qualit\u00e9 qui sont r\u00e9sistants \u00e0 la perforation, \u00e0 la d\u00e9chirure et aux chocs \u00e0 tout moment. Votre produit aura une surface propre apr\u00e8s ouverture gr\u00e2ce \u00e0 nos rubans coextrud\u00e9s.<\/p>\n<p>Notre film de protection est tr\u00e8s facile \u00e0 appliquer et ne laisse aucun r\u00e9sidu. Ces films prot\u00e8gent la surface gr\u00e2ce \u00e0 leur faible teneur en gel, leur excellente adh\u00e9rence et leur bonne compatibilit\u00e9.[\/vc_column_text][\/vc_column_inner][\/vc_row_inner][vc_row_inner][vc_column_inner][vc_column_text]<\/p>\n<h2>Caract\u00e9ristiques des films de protection de surface<\/h2>\n<ul>\n<li>R\u00e9sistant aux produits chimiques<\/li>\n<li>R\u00e9sistant aux UV<\/li>\n<li>Couleurs personnalis\u00e9es \u2013 Transparent, Blanc, Noir + Blanc, Jaune, Vert, Bleu<\/li>\n<li>R\u00e9sistant aux rayures<\/li>\n<li>Plage de largeur : 18 mm \u2013 1 500 mm<\/li>\n<li>Plage d&#8217;\u00e9paisseur : 20 microns \u2013 200 microns<\/li>\n<\/ul>\n<p>[\/vc_column_text][vc_column_text]<\/p>\n<h2>Film de protection transparent<\/h2>\n<p><span style=\"font-weight: 400;\">Film transparent qui prot\u00e8ge contre les rayures, la poussi\u00e8re et les \u00e9claboussures. Id\u00e9al pour \u00e9crans, meubles ou appareils. Facile \u00e0 appliquer et \u00e0 retirer, sans laisser de r\u00e9sidus.<\/span><\/p>\n<h2>Film de protection r\u00e9sistant aux UV<\/h2>\n<p><span style=\"font-weight: 400;\">Film transparent qui bloque les rayons UV, pr\u00e9servant les surfaces contre la d\u00e9coloration et le vieillissement. Parfait pour fen\u00eatres, panneaux solaires ou \u0153uvres d\u2019art.<\/span><\/p>\n<h2>Film protecteur r\u00e9sistant aux produits chimiques<\/h2>\n<p><span style=\"font-weight: 400;\">Film qui r\u00e9siste aux produits chimiques, prot\u00e8ge contre les \u00e9claboussures et maintient les \u00e9quipements en s\u00e9curit\u00e9. Id\u00e9al pour environnements industriels ou laboratoires.<\/span><\/p>\n<h2>Ruban adh\u00e9sif de protection de surface<\/h2>\n<p><span style=\"font-weight: 400;\"><a href=\"https:\/\/tilakpolypack.com\/fr\/film-de-stratification-adhesif\/\"><strong>Ruban adh\u00e9si<\/strong><\/a>f temporaire qui prot\u00e8ge les surfaces lors des travaux. Adh\u00e8re sans ab\u00eemer et se retire sans r\u00e9sidus.<\/span><\/p>\n<h2>Film protecteur r\u00e9sistant aux rayures<\/h2>\n<p><span style=\"font-weight: 400;\">Film transparent qui pr\u00e9vient les rayures sur \u00e9crans, m\u00e9taux ou meubles, tout en conservant l\u2019aspect original.<\/span><\/p>\n<h2>Films de protection des couleurs<\/h2>\n<p><span style=\"font-weight: 400;\">Film qui emp\u00eache la d\u00e9coloration due aux UV et agents atmosph\u00e9riques. Id\u00e9al pour tissus, plastiques ou papiers color\u00e9s.<\/span><\/p>\n<h2>Film de protection imprim\u00e9<\/h2>\n<p><span style=\"font-weight: 400;\">Film personnalis\u00e9 avec logos ou motifs, qui prot\u00e8ge contre les rayures, la poussi\u00e8re et l\u2019humidit\u00e9 tout en valorisant l\u2019image du produit.<\/span>[\/vc_column_text][\/vc_column_inner][\/vc_row_inner][vc_row_inner][vc_column_inner][vc_column_text]<\/p>\n<h2>Comment choisir un film de protection de surface<\/h2>\n<p>Chez Tilak Polypack Pvt. Ltd., nous fabriquons des films de protection de surface destin\u00e9s \u00e0 offrir une protection temporaire \u00e0 tout type de surface. Nous veillons \u00e0 s\u00e9lectionner l&#8217;adh\u00e9sif de mani\u00e8re \u00e0 garantir l&#8217;absence totale de transfert d&#8217;adh\u00e9sif.<\/p>\n<p>En fonction du substrat, nous pouvons fournir des films de protection de surface dans une vari\u00e9t\u00e9 de bandes de base et de forces adh\u00e9sives, adapt\u00e9s \u00e0 une utilisation externe ou interne. Nous pouvons vous aider \u00e0 choisir le type de produit qui vous convient.<\/p>\n<p>Tilak Polypack est l&#8217;un des principaux fabricants et fournisseurs mondiaux de <a href=\"https:\/\/tilakpolypack.com\/fr\/fabricant-de-rubans-de-protection-de-surface\/\"><strong>FILMS DE PROTECTION DE SURFACE<\/strong><\/a>. Pr\u00e9sent dans des pays tels que les \u00c9tats-Unis, Singapour, l&#8217;Australie, l&#8217;Allemagne, le Canada, la Nouvelle-Z\u00e9lande, le Royaume-Uni, l&#8217;Irlande, l&#8217;\u00c9cosse et la Norv\u00e8ge, Tilak Polypack s&#8217;est impos\u00e9 comme un fournisseur fiable de FILMS DE PROTECTION DE SURFACE de haute qualit\u00e9.<\/p>\n<p>Voici quelques-uns des facteurs importants \u00e0 prendre en compte lors du choix des films de protection de surface :<\/p>\n<ul>\n<li>Type de surface (m\u00e9tal, verre, plastique, stratifi\u00e9 d\u00e9coratif, pierre, moquette, surface rev\u00eatue, etc.)<\/li>\n<li>Texture de la surface (lisse\/brillante, mate\/gaufr\u00e9e)<\/li>\n<li>Facteurs externes susceptibles d&#8217;affecter la protection de surface des rubans adh\u00e9sifs (rayons UV, exposition au soleil, temp\u00e9ratures extr\u00eames, exposition \u00e0 des produits chimiques)<\/li>\n<li>Dur\u00e9e pendant laquelle la protection est requise<\/li>\n<li>Raison de la protection de la surface (abrasion, taches, rayures)<\/li>\n<\/ul>\n<p>Veuillez contacter notre service commercial, qui se fera un plaisir de vous aider \u00e0 choisir vos rubans de protection de surface.<\/p>\n<p>TAILLES DISPONIBLES :<\/p>\n<ul>\n<li>LARGEUR : 25 MM \u00c0 1 500 MM<\/li>\n<li>\u00c9PAISSEUR : 20 MICRONS \u2013 200 MICRONS<\/li>\n<li>COULEURS : TRANSPARENT \/ NOIR ET BLANC \/ BLANC \/ BLEU IMPRESSION : JUSQU&#8217;\u00c0 4 COULEURS<\/li>\n<\/ul>\n<p>[\/vc_column_text][\/vc_column_inner][\/vc_row_inner][vc_row_inner][vc_column_inner width=&#8221;2\/3&#8243;][vc_column_text]Veuillez nous contacter au\u00a0<a href=\"tel:9227422544\">+91-9227422544<\/a>\u00a0ou nous envoyer un e-mail\u00a0<a href=\"mailto:info@tilakpolypack.com\">info@tilakpolypack.com<\/a> pour obtenir un devis ou de plus amples informations.[\/vc_column_text][\/vc_column_inner][vc_column_inner width=&#8221;1\/3&#8243;]\r\n\t\t<div class=\"ts-vc_btn3-container  popmake-8197 ts-vc_btn3-right\"><a class=\"ts-vc_general ts-vc_btn3 ts-vc_btn3-size-md ts-vc_btn3-shape-square ts-vc_btn3-style-flat ts-vc_btn3-weight-yes ts-vc_btn3-color-skincolor\" href=\"\" title=\"\">Envoyer une demande de renseignements<\/a><\/div>[\/vc_column_inner][\/vc_row_inner][\/vc_column][\/vc_row]<\/p>\n<\/section>","protected":false},"excerpt":{"rendered":"<p>[vc_row ts_responsive_css=&#8221;86576401|colbreak_no|||||||||colbreak_no|||||||||colbreak_no||||||||||colbreak_no|||||||||&#8221;][vc_column][vc_row_inner][vc_column_inner][vc_column_text] Avantages des films de protection de surface Diff\u00e9rents environnements et diff\u00e9rentes surfaces n\u00e9cessitent des films de protection de surface diff\u00e9rents et adapt\u00e9s, qui ont pour simple fonction de prot\u00e9ger la surface en question. Le film de protection de surface est g\u00e9n\u00e9ralement utilis\u00e9 pour pr\u00e9venir les rayures de la surface ou la prot\u00e9ger contre &hellip; <a href=\"https:\/\/tilakpolypack.com\/fr\/fabricant-de-films-de-protection-de-surface\/\" class=\"more-link\">Continue reading <span class=\"screen-reader-text\">Fabricant de films de protection de surface<\/span><\/a><\/p>\n","protected":false},"author":1,"featured_media":862,"parent":0,"menu_order":0,"comment_status":"closed","ping_status":"closed","template":"","meta":{"_acf_changed":false,"om_disable_all_campaigns":false,"_monsterinsights_skip_tracking":false,"_monsterinsights_sitenote_active":false,"_monsterinsights_sitenote_note":"","_monsterinsights_sitenote_category":0,"_uf_show_specific_survey":0,"_uf_disable_surveys":false,"footnotes":""},"class_list":["post-7317","page","type-page","status-publish","has-post-thumbnail","hentry"],"acf":[],"_links":{"self":[{"href":"https:\/\/tilakpolypack.com\/fr\/wp-json\/wp\/v2\/pages\/7317","targetHints":{"allow":["GET"]}}],"collection":[{"href":"https:\/\/tilakpolypack.com\/fr\/wp-json\/wp\/v2\/pages"}],"about":[{"href":"https:\/\/tilakpolypack.com\/fr\/wp-json\/wp\/v2\/types\/page"}],"author":[{"embeddable":true,"href":"https:\/\/tilakpolypack.com\/fr\/wp-json\/wp\/v2\/users\/1"}],"replies":[{"embeddable":true,"href":"https:\/\/tilakpolypack.com\/fr\/wp-json\/wp\/v2\/comments?post=7317"}],"version-history":[{"count":6,"href":"https:\/\/tilakpolypack.com\/fr\/wp-json\/wp\/v2\/pages\/7317\/revisions"}],"predecessor-version":[{"id":10716,"href":"https:\/\/tilakpolypack.com\/fr\/wp-json\/wp\/v2\/pages\/7317\/revisions\/10716"}],"wp:featuredmedia":[{"embeddable":true,"href":"https:\/\/tilakpolypack.com\/fr\/wp-json\/wp\/v2\/media\/862"}],"wp:attachment":[{"href":"https:\/\/tilakpolypack.com\/fr\/wp-json\/wp\/v2\/media?parent=7317"}],"curies":[{"name":"wp","href":"https:\/\/api.w.org\/{rel}","templated":true}]}}