{"id":7314,"date":"2023-10-06T10:10:07","date_gmt":"2023-10-06T10:10:07","guid":{"rendered":"https:\/\/archiveyourwords.com\/tilak\/?page_id=7314"},"modified":"2025-09-17T09:51:46","modified_gmt":"2025-09-17T09:51:46","slug":"pharma-grade-polypoly-de-qualite-pharmaceutique","status":"publish","type":"page","link":"https:\/\/tilakpolypack.com\/fr\/pharma-grade-polypoly-de-qualite-pharmaceutique\/","title":{"rendered":"Poly de qualit\u00e9 pharmaceutique"},"content":{"rendered":"<section class=\"wpb-content-wrapper\"><p>[vc_row][vc_column][vc_column_text css=&#8221;.vc_custom_1758102571022{padding-top: 20px !important;}&#8221;]<\/p>\n<h2><span data-sheets-root=\"1\">Film poly de qualit\u00e9 pharmaceutique <\/span><\/h2>\n<p><a href=\"https:\/\/tilakpolypack.com\/fr\/lamination-film-pe\/\"><strong>Le poly\u00e9thyl\u00e8ne de qualit\u00e9 pharmaceutique<\/strong><\/a> est un type sp\u00e9cialis\u00e9 de poly\u00e9thyl\u00e8ne utilis\u00e9 dans l&#8217;industrie pharmaceutique pour l&#8217;emballage et le stockage de produits m\u00e9dicaux. Il est r\u00e9put\u00e9 pour sa puret\u00e9 exceptionnelle, sa r\u00e9sistance chimique et sa compatibilit\u00e9 avec les substances pharmaceutiques.<\/p>\n<p>Le processus de fabrication implique des mesures de contr\u00f4le qualit\u00e9 rigoureuses, notamment l&#8217;utilisation de mati\u00e8res premi\u00e8res de haute qualit\u00e9 et de techniques de purification avanc\u00e9es, afin de garantir le plus haut niveau de propret\u00e9 et la conformit\u00e9 aux r\u00e9glementations industrielles.<\/p>\n<p>Le poly\u00e9thyl\u00e8ne de qualit\u00e9 pharmaceutique est disponible sous diff\u00e9rentes formes, telles que des sacs et des films. Il est con\u00e7u pour r\u00e9pondre aux exigences sp\u00e9cifiques de l&#8217;emballage pharmaceutique, notamment la protection contre l&#8217;humidit\u00e9, la lumi\u00e8re et la contamination. Ses propri\u00e9t\u00e9s sup\u00e9rieures en font un choix fiable pour les entreprises pharmaceutiques qui souhaitent pr\u00e9server la s\u00e9curit\u00e9, l&#8217;efficacit\u00e9 et la dur\u00e9e de conservation de leurs produits.<\/p>\n<h2>Film de laminage PE pour emballage pharmaceutique<\/h2>\n<p><span style=\"font-weight: 400;\"><a href=\"https:\/\/tilakpolypack.com\/fr\/films-pe-imprimes\/\"><strong>Le film de laminage PE<\/strong><\/a> pour emballage pharmaceutique est con\u00e7u pour offrir une protection optimale aux produits m\u00e9dicaux. Gr\u00e2ce \u00e0 sa structure multicouche, il assure une barri\u00e8re efficace contre l&#8217;humidit\u00e9, l&#8217;oxyg\u00e8ne et les contaminants, pr\u00e9servant ainsi l&#8217;int\u00e9grit\u00e9 et la stabilit\u00e9 des m\u00e9dicaments. Fabriqu\u00e9 \u00e0 partir de poly\u00e9thyl\u00e8ne de qualit\u00e9 pharmaceutique, ce film respecte les normes strictes de s\u00e9curit\u00e9 et de qualit\u00e9 requises dans l&#8217;industrie pharmaceutique. Il est compatible avec divers proc\u00e9d\u00e9s de scellage et d&#8217;impression, permettant une personnalisation selon les besoins sp\u00e9cifiques des clients.<\/span>[\/vc_column_text][vc_column_text]<\/p>\n<h2>Fabrication de poly\u00e9thyl\u00e8ne de qualit\u00e9 pharmaceutique<\/h2>\n<p>[\/vc_column_text][vc_column_text]Chez Tilak Polypack, nous sommes fiers de fabriquer du poly\u00e9thyl\u00e8ne de qualit\u00e9 pharmaceutique qui r\u00e9pond aux exigences strictes de l&#8217;industrie pharmaceutique. Notre processus de fabrication comprend plusieurs \u00e9tapes cl\u00e9s afin de garantir la production de mat\u00e9riaux en poly\u00e9thyl\u00e8ne exceptionnels destin\u00e9s \u00e0 l&#8217;emballage pharmaceutique.<\/p>\n<ol>\n<li><strong>S\u00e9lection des mati\u00e8res premi\u00e8res<\/strong> : Nous s\u00e9lectionnons avec soin des mati\u00e8res premi\u00e8res de premi\u00e8re qualit\u00e9 qui sont conformes aux normes et r\u00e9glementations industrielles. Cela garantit la puret\u00e9 et la qualit\u00e9 du produit final.<\/li>\n<li><strong>Installations de fabrication \u00e0 la pointe de la technologie<\/strong> : nos installations de fabrication avanc\u00e9es sont \u00e9quip\u00e9es de machines et de technologies modernes permettant de produire du poly\u00e9thyl\u00e8ne de qualit\u00e9 pharmaceutique avec pr\u00e9cision et r\u00e9gularit\u00e9.<\/li>\n<li><strong>Contr\u00f4le qualit\u00e9 rigoureux<\/strong> : Nous avons mis en place des mesures de contr\u00f4le qualit\u00e9 rigoureuses \u00e0 chaque \u00e9tape du processus de fabrication. Cela comprend des inspections, des tests et des contr\u00f4les r\u00e9guliers afin de maintenir les normes de qualit\u00e9 et de puret\u00e9 les plus \u00e9lev\u00e9es.<\/li>\n<li><strong>Conformit\u00e9 aux r\u00e9glementations industrielles<\/strong> : notre poly\u00e9thyl\u00e8ne de qualit\u00e9 pharmaceutique est fabriqu\u00e9 conform\u00e9ment aux r\u00e9glementations et directives \u00e9tablies par les autorit\u00e9s r\u00e9glementaires. Cela garantit la s\u00e9curit\u00e9 et l&#8217;ad\u00e9quation de nos produits pour les applications pharmaceutiques.<\/li>\n<\/ol>\n<p>Tilak Polypack est l&#8217;un des principaux fabricants et fournisseurs mondiaux de <a href=\"https:\/\/tilakpolypack.com\/fr\/feuilles-et-pellicules-doperculage\/\"><strong>films PHARMA GRADE POLY<\/strong><\/a>. Pr\u00e9sent dans des pays tels que les \u00c9tats-Unis, Singapour, l&#8217;Australie, l&#8217;Allemagne, le Canada, la Nouvelle-Z\u00e9lande, le Royaume-Uni, l&#8217;Irlande, l&#8217;\u00c9cosse et la Norv\u00e8ge, Tilak Polypack s&#8217;est impos\u00e9 comme un fournisseur fiable de films PHARMA GRADE POLY de haute qualit\u00e9.[\/vc_column_text][vc_column_text]<\/p>\n<h2>Caract\u00e9ristiques de notre poly\u00e9thyl\u00e8ne de qualit\u00e9 pharmaceutique :<\/h2>\n<p>[\/vc_column_text][vc_column_text]<strong>Puret\u00e9 exceptionnelle<\/strong> : nos mat\u00e9riaux en poly\u00e9thyl\u00e8ne sont exempts d&#8217;impuret\u00e9s et de contaminants, garantissant ainsi l&#8217;int\u00e9grit\u00e9 des produits pharmaceutiques.<\/p>\n<p><strong>R\u00e9sistance chimique<\/strong> : Notre poly\u00e9thyl\u00e8ne de qualit\u00e9 pharmaceutique pr\u00e9sente une excellente r\u00e9sistance \u00e0 divers produits chimiques, offrant une protection optimale aux substances pharmaceutiques sensibles.<\/p>\n<p><strong>Compatibilit\u00e9<\/strong> : Nos mat\u00e9riaux en poly\u00e9thyl\u00e8ne sont con\u00e7us pour \u00eatre compatibles avec une large gamme de formulations pharmaceutiques, garantissant ainsi la stabilit\u00e9 et l&#8217;int\u00e9grit\u00e9 du produit.<\/p>\n<p><strong>Propri\u00e9t\u00e9s barri\u00e8res am\u00e9lior\u00e9es<\/strong> : notre poly\u00e9thyl\u00e8ne de qualit\u00e9 pharmaceutique offre d&#8217;excellentes propri\u00e9t\u00e9s barri\u00e8res contre l&#8217;humidit\u00e9, prot\u00e9geant ainsi les produits pharmaceutiques des facteurs environnementaux.<\/p>\n<p><strong>Qualit\u00e9 fiable<\/strong> : Nous appliquons un contr\u00f4le qualit\u00e9 rigoureux tout au long du processus de fabrication afin de fournir un poly\u00e9thyl\u00e8ne de qualit\u00e9 pharmaceutique fiable et homog\u00e8ne, conforme aux normes les plus strictes du secteur.[\/vc_column_text][vc_column_text]<\/p>\n<h2>Pourquoi Tilak Polypack est le meilleur choix:<\/h2>\n<p>[\/vc_column_text][vc_column_text]<strong>Vaste exp\u00e9rience<\/strong> : Forts de nombreuses ann\u00e9es d&#8217;exp\u00e9rience dans le secteur, nous avons acquis une expertise pr\u00e9cieuse dans la fabrication de poly\u00e9thyl\u00e8ne de qualit\u00e9 pharmaceutique.<\/p>\n<p><strong>Engagement envers la qualit\u00e9<\/strong> : Nous accordons la priorit\u00e9 \u00e0 la qualit\u00e9 et respectons des normes de fabrication rigoureuses afin de fournir des produits fiables et de qualit\u00e9 sup\u00e9rieure.<\/p>\n<p><strong>Options de personnalisation<\/strong> : Nous offrons une grande flexibilit\u00e9 en termes de sp\u00e9cifications produit, notamment en mati\u00e8re de taille, d&#8217;\u00e9paisseur et de personnalisation, afin de r\u00e9pondre aux besoins sp\u00e9cifiques de nos clients.<\/p>\n<p><strong>Livraison dans les d\u00e9lais<\/strong> : Nous comprenons l&#8217;importance d&#8217;une livraison dans les d\u00e9lais et veillons \u00e0 exp\u00e9dier rapidement nos produits afin de respecter les d\u00e9lais de nos clients.<\/p>\n<p><strong>Satisfaction client<\/strong> : Notre priorit\u00e9 est d&#8217;offrir un excellent service client et d&#8217;\u00e9tablir des relations \u00e0 long terme avec nos clients.[\/vc_column_text][vc_column_text]<\/p>\n<h3>Avantages<\/h3>\n<p>[\/vc_column_text][vc_column_text]<\/p>\n<ul>\n<li>Puret\u00e9 et propret\u00e9 exceptionnelles, garantissant l&#8217;int\u00e9grit\u00e9 des produits pharmaceutiques.<\/li>\n<li>Excellente r\u00e9sistance chimique, prot\u00e9geant les substances pharmaceutiques contre la d\u00e9gradation.<\/li>\n<li>Haute compatibilit\u00e9 avec une large gamme de formulations pharmaceutiques.<\/li>\n<li>Propri\u00e9t\u00e9s am\u00e9lior\u00e9es de barri\u00e8re contre l&#8217;humidit\u00e9, prot\u00e9geant les produits contre les dommages li\u00e9s \u00e0 l&#8217;humidit\u00e9.<\/li>\n<li>Conformit\u00e9 aux r\u00e9glementations et directives industrielles relatives aux emballages pharmaceutiques.<\/li>\n<li>Mesures de contr\u00f4le qualit\u00e9 fiables et coh\u00e9rentes tout au long du processus de fabrication.<\/li>\n<li>Options de personnalisation disponibles pour r\u00e9pondre \u00e0 des besoins sp\u00e9cifiques en mati\u00e8re d&#8217;emballage.<\/li>\n<li>Livraison rapide et fiable pour respecter les d\u00e9lais des clients.<\/li>\n<li>Excellent service \u00e0 la client\u00e8le et relations \u00e0 long terme avec les clients.<\/li>\n<\/ul>\n<p>[\/vc_column_text]<section class=\"ts-vc_cta3-container\"><div class=\"ts-vc_general ts-vc_cta3 ts-cta3-only ts-vc_cta3-style-classic ts-vc_cta3-shape-rounded ts-vc_cta3-align-left ts-vc_cta3-color-transparent ts-vc_cta3-icon-size-md ts-vc_cta3-actions-right vc_custom_1756053672681 ts-cta3-with-desc\"><div class=\"ts-vc_cta3_content-container\"><div class=\"ts-vc_cta3-content\"><div class=\"ts-vc_cta3-content-header ts-wrap\"><div class=\"ts-vc_cta3-headers ts-wrap-cell\"><\/div><\/div><div class=\"ts-cta3-content-wrapper\"><p>Veuillez nous contacter au\u00a0<a href=\"tel:9227422544\">+91-9227422544<\/a>\u00a0ou nous envoyer un e-mail\u00a0<a href=\"mailto:info@tilakpolypack.com\">info@tilakpolypack.com<\/a> pour obtenir un devis ou de plus amples informations.<\/p><\/div><\/div><div class=\"ts-vc_cta3-actions\">\r\n\t\t<div class=\"ts-vc_btn3-container  popmake-8197 ts-vc_btn3-inline\"><a class=\"ts-vc_general ts-vc_btn3 ts-vc_btn3-size-md ts-vc_btn3-shape-rounded ts-vc_btn3-style-flat ts-vc_btn3-weight-yes ts-vc_btn3-color-skincolor\" href=\"\" title=\"\">send enquiry<\/a><\/div><\/div><\/div><\/div><\/section>[\/vc_column][\/vc_row]<\/p>\n<\/section>","protected":false},"excerpt":{"rendered":"<p>[vc_row][vc_column][vc_column_text css=&#8221;.vc_custom_1758102571022{padding-top: 20px !important;}&#8221;] Film poly de qualit\u00e9 pharmaceutique Le poly\u00e9thyl\u00e8ne de qualit\u00e9 pharmaceutique est un type sp\u00e9cialis\u00e9 de poly\u00e9thyl\u00e8ne utilis\u00e9 dans l&#8217;industrie pharmaceutique pour l&#8217;emballage et le stockage de produits m\u00e9dicaux. Il est r\u00e9put\u00e9 pour sa puret\u00e9 exceptionnelle, sa r\u00e9sistance chimique et sa compatibilit\u00e9 avec les substances pharmaceutiques. Le processus de fabrication implique des &hellip; <a href=\"https:\/\/tilakpolypack.com\/fr\/pharma-grade-polypoly-de-qualite-pharmaceutique\/\" class=\"more-link\">Continue reading <span class=\"screen-reader-text\">Poly de qualit\u00e9 pharmaceutique<\/span><\/a><\/p>\n","protected":false},"author":1,"featured_media":7924,"parent":0,"menu_order":0,"comment_status":"closed","ping_status":"closed","template":"","meta":{"_acf_changed":false,"om_disable_all_campaigns":false,"_monsterinsights_skip_tracking":false,"_monsterinsights_sitenote_active":false,"_monsterinsights_sitenote_note":"","_monsterinsights_sitenote_category":0,"_uf_show_specific_survey":0,"_uf_disable_surveys":false,"footnotes":""},"class_list":["post-7314","page","type-page","status-publish","has-post-thumbnail","hentry"],"acf":[],"_links":{"self":[{"href":"https:\/\/tilakpolypack.com\/fr\/wp-json\/wp\/v2\/pages\/7314","targetHints":{"allow":["GET"]}}],"collection":[{"href":"https:\/\/tilakpolypack.com\/fr\/wp-json\/wp\/v2\/pages"}],"about":[{"href":"https:\/\/tilakpolypack.com\/fr\/wp-json\/wp\/v2\/types\/page"}],"author":[{"embeddable":true,"href":"https:\/\/tilakpolypack.com\/fr\/wp-json\/wp\/v2\/users\/1"}],"replies":[{"embeddable":true,"href":"https:\/\/tilakpolypack.com\/fr\/wp-json\/wp\/v2\/comments?post=7314"}],"version-history":[{"count":5,"href":"https:\/\/tilakpolypack.com\/fr\/wp-json\/wp\/v2\/pages\/7314\/revisions"}],"predecessor-version":[{"id":10711,"href":"https:\/\/tilakpolypack.com\/fr\/wp-json\/wp\/v2\/pages\/7314\/revisions\/10711"}],"wp:featuredmedia":[{"embeddable":true,"href":"https:\/\/tilakpolypack.com\/fr\/wp-json\/wp\/v2\/media\/7924"}],"wp:attachment":[{"href":"https:\/\/tilakpolypack.com\/fr\/wp-json\/wp\/v2\/media?parent=7314"}],"curies":[{"name":"wp","href":"https:\/\/api.w.org\/{rel}","templated":true}]}}