{"id":7313,"date":"2023-10-06T10:09:59","date_gmt":"2023-10-06T10:09:59","guid":{"rendered":"https:\/\/archiveyourwords.com\/tilak\/?page_id=7313"},"modified":"2025-09-17T09:38:36","modified_gmt":"2025-09-17T09:38:36","slug":"film-de-stratification-adhesif","status":"publish","type":"page","link":"https:\/\/tilakpolypack.com\/fr\/film-de-stratification-adhesif\/","title":{"rendered":"Film de pelliculage adh\u00e9sif"},"content":{"rendered":"<section class=\"wpb-content-wrapper\"><p>[vc_row][vc_column][vc_row_inner css=&#8221;.vc_custom_1696596338029{padding-top: 30px !important;}&#8221;][vc_column_inner][vc_column_text css=&#8221;.vc_custom_1758101555311{padding-top: 20px !important;}&#8221;]Le film adh\u00e9sif de laminage est une solution polyvalente qui r\u00e9pond \u00e0 tous vos besoins en mati\u00e8re de laminage. Ce film de haute qualit\u00e9 est con\u00e7u pour offrir une adh\u00e9rence solide et durable, ce qui le rend id\u00e9al pour diverses applications.<\/p>\n<p>Le processus de laminage adh\u00e9sif consiste \u00e0 assembler deux ou plusieurs couches de mat\u00e9riau \u00e0 l&#8217;aide d&#8217;un film adh\u00e9sif. Cela permet d&#8217;obtenir une structure composite qui offre une r\u00e9sistance, une protection et un attrait visuel accrus.<\/p>\n<p>Notre <a href=\"https:\/\/tilakpolypack.com\/fr\/lamination-film-pe\/\"><strong>film de laminage adh\u00e9sif<\/strong><\/a> agit comme agent de liaison, assemblant solidement diff\u00e9rents substrats. Gr\u00e2ce \u00e0 notre film de laminage adh\u00e9sif, vous pouvez obtenir une adh\u00e9rence parfaite entre diff\u00e9rents mat\u00e9riaux tels que le papier, le plastique, le tissu ou le m\u00e9tal. Cela garantit une liaison fiable et durable, ce qui le rend id\u00e9al pour les industries de l&#8217;emballage, de l&#8217;\u00e9tiquetage et des arts graphiques.<\/p>\n<p>L&#8217;un des principaux avantages de notre film de laminage adh\u00e9sif est son exceptionnelle transparence. Il offre une finition cristalline qui permet \u00e0 vos designs imprim\u00e9s ou aux informations sur vos produits de ressortir sans aucune distorsion. Cela le rend id\u00e9al pour les applications o\u00f9 la visibilit\u00e9 et l&#8217;esth\u00e9tique sont essentielles.<\/p>\n<p>De plus, notre film de laminage adh\u00e9sif offre une excellente r\u00e9sistance \u00e0 l&#8217;humidit\u00e9, aux produits chimiques et aux rayons UV. Cela garantit que vos produits lamin\u00e9s restent prot\u00e9g\u00e9s et conservent leur int\u00e9grit\u00e9 m\u00eame dans des environnements difficiles.<\/p>\n<p>Que vous ayez besoin de cr\u00e9er des emballages accrocheurs, des \u00e9tiquettes durables ou des pr\u00e9sentoirs color\u00e9s, notre film de laminage adh\u00e9sif est le choix id\u00e9al. Sa polyvalence, sa r\u00e9sistance et sa clart\u00e9 visuelle en font un outil indispensable pour tout projet n\u00e9cessitant une adh\u00e9rence fiable et une protection renforc\u00e9e.[\/vc_column_text][\/vc_column_inner][\/vc_row_inner][vc_column_text]<\/p>\n<h2>Manufacturing Self Adhesive Laminating Rolls<\/h2>\n<p>[\/vc_column_text][vc_column_text]Chez Tilak Polypack, nous sommes fiers de notre processus de fabrication et des caract\u00e9ristiques exceptionnelles de nos rouleaux de laminage. Ils sont con\u00e7us pour offrir une qualit\u00e9 et des performances sup\u00e9rieures, ce qui nous permet de nous d\u00e9marquer de la concurrence.<\/p>\n<p>Le processus de fabrication de nos <a href=\"https:\/\/tilakpolypack.com\/fr\/rouleau-de-polyester-lamine\/\"><strong>rouleaux de laminage<\/strong><\/a> commence par la s\u00e9lection de mat\u00e9riaux de haute qualit\u00e9. Nous nous approvisionnons en films et adh\u00e9sifs de qualit\u00e9 sup\u00e9rieure afin de garantir la durabilit\u00e9 et la fiabilit\u00e9 de nos produits. Nos rouleaux de laminage auto-adh\u00e9sifs sont fabriqu\u00e9s \u00e0 l&#8217;aide d&#8217;une combinaison de machines de pointe et d&#8217;un savoir-faire artisanal.<\/p>\n<p>L&#8217;une des principales caract\u00e9ristiques qui distinguent nos rouleaux de laminage est leur propri\u00e9t\u00e9 auto-adh\u00e9sive. Cela \u00e9limine le besoin d&#8217;adh\u00e9sifs suppl\u00e9mentaires ou d&#8217;activation thermique, rendant le processus de laminage rapide et sans tracas. Il suffit de retirer le support et d&#8217;appliquer le rouleau ou la feuille sur la surface souhait\u00e9e pour une adh\u00e9rence instantan\u00e9e.<\/p>\n<p>Nos <a href=\"https:\/\/tilakpolypack.com\/fr\/films-demballage\/\"><strong>rouleaux et feuilles de plastification<\/strong><\/a> autocollants offrent une excellente clart\u00e9, permettant \u00e0 vos documents, photos ou illustrations d&#8217;\u00eatre affich\u00e9s avec des couleurs vives et des d\u00e9tails nets. La finition transparente am\u00e9liore l&#8217;attrait visuel et prot\u00e8ge les \u00e9l\u00e9ments plastifi\u00e9s contre l&#8217;usure, l&#8217;humidit\u00e9 et les rayons UV.[\/vc_column_text][vc_column_text]<\/p>\n<h2>Avantages des feuilles de plastification autocollantes<\/h2>\n<p>[\/vc_column_text][vc_column_text]Profitez des avantages des feuilles de plastification autocollantes avec Tilak Polypack :<\/p>\n<ol>\n<li>Application facile gr\u00e2ce \u00e0 son support adh\u00e9sif.<\/li>\n<li>Polyvalent, il peut \u00eatre utilis\u00e9 sur diff\u00e9rents mat\u00e9riaux.<\/li>\n<li>Offre une protection contre l&#8217;humidit\u00e9 et les dommages.<\/li>\n<li>Offre une grande durabilit\u00e9 et une r\u00e9sistance aux d\u00e9chirures et aux rayures.<\/li>\n<li>Pr\u00e9serve la clart\u00e9 pour garantir la visibilit\u00e9 du contenu original.<\/li>\n<li>Rentable par rapport aux autres m\u00e9thodes de laminage.<\/li>\n<li>Peut \u00eatre facilement personnalis\u00e9 et d\u00e9coup\u00e9 \u00e0 la taille souhait\u00e9e.<\/li>\n<li>Pratique pour le laminage \u00e0 la demande sans avoir besoin de machines ou de pochettes.<\/li>\n<\/ol>\n<p>[\/vc_column_text][vc_column_text]<\/p>\n<h2>Film \/ feuille de laminage auto-adh\u00e9sif Caract\u00e9ristiques<\/h2>\n<p>[\/vc_column_text][vc_column_text]<\/p>\n<ul>\n<li>Utilis\u00e9 pour le laminage sur polyester<\/li>\n<li>Disponible dans des largeurs allant jusqu&#8217;\u00e0 2,25 m\u00e8tres<\/li>\n<li>\u00c9paisseur comprise entre 18 et 300 microns<\/li>\n<li>Couleurs : Naturel, Blanc opaque. Autres couleurs disponibles sur demande.<\/li>\n<li>Applications : Emballage de semences, emballage de pesticides, produits laitiers, sachets sous vide, emballage de pr\u00e9servatifs, etc.<\/li>\n<\/ul>\n<p>[\/vc_column_text][vc_row_inner][vc_column_inner width=&#8221;2\/3&#8243; css=&#8221;.vc_custom_1696596538402{padding-right: 0px !important;}&#8221;][vc_column_text]Veuillez nous contacter au\u00a0<a href=\"tel:9227422544\">+91-9227422544<\/a>\u00a0ou nous envoyer un e-mail\u00a0<a href=\"mailto:info@tilakpolypack.com\">info@tilakpolypack.com<\/a> pour obtenir un devis ou de plus amples informations.[\/vc_column_text][\/vc_column_inner][vc_column_inner width=&#8221;1\/3&#8243;]\r\n\t\t<div class=\"ts-vc_btn3-container  popmake-8197 ts-vc_btn3-right\"><a class=\"ts-vc_general ts-vc_btn3 ts-vc_btn3-size-md ts-vc_btn3-shape-square ts-vc_btn3-style-flat ts-vc_btn3-weight-yes ts-vc_btn3-color-skincolor\" href=\"\" title=\"\">Send Inquiry<\/a><\/div>[\/vc_column_inner][\/vc_row_inner][\/vc_column][\/vc_row]<\/p>\n<\/section>","protected":false},"excerpt":{"rendered":"<p>[vc_row][vc_column][vc_row_inner css=&#8221;.vc_custom_1696596338029{padding-top: 30px !important;}&#8221;][vc_column_inner][vc_column_text css=&#8221;.vc_custom_1758101555311{padding-top: 20px !important;}&#8221;]Le film adh\u00e9sif de laminage est une solution polyvalente qui r\u00e9pond \u00e0 tous vos besoins en mati\u00e8re de laminage. Ce film de haute qualit\u00e9 est con\u00e7u pour offrir une adh\u00e9rence solide et durable, ce qui le rend id\u00e9al pour diverses applications. Le processus de laminage adh\u00e9sif consiste \u00e0 assembler &hellip; <a href=\"https:\/\/tilakpolypack.com\/fr\/film-de-stratification-adhesif\/\" class=\"more-link\">Continue reading <span class=\"screen-reader-text\">Film de pelliculage adh\u00e9sif<\/span><\/a><\/p>\n","protected":false},"author":1,"featured_media":10431,"parent":0,"menu_order":0,"comment_status":"closed","ping_status":"closed","template":"","meta":{"_acf_changed":false,"om_disable_all_campaigns":false,"_monsterinsights_skip_tracking":false,"_monsterinsights_sitenote_active":false,"_monsterinsights_sitenote_note":"","_monsterinsights_sitenote_category":0,"_uf_show_specific_survey":0,"_uf_disable_surveys":false,"footnotes":""},"class_list":["post-7313","page","type-page","status-publish","has-post-thumbnail","hentry"],"acf":[],"_links":{"self":[{"href":"https:\/\/tilakpolypack.com\/fr\/wp-json\/wp\/v2\/pages\/7313","targetHints":{"allow":["GET"]}}],"collection":[{"href":"https:\/\/tilakpolypack.com\/fr\/wp-json\/wp\/v2\/pages"}],"about":[{"href":"https:\/\/tilakpolypack.com\/fr\/wp-json\/wp\/v2\/types\/page"}],"author":[{"embeddable":true,"href":"https:\/\/tilakpolypack.com\/fr\/wp-json\/wp\/v2\/users\/1"}],"replies":[{"embeddable":true,"href":"https:\/\/tilakpolypack.com\/fr\/wp-json\/wp\/v2\/comments?post=7313"}],"version-history":[{"count":5,"href":"https:\/\/tilakpolypack.com\/fr\/wp-json\/wp\/v2\/pages\/7313\/revisions"}],"predecessor-version":[{"id":10709,"href":"https:\/\/tilakpolypack.com\/fr\/wp-json\/wp\/v2\/pages\/7313\/revisions\/10709"}],"wp:featuredmedia":[{"embeddable":true,"href":"https:\/\/tilakpolypack.com\/fr\/wp-json\/wp\/v2\/media\/10431"}],"wp:attachment":[{"href":"https:\/\/tilakpolypack.com\/fr\/wp-json\/wp\/v2\/media?parent=7313"}],"curies":[{"name":"wp","href":"https:\/\/api.w.org\/{rel}","templated":true}]}}