{"id":7306,"date":"2023-10-06T09:32:36","date_gmt":"2023-10-06T09:32:36","guid":{"rendered":"https:\/\/archiveyourwords.com\/tilak\/?page_id=7306"},"modified":"2025-09-17T14:51:49","modified_gmt":"2025-09-17T14:51:49","slug":"sacs-ldpe","status":"publish","type":"page","link":"https:\/\/tilakpolypack.com\/fr\/sacs-ldpe\/","title":{"rendered":"Sacs LDPE"},"content":{"rendered":"<section class=\"wpb-content-wrapper\"><p>[vc_section][\/vc_section][vc_row][vc_column][vc_separator border_width=&#8221;2&#8243;][vc_basic_grid post_type=&#8221;ids&#8221; gap=&#8221;25&#8243; item=&#8221;8470&#8243; grid_id=&#8221;vc_gid:1758120481064-97387949-f468-2&#8243; include=&#8221;7419, 7420, 7421, 7422, 7428, 7429, 7433, 7671, 7673, 7675, 7677, 7679, 7680&#8243;][vc_separator border_width=&#8221;2&#8243;][\/vc_column][\/vc_row][vc_row][vc_column][vc_column_text]<\/p>\n<h2 dir=\"ltr\"><span data-sheets-root=\"1\">Sacs en LDPE<\/span><\/h2>\n<p class=\"text-body font-regular text-gray-800 leading-[24px] pt-[9px] pb-[2px]\" dir=\"ltr\">D\u00e9couvrez un monde de durabilit\u00e9 et de polyvalence avec les sacs LDPE haut de gamme de Tilak Polypack, con\u00e7us pour r\u00e9pondre \u00e0 une multitude de besoins en mati\u00e8re d&#8217;emballage. Notre gamme compl\u00e8te comprend des options pour tous les secteurs et toutes les applications, garantissant que vos articles sont non seulement bien prot\u00e9g\u00e9s, mais \u00e9galement pr\u00e9sent\u00e9s avec clart\u00e9 et professionnalisme.<\/p>\n<p class=\"text-body font-regular text-gray-800 leading-[24px] pt-[9px] pb-[2px]\" dir=\"ltr\">Chez Tilak Polypack, nous comprenons l&#8217;importance de la qualit\u00e9, de la durabilit\u00e9 et de l&#8217;exp\u00e9rience client. En tant que fabricant leader de <a href=\"https:\/\/tilakpolypack.com\/fr\/sacs-en-polyethylene\/\"><strong>sacs en LDPE<\/strong><\/a>, nos produits ne sont pas seulement des contenants ; ils t\u00e9moignent de votre engagement envers la pr\u00e9cision et l&#8217;int\u00e9grit\u00e9 de votre marque. Que vous cherchiez \u00e0 pr\u00e9server la fra\u00eecheur des aliments, \u00e0 transporter des pi\u00e8ces industrielles en toute s\u00e9curit\u00e9 ou \u00e0 pr\u00e9senter des articles de vente au d\u00e9tail de mani\u00e8re attrayante, nous avons le sac qu&#8217;il vous faut.<\/p>\n<p class=\"text-body font-regular text-gray-800 leading-[24px] pt-[9px] pb-[2px]\" dir=\"ltr\">Chaque variante de notre catalogue est con\u00e7ue dans un but pr\u00e9cis, qu&#8217;il s&#8217;agisse de prot\u00e9ger des composants \u00e9lectroniques sensibles ou de transporter des mati\u00e8res biologiques dangereuses avec une fiabilit\u00e9 in\u00e9gal\u00e9e. Nos sacs en LDPE offrent un aspect esth\u00e9tique pour les pr\u00e9sentoirs de vente au d\u00e9tail, tandis que nos <a href=\"https:\/\/tilakpolypack.com\/fr\/sacs-a-ordures-noirs\/\"><strong>sacs poubelles<\/strong><\/a> r\u00e9sistants r\u00e9pondent aux besoins les plus exigeants en mati\u00e8re d&#8217;\u00e9limination des d\u00e9chets.<\/p>\n<h2 dir=\"ltr\">Sacs en poly\u00e9thyl\u00e8ne \u00e9cologiques<\/h2>\n<p data-start=\"201\" data-end=\"675\">Les sacs en poly\u00e9thyl\u00e8ne \u00e9cologiques de Tilak Polypack sont fabriqu\u00e9s \u00e0 partir de mat\u00e9riaux recycl\u00e9s ou biod\u00e9gradables, offrant une alternative durable aux sacs plastiques traditionnels. Con\u00e7us pour \u00eatre r\u00e9sistants et r\u00e9utilisables, ils sont id\u00e9aux pour les courses quotidiennes. Leur conception pratique permet un rangement facile, et leur utilisation contribue \u00e0 la r\u00e9duction des d\u00e9chets plastiques, favorisant ainsi un mode de vie plus respectueux de l&#8217;environnement.<\/p>\n<h2 class=\"font-bold text-h3 leading-[36px] pt-[21px] pb-[2px] [&amp;_a]:underline-offset-[6px] [&amp;_.underline]:underline-offset-[6px]\" dir=\"ltr\">Principaux avantages<\/h2>\n<h3 class=\"font-bold text-h4 leading-[30px] pt-[15px] pb-[2px] [&amp;_a]:underline-offset-[6px] [&amp;_.underline]:underline-offset-[6px]\" dir=\"ltr\">Qualit\u00e9 sup\u00e9rieure et durabilit\u00e9<\/h3>\n<p class=\"text-body font-regular leading-[24px] pt-[9px] pb-[2px]\" dir=\"ltr\">Nos sacs en plastique LDPE sont con\u00e7us pour garantir une r\u00e9sistance et une r\u00e9silience \u00e9lev\u00e9es, ce qui les rend adapt\u00e9s \u00e0 la protection et au stockage d&#8217;une large gamme de produits. Que vous ayez besoin de conserver la fra\u00eecheur des aliments, de transporter en toute s\u00e9curit\u00e9 des mat\u00e9riaux m\u00e9dicaux d\u00e9licats ou de pr\u00e9senter \u00e9l\u00e9gamment des produits de d\u00e9tail, nos sacs en poly\u00e9thyl\u00e8ne LDPE excellent dans toutes les applications.<\/p>\n<h3 class=\"font-bold text-h4 leading-[30px] pt-[15px] pb-[2px] [&amp;_a]:underline-offset-[6px] [&amp;_.underline]:underline-offset-[6px]\" dir=\"ltr\">Durabilit\u00e9<\/h3>\n<p class=\"text-body font-regular leading-[24px] pt-[9px] pb-[2px]\" dir=\"ltr\">Chez Tilak Polypack, nous accordons la priorit\u00e9 \u00e0 la durabilit\u00e9. Nos sacs en LDPE sont recyclables, ce qui vous permet de respecter votre engagement en mati\u00e8re de responsabilit\u00e9 environnementale sans compromettre les performances.<\/p>\n<h3 class=\"font-bold text-h4 leading-[30px] pt-[15px] pb-[2px] [&amp;_a]:underline-offset-[6px] [&amp;_.underline]:underline-offset-[6px]\" dir=\"ltr\">Exp\u00e9rience client<\/h3>\n<p class=\"text-body font-regular leading-[24px] pt-[9px] pb-[2px]\" dir=\"ltr\">Nous nous engageons \u00e0 offrir une exp\u00e9rience client exceptionnelle. Nos sacs en poly\u00e9thyl\u00e8ne haute densit\u00e9 (PEHD) sont con\u00e7us pour \u00eatre faciles \u00e0 utiliser et offrent des fonctionnalit\u00e9s telles que des fermetures faciles \u00e0 ouvrir et des options refermables afin d&#8217;am\u00e9liorer le confort des utilisateurs finaux.<\/p>\n<h2 class=\"font-bold text-h3 leading-[36px] pt-[21px] pb-[2px] [&amp;_a]:underline-offset-[6px] [&amp;_.underline]:underline-offset-[6px]\" dir=\"ltr\">Avantage concurrentiel<\/h2>\n<p class=\"text-body font-regular leading-[24px] pt-[9px] pb-[2px]\" dir=\"ltr\">Ce qui distingue Tilak Polypack de la concurrence, c&#8217;est notre engagement ind\u00e9fectible envers trois principes fondamentaux :<\/p>\n<ol class=\"pt-[9px] pb-[2px] pl-[24px] [&amp;_ol]:pt-[5px] list-decimal\">\n<li class=\"text-body font-regular leading-[24px] my-[5px] [&amp;&gt;ol]:!pt-0 [&amp;&gt;ol]:!pb-0 [&amp;&gt;ul]:!pt-0 [&amp;&gt;ul]:!pb-0\" value=\"1\"><b><strong class=\"font-bold\">Qualit\u00e9<\/strong><\/b> : Nous utilisons uniquement du mat\u00e9riau LDPE de la plus haute qualit\u00e9 afin de garantir que nos sacs r\u00e9pondent aux normes rigoureuses de divers secteurs industriels.<\/li>\n<li class=\"text-body font-regular leading-[24px] my-[5px] [&amp;&gt;ol]:!pt-0 [&amp;&gt;ol]:!pb-0 [&amp;&gt;ul]:!pt-0 [&amp;&gt;ul]:!pb-0\" value=\"2\"><b><strong class=\"font-bold\">Durabilit\u00e9<\/strong><\/b> : Nos processus de fabrication respectueux de l&#8217;environnement et nos produits recyclables s&#8217;inscrivent dans les objectifs mondiaux de durabilit\u00e9.<\/li>\n<li class=\"text-body font-regular leading-[24px] my-[5px] [&amp;&gt;ol]:!pt-0 [&amp;&gt;ol]:!pb-0 [&amp;&gt;ul]:!pt-0 [&amp;&gt;ul]:!pb-0\" value=\"3\"><b><strong class=\"font-bold\">Approche centr\u00e9e sur le client<\/strong><\/b> : nous adaptons nos solutions aux besoins sp\u00e9cifiques de nos clients, en leur offrant un service et une assistance personnalis\u00e9s.<\/li>\n<\/ol>\n<p>Choisissez Tilak Polypack pour des sacs en LDPE qui se distinguent par leur qualit\u00e9 et leur fonctionnalit\u00e9. Parcourez notre page de cat\u00e9gories pour trouver le produit qui correspond parfaitement \u00e0 vos besoins en mati\u00e8re d&#8217;emballage. Faites-nous confiance pour emballer vos produits avec excellence.<\/p>\n<p class=\"text-body font-regular leading-[24px] pt-[9px] pb-[2px]\" dir=\"ltr\">Choisir Tilak Polypack, c&#8217;est choisir l&#8217;excellence en mati\u00e8re d&#8217;emballage. Nos sacs en LDPE sont bien plus que de simples contenants ; ils sont synonymes de qualit\u00e9, de durabilit\u00e9 et d&#8217;une exp\u00e9rience client sup\u00e9rieure. Parcourez d\u00e8s aujourd&#8217;hui notre page cat\u00e9gorie pour d\u00e9couvrir la solution d&#8217;emballage parfaite pour vos besoins. Faites confiance \u00e0 Tilak Polypack pour emballer vos produits avec excellence.<\/p>\n<p class=\"text-body font-regular leading-[24px] pt-[9px] pb-[2px]\" dir=\"ltr\">Pr\u00eat \u00e0 am\u00e9liorer vos emballages ? D\u00e9couvrez notre gamme compl\u00e8te de sacs en LDPE et trouvez celui qui correspond le mieux \u00e0 vos besoins. Contactez-nous d\u00e8s aujourd&#8217;hui pour commencer et d\u00e9couvrir la diff\u00e9rence Tilak Polypack.<\/p>\n<p>[\/vc_column_text][\/vc_column][\/vc_row]<\/p>\n<\/section>","protected":false},"excerpt":{"rendered":"<p>[vc_section][\/vc_section][vc_row][vc_column][vc_separator border_width=&#8221;2&#8243;][vc_basic_grid post_type=&#8221;ids&#8221; gap=&#8221;25&#8243; item=&#8221;8470&#8243; grid_id=&#8221;vc_gid:1758120481064-97387949-f468-2&#8243; include=&#8221;7419, 7420, 7421, 7422, 7428, 7429, 7433, 7671, 7673, 7675, 7677, 7679, 7680&#8243;][vc_separator border_width=&#8221;2&#8243;][\/vc_column][\/vc_row][vc_row][vc_column][vc_column_text] Sacs en LDPE D\u00e9couvrez un monde de durabilit\u00e9 et de polyvalence avec les sacs LDPE haut de gamme de Tilak Polypack, con\u00e7us pour r\u00e9pondre \u00e0 une multitude de besoins en mati\u00e8re d&#8217;emballage. Notre gamme compl\u00e8te &hellip; <a href=\"https:\/\/tilakpolypack.com\/fr\/sacs-ldpe\/\" class=\"more-link\">Continue reading <span class=\"screen-reader-text\">Sacs LDPE<\/span><\/a><\/p>\n","protected":false},"author":1,"featured_media":0,"parent":0,"menu_order":0,"comment_status":"closed","ping_status":"closed","template":"","meta":{"_acf_changed":false,"om_disable_all_campaigns":false,"_monsterinsights_skip_tracking":false,"_monsterinsights_sitenote_active":false,"_monsterinsights_sitenote_note":"","_monsterinsights_sitenote_category":0,"_uf_show_specific_survey":0,"_uf_disable_surveys":false,"footnotes":""},"class_list":["post-7306","page","type-page","status-publish","hentry"],"acf":[],"_links":{"self":[{"href":"https:\/\/tilakpolypack.com\/fr\/wp-json\/wp\/v2\/pages\/7306","targetHints":{"allow":["GET"]}}],"collection":[{"href":"https:\/\/tilakpolypack.com\/fr\/wp-json\/wp\/v2\/pages"}],"about":[{"href":"https:\/\/tilakpolypack.com\/fr\/wp-json\/wp\/v2\/types\/page"}],"author":[{"embeddable":true,"href":"https:\/\/tilakpolypack.com\/fr\/wp-json\/wp\/v2\/users\/1"}],"replies":[{"embeddable":true,"href":"https:\/\/tilakpolypack.com\/fr\/wp-json\/wp\/v2\/comments?post=7306"}],"version-history":[{"count":7,"href":"https:\/\/tilakpolypack.com\/fr\/wp-json\/wp\/v2\/pages\/7306\/revisions"}],"predecessor-version":[{"id":10760,"href":"https:\/\/tilakpolypack.com\/fr\/wp-json\/wp\/v2\/pages\/7306\/revisions\/10760"}],"wp:attachment":[{"href":"https:\/\/tilakpolypack.com\/fr\/wp-json\/wp\/v2\/media?parent=7306"}],"curies":[{"name":"wp","href":"https:\/\/api.w.org\/{rel}","templated":true}]}}